{"id":1734,"date":"2022-10-13T10:46:59","date_gmt":"2022-10-13T08:46:59","guid":{"rendered":"https:\/\/adintrade.hu\/?page_id=1734"},"modified":"2022-10-13T10:54:31","modified_gmt":"2022-10-13T08:54:31","slug":"about-us","status":"publish","type":"page","link":"https:\/\/adintrade.hu\/en\/about-us\/","title":{"rendered":"About us","raw":"About us"},"content":{"rendered":"\n<p id=\"block-6c47749d-8e17-41ad-b3b9-413af9371ea7\">AD Intrade and Services Kft. established in 2008, even then with 20 years of professional experience behind it. Our company is ready to provide you and your company with the following complex range of services:<\/p>\n\n\n\n<ul id=\"block-8d670cec-b892-48dc-952c-34dffd53c527\"><li>customs and foreign trade administration<\/li><li>customs and foreign trade consulting<\/li><li>environmental protection product fee administration<\/li><li>Intrastat administration<\/li><\/ul>\n\n\n\n<p id=\"block-677b3b0c-d748-4c05-841a-184bfcca72e0\">We carry out our activities not only in our own offices, but also operate our own customs departments at locations designated by our clients.<\/p>\n\n\n\n<p id=\"block-1793f1a7-f530-4a5f-9dc1-a5954eac54a3\">Currently, our team of more than 20 experts protects the interests of your company with the care of a good service provider!<\/p>\n\n\n\n<p id=\"block-b539b251-0430-48c0-bcf3-e91d46ac59c1\">Our experts&#8217; knowledge of customs and environmental protection product fees is combined with many years of experience and the dynamism, speed and ingenuity of young professionals.<br>Furthermore, we place great emphasis on continuous self-development.<\/p>\n\n\n\n<p id=\"block-6b20a65f-7141-480f-8135-1fe7f172e7b5\">In addition to Hungarian, we also undertake negotiations in English and Russian, as well as full service.<\/p>\n\n\n\n<p id=\"block-e1b21d8d-8193-46ae-b8f3-10da9e2e1527\">You can count on us!<\/p>\n\n\n\n<p id=\"block-f7101c0a-94c7-4737-afa1-6c2885c44546\">AD Intrade PROVIDES a reliable professional background!<\/p>\n\n\n\n<p id=\"block-cf31491e-0541-4ee2-83d2-95d824679549\"><a href=\"https:\/\/adintrade.hu\/en\/consultancy\/\">Find our colleagues and ask for free customs and product fee advice!<\/a><\/p>\n\n\n\n<figure class=\"wp-block-image size-large\"><img loading=\"lazy\" decoding=\"async\" width=\"1030\" height=\"496\" src=\"https:\/\/adintrade.hu\/wp-content\/uploads\/2022\/10\/csapat-1030x496.jpg\" alt=\"\" class=\"wp-image-1731\" srcset=\"https:\/\/adintrade.hu\/wp-content\/uploads\/2022\/10\/csapat-1030x496.jpg 1030w, https:\/\/adintrade.hu\/wp-content\/uploads\/2022\/10\/csapat-300x144.jpg 300w, https:\/\/adintrade.hu\/wp-content\/uploads\/2022\/10\/csapat-768x370.jpg 768w, https:\/\/adintrade.hu\/wp-content\/uploads\/2022\/10\/csapat-1536x740.jpg 1536w, https:\/\/adintrade.hu\/wp-content\/uploads\/2022\/10\/csapat-2048x986.jpg 2048w\" sizes=\"(max-width: 1030px) 100vw, 1030px\" \/><\/figure>\n","protected":false,"raw":"<!-- wp:paragraph -->\n<p id=\"block-6c47749d-8e17-41ad-b3b9-413af9371ea7\">AD Intrade and Services Kft. established in 2008, even then with 20 years of professional experience behind it. Our company is ready to provide you and your company with the following complex range of services:<\/p>\n<!-- \/wp:paragraph -->\n\n<!-- wp:list -->\n<ul id=\"block-8d670cec-b892-48dc-952c-34dffd53c527\"><li>customs and foreign trade administration<\/li><li>customs and foreign trade consulting<\/li><li>environmental protection product fee administration<\/li><li>Intrastat administration<\/li><\/ul>\n<!-- \/wp:list -->\n\n<!-- wp:paragraph -->\n<p id=\"block-677b3b0c-d748-4c05-841a-184bfcca72e0\">We carry out our activities not only in our own offices, but also operate our own customs departments at locations designated by our clients.<\/p>\n<!-- \/wp:paragraph -->\n\n<!-- wp:paragraph -->\n<p id=\"block-1793f1a7-f530-4a5f-9dc1-a5954eac54a3\">Currently, our team of more than 20 experts protects the interests of your company with the care of a good service provider!<\/p>\n<!-- \/wp:paragraph -->\n\n<!-- wp:paragraph -->\n<p id=\"block-b539b251-0430-48c0-bcf3-e91d46ac59c1\">Our experts' knowledge of customs and environmental protection product fees is combined with many years of experience and the dynamism, speed and ingenuity of young professionals.<br>Furthermore, we place great emphasis on continuous self-development.<\/p>\n<!-- \/wp:paragraph -->\n\n<!-- wp:paragraph -->\n<p id=\"block-6b20a65f-7141-480f-8135-1fe7f172e7b5\">In addition to Hungarian, we also undertake negotiations in English and Russian, as well as full service.<\/p>\n<!-- \/wp:paragraph -->\n\n<!-- wp:paragraph -->\n<p id=\"block-e1b21d8d-8193-46ae-b8f3-10da9e2e1527\">You can count on us!<\/p>\n<!-- \/wp:paragraph -->\n\n<!-- wp:paragraph -->\n<p id=\"block-f7101c0a-94c7-4737-afa1-6c2885c44546\">AD Intrade PROVIDES a reliable professional background!<\/p>\n<!-- \/wp:paragraph -->\n\n<!-- wp:paragraph -->\n<p id=\"block-cf31491e-0541-4ee2-83d2-95d824679549\"><a href=\"https:\/\/adintrade.hu\/en\/consultancy\/\">Find our colleagues and ask for free customs and product fee advice!<\/a><\/p>\n<!-- \/wp:paragraph -->\n\n<!-- wp:image {\"id\":1731,\"sizeSlug\":\"large\",\"linkDestination\":\"none\"} -->\n<figure class=\"wp-block-image size-large\"><img src=\"https:\/\/adintrade.hu\/wp-content\/uploads\/2022\/10\/csapat-1030x496.jpg\" alt=\"\" class=\"wp-image-1731\"\/><\/figure>\n<!-- \/wp:image -->"},"excerpt":{"rendered":"","protected":false,"raw":""},"author":1,"featured_media":0,"parent":0,"menu_order":0,"comment_status":"closed","ping_status":"closed","template":"","meta":{"inline_featured_image":false,"_hu_post_content":"<!-- wp:paragraph -->\n<p>Az AD Intrade Kft. 2008-ban alakult, m\u00e1r akkor is 20 \u00e9v szakmai tapasztalattal a h\u00e1tt\u00e9rben. C\u00e9g\u00fcnk k\u00e9szs\u00e9ggel \u00e1ll \u00d6n \u00e9s v\u00e1llalata rendelkez\u00e9s\u00e9re az al\u00e1bbi komplex szolg\u00e1ltat\u00e1si palett\u00e1val:<\/p>\n<!-- \/wp:paragraph -->\n\n<!-- wp:list -->\n<ul><li>v\u00e1m- \u00e9s k\u00fclkereskedelmi \u00fcgyint\u00e9z\u00e9s,<\/li><li>v\u00e1m- \u00e9s k\u00fclkereskedelmi tan\u00e1csad\u00e1s,<\/li><li>k\u00f6rnyezetv\u00e9delmi term\u00e9kd\u00edj \u00fcgyint\u00e9z\u00e9s,<\/li><li>Intrastat \u00fcgyint\u00e9z\u00e9s.<\/li><\/ul>\n<!-- \/wp:list -->\n\n<!-- wp:paragraph -->\n<p>Tev\u00e9kenys\u00e9g\u00fcnket nem csak saj\u00e1t irod\u00e1inkban v\u00e9gezz\u00fck, hanem megb\u00edz\u00f3ink \u00e1ltal kijel\u00f6lt telephelyeken is m\u0171k\u00f6dtet\u00fcnk saj\u00e1t v\u00e1moszt\u00e1lyokat.<\/p>\n<!-- \/wp:paragraph -->\n\n<!-- wp:paragraph -->\n<p>Imm\u00e1r t\u00f6bb, mint 20 f\u0151s szak\u00e9rt\u0151i csapatunk a j\u00f3 szolg\u00e1ltat\u00f3 gondoss\u00e1g\u00e1val v\u00e9di v\u00e1llalatuk \u00e9rdekeit!<\/p>\n<!-- \/wp:paragraph -->\n\n<!-- wp:paragraph -->\n<p>Szak\u00e9rt\u0151ink v\u00e1m- \u00e9s k\u00f6rnyezetv\u00e9delmi term\u00e9kd\u00edj szakismerete sok \u00e9ves tapasztalattal, fiatal szakemberek dinamizmus\u00e1val, gyorsas\u00e1g\u00e1val \u00e9s tal\u00e1l\u00e9konys\u00e1g\u00e1val p\u00e1rosul. Emellett pedig nagy hangs\u00falyt fektet\u00fcnk a folyamatos fejl\u0151d\u00e9sre is. Legyen sz\u00f3 jogszab\u00e1lyi v\u00e1ltoz\u00e1sokr\u00f3l, moderniz\u00e1lt, elektronikus v\u00e1melj\u00e1r\u00e1sokr\u00f3l vagy ak\u00e1r munkat\u00e1rsaink k\u00e9pzetts\u00e9g\u00e9r\u0151l.<\/p>\n<!-- \/wp:paragraph -->\n\n<!-- wp:paragraph -->\n<p>A magyar mellett angol \u00e9s orosz nyelven is v\u00e1llalunk t\u00e1rgyal\u00e1sokat, valamint teljes k\u00f6r\u0171 kiszolg\u00e1l\u00e1st.<\/p>\n<!-- \/wp:paragraph -->\n\n<!-- wp:paragraph -->\n<p>Sz\u00e1m\u00edthatn\u00e1nk r\u00e1nk! Az<strong> AD Intrade<\/strong> <em>Biztos szakmai h\u00e1tteret AD!\u00a0<\/em>Keresse koll\u00e9g\u00e1inkat, \u00e9s <a href=\"https:\/\/adintrade.hu\/tanacsadas\/\">k\u00e9rjen ingyenes, c\u00e9g\u00e9re szabott v\u00e1m- \u00e9s term\u00e9kd\u00edj tan\u00e1csad\u00e1st! >><\/a><\/p>\n<!-- \/wp:paragraph -->\n\n<!-- wp:image {\"id\":1731,\"sizeSlug\":\"large\",\"linkDestination\":\"none\"} -->\n<figure class=\"wp-block-image size-large\"><img src=\"https:\/\/adintrade.hu\/wp-content\/uploads\/2022\/10\/csapat-1030x496.jpg\" alt=\"\" class=\"wp-image-1731\"\/><\/figure>\n<!-- \/wp:image -->","_hu_post_name":"rolunk","_hu_post_excerpt":"","_hu_post_title":"R\u00f3lunk","_en_post_content":"<!-- wp:paragraph -->\n<p id=\"block-6c47749d-8e17-41ad-b3b9-413af9371ea7\">AD Intrade and Services Kft. established in 2008, even then with 20 years of professional experience behind it. Our company is ready to provide you and your company with the following complex range of services:<\/p>\n<!-- \/wp:paragraph -->\n\n<!-- wp:list -->\n<ul id=\"block-8d670cec-b892-48dc-952c-34dffd53c527\"><li>customs and foreign trade administration<\/li><li>customs and foreign trade consulting<\/li><li>environmental protection product fee administration<\/li><li>Intrastat administration<\/li><\/ul>\n<!-- \/wp:list -->\n\n<!-- wp:paragraph -->\n<p id=\"block-677b3b0c-d748-4c05-841a-184bfcca72e0\">We carry out our activities not only in our own offices, but also operate our own customs departments at locations designated by our clients.<\/p>\n<!-- \/wp:paragraph -->\n\n<!-- wp:paragraph -->\n<p id=\"block-1793f1a7-f530-4a5f-9dc1-a5954eac54a3\">Currently, our team of more than 20 experts protects the interests of your company with the care of a good service provider!<\/p>\n<!-- \/wp:paragraph -->\n\n<!-- wp:paragraph -->\n<p id=\"block-b539b251-0430-48c0-bcf3-e91d46ac59c1\">Our experts' knowledge of customs and environmental protection product fees is combined with many years of experience and the dynamism, speed and ingenuity of young professionals.<br>Furthermore, we place great emphasis on continuous self-development.<\/p>\n<!-- \/wp:paragraph -->\n\n<!-- wp:paragraph -->\n<p id=\"block-6b20a65f-7141-480f-8135-1fe7f172e7b5\">In addition to Hungarian, we also undertake negotiations in English and Russian, as well as full service.<\/p>\n<!-- \/wp:paragraph -->\n\n<!-- wp:paragraph -->\n<p id=\"block-e1b21d8d-8193-46ae-b8f3-10da9e2e1527\">You can count on us!<\/p>\n<!-- \/wp:paragraph -->\n\n<!-- wp:paragraph -->\n<p id=\"block-f7101c0a-94c7-4737-afa1-6c2885c44546\">AD Intrade PROVIDES a reliable professional background!<\/p>\n<!-- \/wp:paragraph -->\n\n<!-- wp:paragraph -->\n<p id=\"block-cf31491e-0541-4ee2-83d2-95d824679549\"><a href=\"https:\/\/adintrade.hu\/en\/consultancy\/\">Find our colleagues and ask for free customs and product fee advice!<\/a><\/p>\n<!-- \/wp:paragraph -->\n\n<!-- wp:image {\"id\":1731,\"sizeSlug\":\"large\",\"linkDestination\":\"none\"} -->\n<figure class=\"wp-block-image size-large\"><img src=\"https:\/\/adintrade.hu\/wp-content\/uploads\/2022\/10\/csapat-1030x496.jpg\" alt=\"\" class=\"wp-image-1731\"\/><\/figure>\n<!-- \/wp:image -->","_en_post_name":"about-us","_en_post_excerpt":"","_en_post_title":"About us","edit_language":"en","footnotes":""},"yoast_head":"<!-- This site is optimized with the Yoast SEO plugin v21.7 - https:\/\/yoast.com\/wordpress\/plugins\/seo\/ -->\n<title>R\u00f3lunk - Adintrade Kft.<\/title>\n<meta name=\"robots\" content=\"index, follow, max-snippet:-1, max-image-preview:large, max-video-preview:-1\" \/>\n<link rel=\"canonical\" href=\"https:\/\/adintrade.hu\/en\/about-us\/\" \/>\n<meta property=\"og:locale\" content=\"en_US\" \/>\n<meta property=\"og:type\" content=\"article\" \/>\n<meta property=\"og:title\" content=\"R\u00f3lunk - Adintrade Kft.\" \/>\n<meta property=\"og:description\" content=\"Az AD Intrade Kft. 2008-ban alakult, m\u00e1r akkor is 20 \u00e9v szakmai tapasztalattal a h\u00e1tt\u00e9rben. C\u00e9g\u00fcnk k\u00e9szs\u00e9ggel \u00e1ll \u00d6n \u00e9s v\u00e1llalata rendelkez\u00e9s\u00e9re az al\u00e1bbi komplex szolg\u00e1ltat\u00e1si palett\u00e1val: v\u00e1m- \u00e9s k\u00fclkereskedelmi \u00fcgyint\u00e9z\u00e9s, v\u00e1m- \u00e9s k\u00fclkereskedelmi tan\u00e1csad\u00e1s, k\u00f6rnyezetv\u00e9delmi term\u00e9kd\u00edj \u00fcgyint\u00e9z\u00e9s, Intrastat \u00fcgyint\u00e9z\u00e9s. Tev\u00e9kenys\u00e9g\u00fcnket nem csak saj\u00e1t irod\u00e1inkban v\u00e9gezz\u00fck, hanem megb\u00edz\u00f3ink \u00e1ltal kijel\u00f6lt telephelyeken is m\u0171k\u00f6dtet\u00fcnk saj\u00e1t v\u00e1moszt\u00e1lyokat. [&hellip;]\" \/>\n<meta property=\"og:url\" content=\"https:\/\/adintrade.hu\/en\/about-us\/\" \/>\n<meta property=\"og:site_name\" content=\"Adintrade Kft.\" \/>\n<meta property=\"article:publisher\" content=\"https:\/\/facebook.com\/adintrade\" \/>\n<meta property=\"article:modified_time\" content=\"2022-10-13T08:54:31+00:00\" \/>\n<meta property=\"og:image\" content=\"https:\/\/adintrade.hu\/wp-content\/uploads\/2022\/10\/csapat-1030x496.jpg\" \/>\n<meta name=\"twitter:card\" content=\"summary_large_image\" \/>\n<meta name=\"twitter:label1\" content=\"Est. reading time\" \/>\n\t<meta name=\"twitter:data1\" content=\"2 minutes\" \/>\n<script type=\"application\/ld+json\" class=\"yoast-schema-graph\">{\"@context\":\"https:\/\/schema.org\",\"@graph\":[{\"@type\":\"WebPage\",\"@id\":\"https:\/\/adintrade.hu\/en\/about-us\/\",\"url\":\"https:\/\/adintrade.hu\/en\/about-us\/\",\"name\":\"R\u00f3lunk - Adintrade Kft.\",\"isPartOf\":{\"@id\":\"https:\/\/adintrade.hu\/#website\"},\"datePublished\":\"2022-10-13T08:46:59+00:00\",\"dateModified\":\"2022-10-13T08:54:31+00:00\",\"breadcrumb\":{\"@id\":\"https:\/\/adintrade.hu\/en\/about-us\/#breadcrumb\"},\"inLanguage\":\"english\",\"potentialAction\":[{\"@type\":\"ReadAction\",\"target\":[\"https:\/\/adintrade.hu\/en\/about-us\/\"]}]},{\"@type\":\"BreadcrumbList\",\"@id\":\"https:\/\/adintrade.hu\/en\/about-us\/#breadcrumb\",\"itemListElement\":[{\"@type\":\"ListItem\",\"position\":1,\"name\":\"Home\",\"item\":\"https:\/\/adintrade.hu\/\"},{\"@type\":\"ListItem\",\"position\":2,\"name\":\"About us\"}]},{\"@type\":\"WebSite\",\"@id\":\"https:\/\/adintrade.hu\/#website\",\"url\":\"https:\/\/adintrade.hu\/\",\"name\":\"Adintrade Kft.\",\"description\":\"Customs and product fee administration\",\"publisher\":{\"@id\":\"https:\/\/adintrade.hu\/#organization\"},\"potentialAction\":[{\"@type\":\"SearchAction\",\"target\":{\"@type\":\"EntryPoint\",\"urlTemplate\":\"https:\/\/adintrade.hu\/?s={search_term_string}\"},\"query-input\":\"required name=search_term_string\"}],\"inLanguage\":\"english\"},{\"@type\":\"Organization\",\"@id\":\"https:\/\/adintrade.hu\/#organization\",\"name\":\"Adintrade Kft.\",\"url\":\"https:\/\/adintrade.hu\/\",\"logo\":{\"@type\":\"ImageObject\",\"inLanguage\":\"english\",\"@id\":\"https:\/\/adintrade.hu\/#\/schema\/logo\/image\/\",\"url\":\"https:\/\/adintrade.hu\/wp-content\/uploads\/2022\/08\/cropped-cropped-adintrade_original.png\",\"contentUrl\":\"https:\/\/adintrade.hu\/wp-content\/uploads\/2022\/08\/cropped-cropped-adintrade_original.png\",\"width\":794,\"height\":247,\"caption\":\"Adintrade Kft.\"},\"image\":{\"@id\":\"https:\/\/adintrade.hu\/#\/schema\/logo\/image\/\"},\"sameAs\":[\"https:\/\/facebook.com\/adintrade\"]}]}<\/script>\n<!-- \/ Yoast SEO plugin. -->","yoast_head_json":{"title":"R\u00f3lunk - Adintrade Kft.","robots":{"index":"index","follow":"follow","max-snippet":"max-snippet:-1","max-image-preview":"max-image-preview:large","max-video-preview":"max-video-preview:-1"},"canonical":"https:\/\/adintrade.hu\/en\/about-us\/","og_locale":"en_US","og_type":"article","og_title":"R\u00f3lunk - Adintrade Kft.","og_description":"Az AD Intrade Kft. 2008-ban alakult, m\u00e1r akkor is 20 \u00e9v szakmai tapasztalattal a h\u00e1tt\u00e9rben. C\u00e9g\u00fcnk k\u00e9szs\u00e9ggel \u00e1ll \u00d6n \u00e9s v\u00e1llalata rendelkez\u00e9s\u00e9re az al\u00e1bbi komplex szolg\u00e1ltat\u00e1si palett\u00e1val: v\u00e1m- \u00e9s k\u00fclkereskedelmi \u00fcgyint\u00e9z\u00e9s, v\u00e1m- \u00e9s k\u00fclkereskedelmi tan\u00e1csad\u00e1s, k\u00f6rnyezetv\u00e9delmi term\u00e9kd\u00edj \u00fcgyint\u00e9z\u00e9s, Intrastat \u00fcgyint\u00e9z\u00e9s. Tev\u00e9kenys\u00e9g\u00fcnket nem csak saj\u00e1t irod\u00e1inkban v\u00e9gezz\u00fck, hanem megb\u00edz\u00f3ink \u00e1ltal kijel\u00f6lt telephelyeken is m\u0171k\u00f6dtet\u00fcnk saj\u00e1t v\u00e1moszt\u00e1lyokat. [&hellip;]","og_url":"https:\/\/adintrade.hu\/en\/about-us\/","og_site_name":"Adintrade Kft.","article_publisher":"https:\/\/facebook.com\/adintrade","article_modified_time":"2022-10-13T08:54:31+00:00","og_image":[{"url":"https:\/\/adintrade.hu\/wp-content\/uploads\/2022\/10\/csapat-1030x496.jpg"}],"twitter_card":"summary_large_image","twitter_misc":{"Est. reading time":"2 minutes"},"schema":{"@context":"https:\/\/schema.org","@graph":[{"@type":"WebPage","@id":"https:\/\/adintrade.hu\/en\/about-us\/","url":"https:\/\/adintrade.hu\/en\/about-us\/","name":"R\u00f3lunk - Adintrade Kft.","isPartOf":{"@id":"https:\/\/adintrade.hu\/#website"},"datePublished":"2022-10-13T08:46:59+00:00","dateModified":"2022-10-13T08:54:31+00:00","breadcrumb":{"@id":"https:\/\/adintrade.hu\/en\/about-us\/#breadcrumb"},"inLanguage":"english","potentialAction":[{"@type":"ReadAction","target":["https:\/\/adintrade.hu\/en\/about-us\/"]}]},{"@type":"BreadcrumbList","@id":"https:\/\/adintrade.hu\/en\/about-us\/#breadcrumb","itemListElement":[{"@type":"ListItem","position":1,"name":"Home","item":"https:\/\/adintrade.hu\/"},{"@type":"ListItem","position":2,"name":"About us"}]},{"@type":"WebSite","@id":"https:\/\/adintrade.hu\/#website","url":"https:\/\/adintrade.hu\/","name":"Adintrade Kft.","description":"Customs and product fee administration","publisher":{"@id":"https:\/\/adintrade.hu\/#organization"},"potentialAction":[{"@type":"SearchAction","target":{"@type":"EntryPoint","urlTemplate":"https:\/\/adintrade.hu\/?s={search_term_string}"},"query-input":"required name=search_term_string"}],"inLanguage":"english"},{"@type":"Organization","@id":"https:\/\/adintrade.hu\/#organization","name":"Adintrade Kft.","url":"https:\/\/adintrade.hu\/","logo":{"@type":"ImageObject","inLanguage":"english","@id":"https:\/\/adintrade.hu\/#\/schema\/logo\/image\/","url":"https:\/\/adintrade.hu\/wp-content\/uploads\/2022\/08\/cropped-cropped-adintrade_original.png","contentUrl":"https:\/\/adintrade.hu\/wp-content\/uploads\/2022\/08\/cropped-cropped-adintrade_original.png","width":794,"height":247,"caption":"Adintrade Kft."},"image":{"@id":"https:\/\/adintrade.hu\/#\/schema\/logo\/image\/"},"sameAs":["https:\/\/facebook.com\/adintrade"]}]}},"_links":{"self":[{"href":"https:\/\/adintrade.hu\/en\/wp-json\/wp\/v2\/pages\/1734"}],"collection":[{"href":"https:\/\/adintrade.hu\/en\/wp-json\/wp\/v2\/pages"}],"about":[{"href":"https:\/\/adintrade.hu\/en\/wp-json\/wp\/v2\/types\/page"}],"author":[{"embeddable":true,"href":"https:\/\/adintrade.hu\/en\/wp-json\/wp\/v2\/users\/1"}],"replies":[{"embeddable":true,"href":"https:\/\/adintrade.hu\/en\/wp-json\/wp\/v2\/comments?post=1734"}],"version-history":[{"count":2,"href":"https:\/\/adintrade.hu\/en\/wp-json\/wp\/v2\/pages\/1734\/revisions"}],"predecessor-version":[{"id":1737,"href":"https:\/\/adintrade.hu\/en\/wp-json\/wp\/v2\/pages\/1734\/revisions\/1737"}],"wp:attachment":[{"href":"https:\/\/adintrade.hu\/en\/wp-json\/wp\/v2\/media?parent=1734"}],"curies":[{"name":"wp","href":"https:\/\/api.w.org\/{rel}","templated":true}]}}