{"id":1928,"date":"2023-07-19T07:20:48","date_gmt":"2023-07-19T06:20:48","guid":{"rendered":"https:\/\/adintrade.hu\/?page_id=1928"},"modified":"2024-07-17T15:01:30","modified_gmt":"2024-07-17T14:01:30","slug":"","status":"publish","type":"page","link":"https:\/\/adintrade.hu\/en\/kornyezetvedelmi-termekdij-epr-es-intrastat\/","title":{"rendered":"","raw":""},"content":{"rendered":"","protected":false,"raw":""},"excerpt":{"rendered":"","protected":false,"raw":""},"author":1,"featured_media":0,"parent":0,"menu_order":0,"comment_status":"closed","ping_status":"closed","template":"","meta":{"inline_featured_image":false,"_hu_post_content":"<!-- wp:paragraph -->\n<p>Az AD Intrade and Services Kft. seg\u00edt v\u00e1llalat\u00e1nak teljes\u00edteni a k\u00f6rnyezetv\u00e9delmi term\u00e9kd\u00edjjal, EPR-rel (kiterjesztett gy\u00e1rt\u00f3i felel\u0151ss\u00e9g) \u00e9s Intrastat-tal kapcsolatos k\u00f6vetelm\u00e9nyeket.<br>Cs\u00f6kkentj\u00fck az adminisztr\u00e1ci\u00f3s teend\u0151ket, vezetj\u00fck a k\u00f6telez\u0151 nyilv\u00e1ntart\u00e1sokat \u00e9s elk\u00e9sz\u00edtj\u00fck a sz\u00fcks\u00e9ges bevall\u00e1sokat.<\/p>\n<!-- \/wp:paragraph -->\n\n<!-- wp:paragraph {\"textColor\":\"vivid-red\"} -->\n<p class=\"has-vivid-red-color has-text-color\"><strong>Gondolja \u00e1t, hogy c\u00e9g\u00fck, tev\u00e9kenys\u00e9geik alapj\u00e1n lehet-e k\u00f6telezett?<\/strong><br><strong>B\u0151vebb t\u00e1j\u00e9koztat\u00e1s\u00e9rt kattintson a megfelel\u0151 mez\u0151re. <\/strong><br><\/p>\n<!-- \/wp:paragraph -->\n\n<!-- wp:html -->\n<img src=\"https:\/\/adintrade.hu\/wp-content\/uploads\/2023\/07\/epr kep.png\" usemap=\"#image_map\" style=\"margin:0 auto;\">\n<map name=\"image_map\">\n  <area alt=\"k\u00f6rnyezetv\u00e9delmi term\u00e9kd\u00edj\" title=\"k\u00f6rnyezetv\u00e9delmi term\u00e9kd\u00edj\" href=\"https:\/\/adintrade.hu\/kornyezetvedelmi-termekdij\/\" coords=\"291,86 291,303 104,412 78,346 75,291 87,227 112,174 150,136 201,105 251,88 \" shape=\"polygon\">\n  <area alt=\"epr\" title=\"epr\" href=\"https:\/\/adintrade.hu\/kiterjesztett-gyartoi-felelossegi-rendszer-epr\/\" coords=\"303,87 300,303 491,412 509,371 520,298 510,237 471,168 413,115 356,92 299,86 \" shape=\"polygon\">\n  <area alt=\"intrastat\" title=\"intrastat\" href=\"https:\/\/adintrade.hu\/intrastat\/\" coords=\"296,312 107,421 135,459 174,491 217,515 270,529 320,530 361,521 399,508 435,483 466,453 486,423 390,366 \" shape=\"polygon\">\n<\/map>\n<!-- \/wp:html -->\n\n<!-- wp:paragraph -->\n<p><strong>Amennyiben bizonytalan, k\u00e9rj\u00fck vegye fel vel\u00fcnk a kapcsolatot, \u00e9s seg\u00edt\u00fcnk.<\/strong><\/p>\n<!-- \/wp:paragraph -->\n\n<!-- wp:paragraph -->\n<p>Mi\u00e9rt \u00e9rdemes az AD Intrade and Services Kft. csapat\u00e1t v\u00e1lasztani?<\/p>\n<!-- \/wp:paragraph -->\n\n<!-- wp:list -->\n<ul><!-- wp:list-item -->\n<li><strong>Egyszer\u0171s\u00e9g<\/strong>: Mi gondoskodunk az adminisztr\u00e1ci\u00f3r\u00f3l, nyilv\u00e1ntart\u00e1sok vezet\u00e9s\u00e9r\u0151l, bevall\u00e1sok k\u00e9sz\u00edt\u00e9s\u00e9r\u0151l. <span style=\"text-decoration: underline;\">\u00cdgy az \u00d6n v\u00e1llalata a fontosabb feladatokra koncentr\u00e1lhat<\/span>.<\/li>\n<!-- \/wp:list-item -->\n\n<!-- wp:list-item -->\n<li><strong>Szak\u00e9rtelem<\/strong>: Tapasztalt szakembereink olyan szolg\u00e1ltat\u00e1st ny\u00fajtanak, amelyre b\u00e1tran t\u00e1maszkodhat. Ismerj\u00fck a jogszab\u00e1lyi h\u00e1ttereket, k\u00f6vetelm\u00e9nyeket, ez\u00e1ltal biztos\u00edthatjuk, hogy <span style=\"text-decoration: underline;\">mindig a megfelel\u0151 szak\u00e9rtelemmel k\u00e9pviselj\u00fck v\u00e1llalat\u00e1t<\/span>.<\/li>\n<!-- \/wp:list-item -->\n\n<!-- wp:list-item -->\n<li><strong>Testreszabhat\u00f3s\u00e1g<\/strong>: Tudjuk, hogy minden v\u00e1llalkoz\u00e1s m\u00e1s, ez\u00e9rt szolg\u00e1ltat\u00e1sunkat az ig\u00e9nyeire szabjuk, ez\u00e9rt <span style=\"text-decoration: underline;\">minden aj\u00e1nlatunk egyedi<\/span>.<\/li>\n<!-- \/wp:list-item -->\n\n<!-- wp:list-item -->\n<li><strong>Fenntarthat\u00f3s\u00e1g<\/strong>: Seg\u00edt\u00fcnk v\u00e1llalat\u00e1nak felel\u0151ss\u00e9gteljesen kezelni a csomagol\u00f3anyagokat, hullad\u00e9kokat, hogy ez\u00e1ltal <span style=\"text-decoration: underline;\">egy z\u00f6ldebb \u00e9s fenntarthat\u00f3bb j\u00f6v\u0151t \u00e9p\u00edts\u00fcnk<\/span>.<\/li>\n<!-- \/wp:list-item --><\/ul>\n<!-- \/wp:list -->\n\n<!-- wp:paragraph -->\n<p><\/p>\n<!-- \/wp:paragraph -->","_hu_post_name":"kornyezetvedelmi-termekdij-epr-es-intrastat","_hu_post_excerpt":"","_hu_post_title":"K\u00f6rnyezetv\u00e9delmi term\u00e9kd\u00edj, EPR \u00e9s Intrastat","_en_post_content":"","_en_post_name":"","_en_post_excerpt":"","_en_post_title":"","edit_language":"en","footnotes":""},"yoast_head":"<!-- This site is optimized with the Yoast SEO plugin v21.7 - https:\/\/yoast.com\/wordpress\/plugins\/seo\/ -->\n<title>K\u00f6rnyezetv\u00e9delmi term\u00e9kd\u00edj, EPR \u00e9s Intrastat - Adintrade Kft.<\/title>\n<meta name=\"robots\" content=\"index, follow, max-snippet:-1, max-image-preview:large, max-video-preview:-1\" \/>\n<link rel=\"canonical\" href=\"https:\/\/adintrade.hu\/kornyezetvedelmi-termekdij-epr-es-intrastat\/\" \/>\n<meta property=\"og:locale\" content=\"en_US\" \/>\n<meta property=\"og:type\" content=\"article\" \/>\n<meta property=\"og:title\" content=\"K\u00f6rnyezetv\u00e9delmi term\u00e9kd\u00edj, EPR \u00e9s Intrastat - Adintrade Kft.\" \/>\n<meta property=\"og:description\" content=\"Az AD Intrade and Services Kft. seg\u00edt v\u00e1llalat\u00e1nak teljes\u00edteni a k\u00f6rnyezetv\u00e9delmi term\u00e9kd\u00edjjal, EPR-rel (kiterjesztett gy\u00e1rt\u00f3i felel\u0151ss\u00e9g) \u00e9s Intrastat-tal kapcsolatos k\u00f6vetelm\u00e9nyeket.Cs\u00f6kkentj\u00fck az adminisztr\u00e1ci\u00f3s teend\u0151ket, vezetj\u00fck a k\u00f6telez\u0151 nyilv\u00e1ntart\u00e1sokat \u00e9s elk\u00e9sz\u00edtj\u00fck a sz\u00fcks\u00e9ges bevall\u00e1sokat. Gondolja \u00e1t, hogy c\u00e9g\u00fck, tev\u00e9kenys\u00e9geik alapj\u00e1n lehet-e k\u00f6telezett?B\u0151vebb t\u00e1j\u00e9koztat\u00e1s\u00e9rt kattintson a megfelel\u0151 mez\u0151re. Amennyiben bizonytalan, k\u00e9rj\u00fck vegye fel vel\u00fcnk a kapcsolatot, \u00e9s seg\u00edt\u00fcnk. [&hellip;]\" \/>\n<meta property=\"og:url\" content=\"https:\/\/adintrade.hu\/kornyezetvedelmi-termekdij-epr-es-intrastat\/\" \/>\n<meta property=\"og:site_name\" content=\"Adintrade Kft.\" \/>\n<meta property=\"article:publisher\" content=\"https:\/\/facebook.com\/adintrade\" \/>\n<meta property=\"article:modified_time\" content=\"2024-07-17T14:01:30+00:00\" \/>\n<meta name=\"twitter:card\" content=\"summary_large_image\" \/>\n<meta name=\"twitter:label1\" content=\"Est. reading time\" \/>\n\t<meta name=\"twitter:data1\" content=\"1 minute\" \/>\n<script type=\"application\/ld+json\" class=\"yoast-schema-graph\">{\"@context\":\"https:\/\/schema.org\",\"@graph\":[{\"@type\":\"WebPage\",\"@id\":\"https:\/\/adintrade.hu\/kornyezetvedelmi-termekdij-epr-es-intrastat\/\",\"url\":\"https:\/\/adintrade.hu\/kornyezetvedelmi-termekdij-epr-es-intrastat\/\",\"name\":\"K\u00f6rnyezetv\u00e9delmi term\u00e9kd\u00edj, EPR \u00e9s Intrastat - Adintrade Kft.\",\"isPartOf\":{\"@id\":\"https:\/\/adintrade.hu\/#website\"},\"datePublished\":\"2023-07-19T06:20:48+00:00\",\"dateModified\":\"2024-07-17T14:01:30+00:00\",\"breadcrumb\":{\"@id\":\"https:\/\/adintrade.hu\/kornyezetvedelmi-termekdij-epr-es-intrastat\/#breadcrumb\"},\"inLanguage\":\"english\",\"potentialAction\":[{\"@type\":\"ReadAction\",\"target\":[\"https:\/\/adintrade.hu\/kornyezetvedelmi-termekdij-epr-es-intrastat\/\"]}]},{\"@type\":\"BreadcrumbList\",\"@id\":\"https:\/\/adintrade.hu\/kornyezetvedelmi-termekdij-epr-es-intrastat\/#breadcrumb\",\"itemListElement\":[{\"@type\":\"ListItem\",\"position\":1,\"name\":\"Home\",\"item\":\"https:\/\/adintrade.hu\/\"},{\"@type\":\"ListItem\",\"position\":2,\"name\":\"K\u00f6rnyezetv\u00e9delmi term\u00e9kd\u00edj, EPR \u00e9s Intrastat\"}]},{\"@type\":\"WebSite\",\"@id\":\"https:\/\/adintrade.hu\/#website\",\"url\":\"https:\/\/adintrade.hu\/\",\"name\":\"Adintrade Kft.\",\"description\":\"Customs and product fee administration\",\"publisher\":{\"@id\":\"https:\/\/adintrade.hu\/#organization\"},\"potentialAction\":[{\"@type\":\"SearchAction\",\"target\":{\"@type\":\"EntryPoint\",\"urlTemplate\":\"https:\/\/adintrade.hu\/?s={search_term_string}\"},\"query-input\":\"required name=search_term_string\"}],\"inLanguage\":\"english\"},{\"@type\":\"Organization\",\"@id\":\"https:\/\/adintrade.hu\/#organization\",\"name\":\"Adintrade Kft.\",\"url\":\"https:\/\/adintrade.hu\/\",\"logo\":{\"@type\":\"ImageObject\",\"inLanguage\":\"english\",\"@id\":\"https:\/\/adintrade.hu\/#\/schema\/logo\/image\/\",\"url\":\"https:\/\/adintrade.hu\/wp-content\/uploads\/2022\/08\/cropped-cropped-adintrade_original.png\",\"contentUrl\":\"https:\/\/adintrade.hu\/wp-content\/uploads\/2022\/08\/cropped-cropped-adintrade_original.png\",\"width\":794,\"height\":247,\"caption\":\"Adintrade Kft.\"},\"image\":{\"@id\":\"https:\/\/adintrade.hu\/#\/schema\/logo\/image\/\"},\"sameAs\":[\"https:\/\/facebook.com\/adintrade\"]}]}<\/script>\n<!-- \/ Yoast SEO plugin. -->","yoast_head_json":{"title":"K\u00f6rnyezetv\u00e9delmi term\u00e9kd\u00edj, EPR \u00e9s Intrastat - Adintrade Kft.","robots":{"index":"index","follow":"follow","max-snippet":"max-snippet:-1","max-image-preview":"max-image-preview:large","max-video-preview":"max-video-preview:-1"},"canonical":"https:\/\/adintrade.hu\/kornyezetvedelmi-termekdij-epr-es-intrastat\/","og_locale":"en_US","og_type":"article","og_title":"K\u00f6rnyezetv\u00e9delmi term\u00e9kd\u00edj, EPR \u00e9s Intrastat - Adintrade Kft.","og_description":"Az AD Intrade and Services Kft. seg\u00edt v\u00e1llalat\u00e1nak teljes\u00edteni a k\u00f6rnyezetv\u00e9delmi term\u00e9kd\u00edjjal, EPR-rel (kiterjesztett gy\u00e1rt\u00f3i felel\u0151ss\u00e9g) \u00e9s Intrastat-tal kapcsolatos k\u00f6vetelm\u00e9nyeket.Cs\u00f6kkentj\u00fck az adminisztr\u00e1ci\u00f3s teend\u0151ket, vezetj\u00fck a k\u00f6telez\u0151 nyilv\u00e1ntart\u00e1sokat \u00e9s elk\u00e9sz\u00edtj\u00fck a sz\u00fcks\u00e9ges bevall\u00e1sokat. Gondolja \u00e1t, hogy c\u00e9g\u00fck, tev\u00e9kenys\u00e9geik alapj\u00e1n lehet-e k\u00f6telezett?B\u0151vebb t\u00e1j\u00e9koztat\u00e1s\u00e9rt kattintson a megfelel\u0151 mez\u0151re. Amennyiben bizonytalan, k\u00e9rj\u00fck vegye fel vel\u00fcnk a kapcsolatot, \u00e9s seg\u00edt\u00fcnk. [&hellip;]","og_url":"https:\/\/adintrade.hu\/kornyezetvedelmi-termekdij-epr-es-intrastat\/","og_site_name":"Adintrade Kft.","article_publisher":"https:\/\/facebook.com\/adintrade","article_modified_time":"2024-07-17T14:01:30+00:00","twitter_card":"summary_large_image","twitter_misc":{"Est. reading time":"1 minute"},"schema":{"@context":"https:\/\/schema.org","@graph":[{"@type":"WebPage","@id":"https:\/\/adintrade.hu\/kornyezetvedelmi-termekdij-epr-es-intrastat\/","url":"https:\/\/adintrade.hu\/kornyezetvedelmi-termekdij-epr-es-intrastat\/","name":"K\u00f6rnyezetv\u00e9delmi term\u00e9kd\u00edj, EPR \u00e9s Intrastat - Adintrade Kft.","isPartOf":{"@id":"https:\/\/adintrade.hu\/#website"},"datePublished":"2023-07-19T06:20:48+00:00","dateModified":"2024-07-17T14:01:30+00:00","breadcrumb":{"@id":"https:\/\/adintrade.hu\/kornyezetvedelmi-termekdij-epr-es-intrastat\/#breadcrumb"},"inLanguage":"english","potentialAction":[{"@type":"ReadAction","target":["https:\/\/adintrade.hu\/kornyezetvedelmi-termekdij-epr-es-intrastat\/"]}]},{"@type":"BreadcrumbList","@id":"https:\/\/adintrade.hu\/kornyezetvedelmi-termekdij-epr-es-intrastat\/#breadcrumb","itemListElement":[{"@type":"ListItem","position":1,"name":"Home","item":"https:\/\/adintrade.hu\/"},{"@type":"ListItem","position":2,"name":"K\u00f6rnyezetv\u00e9delmi term\u00e9kd\u00edj, EPR \u00e9s Intrastat"}]},{"@type":"WebSite","@id":"https:\/\/adintrade.hu\/#website","url":"https:\/\/adintrade.hu\/","name":"Adintrade Kft.","description":"Customs and product fee administration","publisher":{"@id":"https:\/\/adintrade.hu\/#organization"},"potentialAction":[{"@type":"SearchAction","target":{"@type":"EntryPoint","urlTemplate":"https:\/\/adintrade.hu\/?s={search_term_string}"},"query-input":"required name=search_term_string"}],"inLanguage":"english"},{"@type":"Organization","@id":"https:\/\/adintrade.hu\/#organization","name":"Adintrade Kft.","url":"https:\/\/adintrade.hu\/","logo":{"@type":"ImageObject","inLanguage":"english","@id":"https:\/\/adintrade.hu\/#\/schema\/logo\/image\/","url":"https:\/\/adintrade.hu\/wp-content\/uploads\/2022\/08\/cropped-cropped-adintrade_original.png","contentUrl":"https:\/\/adintrade.hu\/wp-content\/uploads\/2022\/08\/cropped-cropped-adintrade_original.png","width":794,"height":247,"caption":"Adintrade Kft."},"image":{"@id":"https:\/\/adintrade.hu\/#\/schema\/logo\/image\/"},"sameAs":["https:\/\/facebook.com\/adintrade"]}]}},"_links":{"self":[{"href":"https:\/\/adintrade.hu\/en\/wp-json\/wp\/v2\/pages\/1928"}],"collection":[{"href":"https:\/\/adintrade.hu\/en\/wp-json\/wp\/v2\/pages"}],"about":[{"href":"https:\/\/adintrade.hu\/en\/wp-json\/wp\/v2\/types\/page"}],"author":[{"embeddable":true,"href":"https:\/\/adintrade.hu\/en\/wp-json\/wp\/v2\/users\/1"}],"replies":[{"embeddable":true,"href":"https:\/\/adintrade.hu\/en\/wp-json\/wp\/v2\/comments?post=1928"}],"version-history":[{"count":13,"href":"https:\/\/adintrade.hu\/en\/wp-json\/wp\/v2\/pages\/1928\/revisions"}],"predecessor-version":[{"id":2104,"href":"https:\/\/adintrade.hu\/en\/wp-json\/wp\/v2\/pages\/1928\/revisions\/2104"}],"wp:attachment":[{"href":"https:\/\/adintrade.hu\/en\/wp-json\/wp\/v2\/media?parent=1928"}],"curies":[{"name":"wp","href":"https:\/\/api.w.org\/{rel}","templated":true}]}}