{"id":1947,"date":"2023-07-21T09:10:28","date_gmt":"2023-07-21T08:10:28","guid":{"rendered":"https:\/\/adintrade.hu\/?page_id=1947"},"modified":"2023-07-21T09:42:22","modified_gmt":"2023-07-21T08:42:22","slug":"","status":"publish","type":"page","link":"https:\/\/adintrade.hu\/en\/kiterjesztett-gyartoi-felelossegi-rendszer-epr\/","title":{"rendered":"","raw":""},"content":{"rendered":"","protected":false,"raw":""},"excerpt":{"rendered":"","protected":false,"raw":""},"author":1,"featured_media":0,"parent":0,"menu_order":0,"comment_status":"closed","ping_status":"closed","template":"","meta":{"inline_featured_image":false,"_hu_post_content":"<!-- wp:paragraph -->\n<p><strong>Kiterjesztett gy\u00e1rt\u00f3i felel\u0151ss\u00e9gi rendszer (EPR)<\/strong><\/p>\n<!-- \/wp:paragraph -->\n\n<!-- wp:paragraph -->\n<p>Hat\u00e1lya kiterjed a k\u00f6rforg\u00e1sos term\u00e9kek \u00e9s azok hullad\u00e9kaikra, az al\u00e1bbiak szerint.<br>(V\u00e1mtarifasz\u00e1m meg\u00e1llap\u00edt\u00e1sa a 2022. janu\u00e1r 1-\u00e9n hat\u00e1lyos tarifa adatb\u00e1zis alapj\u00e1n.)<\/p>\n<!-- \/wp:paragraph -->\n\n<!-- wp:list -->\n<ul><li>csomagol\u00e1sok<\/li><li>egyszer haszn\u00e1latos \u00e9s egy\u00e9b m\u0171anyagterm\u00e9kek<\/li><li>elektromos \u00e9s elektronikus berendez\u00e9sek<\/li><li>elemek \u00e9s akkumul\u00e1torok<\/li><li>g\u00e9pj\u00e1rm\u0171vek<\/li><li>gumiabroncs<\/li><li>irodai pap\u00edr<\/li><li>rekl\u00e1mhordoz\u00f3 pap\u00edr<\/li><li>s\u00fct\u0151olaj \u00e9s -zs\u00edr<\/li><li>textil term\u00e9kek<\/li><li>f\u00e1b\u00f3l k\u00e9sz\u00fclt b\u00fatorok<\/li><\/ul>\n<!-- \/wp:list -->\n\n<!-- wp:paragraph -->\n<p><strong>K\u00f6telezetts\u00e9gek teljes\u00edt\u00e9se:<\/strong><\/p>\n<!-- \/wp:paragraph -->\n\n<!-- wp:list -->\n<ul><li>Kollekt\u00edv teljes\u00edt\u00e9s (koncesszi\u00f3s t\u00e1rsas\u00e1g \u00fatj\u00e1n)<ol><li>MOHU regisztr\u00e1ci\u00f3<\/li><li>nyilv\u00e1ntart\u00e1sba v\u00e9tel (hullad\u00e9kgazd\u00e1lkod\u00e1si hat\u00f3s\u00e1g)<ul><li>d\u00edjfizet\u00e9si k\u00f6telezetts\u00e9g (koncesszi\u00f3s t\u00e1rsas\u00e1g fel\u00e9) negyed\u00e9vente, a sz\u00e1mla k\u00e9szhez v\u00e9tel\u00e9t\u0151l sz\u00e1m\u00edtott 15 napon bel\u00fcl<\/li><li>adatszolg\u00e1ltat\u00e1si k\u00f6telezetts\u00e9g (hullad\u00e9kgazd\u00e1lkod\u00e1si hat\u00f3s\u00e1g fel\u00e9) a negyed\u00e9vet k\u00f6vet\u0151 h\u00f3 20-ig<br><br><\/li><\/ul><\/li><\/ol><\/li><li>(Egy\u00e9ni teljes\u00edt\u00e9s; Elektromos berendez\u00e9s, g\u00e9pj\u00e1rm\u0171, ipari vagy g\u00e9pj\u00e1rm\u0171 elem \u00e9s akkumul\u00e1tor, bet\u00e9td\u00edjas term\u00e9k eset\u00e9n v\u00e1laszthat\u00f3.)<\/li><\/ul>\n<!-- \/wp:list -->\n\n<!-- wp:paragraph -->\n<p><strong>C\u00e9g\u00fcnk v\u00e1llalja az EPR-rel kapcsolatos feladatokat:<\/strong><\/p>\n<!-- \/wp:paragraph -->\n\n<!-- wp:list -->\n<ul><li>jogszab\u00e1lyban el\u0151\u00edrt regisztr\u00e1ci\u00f3k, bejelent\u00e9sek<\/li><li>nyilv\u00e1ntart\u00e1sok kialak\u00edt\u00e1sa, vezet\u00e9se<\/li><li>bevall\u00e1sok elk\u00e9sz\u00edt\u00e9se<\/li><li>szakmai tan\u00e1csad\u00e1s, inform\u00e1ci\u00f3ny\u00fajt\u00e1s<\/li><\/ul>\n<!-- \/wp:list -->","_hu_post_name":"kiterjesztett-gyartoi-felelossegi-rendszer-epr","_hu_post_excerpt":"","_hu_post_title":"Kiterjesztett gy\u00e1rt\u00f3i felel\u0151ss\u00e9gi rendszer (EPR)","_en_post_content":"","_en_post_name":"","_en_post_excerpt":"","_en_post_title":"","edit_language":"en","footnotes":""},"yoast_head":"<!-- This site is optimized with the Yoast SEO plugin v21.7 - https:\/\/yoast.com\/wordpress\/plugins\/seo\/ -->\n<title>Kiterjesztett gy\u00e1rt\u00f3i felel\u0151ss\u00e9gi rendszer (EPR) - Adintrade Kft.<\/title>\n<meta name=\"robots\" content=\"index, follow, max-snippet:-1, max-image-preview:large, max-video-preview:-1\" \/>\n<link rel=\"canonical\" href=\"https:\/\/adintrade.hu\/kiterjesztett-gyartoi-felelossegi-rendszer-epr\/\" \/>\n<meta property=\"og:locale\" content=\"en_US\" \/>\n<meta property=\"og:type\" content=\"article\" \/>\n<meta property=\"og:title\" content=\"Kiterjesztett gy\u00e1rt\u00f3i felel\u0151ss\u00e9gi rendszer (EPR) - Adintrade Kft.\" \/>\n<meta property=\"og:description\" content=\"Kiterjesztett gy\u00e1rt\u00f3i felel\u0151ss\u00e9gi rendszer (EPR) Hat\u00e1lya kiterjed a k\u00f6rforg\u00e1sos term\u00e9kek \u00e9s azok hullad\u00e9kaikra, az al\u00e1bbiak szerint.(V\u00e1mtarifasz\u00e1m meg\u00e1llap\u00edt\u00e1sa a 2022. janu\u00e1r 1-\u00e9n hat\u00e1lyos tarifa adatb\u00e1zis alapj\u00e1n.) csomagol\u00e1sok egyszer haszn\u00e1latos \u00e9s egy\u00e9b m\u0171anyagterm\u00e9kek elektromos \u00e9s elektronikus berendez\u00e9sek elemek \u00e9s akkumul\u00e1torok g\u00e9pj\u00e1rm\u0171vek gumiabroncs irodai pap\u00edr rekl\u00e1mhordoz\u00f3 pap\u00edr s\u00fct\u0151olaj \u00e9s -zs\u00edr textil term\u00e9kek f\u00e1b\u00f3l k\u00e9sz\u00fclt b\u00fatorok K\u00f6telezetts\u00e9gek teljes\u00edt\u00e9se: Kollekt\u00edv [&hellip;]\" \/>\n<meta property=\"og:url\" content=\"https:\/\/adintrade.hu\/kiterjesztett-gyartoi-felelossegi-rendszer-epr\/\" \/>\n<meta property=\"og:site_name\" content=\"Adintrade Kft.\" \/>\n<meta property=\"article:publisher\" content=\"https:\/\/facebook.com\/adintrade\" \/>\n<meta property=\"article:modified_time\" content=\"2023-07-21T08:42:22+00:00\" \/>\n<meta name=\"twitter:card\" content=\"summary_large_image\" \/>\n<meta name=\"twitter:label1\" content=\"Est. reading time\" \/>\n\t<meta name=\"twitter:data1\" content=\"1 minute\" \/>\n<script type=\"application\/ld+json\" class=\"yoast-schema-graph\">{\"@context\":\"https:\/\/schema.org\",\"@graph\":[{\"@type\":\"WebPage\",\"@id\":\"https:\/\/adintrade.hu\/kiterjesztett-gyartoi-felelossegi-rendszer-epr\/\",\"url\":\"https:\/\/adintrade.hu\/kiterjesztett-gyartoi-felelossegi-rendszer-epr\/\",\"name\":\"Kiterjesztett gy\u00e1rt\u00f3i felel\u0151ss\u00e9gi rendszer (EPR) - Adintrade Kft.\",\"isPartOf\":{\"@id\":\"https:\/\/adintrade.hu\/#website\"},\"datePublished\":\"2023-07-21T08:10:28+00:00\",\"dateModified\":\"2023-07-21T08:42:22+00:00\",\"breadcrumb\":{\"@id\":\"https:\/\/adintrade.hu\/kiterjesztett-gyartoi-felelossegi-rendszer-epr\/#breadcrumb\"},\"inLanguage\":\"english\",\"potentialAction\":[{\"@type\":\"ReadAction\",\"target\":[\"https:\/\/adintrade.hu\/kiterjesztett-gyartoi-felelossegi-rendszer-epr\/\"]}]},{\"@type\":\"BreadcrumbList\",\"@id\":\"https:\/\/adintrade.hu\/kiterjesztett-gyartoi-felelossegi-rendszer-epr\/#breadcrumb\",\"itemListElement\":[{\"@type\":\"ListItem\",\"position\":1,\"name\":\"Home\",\"item\":\"https:\/\/adintrade.hu\/\"},{\"@type\":\"ListItem\",\"position\":2,\"name\":\"Kiterjesztett gy\u00e1rt\u00f3i felel\u0151ss\u00e9gi rendszer (EPR)\"}]},{\"@type\":\"WebSite\",\"@id\":\"https:\/\/adintrade.hu\/#website\",\"url\":\"https:\/\/adintrade.hu\/\",\"name\":\"Adintrade Kft.\",\"description\":\"Customs and product fee administration\",\"publisher\":{\"@id\":\"https:\/\/adintrade.hu\/#organization\"},\"potentialAction\":[{\"@type\":\"SearchAction\",\"target\":{\"@type\":\"EntryPoint\",\"urlTemplate\":\"https:\/\/adintrade.hu\/?s={search_term_string}\"},\"query-input\":\"required name=search_term_string\"}],\"inLanguage\":\"english\"},{\"@type\":\"Organization\",\"@id\":\"https:\/\/adintrade.hu\/#organization\",\"name\":\"Adintrade Kft.\",\"url\":\"https:\/\/adintrade.hu\/\",\"logo\":{\"@type\":\"ImageObject\",\"inLanguage\":\"english\",\"@id\":\"https:\/\/adintrade.hu\/#\/schema\/logo\/image\/\",\"url\":\"https:\/\/adintrade.hu\/wp-content\/uploads\/2022\/08\/cropped-cropped-adintrade_original.png\",\"contentUrl\":\"https:\/\/adintrade.hu\/wp-content\/uploads\/2022\/08\/cropped-cropped-adintrade_original.png\",\"width\":794,\"height\":247,\"caption\":\"Adintrade Kft.\"},\"image\":{\"@id\":\"https:\/\/adintrade.hu\/#\/schema\/logo\/image\/\"},\"sameAs\":[\"https:\/\/facebook.com\/adintrade\"]}]}<\/script>\n<!-- \/ Yoast SEO plugin. -->","yoast_head_json":{"title":"Kiterjesztett gy\u00e1rt\u00f3i felel\u0151ss\u00e9gi rendszer (EPR) - Adintrade Kft.","robots":{"index":"index","follow":"follow","max-snippet":"max-snippet:-1","max-image-preview":"max-image-preview:large","max-video-preview":"max-video-preview:-1"},"canonical":"https:\/\/adintrade.hu\/kiterjesztett-gyartoi-felelossegi-rendszer-epr\/","og_locale":"en_US","og_type":"article","og_title":"Kiterjesztett gy\u00e1rt\u00f3i felel\u0151ss\u00e9gi rendszer (EPR) - Adintrade Kft.","og_description":"Kiterjesztett gy\u00e1rt\u00f3i felel\u0151ss\u00e9gi rendszer (EPR) Hat\u00e1lya kiterjed a k\u00f6rforg\u00e1sos term\u00e9kek \u00e9s azok hullad\u00e9kaikra, az al\u00e1bbiak szerint.(V\u00e1mtarifasz\u00e1m meg\u00e1llap\u00edt\u00e1sa a 2022. janu\u00e1r 1-\u00e9n hat\u00e1lyos tarifa adatb\u00e1zis alapj\u00e1n.) csomagol\u00e1sok egyszer haszn\u00e1latos \u00e9s egy\u00e9b m\u0171anyagterm\u00e9kek elektromos \u00e9s elektronikus berendez\u00e9sek elemek \u00e9s akkumul\u00e1torok g\u00e9pj\u00e1rm\u0171vek gumiabroncs irodai pap\u00edr rekl\u00e1mhordoz\u00f3 pap\u00edr s\u00fct\u0151olaj \u00e9s -zs\u00edr textil term\u00e9kek f\u00e1b\u00f3l k\u00e9sz\u00fclt b\u00fatorok K\u00f6telezetts\u00e9gek teljes\u00edt\u00e9se: Kollekt\u00edv [&hellip;]","og_url":"https:\/\/adintrade.hu\/kiterjesztett-gyartoi-felelossegi-rendszer-epr\/","og_site_name":"Adintrade Kft.","article_publisher":"https:\/\/facebook.com\/adintrade","article_modified_time":"2023-07-21T08:42:22+00:00","twitter_card":"summary_large_image","twitter_misc":{"Est. reading time":"1 minute"},"schema":{"@context":"https:\/\/schema.org","@graph":[{"@type":"WebPage","@id":"https:\/\/adintrade.hu\/kiterjesztett-gyartoi-felelossegi-rendszer-epr\/","url":"https:\/\/adintrade.hu\/kiterjesztett-gyartoi-felelossegi-rendszer-epr\/","name":"Kiterjesztett gy\u00e1rt\u00f3i felel\u0151ss\u00e9gi rendszer (EPR) - Adintrade Kft.","isPartOf":{"@id":"https:\/\/adintrade.hu\/#website"},"datePublished":"2023-07-21T08:10:28+00:00","dateModified":"2023-07-21T08:42:22+00:00","breadcrumb":{"@id":"https:\/\/adintrade.hu\/kiterjesztett-gyartoi-felelossegi-rendszer-epr\/#breadcrumb"},"inLanguage":"english","potentialAction":[{"@type":"ReadAction","target":["https:\/\/adintrade.hu\/kiterjesztett-gyartoi-felelossegi-rendszer-epr\/"]}]},{"@type":"BreadcrumbList","@id":"https:\/\/adintrade.hu\/kiterjesztett-gyartoi-felelossegi-rendszer-epr\/#breadcrumb","itemListElement":[{"@type":"ListItem","position":1,"name":"Home","item":"https:\/\/adintrade.hu\/"},{"@type":"ListItem","position":2,"name":"Kiterjesztett gy\u00e1rt\u00f3i felel\u0151ss\u00e9gi rendszer (EPR)"}]},{"@type":"WebSite","@id":"https:\/\/adintrade.hu\/#website","url":"https:\/\/adintrade.hu\/","name":"Adintrade Kft.","description":"Customs and product fee administration","publisher":{"@id":"https:\/\/adintrade.hu\/#organization"},"potentialAction":[{"@type":"SearchAction","target":{"@type":"EntryPoint","urlTemplate":"https:\/\/adintrade.hu\/?s={search_term_string}"},"query-input":"required name=search_term_string"}],"inLanguage":"english"},{"@type":"Organization","@id":"https:\/\/adintrade.hu\/#organization","name":"Adintrade Kft.","url":"https:\/\/adintrade.hu\/","logo":{"@type":"ImageObject","inLanguage":"english","@id":"https:\/\/adintrade.hu\/#\/schema\/logo\/image\/","url":"https:\/\/adintrade.hu\/wp-content\/uploads\/2022\/08\/cropped-cropped-adintrade_original.png","contentUrl":"https:\/\/adintrade.hu\/wp-content\/uploads\/2022\/08\/cropped-cropped-adintrade_original.png","width":794,"height":247,"caption":"Adintrade Kft."},"image":{"@id":"https:\/\/adintrade.hu\/#\/schema\/logo\/image\/"},"sameAs":["https:\/\/facebook.com\/adintrade"]}]}},"_links":{"self":[{"href":"https:\/\/adintrade.hu\/en\/wp-json\/wp\/v2\/pages\/1947"}],"collection":[{"href":"https:\/\/adintrade.hu\/en\/wp-json\/wp\/v2\/pages"}],"about":[{"href":"https:\/\/adintrade.hu\/en\/wp-json\/wp\/v2\/types\/page"}],"author":[{"embeddable":true,"href":"https:\/\/adintrade.hu\/en\/wp-json\/wp\/v2\/users\/1"}],"replies":[{"embeddable":true,"href":"https:\/\/adintrade.hu\/en\/wp-json\/wp\/v2\/comments?post=1947"}],"version-history":[{"count":2,"href":"https:\/\/adintrade.hu\/en\/wp-json\/wp\/v2\/pages\/1947\/revisions"}],"predecessor-version":[{"id":1954,"href":"https:\/\/adintrade.hu\/en\/wp-json\/wp\/v2\/pages\/1947\/revisions\/1954"}],"wp:attachment":[{"href":"https:\/\/adintrade.hu\/en\/wp-json\/wp\/v2\/media?parent=1947"}],"curies":[{"name":"wp","href":"https:\/\/api.w.org\/{rel}","templated":true}]}}