{"id":246,"date":"2016-11-27T22:09:02","date_gmt":"2016-11-27T20:09:02","guid":{"rendered":"http:\/\/adintrade.hu\/?page_id=246"},"modified":"2016-11-27T22:09:02","modified_gmt":"2016-11-27T20:09:02","slug":"useful-links","status":"publish","type":"page","link":"https:\/\/adintrade.hu\/en\/useful-links\/","title":{"rendered":"Useful links","raw":"Useful links"},"content":{"rendered":"<p>sample2<\/p>\n","protected":false,"raw":"sample2"},"excerpt":{"rendered":"","protected":false,"raw":""},"author":2,"featured_media":0,"parent":0,"menu_order":0,"comment_status":"closed","ping_status":"closed","template":"","meta":{"inline_featured_image":false,"_hu_post_content":"<!-- wp:heading -->\n<h2><span style=\"color: #000000;\"><span data-scayt_word=\"\u00c1ltal\u00e1nos\" data-scaytid=\"5\">\u00c1ltal\u00e1nos<\/span> <span data-scayt_word=\"k\u00fclkereskedelmi\" data-scaytid=\"7\">k\u00fclkereskedelmi<\/span> <span data-scayt_word=\"adminisztr\u00e1ci\u00f3\" data-scaytid=\"8\">adminisztr\u00e1ci\u00f3<\/span><\/span><\/h2>\n<!-- \/wp:heading -->\n\n<!-- wp:list -->\n<ul><li><a href=\"http:\/\/www.magyarorszag.hu\/\" target=\"_blank\" rel=\"noopener\"><span data-scayt_word=\"\u00c1ltal\u00e1nos\" data-scaytid=\"6\">\u00c1ltal\u00e1nos<\/span> <span data-scayt_word=\"\u00fcgyint\u00e9z\u00e9si\" data-scaytid=\"9\">\u00fcgyint\u00e9z\u00e9si<\/span> <span data-scayt_word=\"\u00e9s\" data-scaytid=\"10\">\u00e9s<\/span> <span data-scayt_word=\"jogi\" data-scaytid=\"11\">jogi<\/span> <span data-scayt_word=\"inform\u00e1ci\u00f3k\" data-scaytid=\"12\">inform\u00e1ci\u00f3k<\/span><\/a><\/li><li><a href=\"http:\/\/eur-lex.europa.eu\/hu\/index.htm\" target=\"_blank\" rel=\"noopener\"><span data-scayt_word=\"Eur\u00f3pai\" data-scaytid=\"14\">Eur\u00f3pai<\/span> <span data-scayt_word=\"Uni\u00f3s\" data-scaytid=\"15\">Uni\u00f3s<\/span> jog<\/a><\/li><li><a href=\"http:\/\/ec.europa.eu\/taxation_customs\/index_en.htm\" target=\"_blank\" rel=\"noopener\">EU <span data-scayt_word=\"Ad\u00f3\" data-scaytid=\"16\">Ad\u00f3<\/span> <span data-scayt_word=\"\u00e9s\" data-scaytid=\"13\">\u00e9s<\/span> <span data-scayt_word=\"v\u00e1m\" data-scaytid=\"18\">v\u00e1m<\/span> <span data-scayt_word=\"honlap\" data-scaytid=\"19\">honlap<\/span><\/a><\/li><li><a href=\"http:\/\/portal.ksh.hu\/\" target=\"_blank\" rel=\"noopener\"><span data-scayt_word=\"K\u00f6zponti\" data-scaytid=\"20\">K\u00f6zponti<\/span> <span data-scayt_word=\"Statisztikai\" data-scaytid=\"21\">Statisztikai<\/span> <span data-scayt_word=\"Hivatal\" data-scaytid=\"22\">Hivatal<\/span><\/a><\/li><li><a href=\"http:\/\/www.mnb.hu\/\" target=\"_blank\" rel=\"noopener\"><span data-scayt_word=\"MNB\" data-scaytid=\"23\">MNB<\/span>, <span data-scayt_word=\"\u00e1rfolyamok\" data-scaytid=\"24\">\u00e1rfolyamok<\/span>, <span data-scayt_word=\"statisztik\u00e1k\" data-scaytid=\"25\">statisztik\u00e1k<\/span><\/a><\/li><li><a href=\"https:\/\/www.deepl.com\/translator\" target=\"_blank\" rel=\"noopener\"><span data-scayt_word=\"Ford\u00edt\u00f3program\" data-scaytid=\"26\">Ford\u00edt\u00f3program<\/span><\/a><\/li><li><a href=\"https:\/\/nav.gov.hu\/\" target=\"_blank\" rel=\"noopener\"><span data-scayt_word=\"Ad\u00f3z\u00e1s\" data-scaytid=\"27\">Ad\u00f3z\u00e1s<\/span><\/a><\/li><li><a href=\"http:\/\/njt.hu\/\"><span data-scayt_word=\"Nemzeti\" data-scaytid=\"30\">Nemzeti<\/span> <span data-scayt_word=\"Jogszab\u00e1lyt\u00e1r\" data-scaytid=\"32\">Jogszab\u00e1lyt\u00e1r<\/span><\/a><\/li><\/ul>\n<!-- \/wp:list -->\n\n<!-- wp:heading -->\n<h2><span style=\"color: #000000;\"><span data-scayt_word=\"V\u00e1minform\u00e1ci\u00f3k\" data-scaytid=\"33\">V\u00e1minform\u00e1ci\u00f3k<\/span><\/span><\/h2>\n<!-- \/wp:heading -->\n\n<!-- wp:list -->\n<ul><li><a href=\"https:\/\/nav.gov.hu\/\" target=\"_blank\" rel=\"noopener\"><span data-scayt_word=\"Nemzeti\" data-scaytid=\"31\">Nemzeti<\/span>&nbsp;<span data-scayt_word=\"Ad\u00f3\" data-scaytid=\"28\">Ad\u00f3<\/span>-&nbsp;<span data-scayt_word=\"\u00e9s\" data-scaytid=\"29\">\u00e9s<\/span>&nbsp;<span data-scayt_word=\"V\u00e1mhivatal\" data-scaytid=\"36\">V\u00e1mhivatal<\/span><\/a><\/li><li><a href=\"http:\/\/nav.gov.hu\/nav\/igazgatosagok\"><span data-scayt_word=\"NAV\" data-scaytid=\"37\">NAV<\/span>&nbsp;<span data-scayt_word=\"Igazgat\u00f3s\u00e1gok\" data-scaytid=\"39\">Igazgat\u00f3s\u00e1gok<\/span>&nbsp;<span data-scayt_word=\"el\u00e9rhet\u0151s\u00e9gei\" data-scaytid=\"40\">el\u00e9rhet\u0151s\u00e9gei<\/span><\/a><\/li><li><a href=\"https:\/\/nav.gov.hu\/szabalyzok\/utmutatok\"><span data-scayt_word=\"NAV\" data-scaytid=\"38\">NAV<\/span> <span data-scayt_word=\"\u00e1ltal\" data-scaytid=\"41\">\u00e1ltal<\/span> <span data-scayt_word=\"kiadott\" data-scaytid=\"42\">kiadott<\/span> <span data-scayt_word=\"\u00fatmutat\u00f3k\" data-scaytid=\"43\">\u00fatmutat\u00f3k<\/span><\/a><\/li><li><a href=\"https:\/\/nav.gov.hu\/vam\/egyseges_vamokmany_kitoltesi_utmutato\"><span data-scayt_word=\"\u00datmutat\u00f3\" data-scaytid=\"64\">\u00datmutat\u00f3<\/span> <span data-scayt_word=\"az\" data-scaytid=\"58\">az<\/span> <span data-scayt_word=\"egys\u00e9ges\" data-scaytid=\"67\">egys\u00e9ges<\/span> <span data-scayt_word=\"v\u00e1mokm\u00e1ny\" data-scaytid=\"68\">v\u00e1mokm\u00e1ny<\/span> <span data-scayt_word=\"ki\u00e1ll\u00edt\u00e1s\u00e1r\u00f3l\" data-scaytid=\"69\">ki\u00e1ll\u00edt\u00e1s\u00e1r\u00f3l<\/span><\/a><\/li><li><a href=\"http:\/\/ec.europa.eu\/taxation_customs\/dds2\/taric\/taric_consultation.jsp?Lang=hu\" target=\"_blank\" rel=\"noopener\"><span data-scayt_word=\"TARIC\" data-scaytid=\"70\">TARIC<\/span>&nbsp;EU&nbsp;<span data-scayt_word=\"honlap\" data-scaytid=\"60\">honlap<\/span><\/a><\/li><li><a href=\"http:\/\/kkk.nav.gov.hu\/eles\/1\/taricweb\/\" target=\"_blank\" rel=\"noopener\"><span data-scayt_word=\"TARIC\" data-scaytid=\"71\">TARIC<\/span> Web <span data-scayt_word=\"Magyarorsz\u00e1g\" data-scaytid=\"73\">Magyarorsz\u00e1g<\/span><\/a><\/li><li><a href=\"http:\/\/mkeh.gov.hu\/\">Magyar <span data-scayt_word=\"Kereskedelmi\" data-scaytid=\"82\">Kereskedelmi<\/span>&nbsp;<span data-scayt_word=\"Enged\u00e9lyez\u00e9si\" data-scaytid=\"83\">Enged\u00e9lyez\u00e9si<\/span> <span data-scayt_word=\"Hivatal\" data-scaytid=\"63\">Hivatal<\/span><\/a><\/li><li><a href=\"https:\/\/www.nebih.gov.hu\/\"><span data-scayt_word=\"Nemzeti\" data-scaytid=\"85\">Nemzeti<\/span> <span data-scayt_word=\"\u00c9lelmiszerl\u00e1nc-biztons\u00e1gi\" data-scaytid=\"89\">\u00c9lelmiszerl\u00e1nc-biztons\u00e1gi<\/span> <span data-scayt_word=\"Hivatal\" data-scaytid=\"86\">Hivatal<\/span> (<span data-scayt_word=\"N\u00c9BIH\" data-scaytid=\"91\">N\u00c9BIH<\/span>)<\/a><\/li><li><a href=\"http:\/\/ec.europa.eu\/taxation_customs\/dds2\/col\/col_search_home.jsp?Lang=hu\" target=\"_blank\" rel=\"noopener\"><span data-scayt_word=\"V\u00e1mhivatalok\" data-scaytid=\"92\">V\u00e1mhivatalok<\/span> <span data-scayt_word=\"az\" data-scaytid=\"87\">az<\/span> EU-ban<\/a><\/li><li><a href=\"http:\/\/www.vamprogram.hu\/\" target=\"_blank\" rel=\"noopener\"><span data-scayt_word=\"V\u00e1mprogram\" data-scaytid=\"99\">V\u00e1mprogram<\/span> <span data-scayt_word=\"ingform\u00e1ci\u00f3k\" data-scaytid=\"100\">ingform\u00e1ci\u00f3k<\/span><\/a><\/li><li><a href=\"https:\/\/kkk.nav.gov.hu\/eles\/2\/web\/\" target=\"_blank\" rel=\"noopener\"><span data-scayt_word=\"NAV\" data-scaytid=\"95\">NAV<\/span> <span data-scayt_word=\"K\u00fcls\u0151\" data-scaytid=\"103\">K\u00fcls\u0151<\/span> <span data-scayt_word=\"Kommunik\u00e1ci\u00f3s\" data-scaytid=\"104\">Kommunik\u00e1ci\u00f3s<\/span> <span data-scayt_word=\"K\u00f6zpont\" data-scaytid=\"105\">K\u00f6zpont<\/span><\/a><\/li><li><a href=\"https:\/\/openkkk.nav.gov.hu\/default.aspx\" target=\"_blank\" rel=\"noopener\"><span data-scayt_word=\"NAV\" data-scaytid=\"96\">NAV<\/span> <span data-scayt_word=\"OPENKKK\" data-scaytid=\"106\">OPENKKK<\/span><\/a><\/li><li><a href=\"http:\/\/ec.europa.eu\/taxation_customs\/dds2\/tra\/transit_home.jsp?Lang=hu&amp;Screen=0&amp;ContextPath=&amp;MRN=&amp;Expand=false\" target=\"_blank\" rel=\"noopener\"><span data-scayt_word=\"\u00c1rutov\u00e1bb\u00edt\u00e1si\" data-scaytid=\"107\">\u00c1rutov\u00e1bb\u00edt\u00e1si<\/span> <span data-scayt_word=\"MRN\" data-scaytid=\"108\">MRN<\/span> <span data-scayt_word=\"nyomk\u00f6vet\u0151\" data-scaytid=\"109\">nyomk\u00f6vet\u0151<\/span><\/a><\/li><li><a href=\"https:\/\/ec.europa.eu\/taxation_customs\/dds2\/ecs\/ecs_home.jsp?Lang=en\">Export MRN nyomk\u00f6vet\u0151<\/a><\/li><li><a href=\"https:\/\/nav.gov.hu\/vam\/nem_kereskedelmi_forgalom\" target=\"_blank\" rel=\"noopener\"><span data-scayt_word=\"Nem\" data-scaytid=\"110\">Nem<\/span> <span data-scayt_word=\"kereskedelmi\" data-scaytid=\"111\">kereskedelmi<\/span> <span data-scayt_word=\"utas\" data-scaytid=\"112\">utas<\/span> <span data-scayt_word=\"forgalom\" data-scaytid=\"113\">forgalom<\/span> <span data-scayt_word=\"szab\u00e1lyai\" data-scaytid=\"114\">szab\u00e1lyai<\/span><\/a><\/li><\/ul>\n<!-- \/wp:list -->\n\n<!-- wp:heading -->\n<h2><span style=\"color: #000000;\"><span data-scayt_word=\"Intrastat\" data-scaytid=\"115\">Intrastat<\/span>, <span data-scayt_word=\"term\u00e9kd\u00edj\" data-scaytid=\"117\">term\u00e9kd\u00edj<\/span>, <span data-scayt_word=\"hullad\u00e9kgazd\u00e1lkod\u00e1s\" data-scaytid=\"118\">hullad\u00e9kgazd\u00e1lkod\u00e1s<\/span><\/span><\/h2>\n<!-- \/wp:heading -->\n\n<!-- wp:list -->\n<ul><li><a href=\"http:\/\/njt.hu\/cgi_bin\/njt_doc.cgi?docid=138957.314081\"><span data-scayt_word=\"K\u00f6rnyezetv\u00e9delmi\" data-scaytid=\"119\">K\u00f6rnyezetv\u00e9delmi<\/span> <span data-scayt_word=\"term\u00e9kd\u00edjr\u00f3l\" data-scaytid=\"120\">term\u00e9kd\u00edjr\u00f3l<\/span> <span data-scayt_word=\"sz\u00f3l\u00f3\" data-scaytid=\"121\">sz\u00f3l\u00f3<\/span>&nbsp;<span data-scayt_word=\"t\u00f6rv\u00e9ny\" data-scaytid=\"123\">t\u00f6rv\u00e9ny<\/span><\/a><\/li><li><a href=\"http:\/\/njt.hu\/cgi_bin\/njt_doc.cgi?docid=142904.324481\"><span data-scayt_word=\"Term\u00e9kd\u00edj\" data-scaytid=\"125\">Term\u00e9kd\u00edj<\/span> <span data-scayt_word=\"v\u00e9grehajt\u00e1si\" data-scaytid=\"126\">v\u00e9grehajt\u00e1si<\/span> <span data-scayt_word=\"rendelet\" data-scaytid=\"127\">rendelet<\/span><\/a><\/li><li><a href=\"http:\/\/njt.hu\/cgi_bin\/njt_doc.cgi?docid=156602.321870\"><span data-scayt_word=\"Hullad\u00e9kr\u00f3l\" data-scaytid=\"128\">Hullad\u00e9kr\u00f3l<\/span> <span data-scayt_word=\"sz\u00f3l\u00f3\" data-scaytid=\"122\">sz\u00f3l\u00f3<\/span> <span data-scayt_word=\"t\u00f6rv\u00e9ny\" data-scaytid=\"124\">t\u00f6rv\u00e9ny<\/span><\/a><\/li><li><a href=\"http:\/\/www.nav.gov.hu\/nav\/letoltesek\/nyomtatvanykitolto_programok\/nyomtatvanykitolto_programok_nav\/adatbejelentok_adatmodositok\/NAV_16tkorny.html\"><span data-scayt_word=\"16TKORNY\" data-scaytid=\"131\">22TKORNY<\/span> <span data-scayt_word=\"nyomtatv\u00e1ny\" data-scaytid=\"132\">nyomtatv\u00e1ny<\/span><\/a><\/li><li><a href=\"https:\/\/nav.gov.hu\/nyomtatvanyok\/letoltesek\/nyomtatvanykitolto_programok\/nyomtatvanykitolto_programok_nav\/21KTBEV\"><span data-scayt_word=\"16KTBEV\" data-scaytid=\"134\">21KTBEV<\/span> <span data-scayt_word=\"nyomtatv\u00e1ny\" data-scaytid=\"133\">nyomtatv\u00e1ny<\/span><\/a><\/li><li><a href=\"https:\/\/orszagoszoldhatosag.gov.hu\/\"><span data-scayt_word=\"Orsz\u00e1gos\" data-scaytid=\"135\">Orsz\u00e1gos<\/span> <span data-scayt_word=\"K\u00f6rnyezetv\u00e9delmi\" data-scaytid=\"129\">K\u00f6rnyezetv\u00e9delmi<\/span> <span data-scayt_word=\"\u00e9s\" data-scaytid=\"130\">\u00e9s<\/span> <span data-scayt_word=\"Term\u00e9szetv\u00e9delmi\" data-scaytid=\"138\">Term\u00e9szetv\u00e9delmi<\/span> <span data-scayt_word=\"F\u0151fel\u00fcgyel\u0151s\u00e9g\" data-scaytid=\"139\">F\u0151fel\u00fcgyel\u0151s\u00e9g<\/span> (<span data-scayt_word=\"OKTF\" data-scaytid=\"140\">OKTF<\/span>)<\/a><\/li><\/ul>\n<!-- \/wp:list -->\n\n<!-- wp:heading -->\n<h2><span style=\"color: #000000;\"><span data-scayt_word=\"Szakmai\" data-scaytid=\"141\">Szakmai<\/span> <span data-scayt_word=\"szervezetek\" data-scaytid=\"142\">szervezetek<\/span><\/span><\/h2>\n<!-- \/wp:heading -->\n\n<!-- wp:list -->\n<ul><li><a href=\"http:\/\/www.vjaszsz.hu\/\" target=\"_blank\" rel=\"noopener\"><span data-scayt_word=\"V\u00e1m\" data-scaytid=\"145\">V\u00e1m<\/span>-&nbsp;<span data-scayt_word=\"J\u00f6ved\u00e9ki\" data-scaytid=\"146\">J\u00f6ved\u00e9ki<\/span> <span data-scayt_word=\"\u00e9s\" data-scaytid=\"143\">\u00e9s<\/span> <span data-scayt_word=\"Ad\u00f3\u00fcgyi\" data-scaytid=\"149\">Ad\u00f3\u00fcgyi<\/span> <span data-scayt_word=\"Szolg\u00e1ltat\u00f3k\" data-scaytid=\"150\">Szolg\u00e1ltat\u00f3k<\/span> <span data-scayt_word=\"Sz\u00f6vets\u00e9ge\" data-scaytid=\"152\">Sz\u00f6vets\u00e9ge<\/span><\/a><\/li><li><a href=\"http:\/\/mvsz.eu\/\" target=\"_blank\" rel=\"noopener\">Magyar <span data-scayt_word=\"V\u00e1m\u00fcgyi\" data-scaytid=\"154\">V\u00e1m\u00fcgyi<\/span> <span data-scayt_word=\"Sz\u00f6vets\u00e9g\" data-scaytid=\"155\">Sz\u00f6vets\u00e9g<\/span><\/a><\/li><li><a href=\"http:\/\/www.szallitmanyozok.hu\/\" target=\"_blank\" rel=\"noopener\">Magyar <span data-scayt_word=\"Sz\u00e1ll\u00edtm\u00e1nyoz\u00f3i\" data-scaytid=\"157\">Sz\u00e1ll\u00edtm\u00e1nyoz\u00f3i<\/span> <span data-scayt_word=\"\u00e9s\" data-scaytid=\"144\">\u00e9s<\/span> <span data-scayt_word=\"Logisztikai\" data-scaytid=\"158\">Logisztikai<\/span> <span data-scayt_word=\"Szolg\u00e1ltat\u00f3k\" data-scaytid=\"151\">Szolg\u00e1ltat\u00f3k<\/span> <span data-scayt_word=\"Sz\u00f6vets\u00e9ge\" data-scaytid=\"153\">Sz\u00f6vets\u00e9ge<\/span><\/a><\/li><li><a href=\"http:\/\/www.kulkerszov.hu\/\" target=\"_blank\" rel=\"noopener\">Magyar <span data-scayt_word=\"K\u00fclgazdas\u00e1gi\" data-scaytid=\"159\">K\u00fclgazdas\u00e1gi<\/span> <span data-scayt_word=\"Sz\u00f6vets\u00e9g\" data-scaytid=\"156\">Sz\u00f6vets\u00e9g<\/span><\/a><\/li><\/ul>\n<!-- \/wp:list -->","_hu_post_name":"hasznos-linkek","_hu_post_excerpt":"","_hu_post_title":"Hasznos linkek","_en_post_content":"sample2","_en_post_name":"useful-links","_en_post_excerpt":"","_en_post_title":"Useful links","edit_language":"en","footnotes":""},"yoast_head":"<!-- This site is optimized with the Yoast SEO plugin v21.7 - https:\/\/yoast.com\/wordpress\/plugins\/seo\/ -->\n<title>Hasznos linkek - Az AD Intrade Biztos szakmai h\u00e1tteret AD!<\/title>\n<meta name=\"description\" content=\"Minden hasznos link itt egy helyen a v\u00e1m\u00fcgyint\u00e9z\u00e9s, az Intrastat, a term\u00e9kd\u00edj, a hullad\u00e9kgazd\u00e1lkod\u00e1s \u00e9s a k\u00fclkereskedelmi adminisztr\u00e1ci\u00f3 kapcs\u00e1n.\" \/>\n<meta name=\"robots\" content=\"index, follow, max-snippet:-1, max-image-preview:large, max-video-preview:-1\" \/>\n<link rel=\"canonical\" href=\"https:\/\/adintrade.hu\/hasznos-linkek\/\" \/>\n<meta property=\"og:locale\" content=\"en_US\" \/>\n<meta property=\"og:type\" content=\"article\" \/>\n<meta property=\"og:title\" content=\"Hasznos linkek - Az AD Intrade Biztos szakmai h\u00e1tteret AD!\" \/>\n<meta property=\"og:description\" content=\"Minden hasznos link itt egy helyen a v\u00e1m\u00fcgyint\u00e9z\u00e9s, az Intrastat, a term\u00e9kd\u00edj, a hullad\u00e9kgazd\u00e1lkod\u00e1s \u00e9s a k\u00fclkereskedelmi adminisztr\u00e1ci\u00f3 kapcs\u00e1n.\" \/>\n<meta property=\"og:url\" content=\"https:\/\/adintrade.hu\/hasznos-linkek\/\" \/>\n<meta property=\"og:site_name\" content=\"Adintrade Kft.\" \/>\n<meta property=\"article:publisher\" content=\"https:\/\/facebook.com\/adintrade\" \/>\n<meta name=\"twitter:card\" content=\"summary_large_image\" \/>\n<meta name=\"twitter:label1\" content=\"Est. reading time\" \/>\n\t<meta name=\"twitter:data1\" content=\"1 minute\" \/>\n<script type=\"application\/ld+json\" class=\"yoast-schema-graph\">{\"@context\":\"https:\/\/schema.org\",\"@graph\":[{\"@type\":\"WebPage\",\"@id\":\"https:\/\/adintrade.hu\/hasznos-linkek\/\",\"url\":\"https:\/\/adintrade.hu\/hasznos-linkek\/\",\"name\":\"Hasznos linkek - Az AD Intrade Biztos szakmai h\u00e1tteret AD!\",\"isPartOf\":{\"@id\":\"https:\/\/adintrade.hu\/#website\"},\"datePublished\":\"2016-11-27T20:09:02+00:00\",\"dateModified\":\"2016-11-27T20:09:02+00:00\",\"description\":\"Minden hasznos link itt egy helyen a v\u00e1m\u00fcgyint\u00e9z\u00e9s, az Intrastat, a term\u00e9kd\u00edj, a hullad\u00e9kgazd\u00e1lkod\u00e1s \u00e9s a k\u00fclkereskedelmi adminisztr\u00e1ci\u00f3 kapcs\u00e1n.\",\"breadcrumb\":{\"@id\":\"https:\/\/adintrade.hu\/hasznos-linkek\/#breadcrumb\"},\"inLanguage\":\"english\",\"potentialAction\":[{\"@type\":\"ReadAction\",\"target\":[\"https:\/\/adintrade.hu\/hasznos-linkek\/\"]}]},{\"@type\":\"BreadcrumbList\",\"@id\":\"https:\/\/adintrade.hu\/hasznos-linkek\/#breadcrumb\",\"itemListElement\":[{\"@type\":\"ListItem\",\"position\":1,\"name\":\"Home\",\"item\":\"https:\/\/adintrade.hu\/\"},{\"@type\":\"ListItem\",\"position\":2,\"name\":\"Hasznos linkek\"}]},{\"@type\":\"WebSite\",\"@id\":\"https:\/\/adintrade.hu\/#website\",\"url\":\"https:\/\/adintrade.hu\/\",\"name\":\"Adintrade Kft.\",\"description\":\"Customs and product fee administration\",\"publisher\":{\"@id\":\"https:\/\/adintrade.hu\/#organization\"},\"potentialAction\":[{\"@type\":\"SearchAction\",\"target\":{\"@type\":\"EntryPoint\",\"urlTemplate\":\"https:\/\/adintrade.hu\/?s={search_term_string}\"},\"query-input\":\"required name=search_term_string\"}],\"inLanguage\":\"english\"},{\"@type\":\"Organization\",\"@id\":\"https:\/\/adintrade.hu\/#organization\",\"name\":\"Adintrade Kft.\",\"url\":\"https:\/\/adintrade.hu\/\",\"logo\":{\"@type\":\"ImageObject\",\"inLanguage\":\"english\",\"@id\":\"https:\/\/adintrade.hu\/#\/schema\/logo\/image\/\",\"url\":\"https:\/\/adintrade.hu\/wp-content\/uploads\/2022\/08\/cropped-cropped-adintrade_original.png\",\"contentUrl\":\"https:\/\/adintrade.hu\/wp-content\/uploads\/2022\/08\/cropped-cropped-adintrade_original.png\",\"width\":794,\"height\":247,\"caption\":\"Adintrade Kft.\"},\"image\":{\"@id\":\"https:\/\/adintrade.hu\/#\/schema\/logo\/image\/\"},\"sameAs\":[\"https:\/\/facebook.com\/adintrade\"]}]}<\/script>\n<!-- \/ Yoast SEO plugin. -->","yoast_head_json":{"title":"Hasznos linkek - Az AD Intrade Biztos szakmai h\u00e1tteret AD!","description":"Minden hasznos link itt egy helyen a v\u00e1m\u00fcgyint\u00e9z\u00e9s, az Intrastat, a term\u00e9kd\u00edj, a hullad\u00e9kgazd\u00e1lkod\u00e1s \u00e9s a k\u00fclkereskedelmi adminisztr\u00e1ci\u00f3 kapcs\u00e1n.","robots":{"index":"index","follow":"follow","max-snippet":"max-snippet:-1","max-image-preview":"max-image-preview:large","max-video-preview":"max-video-preview:-1"},"canonical":"https:\/\/adintrade.hu\/hasznos-linkek\/","og_locale":"en_US","og_type":"article","og_title":"Hasznos linkek - Az AD Intrade Biztos szakmai h\u00e1tteret AD!","og_description":"Minden hasznos link itt egy helyen a v\u00e1m\u00fcgyint\u00e9z\u00e9s, az Intrastat, a term\u00e9kd\u00edj, a hullad\u00e9kgazd\u00e1lkod\u00e1s \u00e9s a k\u00fclkereskedelmi adminisztr\u00e1ci\u00f3 kapcs\u00e1n.","og_url":"https:\/\/adintrade.hu\/hasznos-linkek\/","og_site_name":"Adintrade Kft.","article_publisher":"https:\/\/facebook.com\/adintrade","twitter_card":"summary_large_image","twitter_misc":{"Est. reading time":"1 minute"},"schema":{"@context":"https:\/\/schema.org","@graph":[{"@type":"WebPage","@id":"https:\/\/adintrade.hu\/hasznos-linkek\/","url":"https:\/\/adintrade.hu\/hasznos-linkek\/","name":"Hasznos linkek - Az AD Intrade Biztos szakmai h\u00e1tteret AD!","isPartOf":{"@id":"https:\/\/adintrade.hu\/#website"},"datePublished":"2016-11-27T20:09:02+00:00","dateModified":"2016-11-27T20:09:02+00:00","description":"Minden hasznos link itt egy helyen a v\u00e1m\u00fcgyint\u00e9z\u00e9s, az Intrastat, a term\u00e9kd\u00edj, a hullad\u00e9kgazd\u00e1lkod\u00e1s \u00e9s a k\u00fclkereskedelmi adminisztr\u00e1ci\u00f3 kapcs\u00e1n.","breadcrumb":{"@id":"https:\/\/adintrade.hu\/hasznos-linkek\/#breadcrumb"},"inLanguage":"english","potentialAction":[{"@type":"ReadAction","target":["https:\/\/adintrade.hu\/hasznos-linkek\/"]}]},{"@type":"BreadcrumbList","@id":"https:\/\/adintrade.hu\/hasznos-linkek\/#breadcrumb","itemListElement":[{"@type":"ListItem","position":1,"name":"Home","item":"https:\/\/adintrade.hu\/"},{"@type":"ListItem","position":2,"name":"Hasznos linkek"}]},{"@type":"WebSite","@id":"https:\/\/adintrade.hu\/#website","url":"https:\/\/adintrade.hu\/","name":"Adintrade Kft.","description":"Customs and product fee administration","publisher":{"@id":"https:\/\/adintrade.hu\/#organization"},"potentialAction":[{"@type":"SearchAction","target":{"@type":"EntryPoint","urlTemplate":"https:\/\/adintrade.hu\/?s={search_term_string}"},"query-input":"required name=search_term_string"}],"inLanguage":"english"},{"@type":"Organization","@id":"https:\/\/adintrade.hu\/#organization","name":"Adintrade Kft.","url":"https:\/\/adintrade.hu\/","logo":{"@type":"ImageObject","inLanguage":"english","@id":"https:\/\/adintrade.hu\/#\/schema\/logo\/image\/","url":"https:\/\/adintrade.hu\/wp-content\/uploads\/2022\/08\/cropped-cropped-adintrade_original.png","contentUrl":"https:\/\/adintrade.hu\/wp-content\/uploads\/2022\/08\/cropped-cropped-adintrade_original.png","width":794,"height":247,"caption":"Adintrade Kft."},"image":{"@id":"https:\/\/adintrade.hu\/#\/schema\/logo\/image\/"},"sameAs":["https:\/\/facebook.com\/adintrade"]}]}},"_links":{"self":[{"href":"https:\/\/adintrade.hu\/en\/wp-json\/wp\/v2\/pages\/246"}],"collection":[{"href":"https:\/\/adintrade.hu\/en\/wp-json\/wp\/v2\/pages"}],"about":[{"href":"https:\/\/adintrade.hu\/en\/wp-json\/wp\/v2\/types\/page"}],"author":[{"embeddable":true,"href":"https:\/\/adintrade.hu\/en\/wp-json\/wp\/v2\/users\/2"}],"replies":[{"embeddable":true,"href":"https:\/\/adintrade.hu\/en\/wp-json\/wp\/v2\/comments?post=246"}],"version-history":[{"count":0,"href":"https:\/\/adintrade.hu\/en\/wp-json\/wp\/v2\/pages\/246\/revisions"}],"wp:attachment":[{"href":"https:\/\/adintrade.hu\/en\/wp-json\/wp\/v2\/media?parent=246"}],"curies":[{"name":"wp","href":"https:\/\/api.w.org\/{rel}","templated":true}]}}