{"id":32,"date":"2016-09-17T10:15:47","date_gmt":"2016-09-17T10:15:47","guid":{"rendered":"http:\/\/adintrade.hu\/?page_id=32"},"modified":"2024-07-17T14:55:32","modified_gmt":"2024-07-17T13:55:32","slug":"consultancy","status":"publish","type":"page","link":"https:\/\/adintrade.hu\/en\/consultancy\/","title":{"rendered":"Consultancy","raw":"Consultancy"},"content":{"rendered":"\n<h3 class=\"wp-block-heading\"><strong>We are at your disposal in:<\/strong><\/h3>\n\n\n\n<ul><li>Providing information about foreign trade, customs, and foreign currency regulations<\/li><li>The build-up of foreign trade organization and register systems<\/li><li>Instructing your staff simple foreign trade transactions<\/li><li>Various other questions related to customs and product fees<\/li><\/ul>\n\n\n\n<h3 class=\"wp-block-heading\">Free-of-charge customs and product-fee audit<\/h3>\n\n\n\n<p><strong>Ask us to do a free-of-charge customs and product-fee audit!<\/strong><\/p>\n\n\n\n<p>During the free-of-charge audit and after getting to know a large number of details about your activity, range and movement of goods, and your contacts, we present you the tailor-made possibilities of modern customs procedures, and we look for eventual possibilities of simplification, cost reduction, and administration-time reduction, as well as alternative methods.<\/p>\n\n\n\n<p>During the free-of-charge customs audit, we assess which segment of your company\u2019s activity makes it possible to consider it product-fee bound or exempt, and we inform you about the possibilities of payment\/reimbursement.<br>Time interval: 1-3 hours. Location: our office in Budapest.<\/p>\n\n\n\n<p><strong>Should you have any questions or need consultancy, call us, and we will be happy to assist you!<\/strong><br>Our expert will be in contact with you within one or two days of your call.<\/p>\n\n\n\n<div class=\"wp-block-contact-form-7-contact-form-selector\"><div role=\"form\" class=\"wpcf7\" id=\"wpcf7-f874-o2\" lang=\"hu-HU\" dir=\"ltr\">\n<div class=\"screen-reader-response\"><p role=\"status\" aria-live=\"polite\" aria-atomic=\"true\"><\/p> <ul><\/ul><\/div>\n<form action=\"\/en\/wp-json\/wp\/v2\/pages\/32#wpcf7-f874-o2\" method=\"post\" class=\"wpcf7-form init\" enctype=\"multipart\/form-data\" novalidate=\"novalidate\" data-status=\"init\">\n<div style=\"display: none;\">\n<input type=\"hidden\" name=\"_wpcf7\" value=\"874\" \/>\n<input type=\"hidden\" name=\"_wpcf7_version\" value=\"5.6.4\" \/>\n<input type=\"hidden\" name=\"_wpcf7_locale\" value=\"hu_HU\" \/>\n<input type=\"hidden\" name=\"_wpcf7_unit_tag\" value=\"wpcf7-f874-o2\" \/>\n<input type=\"hidden\" name=\"_wpcf7_container_post\" value=\"0\" \/>\n<input type=\"hidden\" name=\"_wpcf7_posted_data_hash\" value=\"\" \/>\n<input type=\"hidden\" name=\"_wpcf7_recaptcha_response\" value=\"\" \/>\n<\/div>\n<p><label> Name *<br \/>\n    <span class=\"wpcf7-form-control-wrap\" data-name=\"your-name\"><input type=\"text\" name=\"your-name\" value=\"\" size=\"40\" class=\"wpcf7-form-control wpcf7-text wpcf7-validates-as-required\" aria-required=\"true\" aria-invalid=\"false\" \/><\/span> <\/label><\/p>\n<p><label> Company name<br \/>\n    <span class=\"wpcf7-form-control-wrap\" data-name=\"your-companyname\"><input type=\"text\" name=\"your-companyname\" value=\"\" size=\"40\" class=\"wpcf7-form-control wpcf7-text\" aria-invalid=\"false\" \/><\/span> <\/label><\/p>\n<p><label> Phone<br \/>\n    <span class=\"wpcf7-form-control-wrap\" data-name=\"your-phone\"><input type=\"text\" name=\"your-phone\" value=\"\" size=\"40\" class=\"wpcf7-form-control wpcf7-text\" aria-invalid=\"false\" \/><\/span> <\/label><\/p>\n<p><label> Email *<br \/>\n    <span class=\"wpcf7-form-control-wrap\" data-name=\"your-email\"><input type=\"email\" name=\"your-email\" value=\"\" size=\"40\" class=\"wpcf7-form-control wpcf7-text wpcf7-email wpcf7-validates-as-required wpcf7-validates-as-email\" aria-required=\"true\" aria-invalid=\"false\" \/><\/span> <\/label><\/p>\n<p><label> Question *<br \/>\n    <span class=\"wpcf7-form-control-wrap\" data-name=\"your-message\"><textarea name=\"your-message\" cols=\"40\" rows=\"10\" class=\"wpcf7-form-control wpcf7-textarea\" aria-invalid=\"false\"><\/textarea><\/span> <\/label><\/p>\n<p><label> Attachment<br \/>\n<span class=\"wpcf7-form-control-wrap\" data-name=\"your-file\"><input type=\"file\" name=\"your-file\" size=\"40\" class=\"wpcf7-form-control wpcf7-file\" id=\"foo\" accept=\".pdf,.jpg,.jpeg,.zip,.png,.xls,.xlsx,.doc,.docx\" aria-invalid=\"false\" \/><\/span> <\/label><\/p>\n<p><input type=\"submit\" value=\"Send\" class=\"wpcf7-form-control has-spinner wpcf7-submit\" \/><\/p>\n<p style=\"display: none !important;\"><label>&#916;<textarea name=\"_wpcf7_ak_hp_textarea\" cols=\"45\" rows=\"8\" maxlength=\"100\"><\/textarea><\/label><input type=\"hidden\" id=\"ak_js_2\" name=\"_wpcf7_ak_js\" value=\"92\"\/><script>document.getElementById( \"ak_js_2\" ).setAttribute( \"value\", ( new Date() ).getTime() );<\/script><\/p><div class=\"wpcf7-response-output\" aria-hidden=\"true\"><\/div><\/form><\/div><\/div>\n\n\n\n<p><\/p>\n","protected":false,"raw":"<!-- wp:heading {\"level\":3} -->\n<h3><strong>We are at your disposal in:<\/strong><\/h3>\n<!-- \/wp:heading -->\n\n<!-- wp:list -->\n<ul><li>Providing information about foreign trade, customs, and foreign currency regulations<\/li><li>The build-up of foreign trade organization and register systems<\/li><li>Instructing your staff simple foreign trade transactions<\/li><li>Various other questions related to customs and product fees<\/li><\/ul>\n<!-- \/wp:list -->\n\n<!-- wp:heading {\"level\":3} -->\n<h3>Free-of-charge customs and product-fee audit<\/h3>\n<!-- \/wp:heading -->\n\n<!-- wp:paragraph -->\n<p><strong>Ask us to do a free-of-charge customs and product-fee audit!<\/strong><\/p>\n<!-- \/wp:paragraph -->\n\n<!-- wp:paragraph -->\n<p>During the free-of-charge audit and after getting to know a large number of details about your activity, range and movement of goods, and your contacts, we present you the tailor-made possibilities of modern customs procedures, and we look for eventual possibilities of simplification, cost reduction, and administration-time reduction, as well as alternative methods.<\/p>\n<!-- \/wp:paragraph -->\n\n<!-- wp:paragraph -->\n<p>During the free-of-charge customs audit, we assess which segment of your company\u2019s activity makes it possible to consider it product-fee bound or exempt, and we inform you about the possibilities of payment\/reimbursement.<br>Time interval: 1-3 hours. Location: our office in Budapest.<\/p>\n<!-- \/wp:paragraph -->\n\n<!-- wp:paragraph -->\n<p><strong>Should you have any questions or need consultancy, call us, and we will be happy to assist you!<\/strong><br>Our expert will be in contact with you within one or two days of your call.<\/p>\n<!-- \/wp:paragraph -->\n\n<!-- wp:contact-form-7\/contact-form-selector {\"id\":874,\"title\":\"Contact form kapcsolat en\"} -->\n<div class=\"wp-block-contact-form-7-contact-form-selector\">[contact-form-7 id=\"874\" title=\"Contact form kapcsolat en\"]<\/div>\n<!-- \/wp:contact-form-7\/contact-form-selector -->\n\n<!-- wp:paragraph -->\n<p><\/p>\n<!-- \/wp:paragraph -->"},"excerpt":{"rendered":"","protected":false,"raw":""},"author":1,"featured_media":0,"parent":0,"menu_order":0,"comment_status":"closed","ping_status":"closed","template":"","meta":{"inline_featured_image":false,"_hu_post_content":"<!-- wp:heading {\"level\":3} -->\n<h3 class=\"wp-block-heading\"><strong>\u00c1llunk rendelkez\u00e9s\u00e9re:<\/strong><\/h3>\n<!-- \/wp:heading -->\n\n<!-- wp:list -->\n<ul><!-- wp:list-item -->\n<li>Inform\u00e1ci\u00f3ny\u00fajt\u00e1sban k\u00fclkereskedelmi, v\u00e1m- \u00e9s devizajogszab\u00e1lyokr\u00f3l,<\/li>\n<!-- \/wp:list-item -->\n\n<!-- wp:list-item -->\n<li>K\u00fclkereskedelmi szervezeti \u00e9s nyilv\u00e1ntart\u00e1si rendszer kialak\u00edt\u00e1sa kapcs\u00e1n,<\/li>\n<!-- \/wp:list-item -->\n\n<!-- wp:list-item -->\n<li>Egyszer\u0171bb k\u00fclkereskedelmi \u00fcgyleteket betan\u00edt\u00e1s\u00e1ban c\u00e9g\u00fck dolgoz\u00f3inak r\u00e9sz\u00e9re,<\/li>\n<!-- \/wp:list-item -->\n\n<!-- wp:list-item -->\n<li>Egy\u00e9b v\u00e1m, term\u00e9kd\u00edj \u00e9s EPR k\u00e9rd\u00e9sekben.<\/li>\n<!-- \/wp:list-item --><\/ul>\n<!-- \/wp:list -->\n\n<!-- wp:heading {\"level\":3} -->\n<h3 class=\"wp-block-heading\">Ingyenes<mark style=\"background-color:rgba(0, 0, 0, 0);color:#fa0000\" class=\"has-inline-color\">*<\/mark> v\u00e1m- \u00e9s term\u00e9kd\u00edjaudit<\/h3>\n<!-- \/wp:heading -->\n\n<!-- wp:paragraph -->\n<p><strong>K\u00e9rjen t\u0151l\u00fcnk ak\u00e1r ingyenes v\u00e1m- vagy term\u00e9kd\u00edjauditot is!<\/strong><\/p>\n<!-- \/wp:paragraph -->\n\n<!-- wp:paragraph -->\n<p>Az ingyenes v\u00e1maudit sor\u00e1n tev\u00e9kenys\u00e9g\u00fck, \u00e1ruk\u00f6r\u00fck \u00e9s \u2013mozg\u00e1saik, rel\u00e1ci\u00f3ik \u00e1tfog\u00f3bb megismer\u00e9s\u00e9t k\u00f6vet\u0151en bemutatjuk a modern v\u00e1melj\u00e1r\u00e1sok \u00d6n\u00f6kre szabott lehet\u0151s\u00e9geit, \u00e9s megkeress\u00fck az esetleges egyszer\u0171s\u00edt\u00e9si, k\u00f6lts\u00e9g- \u00e9s \u00fcgyint\u00e9z\u00e9si id\u0151 cs\u00f6kkent\u00e9si lehet\u0151s\u00e9geket, alternat\u00edv elj\u00e1r\u00e1si m\u00f3dokat.<\/p>\n<!-- \/wp:paragraph -->\n\n<!-- wp:paragraph -->\n<p>Az ingyenes v\u00e1maudit sor\u00e1n pedig &nbsp;meg\u00e1llap\u00edtjuk, hogy c\u00e9ge tev\u00e9kenys\u00e9g\u00e9nek mely szegmense alapj\u00e1n tekinthet\u0151 term\u00e9kd\u00edj k\u00f6telezettnek vagy mentesnek, \u00e9s t\u00e1j\u00e9koztatjuk a megfizet\u00e9s\/ visszat\u00e9r\u00edt\u00e9s lehet\u0151s\u00e9geir\u0151l.<br>Id\u0151intervallum:&nbsp; 1-3 \u00f3ra. Helysz\u00edn: budapesti irod\u00e1nk.<\/p>\n<!-- \/wp:paragraph -->\n\n<!-- wp:paragraph -->\n<p><strong>Ha k\u00e9rd\u00e9s\u00fck van, vagy tan\u00e1csad\u00e1sra lenne sz\u00fcks\u00e9g\u00fck, keressen minket, mi seg\u00edt\u00fcnk!<\/strong><br>Megkeres\u00e9s\u00e9t k\u00f6vet\u0151en szak\u00e9rt\u0151nk 1-2 napon bel\u00fcl felveszi \u00d6nnel a kapcsolatot:<\/p>\n<!-- \/wp:paragraph -->\n\n<!-- wp:contact-form-7\/contact-form-selector {\"id\":150,\"title\":\"Contact form 1\"} -->\n<div class=\"wp-block-contact-form-7-contact-form-selector\">[contact-form-7 id=\"150\" title=\"Contact form 1\"]<\/div>\n<!-- \/wp:contact-form-7\/contact-form-selector -->\n\n<!-- wp:paragraph -->\n<p><mark style=\"background-color:rgba(0, 0, 0, 0);color:#ff0000\" class=\"has-inline-color\">*<\/mark> minimum 1 \u00e9ves szerz\u0151d\u00e9s megk\u00f6t\u00e9se eset\u00e9n a tan\u00e1csad\u00e1s d\u00edja j\u00f3v\u00e1\u00edr\u00e1sra ker\u00fcl.<\/p>\n<!-- \/wp:paragraph -->","_hu_post_name":"tanacsadas","_hu_post_excerpt":"","_hu_post_title":"Tan\u00e1csad\u00e1s","_en_post_content":"<!-- wp:heading {\"level\":3} -->\n<h3><strong>We are at your disposal in:<\/strong><\/h3>\n<!-- \/wp:heading -->\n\n<!-- wp:list -->\n<ul><li>Providing information about foreign trade, customs, and foreign currency regulations<\/li><li>The build-up of foreign trade organization and register systems<\/li><li>Instructing your staff simple foreign trade transactions<\/li><li>Various other questions related to customs and product fees<\/li><\/ul>\n<!-- \/wp:list -->\n\n<!-- wp:heading {\"level\":3} -->\n<h3>Free-of-charge customs and product-fee audit<\/h3>\n<!-- \/wp:heading -->\n\n<!-- wp:paragraph -->\n<p><strong>Ask us to do a free-of-charge customs and product-fee audit!<\/strong><\/p>\n<!-- \/wp:paragraph -->\n\n<!-- wp:paragraph -->\n<p>During the free-of-charge audit and after getting to know a large number of details about your activity, range and movement of goods, and your contacts, we present you the tailor-made possibilities of modern customs procedures, and we look for eventual possibilities of simplification, cost reduction, and administration-time reduction, as well as alternative methods.<\/p>\n<!-- \/wp:paragraph -->\n\n<!-- wp:paragraph -->\n<p>During the free-of-charge customs audit, we assess which segment of your company\u2019s activity makes it possible to consider it product-fee bound or exempt, and we inform you about the possibilities of payment\/reimbursement.<br>Time interval: 1-3 hours. Location: our office in Budapest.<\/p>\n<!-- \/wp:paragraph -->\n\n<!-- wp:paragraph -->\n<p><strong>Should you have any questions or need consultancy, call us, and we will be happy to assist you!<\/strong><br>Our expert will be in contact with you within one or two days of your call.<\/p>\n<!-- \/wp:paragraph -->\n\n<!-- wp:contact-form-7\/contact-form-selector {\"id\":874,\"title\":\"Contact form kapcsolat en\"} -->\n<div class=\"wp-block-contact-form-7-contact-form-selector\">[contact-form-7 id=\"874\" title=\"Contact form kapcsolat en\"]<\/div>\n<!-- \/wp:contact-form-7\/contact-form-selector -->\n\n<!-- wp:paragraph -->\n<p><\/p>\n<!-- \/wp:paragraph -->","_en_post_name":"consultancy","_en_post_excerpt":"","_en_post_title":"Consultancy","edit_language":"en","footnotes":""},"yoast_head":"<!-- This site is optimized with the Yoast SEO plugin v21.7 - https:\/\/yoast.com\/wordpress\/plugins\/seo\/ -->\n<title>Tan\u00e1csad\u00e1s - Az AD Intrade Biztos szakmai h\u00e1tteret AD!<\/title>\n<meta name=\"description\" content=\"\u00c1llunk rendelkez\u00e9s\u00e9re inform\u00e1ci\u00f3ny\u00fajt\u00e1sban k\u00fclkereskedelem, v\u00e1m \u00e9s term\u00e9kd\u00edj kapcs\u00e1n. K\u00e9rjen t\u0151l\u00fcnk ak\u00e1r ingyenes v\u00e1m vagy term\u00e9kd\u00edj auditot is!\" \/>\n<meta name=\"robots\" content=\"index, follow, max-snippet:-1, max-image-preview:large, max-video-preview:-1\" \/>\n<link rel=\"canonical\" href=\"https:\/\/adintrade.hu\/tanacsadas\/\" \/>\n<meta property=\"og:locale\" content=\"en_US\" \/>\n<meta property=\"og:type\" content=\"article\" \/>\n<meta property=\"og:title\" content=\"Tan\u00e1csad\u00e1s - Az AD Intrade Biztos szakmai h\u00e1tteret AD!\" \/>\n<meta property=\"og:description\" content=\"\u00c1llunk rendelkez\u00e9s\u00e9re inform\u00e1ci\u00f3ny\u00fajt\u00e1sban k\u00fclkereskedelem, v\u00e1m \u00e9s term\u00e9kd\u00edj kapcs\u00e1n. K\u00e9rjen t\u0151l\u00fcnk ak\u00e1r ingyenes v\u00e1m vagy term\u00e9kd\u00edj auditot is!\" \/>\n<meta property=\"og:url\" content=\"https:\/\/adintrade.hu\/tanacsadas\/\" \/>\n<meta property=\"og:site_name\" content=\"Adintrade Kft.\" \/>\n<meta property=\"article:publisher\" content=\"https:\/\/facebook.com\/adintrade\" \/>\n<meta property=\"article:modified_time\" content=\"2024-07-17T13:55:32+00:00\" \/>\n<meta name=\"twitter:card\" content=\"summary_large_image\" \/>\n<meta name=\"twitter:label1\" content=\"Est. reading time\" \/>\n\t<meta name=\"twitter:data1\" content=\"1 minute\" \/>\n<script type=\"application\/ld+json\" class=\"yoast-schema-graph\">{\"@context\":\"https:\/\/schema.org\",\"@graph\":[{\"@type\":\"WebPage\",\"@id\":\"https:\/\/adintrade.hu\/tanacsadas\/\",\"url\":\"https:\/\/adintrade.hu\/tanacsadas\/\",\"name\":\"Tan\u00e1csad\u00e1s - Az AD Intrade Biztos szakmai h\u00e1tteret AD!\",\"isPartOf\":{\"@id\":\"https:\/\/adintrade.hu\/#website\"},\"datePublished\":\"2016-09-17T10:15:47+00:00\",\"dateModified\":\"2024-07-17T13:55:32+00:00\",\"description\":\"\u00c1llunk rendelkez\u00e9s\u00e9re inform\u00e1ci\u00f3ny\u00fajt\u00e1sban k\u00fclkereskedelem, v\u00e1m \u00e9s term\u00e9kd\u00edj kapcs\u00e1n. K\u00e9rjen t\u0151l\u00fcnk ak\u00e1r ingyenes v\u00e1m vagy term\u00e9kd\u00edj auditot is!\",\"breadcrumb\":{\"@id\":\"https:\/\/adintrade.hu\/tanacsadas\/#breadcrumb\"},\"inLanguage\":\"english\",\"potentialAction\":[{\"@type\":\"ReadAction\",\"target\":[\"https:\/\/adintrade.hu\/tanacsadas\/\"]}]},{\"@type\":\"BreadcrumbList\",\"@id\":\"https:\/\/adintrade.hu\/tanacsadas\/#breadcrumb\",\"itemListElement\":[{\"@type\":\"ListItem\",\"position\":1,\"name\":\"Home\",\"item\":\"https:\/\/adintrade.hu\/\"},{\"@type\":\"ListItem\",\"position\":2,\"name\":\"Tan\u00e1csad\u00e1s\"}]},{\"@type\":\"WebSite\",\"@id\":\"https:\/\/adintrade.hu\/#website\",\"url\":\"https:\/\/adintrade.hu\/\",\"name\":\"Adintrade Kft.\",\"description\":\"Customs and product fee administration\",\"publisher\":{\"@id\":\"https:\/\/adintrade.hu\/#organization\"},\"potentialAction\":[{\"@type\":\"SearchAction\",\"target\":{\"@type\":\"EntryPoint\",\"urlTemplate\":\"https:\/\/adintrade.hu\/?s={search_term_string}\"},\"query-input\":\"required name=search_term_string\"}],\"inLanguage\":\"english\"},{\"@type\":\"Organization\",\"@id\":\"https:\/\/adintrade.hu\/#organization\",\"name\":\"Adintrade Kft.\",\"url\":\"https:\/\/adintrade.hu\/\",\"logo\":{\"@type\":\"ImageObject\",\"inLanguage\":\"english\",\"@id\":\"https:\/\/adintrade.hu\/#\/schema\/logo\/image\/\",\"url\":\"https:\/\/adintrade.hu\/wp-content\/uploads\/2022\/08\/cropped-cropped-adintrade_original.png\",\"contentUrl\":\"https:\/\/adintrade.hu\/wp-content\/uploads\/2022\/08\/cropped-cropped-adintrade_original.png\",\"width\":794,\"height\":247,\"caption\":\"Adintrade Kft.\"},\"image\":{\"@id\":\"https:\/\/adintrade.hu\/#\/schema\/logo\/image\/\"},\"sameAs\":[\"https:\/\/facebook.com\/adintrade\"]}]}<\/script>\n<!-- \/ Yoast SEO plugin. -->","yoast_head_json":{"title":"Tan\u00e1csad\u00e1s - Az AD Intrade Biztos szakmai h\u00e1tteret AD!","description":"\u00c1llunk rendelkez\u00e9s\u00e9re inform\u00e1ci\u00f3ny\u00fajt\u00e1sban k\u00fclkereskedelem, v\u00e1m \u00e9s term\u00e9kd\u00edj kapcs\u00e1n. K\u00e9rjen t\u0151l\u00fcnk ak\u00e1r ingyenes v\u00e1m vagy term\u00e9kd\u00edj auditot is!","robots":{"index":"index","follow":"follow","max-snippet":"max-snippet:-1","max-image-preview":"max-image-preview:large","max-video-preview":"max-video-preview:-1"},"canonical":"https:\/\/adintrade.hu\/tanacsadas\/","og_locale":"en_US","og_type":"article","og_title":"Tan\u00e1csad\u00e1s - Az AD Intrade Biztos szakmai h\u00e1tteret AD!","og_description":"\u00c1llunk rendelkez\u00e9s\u00e9re inform\u00e1ci\u00f3ny\u00fajt\u00e1sban k\u00fclkereskedelem, v\u00e1m \u00e9s term\u00e9kd\u00edj kapcs\u00e1n. K\u00e9rjen t\u0151l\u00fcnk ak\u00e1r ingyenes v\u00e1m vagy term\u00e9kd\u00edj auditot is!","og_url":"https:\/\/adintrade.hu\/tanacsadas\/","og_site_name":"Adintrade Kft.","article_publisher":"https:\/\/facebook.com\/adintrade","article_modified_time":"2024-07-17T13:55:32+00:00","twitter_card":"summary_large_image","twitter_misc":{"Est. reading time":"1 minute"},"schema":{"@context":"https:\/\/schema.org","@graph":[{"@type":"WebPage","@id":"https:\/\/adintrade.hu\/tanacsadas\/","url":"https:\/\/adintrade.hu\/tanacsadas\/","name":"Tan\u00e1csad\u00e1s - Az AD Intrade Biztos szakmai h\u00e1tteret AD!","isPartOf":{"@id":"https:\/\/adintrade.hu\/#website"},"datePublished":"2016-09-17T10:15:47+00:00","dateModified":"2024-07-17T13:55:32+00:00","description":"\u00c1llunk rendelkez\u00e9s\u00e9re inform\u00e1ci\u00f3ny\u00fajt\u00e1sban k\u00fclkereskedelem, v\u00e1m \u00e9s term\u00e9kd\u00edj kapcs\u00e1n. K\u00e9rjen t\u0151l\u00fcnk ak\u00e1r ingyenes v\u00e1m vagy term\u00e9kd\u00edj auditot is!","breadcrumb":{"@id":"https:\/\/adintrade.hu\/tanacsadas\/#breadcrumb"},"inLanguage":"english","potentialAction":[{"@type":"ReadAction","target":["https:\/\/adintrade.hu\/tanacsadas\/"]}]},{"@type":"BreadcrumbList","@id":"https:\/\/adintrade.hu\/tanacsadas\/#breadcrumb","itemListElement":[{"@type":"ListItem","position":1,"name":"Home","item":"https:\/\/adintrade.hu\/"},{"@type":"ListItem","position":2,"name":"Tan\u00e1csad\u00e1s"}]},{"@type":"WebSite","@id":"https:\/\/adintrade.hu\/#website","url":"https:\/\/adintrade.hu\/","name":"Adintrade Kft.","description":"Customs and product fee administration","publisher":{"@id":"https:\/\/adintrade.hu\/#organization"},"potentialAction":[{"@type":"SearchAction","target":{"@type":"EntryPoint","urlTemplate":"https:\/\/adintrade.hu\/?s={search_term_string}"},"query-input":"required name=search_term_string"}],"inLanguage":"english"},{"@type":"Organization","@id":"https:\/\/adintrade.hu\/#organization","name":"Adintrade Kft.","url":"https:\/\/adintrade.hu\/","logo":{"@type":"ImageObject","inLanguage":"english","@id":"https:\/\/adintrade.hu\/#\/schema\/logo\/image\/","url":"https:\/\/adintrade.hu\/wp-content\/uploads\/2022\/08\/cropped-cropped-adintrade_original.png","contentUrl":"https:\/\/adintrade.hu\/wp-content\/uploads\/2022\/08\/cropped-cropped-adintrade_original.png","width":794,"height":247,"caption":"Adintrade Kft."},"image":{"@id":"https:\/\/adintrade.hu\/#\/schema\/logo\/image\/"},"sameAs":["https:\/\/facebook.com\/adintrade"]}]}},"_links":{"self":[{"href":"https:\/\/adintrade.hu\/en\/wp-json\/wp\/v2\/pages\/32"}],"collection":[{"href":"https:\/\/adintrade.hu\/en\/wp-json\/wp\/v2\/pages"}],"about":[{"href":"https:\/\/adintrade.hu\/en\/wp-json\/wp\/v2\/types\/page"}],"author":[{"embeddable":true,"href":"https:\/\/adintrade.hu\/en\/wp-json\/wp\/v2\/users\/1"}],"replies":[{"embeddable":true,"href":"https:\/\/adintrade.hu\/en\/wp-json\/wp\/v2\/comments?post=32"}],"version-history":[{"count":2,"href":"https:\/\/adintrade.hu\/en\/wp-json\/wp\/v2\/pages\/32\/revisions"}],"predecessor-version":[{"id":2102,"href":"https:\/\/adintrade.hu\/en\/wp-json\/wp\/v2\/pages\/32\/revisions\/2102"}],"wp:attachment":[{"href":"https:\/\/adintrade.hu\/en\/wp-json\/wp\/v2\/media?parent=32"}],"curies":[{"name":"wp","href":"https:\/\/api.w.org\/{rel}","templated":true}]}}