{"id":354,"date":"2017-01-16T20:38:15","date_gmt":"2017-01-16T18:38:15","guid":{"rendered":"http:\/\/adintrade.hu\/?page_id=354"},"modified":"2024-07-17T14:57:41","modified_gmt":"2024-07-17T13:57:41","slug":"","status":"publish","type":"page","link":"https:\/\/adintrade.hu\/en\/ingyenes-vam-es-termekdij-audit\/","title":{"rendered":"","raw":""},"content":{"rendered":"","protected":false,"raw":""},"excerpt":{"rendered":"","protected":false,"raw":""},"author":1,"featured_media":0,"parent":0,"menu_order":0,"comment_status":"closed","ping_status":"closed","template":"","meta":{"inline_featured_image":false,"_hu_post_content":"<!-- wp:paragraph -->\n<p>\u00dcgyfeleink min\u00e9l jobb kiszolg\u00e1l\u00e1sa,valamint k\u00f6lts\u00e9gcs\u00f6kkent\u00e9sinek, \u00e9s hat\u00e9konys\u00e1g\u00e1nak el\u0151seg\u00edt\u00e9se c\u00e9lj\u00e1b\u00f3l bevezett\u00fck az ingyenes v\u00e1maudit szolg\u00e1ltat\u00e1sunkat, melyet minden j\u00f6v\u0151beni potenci\u00e1lis \u00fcgyfel\u00fcnk sz\u00e1m\u00e1ra felaj\u00e1nlunk \u00faj megkeres\u00e9s eset\u00e9n. Az ingyenes audit sor\u00e1n a c\u00e9g k\u00fclkereskedelmi tev\u00e9kenys\u00e9geinek, term\u00e9kk\u00f6r\u00fck \u00e9s -mozg\u00e1saik, rel\u00e1ci\u00f3ik \u00e1tfog\u00f3bb megismer\u00e9s\u00e9t k\u00f6vet\u0151en bemutatjuk a modern v\u00e1melj\u00e1r\u00e1sok lehet\u0151s\u00e9geit az \u00d6n\u00f6k c\u00e9g\u00e9re testreszabottan, megkeress\u00fck az esetleges egyszer\u0171s\u00edt\u00e9si, k\u00f6lts\u00e9g- \u00e9s \u00fcgyint\u00e9z\u00e9si id\u0151cs\u00f6kkent\u00e9si lehet\u0151s\u00e9geket, alternat\u00edv elj\u00e1r\u00e1si m\u00f3dokat. Az \u00faj c\u00e9gek \u00e1tvil\u00e1g\u00edt\u00e1sa k\u00f6r\u00fclbel\u00fcl egy \u00f3r\u00e1t vesz ig\u00e9nybe, mely t\u00f6rt\u00e9nhet online megbesz\u00e9l\u00e9s vagy ig\u00e9ny eset\u00e9n az \u00d6n\u00f6k telephely\u00e9n (elhelyezked\u00e9st\u0151l f\u00fcgg\u0151en k\u00fcl\u00f6n d\u00edj\u00e9rt).<\/p>\n<!-- \/wp:paragraph -->\n\n<!-- wp:paragraph -->\n<p><strong>Ezen szolg\u00e1ltat\u00e1sunkat k\u00e9tf\u00e9le tev\u00e9kenys\u00e9ghez kapcsol\u00f3d\u00f3an vehetik ig\u00e9nybe:<\/strong><\/p>\n<!-- \/wp:paragraph -->\n\n<!-- wp:paragraph -->\n<p>1. A c\u00e9g v\u00e1mtev\u00e9kenys\u00e9g\u00e9nek \u00e1ttekint\u00e9se \u00e9s fel\u00fclvizsg\u00e1lata<\/p>\n<!-- \/wp:paragraph -->\n\n<!-- wp:paragraph -->\n<p>Az audit sor\u00e1n a fentieken t\u00fal, t\u00f6bbek k\u00f6z\u00f6tt<\/p>\n<!-- \/wp:paragraph -->\n\n<!-- wp:list -->\n<ul><!-- wp:list-item -->\n<li>T\u00e1j\u00e9koztatjuk az import \u00c1FA jogszer\u0171 -megfizet\u00e9s al\u00f3li mentess\u00e9g\u00e9nek, valamint a k\u00f6telezetts\u00e9g\u201e\u00e1tv\u00e1llal\u00e1s\u00e1nak\u201d lehet\u0151s\u00e9geir\u0151l (pl. import \u00c1FA \u00f6nad\u00f3z\u00e1s)<\/li>\n<!-- \/wp:list-item -->\n\n<!-- wp:list-item -->\n<li>Ismertetj\u00fck a k\u00f6zvetlen \u00e9s k\u00f6zvetett v\u00e1mjogi k\u00e9pviselet lehet\u0151s\u00e9geit<\/li>\n<!-- \/wp:list-item -->\n\n<!-- wp:list-item -->\n<li>Betekint\u00e9st kaphat a v\u00e1m\u00e9rt\u00e9k-n\u00f6vel\u0151 \u00e9s v\u00e1m\u00e9rt\u00e9k-cs\u00f6kkent\u0151 t\u00e9nyez\u0151kr\u0151l, Incoterms szab\u00e1lyokr\u00f3l<\/li>\n<!-- \/wp:list-item -->\n\n<!-- wp:list-item -->\n<li>T\u00e1j\u00e9koztat\u00e1s adunk az ut\u00f3lagos ellen\u0151rz\u00e9sek tapasztalatair\u00f3l, a leggyakrabban el\u0151fordul\u00f3 mulaszt\u00e1sokr\u00f3l<\/li>\n<!-- \/wp:list-item -->\n\n<!-- wp:list-item -->\n<li>V\u00e1laszt adunk az aktu\u00e1lisan felmer\u00fcl\u0151 k\u00e9rd\u00e9seikre<\/li>\n<!-- \/wp:list-item --><\/ul>\n<!-- \/wp:list -->\n\n<!-- wp:paragraph -->\n<p>2. A c\u00e9g k\u00f6rnyezetv\u00e9delmi term\u00e9kd\u00edj \u00e9s hullad\u00e9kgazd\u00e1lkod\u00e1si k\u00f6telezetts\u00e9geinek \u00e1ttekint\u00e9se , mely sor\u00e1n:<\/p>\n<!-- \/wp:paragraph -->\n\n<!-- wp:list -->\n<ul><!-- wp:list-item -->\n<li>meg\u00e1llap\u00edtjuk, hogy c\u00e9g\u00fck, tev\u00e9kenys\u00e9g\u00e9nek mely<br>szegmense alapj\u00e1n tekinthet\u0151 term\u00e9kd\u00edj \u00e9s hullad\u00e9kgazd\u00e1lkod\u00e1si k\u00f6telezettnek vagy mentesnek (pl. gy\u00e1rt\u00f3, import\u0151r, keresked\u0151, export\u0151r)<\/li>\n<!-- \/wp:list-item -->\n\n<!-- wp:list-item -->\n<li>Megjel\u00f6lj\u00fck a term\u00e9kd\u00edjk\u00f6teles, valamint a hullad\u00e9kgazd\u00e1lkod\u00e1si szab\u00e1lyoz\u00e1s al\u00e1 es\u0151 term\u00e9kek k\u00f6r\u00e9t<\/li>\n<!-- \/wp:list-item -->\n\n<!-- wp:list-item -->\n<li>T\u00e1j\u00e9koztat\u00e1st adunk a term\u00e9kd\u00edj mentess\u00e9g illetve annak visszat\u00e9r\u00edt\u00e9se al\u00f3li jogszer\u0171 lehet\u0151s\u00e9gekr\u0151l<\/li>\n<!-- \/wp:list-item -->\n\n<!-- wp:list-item -->\n<li>V\u00e1laszt adunk arra, hogy mikor v\u00e1lik k\u00f6telezett\u00e9 pl. egy import\u0151r, gy\u00e1rt\u00f3, forgalmaz\u00f3, rakt\u00e1roz\u00e1si, logisztikai szolg\u00e1ltat\u00e1st ny\u00fajt\u00f3 gazd\u00e1lkod\u00f3<\/li>\n<!-- \/wp:list-item -->\n\n<!-- wp:list-item -->\n<li>Seg\u00edt\u00fcnk d\u00f6nteni aj term\u00e9kd\u00edj \u00e1tv\u00e1llal\u00e1si \u00e9s hullad\u00e9kgazd\u00e1lkod\u00e1si lehet\u0151s\u00e9gek k\u00f6z\u00fcl<\/li>\n<!-- \/wp:list-item -->\n\n<!-- wp:list-item -->\n<li>V\u00e1laszt adunk arra, hogy mikor v\u00e1lik k\u00f6telezett\u00e9 pl. egy rakt\u00e1roz\u00e1si, logisztikai szolg\u00e1ltat\u00e1st ny\u00fajt\u00f3 gazd\u00e1lkod\u00f3<\/li>\n<!-- \/wp:list-item -->\n\n<!-- wp:list-item -->\n<li>Seg\u00edt\u00fcnk d\u00f6nteni az \u00faj term\u00e9kd\u00edj \u00e1tv\u00e1llal\u00e1si lehet\u0151s\u00e9gek k\u00f6z\u00fcl<\/li>\n<!-- \/wp:list-item -->\n\n<!-- wp:list-item -->\n<li>R\u00e1vil\u00e1g\u00edtunk a hullad\u00e9kgazd\u00e1lkod\u00e1s \u00e9s a term\u00e9kd\u00edj szab\u00e1lyoz\u00e1s kapcsolat\u00e1ra<\/li>\n<!-- \/wp:list-item -->\n\n<!-- wp:list-item -->\n<li>T\u00e1j\u00e9koztatjuk a helyes sz\u00e1mlaz\u00e1rad\u00e9kok alkalmaz\u00e1s\u00e1r\u00f3l<\/li>\n<!-- \/wp:list-item -->\n\n<!-- wp:list-item -->\n<li>T\u00e1j\u00e9koztat\u00e1s adunk az ut\u00f3lagos ellen\u0151rz\u00e9sek tapasztalatair\u00f3l, a leggyakrabban el\u0151fordul\u00f3 mulaszt\u00e1sokr\u00f3l<\/li>\n<!-- \/wp:list-item -->\n\n<!-- wp:list-item -->\n<li>Felh\u00edvjuk figyelm\u00e9t a term\u00e9kd\u00edj \u00e9s hullad\u00e9k szab\u00e1lyoz\u00e1s legfontosabb v\u00e1ltoz\u00e1saira.<\/li>\n<!-- \/wp:list-item --><\/ul>\n<!-- \/wp:list -->\n\n<!-- wp:paragraph -->\n<p><mark style=\"background-color:rgba(0, 0, 0, 0);color:#fd0000\" class=\"has-inline-color\">*<\/mark> minimum 1 \u00e9ves szerz\u0151d\u00e9s megk\u00f6t\u00e9se eset\u00e9n a tan\u00e1csad\u00e1s d\u00edja j\u00f3v\u00e1\u00edr\u00e1sra ker\u00fcl.<\/p>\n<!-- \/wp:paragraph -->","_hu_post_name":"ingyenes-vam-es-termekdij-audit","_hu_post_excerpt":"","_hu_post_title":"Ingyenes* v\u00e1m \u00e9s term\u00e9kd\u00edj audit","_en_post_content":"","_en_post_name":"","_en_post_excerpt":"","_en_post_title":"","edit_language":"en","footnotes":""},"yoast_head":"<!-- This site is optimized with the Yoast SEO plugin v21.7 - https:\/\/yoast.com\/wordpress\/plugins\/seo\/ -->\n<title>Ingyenes* v\u00e1m \u00e9s term\u00e9kd\u00edj audit - Adintrade Kft.<\/title>\n<meta name=\"robots\" content=\"index, follow, max-snippet:-1, max-image-preview:large, max-video-preview:-1\" \/>\n<link rel=\"canonical\" href=\"https:\/\/adintrade.hu\/ingyenes-vam-es-termekdij-audit\/\" \/>\n<meta property=\"og:locale\" content=\"en_US\" \/>\n<meta property=\"og:type\" content=\"article\" \/>\n<meta property=\"og:title\" content=\"Ingyenes* v\u00e1m \u00e9s term\u00e9kd\u00edj audit - Adintrade Kft.\" \/>\n<meta property=\"og:description\" content=\"\u00dcgyfeleink min\u00e9l jobb kiszolg\u00e1l\u00e1sa,valamint k\u00f6lts\u00e9gcs\u00f6kkent\u00e9sinek, \u00e9s hat\u00e9konys\u00e1g\u00e1nak el\u0151seg\u00edt\u00e9se c\u00e9lj\u00e1b\u00f3l bevezett\u00fck az ingyenes v\u00e1maudit szolg\u00e1ltat\u00e1sunkat, melyet minden j\u00f6v\u0151beni potenci\u00e1lis \u00fcgyfel\u00fcnk sz\u00e1m\u00e1ra felaj\u00e1nlunk \u00faj megkeres\u00e9s eset\u00e9n. Az ingyenes audit sor\u00e1n a c\u00e9g k\u00fclkereskedelmi tev\u00e9kenys\u00e9geinek, term\u00e9kk\u00f6r\u00fck \u00e9s -mozg\u00e1saik, rel\u00e1ci\u00f3ik \u00e1tfog\u00f3bb megismer\u00e9s\u00e9t k\u00f6vet\u0151en bemutatjuk a modern v\u00e1melj\u00e1r\u00e1sok lehet\u0151s\u00e9geit az \u00d6n\u00f6k c\u00e9g\u00e9re testreszabottan, megkeress\u00fck az esetleges egyszer\u0171s\u00edt\u00e9si, k\u00f6lts\u00e9g- \u00e9s \u00fcgyint\u00e9z\u00e9si [&hellip;]\" \/>\n<meta property=\"og:url\" content=\"https:\/\/adintrade.hu\/ingyenes-vam-es-termekdij-audit\/\" \/>\n<meta property=\"og:site_name\" content=\"Adintrade Kft.\" \/>\n<meta property=\"article:publisher\" content=\"https:\/\/facebook.com\/adintrade\" \/>\n<meta property=\"article:modified_time\" content=\"2024-07-17T13:57:41+00:00\" \/>\n<meta name=\"twitter:card\" content=\"summary_large_image\" \/>\n<meta name=\"twitter:label1\" content=\"Est. reading time\" \/>\n\t<meta name=\"twitter:data1\" content=\"2 minutes\" \/>\n<script type=\"application\/ld+json\" class=\"yoast-schema-graph\">{\"@context\":\"https:\/\/schema.org\",\"@graph\":[{\"@type\":\"WebPage\",\"@id\":\"https:\/\/adintrade.hu\/ingyenes-vam-es-termekdij-audit\/\",\"url\":\"https:\/\/adintrade.hu\/ingyenes-vam-es-termekdij-audit\/\",\"name\":\"Ingyenes* v\u00e1m \u00e9s term\u00e9kd\u00edj audit - Adintrade Kft.\",\"isPartOf\":{\"@id\":\"https:\/\/adintrade.hu\/#website\"},\"datePublished\":\"2017-01-16T18:38:15+00:00\",\"dateModified\":\"2024-07-17T13:57:41+00:00\",\"breadcrumb\":{\"@id\":\"https:\/\/adintrade.hu\/ingyenes-vam-es-termekdij-audit\/#breadcrumb\"},\"inLanguage\":\"english\",\"potentialAction\":[{\"@type\":\"ReadAction\",\"target\":[\"https:\/\/adintrade.hu\/ingyenes-vam-es-termekdij-audit\/\"]}]},{\"@type\":\"BreadcrumbList\",\"@id\":\"https:\/\/adintrade.hu\/ingyenes-vam-es-termekdij-audit\/#breadcrumb\",\"itemListElement\":[{\"@type\":\"ListItem\",\"position\":1,\"name\":\"Home\",\"item\":\"https:\/\/adintrade.hu\/\"},{\"@type\":\"ListItem\",\"position\":2,\"name\":\"Ingyenes* v\u00e1m \u00e9s term\u00e9kd\u00edj audit\"}]},{\"@type\":\"WebSite\",\"@id\":\"https:\/\/adintrade.hu\/#website\",\"url\":\"https:\/\/adintrade.hu\/\",\"name\":\"Adintrade Kft.\",\"description\":\"Customs and product fee administration\",\"publisher\":{\"@id\":\"https:\/\/adintrade.hu\/#organization\"},\"potentialAction\":[{\"@type\":\"SearchAction\",\"target\":{\"@type\":\"EntryPoint\",\"urlTemplate\":\"https:\/\/adintrade.hu\/?s={search_term_string}\"},\"query-input\":\"required name=search_term_string\"}],\"inLanguage\":\"english\"},{\"@type\":\"Organization\",\"@id\":\"https:\/\/adintrade.hu\/#organization\",\"name\":\"Adintrade Kft.\",\"url\":\"https:\/\/adintrade.hu\/\",\"logo\":{\"@type\":\"ImageObject\",\"inLanguage\":\"english\",\"@id\":\"https:\/\/adintrade.hu\/#\/schema\/logo\/image\/\",\"url\":\"https:\/\/adintrade.hu\/wp-content\/uploads\/2022\/08\/cropped-cropped-adintrade_original.png\",\"contentUrl\":\"https:\/\/adintrade.hu\/wp-content\/uploads\/2022\/08\/cropped-cropped-adintrade_original.png\",\"width\":794,\"height\":247,\"caption\":\"Adintrade Kft.\"},\"image\":{\"@id\":\"https:\/\/adintrade.hu\/#\/schema\/logo\/image\/\"},\"sameAs\":[\"https:\/\/facebook.com\/adintrade\"]}]}<\/script>\n<!-- \/ Yoast SEO plugin. -->","yoast_head_json":{"title":"Ingyenes* v\u00e1m \u00e9s term\u00e9kd\u00edj audit - Adintrade Kft.","robots":{"index":"index","follow":"follow","max-snippet":"max-snippet:-1","max-image-preview":"max-image-preview:large","max-video-preview":"max-video-preview:-1"},"canonical":"https:\/\/adintrade.hu\/ingyenes-vam-es-termekdij-audit\/","og_locale":"en_US","og_type":"article","og_title":"Ingyenes* v\u00e1m \u00e9s term\u00e9kd\u00edj audit - Adintrade Kft.","og_description":"\u00dcgyfeleink min\u00e9l jobb kiszolg\u00e1l\u00e1sa,valamint k\u00f6lts\u00e9gcs\u00f6kkent\u00e9sinek, \u00e9s hat\u00e9konys\u00e1g\u00e1nak el\u0151seg\u00edt\u00e9se c\u00e9lj\u00e1b\u00f3l bevezett\u00fck az ingyenes v\u00e1maudit szolg\u00e1ltat\u00e1sunkat, melyet minden j\u00f6v\u0151beni potenci\u00e1lis \u00fcgyfel\u00fcnk sz\u00e1m\u00e1ra felaj\u00e1nlunk \u00faj megkeres\u00e9s eset\u00e9n. Az ingyenes audit sor\u00e1n a c\u00e9g k\u00fclkereskedelmi tev\u00e9kenys\u00e9geinek, term\u00e9kk\u00f6r\u00fck \u00e9s -mozg\u00e1saik, rel\u00e1ci\u00f3ik \u00e1tfog\u00f3bb megismer\u00e9s\u00e9t k\u00f6vet\u0151en bemutatjuk a modern v\u00e1melj\u00e1r\u00e1sok lehet\u0151s\u00e9geit az \u00d6n\u00f6k c\u00e9g\u00e9re testreszabottan, megkeress\u00fck az esetleges egyszer\u0171s\u00edt\u00e9si, k\u00f6lts\u00e9g- \u00e9s \u00fcgyint\u00e9z\u00e9si [&hellip;]","og_url":"https:\/\/adintrade.hu\/ingyenes-vam-es-termekdij-audit\/","og_site_name":"Adintrade Kft.","article_publisher":"https:\/\/facebook.com\/adintrade","article_modified_time":"2024-07-17T13:57:41+00:00","twitter_card":"summary_large_image","twitter_misc":{"Est. reading time":"2 minutes"},"schema":{"@context":"https:\/\/schema.org","@graph":[{"@type":"WebPage","@id":"https:\/\/adintrade.hu\/ingyenes-vam-es-termekdij-audit\/","url":"https:\/\/adintrade.hu\/ingyenes-vam-es-termekdij-audit\/","name":"Ingyenes* v\u00e1m \u00e9s term\u00e9kd\u00edj audit - Adintrade Kft.","isPartOf":{"@id":"https:\/\/adintrade.hu\/#website"},"datePublished":"2017-01-16T18:38:15+00:00","dateModified":"2024-07-17T13:57:41+00:00","breadcrumb":{"@id":"https:\/\/adintrade.hu\/ingyenes-vam-es-termekdij-audit\/#breadcrumb"},"inLanguage":"english","potentialAction":[{"@type":"ReadAction","target":["https:\/\/adintrade.hu\/ingyenes-vam-es-termekdij-audit\/"]}]},{"@type":"BreadcrumbList","@id":"https:\/\/adintrade.hu\/ingyenes-vam-es-termekdij-audit\/#breadcrumb","itemListElement":[{"@type":"ListItem","position":1,"name":"Home","item":"https:\/\/adintrade.hu\/"},{"@type":"ListItem","position":2,"name":"Ingyenes* v\u00e1m \u00e9s term\u00e9kd\u00edj audit"}]},{"@type":"WebSite","@id":"https:\/\/adintrade.hu\/#website","url":"https:\/\/adintrade.hu\/","name":"Adintrade Kft.","description":"Customs and product fee administration","publisher":{"@id":"https:\/\/adintrade.hu\/#organization"},"potentialAction":[{"@type":"SearchAction","target":{"@type":"EntryPoint","urlTemplate":"https:\/\/adintrade.hu\/?s={search_term_string}"},"query-input":"required name=search_term_string"}],"inLanguage":"english"},{"@type":"Organization","@id":"https:\/\/adintrade.hu\/#organization","name":"Adintrade Kft.","url":"https:\/\/adintrade.hu\/","logo":{"@type":"ImageObject","inLanguage":"english","@id":"https:\/\/adintrade.hu\/#\/schema\/logo\/image\/","url":"https:\/\/adintrade.hu\/wp-content\/uploads\/2022\/08\/cropped-cropped-adintrade_original.png","contentUrl":"https:\/\/adintrade.hu\/wp-content\/uploads\/2022\/08\/cropped-cropped-adintrade_original.png","width":794,"height":247,"caption":"Adintrade Kft."},"image":{"@id":"https:\/\/adintrade.hu\/#\/schema\/logo\/image\/"},"sameAs":["https:\/\/facebook.com\/adintrade"]}]}},"_links":{"self":[{"href":"https:\/\/adintrade.hu\/en\/wp-json\/wp\/v2\/pages\/354"}],"collection":[{"href":"https:\/\/adintrade.hu\/en\/wp-json\/wp\/v2\/pages"}],"about":[{"href":"https:\/\/adintrade.hu\/en\/wp-json\/wp\/v2\/types\/page"}],"author":[{"embeddable":true,"href":"https:\/\/adintrade.hu\/en\/wp-json\/wp\/v2\/users\/1"}],"replies":[{"embeddable":true,"href":"https:\/\/adintrade.hu\/en\/wp-json\/wp\/v2\/comments?post=354"}],"version-history":[{"count":1,"href":"https:\/\/adintrade.hu\/en\/wp-json\/wp\/v2\/pages\/354\/revisions"}],"predecessor-version":[{"id":2103,"href":"https:\/\/adintrade.hu\/en\/wp-json\/wp\/v2\/pages\/354\/revisions\/2103"}],"wp:attachment":[{"href":"https:\/\/adintrade.hu\/en\/wp-json\/wp\/v2\/media?parent=354"}],"curies":[{"name":"wp","href":"https:\/\/api.w.org\/{rel}","templated":true}]}}