{"id":400,"date":"2017-01-17T21:25:12","date_gmt":"2017-01-17T19:25:12","guid":{"rendered":"http:\/\/adintrade.hu\/?page_id=400"},"modified":"2022-10-25T16:40:27","modified_gmt":"2022-10-25T14:40:27","slug":"","status":"publish","type":"page","link":"https:\/\/adintrade.hu\/en\/afa-fizetesi-kotelezettseg-atvallalasa\/","title":{"rendered":"","raw":""},"content":{"rendered":"","protected":false,"raw":""},"excerpt":{"rendered":"","protected":false,"raw":""},"author":1,"featured_media":0,"parent":0,"menu_order":0,"comment_status":"closed","ping_status":"closed","template":"","meta":{"inline_featured_image":false,"_hu_post_content":"<!-- wp:paragraph -->\n<p><strong>\u00c1FA-fizet\u00e9si k\u00f6telezetts\u00e9g \u00e1tv\u00e1llal\u00e1s\u00e1val kapcsolatos t\u00e1j\u00e9koztat\u00f3<\/strong><\/p>\n<!-- \/wp:paragraph -->\n\n<!-- wp:paragraph -->\n<p>Komplex v\u00e1m\u00fcgyi szolg\u00e1ltat\u00e1sunk sor\u00e1n t\u00f6bbek k\u00f6z\u00f6tt egyik legfontosabb c\u00e9lunk, hogy&nbsp;megb\u00edz\u00f3inkat adminisztrat\u00edv terheinek cs\u00f6kkent\u00e9se mellett el\u0151ny\u00f6s finansz\u00edroz\u00e1si lehet\u0151s\u00e9gekhez juttassuk, hiszen tudjuk, sokszor komoly neh\u00e9zs\u00e9get jelent az import\u00e1l\u00f3knak a sz\u00e1ll\u00edtm\u00e1nyt terhel\u0151 v\u00e1m \u00e9s import \u00c1FA azonnali kiegyenl\u00edt\u00e9se. E c\u00e9lkit\u0171z\u00e9s\u00fcnk megval\u00f3s\u00edt\u00e1sa \u00e9rdek\u00e9ben d\u00f6nt\u00f6tt\u00fcnk \u00fagy, hogy az eddigi k\u00f6zvetlen k\u00e9pviseleti szolg\u00e1ltat\u00e1sunkat k\u00f6zvetett k\u00e9pviselettel is kib\u0151v\u00edtj\u00fck, ebb\u0151l a c\u00e9lb\u00f3l alap\u00edtottuk a AD Customs Kft-t.<\/p>\n<!-- \/wp:paragraph -->\n\n<!-- wp:paragraph -->\n<p>A k\u00f6zvetett v\u00e1mjogi k\u00e9pviselet l\u00e9nyege, hogy a k\u00e9pvisel\u0151 saj\u00e1t nev\u00e9ben, de egy m\u00e1sik szem\u00e9ly \u00e9rdek\u00e9ben j\u00e1r el. Ebben az esetben teh\u00e1t a AD Customs Kft. saj\u00e1t nev\u00e9ben, de az import\u0151r (megb\u00edz\u00f3) \u00e9rdek\u00e9ben j\u00e1r el \u00e9s a vonatkoz\u00f3 v\u00e1mterhek megfizet\u00e9se kapcs\u00e1n \u00edgy v\u00e1lik ad\u00f3ss\u00e1.<\/p>\n<!-- \/wp:paragraph -->\n\n<!-- wp:paragraph -->\n<p>Az \u00c1FA Tv. 145.\u00a7 (2) bekezd\u00e9se viszont lehet\u0151s\u00e9get teremt arra, hogy a term\u00e9k importja sor\u00e1n a v\u00e1melj\u00e1r\u00e1sban az import\u00e1l\u00f3 helyett - k\u00f6zvetett v\u00e1mjogi k\u00e9pviselet eset\u00e9n - <strong>az ad\u00f3t a k\u00f6zvetett v\u00e1mjogi k\u00e9pvisel\u0151 fizesse meg.<\/strong><\/p>\n<!-- \/wp:paragraph -->\n\n<!-- wp:paragraph -->\n<p>Az \u00e1ltalunk aj\u00e1nlott komplex v\u00e1m\u00fcgyint\u00e9z\u0151i szolg\u00e1ltat\u00e1s keret\u00e9ben egy speci\u00e1lis \u2013 mind a v\u00e1mjogszab\u00e1lyok, mind az \u00c1FA t\u00f6rv\u00e9ny el\u0151\u00edr\u00e1sainak mindenben megfelel\u0151 - konstrukci\u00f3ban \u00edgy \u00fcgyfeleinknek v\u00e1mkezel\u00e9skor nem keletkezik \u00c1FA-fizet\u00e9si k\u00f6telezetts\u00e9g\u00fck.<\/p>\n<!-- \/wp:paragraph -->\n\n<!-- wp:paragraph -->\n<p>Amennyiben szeretn\u00e9 az \u00e1ltalunk ny\u00fajtott v\u00e1m\u00fcgyint\u00e9z\u00e9s el\u0151nyeit kihaszn\u00e1lni, szeretn\u00e9 adminisztr\u00e1ci\u00f3s \u00e9s finansz\u00edroz\u00e1si terheit minimaliz\u00e1lni, ez\u00e1ltal p\u00e9nz\u00fcgyi egyens\u00faly\u00e1t \u00e9s versenyk\u00e9pess\u00e9g\u00e9t meg\u0151rizni, akkor vegye ig\u00e9nybe a AD Customs Kft. \u00e1ltal ny\u00fajtott k\u00f6zvetett v\u00e1mjogi k\u00e9pviseletet. <\/p>\n<!-- \/wp:paragraph -->","_hu_post_name":"afa-fizetesi-kotelezettseg-atvallalasa","_hu_post_excerpt":"","_hu_post_title":"\u00c1FA fizet\u00e9si k\u00f6telezetts\u00e9g \u00e1tv\u00e1llal\u00e1sa","_en_post_content":"","_en_post_name":"","_en_post_excerpt":"","_en_post_title":"","edit_language":"en","footnotes":""},"yoast_head":"<!-- This site is optimized with the Yoast SEO plugin v21.7 - https:\/\/yoast.com\/wordpress\/plugins\/seo\/ -->\n<title>\u00c1FA fizet\u00e9si k\u00f6telezetts\u00e9g \u00e1tv\u00e1llal\u00e1sa - Adintrade Kft.<\/title>\n<meta name=\"robots\" content=\"index, follow, max-snippet:-1, max-image-preview:large, max-video-preview:-1\" \/>\n<link rel=\"canonical\" href=\"https:\/\/adintrade.hu\/afa-fizetesi-kotelezettseg-atvallalasa\/\" \/>\n<meta property=\"og:locale\" content=\"en_US\" \/>\n<meta property=\"og:type\" content=\"article\" \/>\n<meta property=\"og:title\" content=\"\u00c1FA fizet\u00e9si k\u00f6telezetts\u00e9g \u00e1tv\u00e1llal\u00e1sa - Adintrade Kft.\" \/>\n<meta property=\"og:description\" content=\"\u00c1FA-fizet\u00e9si k\u00f6telezetts\u00e9g \u00e1tv\u00e1llal\u00e1s\u00e1val kapcsolatos t\u00e1j\u00e9koztat\u00f3 Komplex v\u00e1m\u00fcgyi szolg\u00e1ltat\u00e1sunk sor\u00e1n t\u00f6bbek k\u00f6z\u00f6tt egyik legfontosabb c\u00e9lunk, hogy&nbsp;megb\u00edz\u00f3inkat adminisztrat\u00edv terheinek cs\u00f6kkent\u00e9se mellett el\u0151ny\u00f6s finansz\u00edroz\u00e1si lehet\u0151s\u00e9gekhez juttassuk, hiszen tudjuk, sokszor komoly neh\u00e9zs\u00e9get jelent az import\u00e1l\u00f3knak a sz\u00e1ll\u00edtm\u00e1nyt terhel\u0151 v\u00e1m \u00e9s import \u00c1FA azonnali kiegyenl\u00edt\u00e9se. E c\u00e9lkit\u0171z\u00e9s\u00fcnk megval\u00f3s\u00edt\u00e1sa \u00e9rdek\u00e9ben d\u00f6nt\u00f6tt\u00fcnk \u00fagy, hogy az eddigi k\u00f6zvetlen k\u00e9pviseleti szolg\u00e1ltat\u00e1sunkat k\u00f6zvetett k\u00e9pviselettel is [&hellip;]\" \/>\n<meta property=\"og:url\" content=\"https:\/\/adintrade.hu\/afa-fizetesi-kotelezettseg-atvallalasa\/\" \/>\n<meta property=\"og:site_name\" content=\"Adintrade Kft.\" \/>\n<meta property=\"article:publisher\" content=\"https:\/\/facebook.com\/adintrade\" \/>\n<meta property=\"article:modified_time\" content=\"2022-10-25T14:40:27+00:00\" \/>\n<meta name=\"twitter:card\" content=\"summary_large_image\" \/>\n<script type=\"application\/ld+json\" class=\"yoast-schema-graph\">{\"@context\":\"https:\/\/schema.org\",\"@graph\":[{\"@type\":\"WebPage\",\"@id\":\"https:\/\/adintrade.hu\/afa-fizetesi-kotelezettseg-atvallalasa\/\",\"url\":\"https:\/\/adintrade.hu\/afa-fizetesi-kotelezettseg-atvallalasa\/\",\"name\":\"\u00c1FA fizet\u00e9si k\u00f6telezetts\u00e9g \u00e1tv\u00e1llal\u00e1sa - Adintrade Kft.\",\"isPartOf\":{\"@id\":\"https:\/\/adintrade.hu\/#website\"},\"datePublished\":\"2017-01-17T19:25:12+00:00\",\"dateModified\":\"2022-10-25T14:40:27+00:00\",\"breadcrumb\":{\"@id\":\"https:\/\/adintrade.hu\/afa-fizetesi-kotelezettseg-atvallalasa\/#breadcrumb\"},\"inLanguage\":\"english\",\"potentialAction\":[{\"@type\":\"ReadAction\",\"target\":[\"https:\/\/adintrade.hu\/afa-fizetesi-kotelezettseg-atvallalasa\/\"]}]},{\"@type\":\"BreadcrumbList\",\"@id\":\"https:\/\/adintrade.hu\/afa-fizetesi-kotelezettseg-atvallalasa\/#breadcrumb\",\"itemListElement\":[{\"@type\":\"ListItem\",\"position\":1,\"name\":\"Home\",\"item\":\"https:\/\/adintrade.hu\/\"},{\"@type\":\"ListItem\",\"position\":2,\"name\":\"\u00c1FA fizet\u00e9si k\u00f6telezetts\u00e9g \u00e1tv\u00e1llal\u00e1sa\"}]},{\"@type\":\"WebSite\",\"@id\":\"https:\/\/adintrade.hu\/#website\",\"url\":\"https:\/\/adintrade.hu\/\",\"name\":\"Adintrade Kft.\",\"description\":\"Customs and product fee administration\",\"publisher\":{\"@id\":\"https:\/\/adintrade.hu\/#organization\"},\"potentialAction\":[{\"@type\":\"SearchAction\",\"target\":{\"@type\":\"EntryPoint\",\"urlTemplate\":\"https:\/\/adintrade.hu\/?s={search_term_string}\"},\"query-input\":\"required name=search_term_string\"}],\"inLanguage\":\"english\"},{\"@type\":\"Organization\",\"@id\":\"https:\/\/adintrade.hu\/#organization\",\"name\":\"Adintrade Kft.\",\"url\":\"https:\/\/adintrade.hu\/\",\"logo\":{\"@type\":\"ImageObject\",\"inLanguage\":\"english\",\"@id\":\"https:\/\/adintrade.hu\/#\/schema\/logo\/image\/\",\"url\":\"https:\/\/adintrade.hu\/wp-content\/uploads\/2022\/08\/cropped-cropped-adintrade_original.png\",\"contentUrl\":\"https:\/\/adintrade.hu\/wp-content\/uploads\/2022\/08\/cropped-cropped-adintrade_original.png\",\"width\":794,\"height\":247,\"caption\":\"Adintrade Kft.\"},\"image\":{\"@id\":\"https:\/\/adintrade.hu\/#\/schema\/logo\/image\/\"},\"sameAs\":[\"https:\/\/facebook.com\/adintrade\"]}]}<\/script>\n<!-- \/ Yoast SEO plugin. -->","yoast_head_json":{"title":"\u00c1FA fizet\u00e9si k\u00f6telezetts\u00e9g \u00e1tv\u00e1llal\u00e1sa - Adintrade Kft.","robots":{"index":"index","follow":"follow","max-snippet":"max-snippet:-1","max-image-preview":"max-image-preview:large","max-video-preview":"max-video-preview:-1"},"canonical":"https:\/\/adintrade.hu\/afa-fizetesi-kotelezettseg-atvallalasa\/","og_locale":"en_US","og_type":"article","og_title":"\u00c1FA fizet\u00e9si k\u00f6telezetts\u00e9g \u00e1tv\u00e1llal\u00e1sa - Adintrade Kft.","og_description":"\u00c1FA-fizet\u00e9si k\u00f6telezetts\u00e9g \u00e1tv\u00e1llal\u00e1s\u00e1val kapcsolatos t\u00e1j\u00e9koztat\u00f3 Komplex v\u00e1m\u00fcgyi szolg\u00e1ltat\u00e1sunk sor\u00e1n t\u00f6bbek k\u00f6z\u00f6tt egyik legfontosabb c\u00e9lunk, hogy&nbsp;megb\u00edz\u00f3inkat adminisztrat\u00edv terheinek cs\u00f6kkent\u00e9se mellett el\u0151ny\u00f6s finansz\u00edroz\u00e1si lehet\u0151s\u00e9gekhez juttassuk, hiszen tudjuk, sokszor komoly neh\u00e9zs\u00e9get jelent az import\u00e1l\u00f3knak a sz\u00e1ll\u00edtm\u00e1nyt terhel\u0151 v\u00e1m \u00e9s import \u00c1FA azonnali kiegyenl\u00edt\u00e9se. E c\u00e9lkit\u0171z\u00e9s\u00fcnk megval\u00f3s\u00edt\u00e1sa \u00e9rdek\u00e9ben d\u00f6nt\u00f6tt\u00fcnk \u00fagy, hogy az eddigi k\u00f6zvetlen k\u00e9pviseleti szolg\u00e1ltat\u00e1sunkat k\u00f6zvetett k\u00e9pviselettel is [&hellip;]","og_url":"https:\/\/adintrade.hu\/afa-fizetesi-kotelezettseg-atvallalasa\/","og_site_name":"Adintrade Kft.","article_publisher":"https:\/\/facebook.com\/adintrade","article_modified_time":"2022-10-25T14:40:27+00:00","twitter_card":"summary_large_image","schema":{"@context":"https:\/\/schema.org","@graph":[{"@type":"WebPage","@id":"https:\/\/adintrade.hu\/afa-fizetesi-kotelezettseg-atvallalasa\/","url":"https:\/\/adintrade.hu\/afa-fizetesi-kotelezettseg-atvallalasa\/","name":"\u00c1FA fizet\u00e9si k\u00f6telezetts\u00e9g \u00e1tv\u00e1llal\u00e1sa - Adintrade Kft.","isPartOf":{"@id":"https:\/\/adintrade.hu\/#website"},"datePublished":"2017-01-17T19:25:12+00:00","dateModified":"2022-10-25T14:40:27+00:00","breadcrumb":{"@id":"https:\/\/adintrade.hu\/afa-fizetesi-kotelezettseg-atvallalasa\/#breadcrumb"},"inLanguage":"english","potentialAction":[{"@type":"ReadAction","target":["https:\/\/adintrade.hu\/afa-fizetesi-kotelezettseg-atvallalasa\/"]}]},{"@type":"BreadcrumbList","@id":"https:\/\/adintrade.hu\/afa-fizetesi-kotelezettseg-atvallalasa\/#breadcrumb","itemListElement":[{"@type":"ListItem","position":1,"name":"Home","item":"https:\/\/adintrade.hu\/"},{"@type":"ListItem","position":2,"name":"\u00c1FA fizet\u00e9si k\u00f6telezetts\u00e9g \u00e1tv\u00e1llal\u00e1sa"}]},{"@type":"WebSite","@id":"https:\/\/adintrade.hu\/#website","url":"https:\/\/adintrade.hu\/","name":"Adintrade Kft.","description":"Customs and product fee administration","publisher":{"@id":"https:\/\/adintrade.hu\/#organization"},"potentialAction":[{"@type":"SearchAction","target":{"@type":"EntryPoint","urlTemplate":"https:\/\/adintrade.hu\/?s={search_term_string}"},"query-input":"required name=search_term_string"}],"inLanguage":"english"},{"@type":"Organization","@id":"https:\/\/adintrade.hu\/#organization","name":"Adintrade Kft.","url":"https:\/\/adintrade.hu\/","logo":{"@type":"ImageObject","inLanguage":"english","@id":"https:\/\/adintrade.hu\/#\/schema\/logo\/image\/","url":"https:\/\/adintrade.hu\/wp-content\/uploads\/2022\/08\/cropped-cropped-adintrade_original.png","contentUrl":"https:\/\/adintrade.hu\/wp-content\/uploads\/2022\/08\/cropped-cropped-adintrade_original.png","width":794,"height":247,"caption":"Adintrade Kft."},"image":{"@id":"https:\/\/adintrade.hu\/#\/schema\/logo\/image\/"},"sameAs":["https:\/\/facebook.com\/adintrade"]}]}},"_links":{"self":[{"href":"https:\/\/adintrade.hu\/en\/wp-json\/wp\/v2\/pages\/400"}],"collection":[{"href":"https:\/\/adintrade.hu\/en\/wp-json\/wp\/v2\/pages"}],"about":[{"href":"https:\/\/adintrade.hu\/en\/wp-json\/wp\/v2\/types\/page"}],"author":[{"embeddable":true,"href":"https:\/\/adintrade.hu\/en\/wp-json\/wp\/v2\/users\/1"}],"replies":[{"embeddable":true,"href":"https:\/\/adintrade.hu\/en\/wp-json\/wp\/v2\/comments?post=400"}],"version-history":[{"count":1,"href":"https:\/\/adintrade.hu\/en\/wp-json\/wp\/v2\/pages\/400\/revisions"}],"predecessor-version":[{"id":1777,"href":"https:\/\/adintrade.hu\/en\/wp-json\/wp\/v2\/pages\/400\/revisions\/1777"}],"wp:attachment":[{"href":"https:\/\/adintrade.hu\/en\/wp-json\/wp\/v2\/media?parent=400"}],"curies":[{"name":"wp","href":"https:\/\/api.w.org\/{rel}","templated":true}]}}