{"id":406,"date":"2017-01-17T21:28:10","date_gmt":"2017-01-17T19:28:10","guid":{"rendered":"http:\/\/adintrade.hu\/?page_id=406"},"modified":"2017-01-17T21:28:10","modified_gmt":"2017-01-17T19:28:10","slug":"","status":"publish","type":"page","link":"https:\/\/adintrade.hu\/en\/vamokmanyok-kiallitasa\/","title":{"rendered":"","raw":""},"content":{"rendered":"","protected":false,"raw":""},"excerpt":{"rendered":"","protected":false,"raw":""},"author":1,"featured_media":0,"parent":0,"menu_order":0,"comment_status":"closed","ping_status":"closed","template":"","meta":{"inline_featured_image":false,"_hu_post_content":"<!-- wp:paragraph -->\n<p><b><span data-scayt_word=\"Biztons\u00e1goss\u00e1\" data-scaytid=\"1\">Biztons\u00e1goss\u00e1<\/span>, <span data-scayt_word=\"g\u00f6rd\u00fcl\u00e9kenny\u00e9\" data-scaytid=\"2\">g\u00f6rd\u00fcl\u00e9kenny\u00e9<\/span>, <span data-scayt_word=\"gyorsan\" data-scaytid=\"3\">gyorsan<\/span> <span data-scayt_word=\"lebonyol\u00edthat\u00f3v\u00e1\" data-scaytid=\"4\">lebonyol\u00edthat\u00f3v\u00e1<\/span> <span data-scayt_word=\"tessz\u00fck\" data-scaytid=\"5\">tessz\u00fck<\/span> a <span data-scayt_word=\"v\u00e1mkezel\u00e9s\" data-scaytid=\"6\">v\u00e1mkezel\u00e9s<\/span> <span data-scayt_word=\"folyamat\u00e1t\" data-scaytid=\"7\">folyamat\u00e1t<\/span>.<\/b><\/p>\n<!-- \/wp:paragraph -->\n\n<!-- wp:paragraph -->\n<p><span data-scayt_word=\"Az\u00e9rt\" data-scaytid=\"8\">Az\u00e9rt<\/span>, <span data-scayt_word=\"hogy\" data-scaytid=\"9\">hogy<\/span> <span data-scayt_word=\"\u00fcgyfel\u00fcnknek\" data-scaytid=\"10\">\u00fcgyfel\u00fcnknek<\/span><\/p>\n<!-- \/wp:paragraph -->\n\n<!-- wp:list -->\n<ul><li><b>ne<\/b> <span data-scayt_word=\"legyen\" data-scaytid=\"12\">legyen<\/span> <span data-scayt_word=\"semmi\" data-scaytid=\"13\">semmi<\/span> <b><span data-scayt_word=\"pap\u00edrmunk\u00e1val\" data-scaytid=\"14\">pap\u00edrmunk\u00e1val<\/span><\/b> <span data-scayt_word=\"gondja\" data-scaytid=\"15\">gondja<\/span>, <span data-scayt_word=\"tov\u00e1bb\u00e1\" data-scaytid=\"16\">tov\u00e1bb\u00e1<\/span> <span data-scayt_word=\"az\u00e9rt\" data-scaytid=\"17\">az\u00e9rt<\/span>, <span data-scayt_word=\"hogy\" data-scaytid=\"11\">hogy<\/span><\/li><li><b>ne<\/b> <span data-scayt_word=\"kelljen\" data-scaytid=\"19\">kelljen<\/span> <b><span data-scayt_word=\"ut\u00f3lagos\" data-scaytid=\"20\">ut\u00f3lagos<\/span> <span data-scayt_word=\"jav\u00edt\u00e1sokkal\" data-scaytid=\"21\">jav\u00edt\u00e1sokkal<\/span>, <span data-scayt_word=\"kieg\u00e9sz\u00edt\u00e9sekkel\" data-scaytid=\"22\">kieg\u00e9sz\u00edt\u00e9sekkel<\/span><\/b> <span data-scayt_word=\"foglalkoznia\" data-scaytid=\"23\">foglalkoznia<\/span>,<\/li><\/ul>\n<!-- \/wp:list -->\n\n<!-- wp:paragraph -->\n<p><span data-scayt_word=\"magunkra\" data-scaytid=\"25\">magunkra<\/span> <span data-scayt_word=\"v\u00e1llaljuk\" data-scaytid=\"26\">v\u00e1llaljuk<\/span>, <span data-scayt_word=\"hogy\" data-scaytid=\"24\">hogy<\/span> a <span data-scayt_word=\"v\u00e1m\u00fcgyint\u00e9z\u00e9s\" data-scaytid=\"28\">v\u00e1m\u00fcgyint\u00e9z\u00e9s<\/span> <span data-scayt_word=\"keret\u00e9ben\" data-scaytid=\"29\">keret\u00e9ben<\/span> <span data-scayt_word=\"elv\u00e9gezz\u00fck\" data-scaytid=\"30\">elv\u00e9gezz\u00fck<\/span> a <span data-scayt_word=\"sz\u00fcks\u00e9ges\" data-scaytid=\"31\">sz\u00fcks\u00e9ges<\/span> <span data-scayt_word=\"v\u00e1mokm\u00e1nyok\" data-scaytid=\"32\">v\u00e1mokm\u00e1nyok<\/span> <span data-scayt_word=\"ki\u00e1ll\u00edt\u00e1s\u00e1t\" data-scaytid=\"33\">ki\u00e1ll\u00edt\u00e1s\u00e1t<\/span>.<\/p>\n<!-- \/wp:paragraph -->\n\n<!-- wp:paragraph -->\n<p>A <span data-scayt_word=\"v\u00e1mokm\u00e1nyok\" data-scaytid=\"34\">v\u00e1mokm\u00e1nyok<\/span> <b><span data-scayt_word=\"szakszer\u0171\" data-scaytid=\"37\">szakszer\u0171<\/span> <span data-scayt_word=\"\u00e9s\" data-scaytid=\"38\">\u00e9s<\/span> <span data-scayt_word=\"pontos\" data-scaytid=\"39\">pontos<\/span><\/b> <span data-scayt_word=\"kit\u00f6lt\u00e9se\" data-scaytid=\"40\">kit\u00f6lt\u00e9se<\/span> <span data-scayt_word=\"k\u00fcl\u00f6n\u00f6sen\" data-scaytid=\"41\">k\u00fcl\u00f6n\u00f6sen<\/span> <span data-scayt_word=\"az\u00e9rt\" data-scaytid=\"35\">az\u00e9rt<\/span> <b><span data-scayt_word=\"fontos\" data-scaytid=\"43\">fontos<\/span><\/b>, <span data-scayt_word=\"mert\" data-scaytid=\"44\">mert<\/span><\/p>\n<!-- \/wp:paragraph -->\n\n<!-- wp:list -->\n<ul><li>a <span data-scayt_word=\"v\u00e1mszerveknek\" data-scaytid=\"45\">v\u00e1mszerveknek<\/span> <span data-scayt_word=\"hi\u00e1nyoss\u00e1g\" data-scaytid=\"46\">hi\u00e1nyoss\u00e1g<\/span> <span data-scayt_word=\"eset\u00e9n\" data-scaytid=\"47\">eset\u00e9n<\/span> <b>\"<span data-scayt_word=\"\u00e1rumeg\u00e1ll\u00edt\u00f3\" data-scaytid=\"48\">\u00e1rumeg\u00e1ll\u00edt\u00f3<\/span>\" <span data-scayt_word=\"joga\" data-scaytid=\"49\">joga<\/span> van<\/b>, <span data-scayt_word=\"ami\" data-scaytid=\"51\">ami<\/span> <span data-scayt_word=\"pedig\" data-scaytid=\"52\">pedig<\/span> <span data-scayt_word=\"alapvet\u0151en\" data-scaytid=\"53\">alapvet\u0151en<\/span> <span data-scayt_word=\"vesz\u00e9lyezteti\" data-scaytid=\"54\">vesz\u00e9lyezteti<\/span> a <span data-scayt_word=\"k\u00fclkeresked\u0151k\" data-scaytid=\"55\">k\u00fclkeresked\u0151k<\/span> <span data-scayt_word=\"\u00e9rdekeit\" data-scaytid=\"56\">\u00e9rdekeit<\/span>, <span data-scayt_word=\"nem\" data-scaytid=\"57\">nem<\/span> is <span data-scayt_word=\"besz\u00e9lve\" data-scaytid=\"58\">besz\u00e9lve<\/span> <span data-scayt_word=\"arr\u00f3l\" data-scaytid=\"59\">arr\u00f3l<\/span>, <span data-scayt_word=\"hogy\" data-scaytid=\"50\">hogy<\/span><\/li><li>a <span data-scayt_word=\"v\u00e1mszervek\" data-scaytid=\"61\">v\u00e1mszervek<\/span> <span data-scayt_word=\"ak\u00e1r\" data-scaytid=\"62\">ak\u00e1r<\/span> <b>meg is <span data-scayt_word=\"hi\u00fas\u00edthatj\u00e1k\" data-scaytid=\"64\">hi\u00fas\u00edthatj\u00e1k<\/span><\/b> <span data-scayt_word=\"az\" data-scaytid=\"65\">az<\/span> <span data-scayt_word=\"\u00fczleteket\" data-scaytid=\"67\">\u00fczleteket<\/span>, <span data-scayt_word=\"vagy\" data-scaytid=\"68\">vagy<\/span> <span data-scayt_word=\"azok\" data-scaytid=\"69\">azok<\/span> <span data-scayt_word=\"nyeres\u00e9gess\u00e9g\u00e9t\" data-scaytid=\"70\">nyeres\u00e9gess\u00e9g\u00e9t<\/span>.<\/li><\/ul>\n<!-- \/wp:list -->\n\n<!-- wp:paragraph -->\n<p><span data-scayt_word=\"K\u00f6zrem\u0171k\u00f6d\u00e9s\u00fcnk\" data-scaytid=\"71\">K\u00f6zrem\u0171k\u00f6d\u00e9s\u00fcnk<\/span> <span data-scayt_word=\"r\u00e9v\u00e9n\" data-scaytid=\"72\">r\u00e9v\u00e9n<\/span> <span data-scayt_word=\"teh\u00e1t\" data-scaytid=\"73\">teh\u00e1t<\/span><\/p>\n<!-- \/wp:paragraph -->\n\n<!-- wp:list -->\n<ul><li><span data-scayt_word=\"\u00fcgyfel\u00fcnket\" data-scaytid=\"74\">\u00fcgyfel\u00fcnket<\/span> <span data-scayt_word=\"nem\" data-scaytid=\"63\">nem<\/span> <span data-scayt_word=\"csup\u00e1n\" data-scaytid=\"76\">csup\u00e1n<\/span> <span data-scayt_word=\"az\" data-scaytid=\"66\">az<\/span> <b><span data-scayt_word=\"adminisztr\u00e1ci\u00f3s\" data-scaytid=\"77\">adminisztr\u00e1ci\u00f3s<\/span> <span data-scayt_word=\"terhek\" data-scaytid=\"78\">terhek<\/span><\/b> <span data-scayt_word=\"elv\u00e9gz\u00e9se\" data-scaytid=\"83\">elv\u00e9gz\u00e9se<\/span> <span data-scayt_word=\"al\u00f3l\" data-scaytid=\"84\">al\u00f3l<\/span> <b><span data-scayt_word=\"mentes\u00edtj\u00fck\" data-scaytid=\"85\">mentes\u00edtj\u00fck<\/span><\/b>, <span data-scayt_word=\"hanem\" data-scaytid=\"86\">hanem<\/span><\/li><li><span data-scayt_word=\"biztons\u00e1goss\u00e1\" data-scaytid=\"87\">biztons\u00e1goss\u00e1<\/span>, <span data-scayt_word=\"g\u00f6rd\u00fcl\u00e9kenny\u00e9\" data-scaytid=\"79\">g\u00f6rd\u00fcl\u00e9kenny\u00e9<\/span>, <b><span data-scayt_word=\"gyorsan\" data-scaytid=\"80\">gyorsan<\/span> <span data-scayt_word=\"lebonyol\u00edthat\u00f3v\u00e1\" data-scaytid=\"81\">lebonyol\u00edthat\u00f3v\u00e1<\/span><\/b> <span data-scayt_word=\"tessz\u00fck\" data-scaytid=\"82\">tessz\u00fck<\/span> a <b><span data-scayt_word=\"v\u00e1mkezel\u00e9s\" data-scaytid=\"92\">v\u00e1mkezel\u00e9s<\/span> <span data-scayt_word=\"folyamat\u00e1t\" data-scaytid=\"93\">folyamat\u00e1t<\/span><\/b> <span data-scayt_word=\"\u00e9s\" data-scaytid=\"94\">\u00e9s<\/span> <span data-scayt_word=\"ez\u00e1ltal\" data-scaytid=\"100\">ez\u00e1ltal<\/span><\/li><li><span data-scayt_word=\"hozz\u00e1j\u00e1rulunk\" data-scaytid=\"101\">hozz\u00e1j\u00e1rulunk<\/span> <span data-scayt_word=\"ahhoz\" data-scaytid=\"102\">ahhoz<\/span>, <span data-scayt_word=\"hogy\" data-scaytid=\"95\">hogy<\/span> <span data-scayt_word=\"k\u00fclkereskedelmi\" data-scaytid=\"104\">k\u00fclkereskedelmi<\/span> <span data-scayt_word=\"tev\u00e9kenys\u00e9g\u00e9t\" data-scaytid=\"105\">tev\u00e9kenys\u00e9g\u00e9t<\/span> <span data-scayt_word=\"sikeresen\" data-scaytid=\"106\">sikeresen<\/span>, <span data-scayt_word=\"el\u0151re\" data-scaytid=\"107\">el\u0151re<\/span> <span data-scayt_word=\"nem\" data-scaytid=\"96\">nem<\/span> <span data-scayt_word=\"l\u00e1that\u00f3\" data-scaytid=\"109\">l\u00e1that\u00f3<\/span> <b><span data-scayt_word=\"zavar\u00f3\" data-scaytid=\"110\">zavar\u00f3<\/span> <span data-scayt_word=\"t\u00e9nyez\u0151k\" data-scaytid=\"111\">t\u00e9nyez\u0151k<\/span> <span data-scayt_word=\"n\u00e9lk\u00fcl\" data-scaytid=\"112\">n\u00e9lk\u00fcl<\/span><\/b> <span data-scayt_word=\"folytassa\" data-scaytid=\"113\">folytassa<\/span>.<\/li><\/ul>\n<!-- \/wp:list -->\n\n<!-- wp:paragraph -->\n<p><span data-scayt_word=\"Ahhoz\" data-scaytid=\"117\">Ahhoz<\/span>, <span data-scayt_word=\"hogy\" data-scaytid=\"114\">hogy<\/span> <span data-scayt_word=\"igaz\u00e1n\" data-scaytid=\"119\">igaz\u00e1n<\/span> <span data-scayt_word=\"j\u00f3\" data-scaytid=\"120\">j\u00f3<\/span> <span data-scayt_word=\"v\u00e1m\u00fcgyint\u00e9z\u0151k\" data-scaytid=\"121\">v\u00e1m\u00fcgyint\u00e9z\u0151k<\/span> <span data-scayt_word=\"legy\u00fcnk\" data-scaytid=\"122\">legy\u00fcnk<\/span>,<\/p>\n<!-- \/wp:paragraph -->\n\n<!-- wp:list -->\n<ul><li><span data-scayt_word=\"alaposan\" data-scaytid=\"123\">alaposan<\/span> <b><span data-scayt_word=\"ismern\u00fcnk\" data-scaytid=\"124\">ismern\u00fcnk<\/span> <span data-scayt_word=\"kell\" data-scaytid=\"125\">kell<\/span><\/b> a <span data-scayt_word=\"szerte\u00e1gaz\u00f3\" data-scaytid=\"127\">szerte\u00e1gaz\u00f3<\/span> <b><span data-scayt_word=\"v\u00e1mszab\u00e1lyokat\" data-scaytid=\"128\">v\u00e1mszab\u00e1lyokat<\/span><\/b> <span data-scayt_word=\"\u00e9s\" data-scaytid=\"115\">\u00e9s<\/span> <span data-scayt_word=\"ezek\" data-scaytid=\"131\">ezek<\/span> <span data-scayt_word=\"ismeret\u00e9ben\" data-scaytid=\"132\">ismeret\u00e9ben<\/span><\/li><li><b><span data-scayt_word=\"helyesen\" data-scaytid=\"133\">helyesen<\/span> <span data-scayt_word=\"\u00e9s\" data-scaytid=\"116\">\u00e9s<\/span> <span data-scayt_word=\"pontosan\" data-scaytid=\"134\">pontosan<\/span><\/b> <span data-scayt_word=\"kell\" data-scaytid=\"126\">kell<\/span> <span data-scayt_word=\"kit\u00f6lten\u00fcnk\" data-scaytid=\"135\">kit\u00f6lten\u00fcnk<\/span> a <b><span data-scayt_word=\"v\u00e1mokm\u00e1nyokat\" data-scaytid=\"136\">v\u00e1mokm\u00e1nyokat<\/span><\/b>.<\/li><\/ul>\n<!-- \/wp:list -->\n\n<!-- wp:paragraph -->\n<p><span data-scayt_word=\"Szakismeret\u00fcnk\" data-scaytid=\"137\">Szakismeret\u00fcnk<\/span> <span data-scayt_word=\"garant\u00e1lja\" data-scaytid=\"138\">garant\u00e1lja<\/span> a <b><span data-scayt_word=\"v\u00e1mszab\u00e1lyok\" data-scaytid=\"139\">v\u00e1mszab\u00e1lyok<\/span> <span data-scayt_word=\"ismeret\u00e9t\" data-scaytid=\"140\">ismeret\u00e9t<\/span><\/b>. <span data-scayt_word=\"Ez\" data-scaytid=\"141\">Ez<\/span> <span data-scayt_word=\"t\u00f6bb\" data-scaytid=\"142\">t\u00f6bb<\/span> <span data-scayt_word=\"szempontb\u00f3l\" data-scaytid=\"143\">szempontb\u00f3l<\/span> <span data-scayt_word=\"alapvet\u0151\" data-scaytid=\"144\">alapvet\u0151<\/span> <span data-scayt_word=\"fontoss\u00e1g\u00fa\" data-scaytid=\"145\">fontoss\u00e1g\u00fa<\/span>. <span data-scayt_word=\"Gondoljunk\" data-scaytid=\"146\">Gondoljunk<\/span> <span data-scayt_word=\"csak\" data-scaytid=\"147\">csak<\/span><\/p>\n<!-- \/wp:paragraph -->\n\n<!-- wp:list -->\n<ul><li>a <b><span data-scayt_word=\"tarif\u00e1l\u00e1si\" data-scaytid=\"149\">tarif\u00e1l\u00e1si<\/span> <span data-scayt_word=\"szab\u00e1lyokr\u00f3l\" data-scaytid=\"150\">szab\u00e1lyokr\u00f3l<\/span><\/b> <span data-scayt_word=\"val\u00f3\" data-scaytid=\"151\">val\u00f3<\/span> <span data-scayt_word=\"t\u00e1j\u00e9kozotts\u00e1g\" data-scaytid=\"152\">t\u00e1j\u00e9kozotts\u00e1g<\/span> <span data-scayt_word=\"szerep\u00e9re\" data-scaytid=\"153\">szerep\u00e9re<\/span>, <span data-scayt_word=\"hiszen\" data-scaytid=\"154\">hiszen<\/span> <b><span data-scayt_word=\"t\u00f6bb\" data-scaytid=\"148\">t\u00f6bb<\/span> <span data-scayt_word=\"ezer\" data-scaytid=\"156\">ezer<\/span> <span data-scayt_word=\"v\u00e1mtarifasz\u00e1m\" data-scaytid=\"157\">v\u00e1mtarifasz\u00e1m<\/span><\/b> van <span data-scayt_word=\"m\u00e1s-m\u00e1s\" data-scaytid=\"158\">m\u00e1s-m\u00e1s<\/span> <span data-scayt_word=\"v\u00e1mt\u00e9tellel\" data-scaytid=\"159\">v\u00e1mt\u00e9tellel<\/span>,<\/li><li>a <b>WTO <span data-scayt_word=\"szab\u00e1lyaira\" data-scaytid=\"161\">szab\u00e1lyaira<\/span><\/b>,<\/li><li>a <span data-scayt_word=\"sok\" data-scaytid=\"162\">sok<\/span> <b><span data-scayt_word=\"drasztikus\" data-scaytid=\"163\">drasztikus<\/span> <span data-scayt_word=\"v\u00e1mjogszab\u00e1lyra\" data-scaytid=\"164\">v\u00e1mjogszab\u00e1lyra<\/span><\/b>, <span data-scayt_word=\"amely\" data-scaytid=\"165\">amely<\/span> <span data-scayt_word=\"adott\" data-scaytid=\"166\">adott<\/span> <span data-scayt_word=\"esetben\" data-scaytid=\"168\">esetben<\/span><\/li><li><span data-scayt_word=\"nemcsak\" data-scaytid=\"169\">nemcsak<\/span> <span data-scayt_word=\"azt\" data-scaytid=\"170\">azt<\/span> <span data-scayt_word=\"teheti\" data-scaytid=\"171\">teheti<\/span> <span data-scayt_word=\"lehetetlenn\u00e9\" data-scaytid=\"172\">lehetetlenn\u00e9<\/span>, <span data-scayt_word=\"hogy\" data-scaytid=\"160\">hogy<\/span> <span data-scayt_word=\"egy\" data-scaytid=\"174\">egy<\/span> <span data-scayt_word=\"adott\" data-scaytid=\"167\">adott<\/span> <span data-scayt_word=\"id\u0151szakban\" data-scaytid=\"176\">id\u0151szakban<\/span> <span data-scayt_word=\"egy\" data-scaytid=\"175\">egy<\/span> <span data-scayt_word=\"c\u00e9g\" data-scaytid=\"177\">c\u00e9g<\/span> <span data-scayt_word=\"nyeres\u00e9gesen\" data-scaytid=\"178\">nyeres\u00e9gesen<\/span> <span data-scayt_word=\"gazd\u00e1lkodjon\" data-scaytid=\"179\">gazd\u00e1lkodjon<\/span>, de<\/li><li><span data-scayt_word=\"mag\u00e1t\" data-scaytid=\"183\">mag\u00e1t<\/span> a <span data-scayt_word=\"c\u00e9g\" data-scaytid=\"180\">c\u00e9g<\/span> <span data-scayt_word=\"l\u00e9t\u00e9t\" data-scaytid=\"185\">l\u00e9t\u00e9t<\/span> is <span data-scayt_word=\"vesz\u00e9lybe\" data-scaytid=\"186\">vesz\u00e9lybe<\/span> <span data-scayt_word=\"sodorhatja\" data-scaytid=\"187\">sodorhatja<\/span> (<span data-scayt_word=\"szinte\" data-scaytid=\"188\">szinte<\/span> 100%<span data-scayt_word=\"-os\" data-scaytid=\"189\">-os<\/span> <span data-scayt_word=\"v\u00e1mteher-biztos\u00edt\u00e1si\" data-scaytid=\"190\">v\u00e1mteher-biztos\u00edt\u00e1si<\/span> <span data-scayt_word=\"rendszer\" data-scaytid=\"191\">rendszer<\/span>, <span data-scayt_word=\"nem\" data-scaytid=\"181\">nem<\/span> <span data-scayt_word=\"kalkul\u00e1lt\" data-scaytid=\"193\">kalkul\u00e1lt<\/span> <span data-scayt_word=\"v\u00e1mfizet\u00e9si\" data-scaytid=\"194\">v\u00e1mfizet\u00e9si<\/span> <span data-scayt_word=\"k\u00f6telezetts\u00e9gek\" data-scaytid=\"195\">k\u00f6telezetts\u00e9gek<\/span> <span data-scayt_word=\"egy\" data-scaytid=\"182\">egy<\/span> <span data-scayt_word=\"egyszer\u0171\" data-scaytid=\"197\">egyszer\u0171<\/span> <span data-scayt_word=\"hat\u00e1rid\u0151-mulaszt\u00e1s\" data-scaytid=\"198\">hat\u00e1rid\u0151-mulaszt\u00e1s<\/span> <span data-scayt_word=\"miatt\" data-scaytid=\"199\">miatt<\/span>, <span data-scayt_word=\"szakismerethi\u00e1nyb\u00f3l\" data-scaytid=\"200\">szakismerethi\u00e1nyb\u00f3l<\/span> <span data-scayt_word=\"elk\u00f6vetett\" data-scaytid=\"201\">elk\u00f6vetett<\/span> <span data-scayt_word=\"csemp\u00e9szeti\" data-scaytid=\"202\">csemp\u00e9szeti<\/span> <span data-scayt_word=\"t\u00e9ny\u00e1ll\u00e1s\" data-scaytid=\"203\">t\u00e9ny\u00e1ll\u00e1s<\/span> <span data-scayt_word=\"megval\u00f3s\u00edt\u00e1sa\" data-scaytid=\"204\">megval\u00f3s\u00edt\u00e1sa<\/span>, a <span data-scayt_word=\"kedvezm\u00e9nyek\" data-scaytid=\"205\">kedvezm\u00e9nyek<\/span> <span data-scayt_word=\"k\u00f6nny\u0171\" data-scaytid=\"206\">k\u00f6nny\u0171<\/span> <span data-scayt_word=\"elvesz\u00edthet\u0151s\u00e9ge\" data-scaytid=\"207\">elvesz\u00edthet\u0151s\u00e9ge<\/span>, <span data-scayt_word=\"stb\" data-scaytid=\"208\">stb<\/span>.)<\/li><\/ul>\n<!-- \/wp:list -->\n\n<!-- wp:paragraph -->\n<p>A <strong>v\u00e1mokm\u00e1nyok helyes, tartalmilag \u00e9s formailag pontos kit\u00f6lt\u00e9se<\/strong> \u00fajabb biztos\u00edt\u00e9k\u00e1t jelenti annak, hogy elker\u00fclhet\u0151k legyenek a k\u00e9sedelmes teljes\u00edt\u00e9sek, a felesleges \u00e1ll\u00e1sd\u00edjak, a felesleges plusz v\u00e1mteher befizet\u00e9sek \u00e9s a fenyeget\u0151 b\u00edrs\u00e1gok.<\/p>\n<!-- \/wp:paragraph -->","_hu_post_name":"vamokmanyok-kiallitasa","_hu_post_excerpt":"","_hu_post_title":"V\u00e1mokm\u00e1nyok ki\u00e1ll\u00edt\u00e1sa","_en_post_content":"","_en_post_name":"","_en_post_excerpt":"","_en_post_title":"","edit_language":"en","footnotes":""},"yoast_head":"<!-- This site is optimized with the Yoast SEO plugin v21.7 - https:\/\/yoast.com\/wordpress\/plugins\/seo\/ -->\n<title>V\u00e1mokm\u00e1nyok ki\u00e1ll\u00edt\u00e1sa - Adintrade Kft.<\/title>\n<meta name=\"robots\" content=\"index, follow, max-snippet:-1, max-image-preview:large, max-video-preview:-1\" \/>\n<link rel=\"canonical\" href=\"https:\/\/adintrade.hu\/en\/vamokmanyok-kiallitasa\/\" \/>\n<meta property=\"og:locale\" content=\"en_US\" \/>\n<meta property=\"og:type\" content=\"article\" \/>\n<meta property=\"og:title\" content=\"V\u00e1mokm\u00e1nyok ki\u00e1ll\u00edt\u00e1sa - Adintrade Kft.\" \/>\n<meta property=\"og:description\" content=\"Biztons\u00e1goss\u00e1, g\u00f6rd\u00fcl\u00e9kenny\u00e9, gyorsan lebonyol\u00edthat\u00f3v\u00e1 tessz\u00fck a v\u00e1mkezel\u00e9s folyamat\u00e1t. Az\u00e9rt, hogy \u00fcgyfel\u00fcnknek ne legyen semmi pap\u00edrmunk\u00e1val gondja, tov\u00e1bb\u00e1 az\u00e9rt, hogy ne kelljen ut\u00f3lagos jav\u00edt\u00e1sokkal, kieg\u00e9sz\u00edt\u00e9sekkel foglalkoznia, magunkra v\u00e1llaljuk, hogy a v\u00e1m\u00fcgyint\u00e9z\u00e9s keret\u00e9ben elv\u00e9gezz\u00fck a sz\u00fcks\u00e9ges v\u00e1mokm\u00e1nyok ki\u00e1ll\u00edt\u00e1s\u00e1t. A v\u00e1mokm\u00e1nyok szakszer\u0171 \u00e9s pontos kit\u00f6lt\u00e9se k\u00fcl\u00f6n\u00f6sen az\u00e9rt fontos, mert a v\u00e1mszerveknek hi\u00e1nyoss\u00e1g eset\u00e9n &#8220;\u00e1rumeg\u00e1ll\u00edt\u00f3&#8221; joga van, ami pedig [&hellip;]\" \/>\n<meta property=\"og:url\" content=\"https:\/\/adintrade.hu\/en\/vamokmanyok-kiallitasa\/\" \/>\n<meta property=\"og:site_name\" content=\"Adintrade Kft.\" \/>\n<meta property=\"article:publisher\" content=\"https:\/\/facebook.com\/adintrade\" \/>\n<meta name=\"twitter:card\" content=\"summary_large_image\" \/>\n<meta name=\"twitter:label1\" content=\"Est. reading time\" \/>\n\t<meta name=\"twitter:data1\" content=\"2 minutes\" \/>\n<script type=\"application\/ld+json\" class=\"yoast-schema-graph\">{\"@context\":\"https:\/\/schema.org\",\"@graph\":[{\"@type\":\"WebPage\",\"@id\":\"https:\/\/adintrade.hu\/en\/vamokmanyok-kiallitasa\/\",\"url\":\"https:\/\/adintrade.hu\/en\/vamokmanyok-kiallitasa\/\",\"name\":\"V\u00e1mokm\u00e1nyok ki\u00e1ll\u00edt\u00e1sa - Adintrade Kft.\",\"isPartOf\":{\"@id\":\"https:\/\/adintrade.hu\/#website\"},\"datePublished\":\"2017-01-17T19:28:10+00:00\",\"dateModified\":\"2017-01-17T19:28:10+00:00\",\"breadcrumb\":{\"@id\":\"https:\/\/adintrade.hu\/en\/vamokmanyok-kiallitasa\/#breadcrumb\"},\"inLanguage\":\"english\",\"potentialAction\":[{\"@type\":\"ReadAction\",\"target\":[\"https:\/\/adintrade.hu\/en\/vamokmanyok-kiallitasa\/\"]}]},{\"@type\":\"BreadcrumbList\",\"@id\":\"https:\/\/adintrade.hu\/en\/vamokmanyok-kiallitasa\/#breadcrumb\",\"itemListElement\":[{\"@type\":\"ListItem\",\"position\":1,\"name\":\"Home\",\"item\":\"https:\/\/adintrade.hu\/\"},{\"@type\":\"ListItem\",\"position\":2,\"name\":\"V\u00e1mokm\u00e1nyok ki\u00e1ll\u00edt\u00e1sa\"}]},{\"@type\":\"WebSite\",\"@id\":\"https:\/\/adintrade.hu\/#website\",\"url\":\"https:\/\/adintrade.hu\/\",\"name\":\"Adintrade Kft.\",\"description\":\"Customs and product fee administration\",\"publisher\":{\"@id\":\"https:\/\/adintrade.hu\/#organization\"},\"potentialAction\":[{\"@type\":\"SearchAction\",\"target\":{\"@type\":\"EntryPoint\",\"urlTemplate\":\"https:\/\/adintrade.hu\/?s={search_term_string}\"},\"query-input\":\"required name=search_term_string\"}],\"inLanguage\":\"english\"},{\"@type\":\"Organization\",\"@id\":\"https:\/\/adintrade.hu\/#organization\",\"name\":\"Adintrade Kft.\",\"url\":\"https:\/\/adintrade.hu\/\",\"logo\":{\"@type\":\"ImageObject\",\"inLanguage\":\"english\",\"@id\":\"https:\/\/adintrade.hu\/#\/schema\/logo\/image\/\",\"url\":\"https:\/\/adintrade.hu\/wp-content\/uploads\/2022\/08\/cropped-cropped-adintrade_original.png\",\"contentUrl\":\"https:\/\/adintrade.hu\/wp-content\/uploads\/2022\/08\/cropped-cropped-adintrade_original.png\",\"width\":794,\"height\":247,\"caption\":\"Adintrade Kft.\"},\"image\":{\"@id\":\"https:\/\/adintrade.hu\/#\/schema\/logo\/image\/\"},\"sameAs\":[\"https:\/\/facebook.com\/adintrade\"]}]}<\/script>\n<!-- \/ Yoast SEO plugin. -->","yoast_head_json":{"title":"V\u00e1mokm\u00e1nyok ki\u00e1ll\u00edt\u00e1sa - Adintrade Kft.","robots":{"index":"index","follow":"follow","max-snippet":"max-snippet:-1","max-image-preview":"max-image-preview:large","max-video-preview":"max-video-preview:-1"},"canonical":"https:\/\/adintrade.hu\/en\/vamokmanyok-kiallitasa\/","og_locale":"en_US","og_type":"article","og_title":"V\u00e1mokm\u00e1nyok ki\u00e1ll\u00edt\u00e1sa - Adintrade Kft.","og_description":"Biztons\u00e1goss\u00e1, g\u00f6rd\u00fcl\u00e9kenny\u00e9, gyorsan lebonyol\u00edthat\u00f3v\u00e1 tessz\u00fck a v\u00e1mkezel\u00e9s folyamat\u00e1t. Az\u00e9rt, hogy \u00fcgyfel\u00fcnknek ne legyen semmi pap\u00edrmunk\u00e1val gondja, tov\u00e1bb\u00e1 az\u00e9rt, hogy ne kelljen ut\u00f3lagos jav\u00edt\u00e1sokkal, kieg\u00e9sz\u00edt\u00e9sekkel foglalkoznia, magunkra v\u00e1llaljuk, hogy a v\u00e1m\u00fcgyint\u00e9z\u00e9s keret\u00e9ben elv\u00e9gezz\u00fck a sz\u00fcks\u00e9ges v\u00e1mokm\u00e1nyok ki\u00e1ll\u00edt\u00e1s\u00e1t. A v\u00e1mokm\u00e1nyok szakszer\u0171 \u00e9s pontos kit\u00f6lt\u00e9se k\u00fcl\u00f6n\u00f6sen az\u00e9rt fontos, mert a v\u00e1mszerveknek hi\u00e1nyoss\u00e1g eset\u00e9n &#8220;\u00e1rumeg\u00e1ll\u00edt\u00f3&#8221; joga van, ami pedig [&hellip;]","og_url":"https:\/\/adintrade.hu\/en\/vamokmanyok-kiallitasa\/","og_site_name":"Adintrade Kft.","article_publisher":"https:\/\/facebook.com\/adintrade","twitter_card":"summary_large_image","twitter_misc":{"Est. reading time":"2 minutes"},"schema":{"@context":"https:\/\/schema.org","@graph":[{"@type":"WebPage","@id":"https:\/\/adintrade.hu\/en\/vamokmanyok-kiallitasa\/","url":"https:\/\/adintrade.hu\/en\/vamokmanyok-kiallitasa\/","name":"V\u00e1mokm\u00e1nyok ki\u00e1ll\u00edt\u00e1sa - Adintrade Kft.","isPartOf":{"@id":"https:\/\/adintrade.hu\/#website"},"datePublished":"2017-01-17T19:28:10+00:00","dateModified":"2017-01-17T19:28:10+00:00","breadcrumb":{"@id":"https:\/\/adintrade.hu\/en\/vamokmanyok-kiallitasa\/#breadcrumb"},"inLanguage":"english","potentialAction":[{"@type":"ReadAction","target":["https:\/\/adintrade.hu\/en\/vamokmanyok-kiallitasa\/"]}]},{"@type":"BreadcrumbList","@id":"https:\/\/adintrade.hu\/en\/vamokmanyok-kiallitasa\/#breadcrumb","itemListElement":[{"@type":"ListItem","position":1,"name":"Home","item":"https:\/\/adintrade.hu\/"},{"@type":"ListItem","position":2,"name":"V\u00e1mokm\u00e1nyok ki\u00e1ll\u00edt\u00e1sa"}]},{"@type":"WebSite","@id":"https:\/\/adintrade.hu\/#website","url":"https:\/\/adintrade.hu\/","name":"Adintrade Kft.","description":"Customs and product fee administration","publisher":{"@id":"https:\/\/adintrade.hu\/#organization"},"potentialAction":[{"@type":"SearchAction","target":{"@type":"EntryPoint","urlTemplate":"https:\/\/adintrade.hu\/?s={search_term_string}"},"query-input":"required name=search_term_string"}],"inLanguage":"english"},{"@type":"Organization","@id":"https:\/\/adintrade.hu\/#organization","name":"Adintrade Kft.","url":"https:\/\/adintrade.hu\/","logo":{"@type":"ImageObject","inLanguage":"english","@id":"https:\/\/adintrade.hu\/#\/schema\/logo\/image\/","url":"https:\/\/adintrade.hu\/wp-content\/uploads\/2022\/08\/cropped-cropped-adintrade_original.png","contentUrl":"https:\/\/adintrade.hu\/wp-content\/uploads\/2022\/08\/cropped-cropped-adintrade_original.png","width":794,"height":247,"caption":"Adintrade Kft."},"image":{"@id":"https:\/\/adintrade.hu\/#\/schema\/logo\/image\/"},"sameAs":["https:\/\/facebook.com\/adintrade"]}]}},"_links":{"self":[{"href":"https:\/\/adintrade.hu\/en\/wp-json\/wp\/v2\/pages\/406"}],"collection":[{"href":"https:\/\/adintrade.hu\/en\/wp-json\/wp\/v2\/pages"}],"about":[{"href":"https:\/\/adintrade.hu\/en\/wp-json\/wp\/v2\/types\/page"}],"author":[{"embeddable":true,"href":"https:\/\/adintrade.hu\/en\/wp-json\/wp\/v2\/users\/1"}],"replies":[{"embeddable":true,"href":"https:\/\/adintrade.hu\/en\/wp-json\/wp\/v2\/comments?post=406"}],"version-history":[{"count":0,"href":"https:\/\/adintrade.hu\/en\/wp-json\/wp\/v2\/pages\/406\/revisions"}],"wp:attachment":[{"href":"https:\/\/adintrade.hu\/en\/wp-json\/wp\/v2\/media?parent=406"}],"curies":[{"name":"wp","href":"https:\/\/api.w.org\/{rel}","templated":true}]}}