{"id":409,"date":"2017-01-17T21:29:07","date_gmt":"2017-01-17T19:29:07","guid":{"rendered":"http:\/\/adintrade.hu\/?page_id=409"},"modified":"2017-01-17T21:29:07","modified_gmt":"2017-01-17T19:29:07","slug":"","status":"publish","type":"page","link":"https:\/\/adintrade.hu\/en\/vamkedvezmenyek-vammentessegek-kihasznalasa-szukseges-igazolasok-beszerzese\/","title":{"rendered":"","raw":""},"content":{"rendered":"","protected":false,"raw":""},"excerpt":{"rendered":"","protected":false,"raw":""},"author":1,"featured_media":0,"parent":0,"menu_order":0,"comment_status":"closed","ping_status":"closed","template":"","meta":{"inline_featured_image":false,"_hu_post_content":"<!-- wp:paragraph -->\n<p><b>A <span data-scayt_word=\"sokf\u00e9le\" data-scaytid=\"1\">sokf\u00e9le<\/span> <span data-scayt_word=\"kedvezm\u00e9ny\" data-scaytid=\"2\">kedvezm\u00e9ny<\/span> <span data-scayt_word=\"ismerete\" data-scaytid=\"3\">ismerete<\/span> <span data-scayt_word=\"\u00e9s\" data-scaytid=\"4\">\u00e9s<\/span> <span data-scayt_word=\"az\" data-scaytid=\"5\">az<\/span> <span data-scayt_word=\"ezek\" data-scaytid=\"6\">ezek<\/span> <span data-scayt_word=\"ig\u00e9nybev\u00e9tel\u00e9hez\" data-scaytid=\"7\">ig\u00e9nybev\u00e9tel\u00e9hez<\/span> <span data-scayt_word=\"sz\u00fcks\u00e9ges\" data-scaytid=\"8\">sz\u00fcks\u00e9ges<\/span> <span data-scayt_word=\"igazol\u00e1sok\" data-scaytid=\"9\">igazol\u00e1sok<\/span> <span data-scayt_word=\"beszerz\u00e9se\" data-scaytid=\"10\">beszerz\u00e9se<\/span> <span data-scayt_word=\"rengeteg\" data-scaytid=\"11\">rengeteg<\/span> <span data-scayt_word=\"k\u00f6lts\u00e9g\" data-scaytid=\"12\">k\u00f6lts\u00e9g<\/span> <span data-scayt_word=\"megtakar\u00edt\u00e1s\u00e1t\" data-scaytid=\"13\">megtakar\u00edt\u00e1s\u00e1t<\/span> <span data-scayt_word=\"teszi\" data-scaytid=\"14\">teszi<\/span> <span data-scayt_word=\"lehet\u0151v\u00e9\" data-scaytid=\"15\">lehet\u0151v\u00e9<\/span>.<\/b><\/p>\n<!-- \/wp:paragraph -->\n\n<!-- wp:paragraph -->\n<p><span data-scayt_word=\"Az\" data-scaytid=\"18\">Az<\/span> <span data-scayt_word=\"ut\u00f3bbi\" data-scaytid=\"19\">ut\u00f3bbi<\/span> <span data-scayt_word=\"\u00e9vtizedben\" data-scaytid=\"20\">\u00e9vtizedben<\/span> a <span data-scayt_word=\"v\u00e1mfizet\u00e9si\" data-scaytid=\"21\">v\u00e1mfizet\u00e9si<\/span> <span data-scayt_word=\"terhek\" data-scaytid=\"22\">terhek<\/span> <span data-scayt_word=\"fokozatosan\" data-scaytid=\"23\">fokozatosan<\/span> <span data-scayt_word=\"cs\u00f6kkentek\" data-scaytid=\"24\">cs\u00f6kkentek<\/span>, <span data-scayt_word=\"az\" data-scaytid=\"16\">az<\/span> <span data-scayt_word=\"ig\u00e9nybe\" data-scaytid=\"26\">ig\u00e9nybe<\/span> <span data-scayt_word=\"vehet\u0151\" data-scaytid=\"27\">vehet\u0151<\/span> <span data-scayt_word=\"kedvezm\u00e9nyek\" data-scaytid=\"28\">kedvezm\u00e9nyek<\/span> <span data-scayt_word=\"pedig\" data-scaytid=\"29\">pedig<\/span> <span data-scayt_word=\"n\u0151ttek\" data-scaytid=\"30\">n\u0151ttek<\/span>. <span data-scayt_word=\"Egyre\" data-scaytid=\"31\">Egyre<\/span> <span data-scayt_word=\"t\u00f6bb\" data-scaytid=\"32\">t\u00f6bb<\/span> a <span data-scayt_word=\"finom\u00edt\u00e1s\" data-scaytid=\"33\">finom\u00edt\u00e1s<\/span>, <span data-scayt_word=\"kiv\u00e9tel\" data-scaytid=\"34\">kiv\u00e9tel<\/span> <span data-scayt_word=\"\u00e9s\" data-scaytid=\"17\">\u00e9s<\/span> <b><span data-scayt_word=\"kedvezm\u00e9ny\" data-scaytid=\"36\">kedvezm\u00e9ny<\/span><\/b>, <span data-scayt_word=\"az\" data-scaytid=\"38\">az<\/span> <span data-scayt_word=\"\u00faj\" data-scaytid=\"49\">\u00faj<\/span> <span data-scayt_word=\"nemzetk\u00f6zi\" data-scaytid=\"50\">nemzetk\u00f6zi<\/span> bi- <span data-scayt_word=\"\u00e9s\" data-scaytid=\"40\">\u00e9s<\/span> <span data-scayt_word=\"multilater\u00e1lis\" data-scaytid=\"53\">multilater\u00e1lis<\/span> <span data-scayt_word=\"meg\u00e1llapod\u00e1s\" data-scaytid=\"54\">meg\u00e1llapod\u00e1s<\/span>.<\/p>\n<!-- \/wp:paragraph -->\n\n<!-- wp:paragraph -->\n<p>A <span data-scayt_word=\"sokf\u00e9le\" data-scaytid=\"42\">sokf\u00e9le<\/span> <span data-scayt_word=\"kedvezm\u00e9ny\" data-scaytid=\"37\">kedvezm\u00e9ny<\/span><\/p>\n<!-- \/wp:paragraph -->\n\n<!-- wp:list -->\n<ul><li><b><span data-scayt_word=\"ismerete\" data-scaytid=\"43\">ismerete<\/span><\/b> <span data-scayt_word=\"\u00e9s\" data-scaytid=\"41\">\u00e9s<\/span> <span data-scayt_word=\"az\" data-scaytid=\"39\">az<\/span> <span data-scayt_word=\"ezek\" data-scaytid=\"44\">ezek<\/span><\/li><li><span data-scayt_word=\"ig\u00e9nybev\u00e9tel\u00e9hez\" data-scaytid=\"58\">ig\u00e9nybev\u00e9tel\u00e9hez<\/span> <span data-scayt_word=\"sz\u00fcks\u00e9ges\" data-scaytid=\"59\">sz\u00fcks\u00e9ges<\/span> <b><span data-scayt_word=\"igazol\u00e1sok\" data-scaytid=\"60\">igazol\u00e1sok<\/span> <span data-scayt_word=\"beszerz\u00e9se\" data-scaytid=\"61\">beszerz\u00e9se<\/span><\/b><\/li><\/ul>\n<!-- \/wp:list -->\n\n<!-- wp:paragraph -->\n<p><b><span data-scayt_word=\"rengeteg\" data-scaytid=\"62\">rengeteg<\/span> <span data-scayt_word=\"k\u00f6lts\u00e9g\" data-scaytid=\"63\">k\u00f6lts\u00e9g<\/span> <span data-scayt_word=\"megtakar\u00edt\u00e1s\u00e1t\" data-scaytid=\"64\">megtakar\u00edt\u00e1s\u00e1t<\/span><\/b> <span data-scayt_word=\"teszi\" data-scaytid=\"65\">teszi<\/span> <span data-scayt_word=\"lehet\u0151v\u00e9\" data-scaytid=\"66\">lehet\u0151v\u00e9<\/span>, <span data-scayt_word=\"\u00edgy\" data-scaytid=\"76\">\u00edgy<\/span> <span data-scayt_word=\"p\u00e9ld\u00e1ul\" data-scaytid=\"77\">p\u00e9ld\u00e1ul<\/span><\/p>\n<!-- \/wp:paragraph -->\n\n<!-- wp:list -->\n<ul><li><b><span data-scayt_word=\"v\u00e1mrakt\u00e1rak\" data-scaytid=\"78\">v\u00e1mrakt\u00e1rak<\/span><\/b> <span data-scayt_word=\"\u00fczemeltet\u00e9s\u00e9ben\" data-scaytid=\"79\">\u00fczemeltet\u00e9s\u00e9ben<\/span> <span data-scayt_word=\"rejl\u0151\" data-scaytid=\"80\">rejl\u0151<\/span> <b><span data-scayt_word=\"v\u00e1mteher-megnemfizet\u00e9si\" data-scaytid=\"81\">v\u00e1mteher-megnemfizet\u00e9si<\/span><\/b> <span data-scayt_word=\"lehet\u0151s\u00e9gek\" data-scaytid=\"82\">lehet\u0151s\u00e9gek<\/span> <span data-scayt_word=\"kihaszn\u00e1l\u00e1s\u00e1val\" data-scaytid=\"83\">kihaszn\u00e1l\u00e1s\u00e1val<\/span>,<\/li><li><b><span data-scayt_word=\"kamatmentes\" data-scaytid=\"84\">kamatmentes<\/span>(!) <span data-scayt_word=\"halasztott\" data-scaytid=\"85\">halasztott<\/span><\/b> <span data-scayt_word=\"v\u00e1mfizet\u00e9si\" data-scaytid=\"86\">v\u00e1mfizet\u00e9si<\/span> <span data-scayt_word=\"jogosults\u00e1g\" data-scaytid=\"88\">jogosults\u00e1g<\/span> <span data-scayt_word=\"vagy\" data-scaytid=\"89\">vagy<\/span> <span data-scayt_word=\"\u00f6nad\u00f3z\u00f3i\" data-scaytid=\"90\">\u00f6nad\u00f3z\u00f3i<\/span> <span data-scayt_word=\"enged\u00e9ly\" data-scaytid=\"91\">enged\u00e9ly<\/span> <span data-scayt_word=\"megszerz\u00e9se\" data-scaytid=\"92\">megszerz\u00e9se<\/span> <span data-scayt_word=\"alapj\u00e1n\" data-scaytid=\"93\">alapj\u00e1n<\/span>,<\/li><li><b><span data-scayt_word=\"exportterm\u00e9kbe\" data-scaytid=\"94\">exportterm\u00e9kbe<\/span><\/b> <span data-scayt_word=\"t\u00f6rt\u00e9n\u0151\" data-scaytid=\"95\">t\u00f6rt\u00e9n\u0151<\/span> <b><span data-scayt_word=\"be\u00e9p\u00edt\u00e9s\" data-scaytid=\"96\">be\u00e9p\u00edt\u00e9s<\/span><\/b> <span data-scayt_word=\"jogc\u00edm\u00e9n\" data-scaytid=\"101\">jogc\u00edm\u00e9n<\/span> <span data-scayt_word=\"ig\u00e9nybe\" data-scaytid=\"97\">ig\u00e9nybe<\/span> <span data-scayt_word=\"vehet\u0151\" data-scaytid=\"98\">vehet\u0151<\/span> <b><span data-scayt_word=\"v\u00e1mvisszat\u00e9r\u00edt\u00e9s\" data-scaytid=\"104\">v\u00e1mvisszat\u00e9r\u00edt\u00e9s<\/span><\/b> <span data-scayt_word=\"kihaszn\u00e1l\u00e1s\u00e1val\" data-scaytid=\"99\">kihaszn\u00e1l\u00e1s\u00e1val<\/span>, <span data-scayt_word=\"tov\u00e1bb\u00e1\" data-scaytid=\"106\">tov\u00e1bb\u00e1<\/span><\/li><li><span data-scayt_word=\"enged\u00e9lyezett\" data-scaytid=\"107\">enged\u00e9lyezett<\/span> <b><span data-scayt_word=\"c\u00edmzetti\" data-scaytid=\"108\">c\u00edmzetti<\/span>, <span data-scayt_word=\"felad\u00f3i\" data-scaytid=\"109\">felad\u00f3i<\/span> <span data-scayt_word=\"st\u00e1tusz\" data-scaytid=\"110\">st\u00e1tusz<\/span><\/b> <span data-scayt_word=\"vagy\" data-scaytid=\"100\">vagy<\/span> <span data-scayt_word=\"elfogadott\" data-scaytid=\"112\">elfogadott<\/span> <b><span data-scayt_word=\"export\u0151ri\" data-scaytid=\"116\">export\u0151ri<\/span> <span data-scayt_word=\"st\u00e1tusz\" data-scaytid=\"113\">st\u00e1tusz<\/span><\/b> <span data-scayt_word=\"megszerz\u00e9se\" data-scaytid=\"114\">megszerz\u00e9se<\/span> <span data-scayt_word=\"r\u00e9v\u00e9n\" data-scaytid=\"119\">r\u00e9v\u00e9n<\/span>.<\/li><\/ul>\n<!-- \/wp:list -->\n\n<!-- wp:paragraph -->\n<p><span data-scayt_word=\"Mivel\" data-scaytid=\"120\">Mivel<\/span> a <b><span data-scayt_word=\"v\u00e1mszab\u00e1lyok\" data-scaytid=\"121\">v\u00e1mszab\u00e1lyok<\/span><\/b> <span data-scayt_word=\"nagyon\" data-scaytid=\"122\">nagyon<\/span> <b><span data-scayt_word=\"gyakran\" data-scaytid=\"123\">gyakran<\/span> <\/b><span data-scayt_word=\"m\u00f3dosulnak\" data-scaytid=\"124\"><b>m\u00f3dosulna<\/b>k<\/span>, <span data-scayt_word=\"ez\u00e9rt\" data-scaytid=\"125\">ez\u00e9rt<\/span> <span data-scayt_word=\"ezek\" data-scaytid=\"115\">ezek<\/span> <b><span data-scayt_word=\"naprak\u00e9sz\" data-scaytid=\"127\">naprak\u00e9sz<\/span> <span data-scayt_word=\"k\u00f6vet\u00e9s\u00e9re\" data-scaytid=\"128\">k\u00f6vet\u00e9s\u00e9re<\/span><\/b> <span data-scayt_word=\"k\u00fcl\u00f6n\u00f6s\" data-scaytid=\"130\">k\u00fcl\u00f6n\u00f6s<\/span> <span data-scayt_word=\"gondot\" data-scaytid=\"131\">gondot<\/span> <span data-scayt_word=\"ford\u00edtunk\" data-scaytid=\"132\">ford\u00edtunk<\/span>. <span data-scayt_word=\"Ez\u00e1ltal\" data-scaytid=\"133\">Ez\u00e1ltal<\/span> el <span data-scayt_word=\"tudjuk\" data-scaytid=\"134\">tudjuk<\/span> <span data-scayt_word=\"\u00e9rni\" data-scaytid=\"135\">\u00e9rni<\/span>, <span data-scayt_word=\"hogy\" data-scaytid=\"136\">hogy<\/span> <b><span data-scayt_word=\"\u00fcgyfeleink\" data-scaytid=\"137\">\u00fcgyfeleink<\/span> <span data-scayt_word=\"MINDIG\" data-scaytid=\"138\">MINDIG<\/span> A <span data-scayt_word=\"MAXIM\u00c1LIS\" data-scaytid=\"139\">MAXIM\u00c1LIS<\/span> <span data-scayt_word=\"KEDVEZM\u00c9NYEKET\" data-scaytid=\"140\">KEDVEZM\u00c9NYEKET<\/span> <span data-scayt_word=\"vehess\u00e9k\" data-scaytid=\"141\">vehess\u00e9k<\/span> <span data-scayt_word=\"ig\u00e9nybe\" data-scaytid=\"129\">ig\u00e9nybe<\/span>.<\/b><\/p>\n<!-- \/wp:paragraph -->\n\n<!-- wp:paragraph -->\n<p><span data-scayt_word=\"N\u00e9h\u00e1ny\" data-scaytid=\"145\">N\u00e9h\u00e1ny<\/span> <span data-scayt_word=\"p\u00e9lda\" data-scaytid=\"146\">p\u00e9lda<\/span> <span data-scayt_word=\"arra\" data-scaytid=\"147\">arra<\/span>, <span data-scayt_word=\"hogy\" data-scaytid=\"143\">hogy<\/span> mi <span data-scayt_word=\"mindennel\" data-scaytid=\"150\">mindennel<\/span> <span data-scayt_word=\"kell\" data-scaytid=\"151\">kell<\/span> <span data-scayt_word=\"tiszt\u00e1ban\" data-scaytid=\"152\">tiszt\u00e1ban<\/span> <span data-scayt_word=\"lenn\u00fcnk\" data-scaytid=\"153\">lenn\u00fcnk<\/span> <span data-scayt_word=\"annak\" data-scaytid=\"154\">annak<\/span> <span data-scayt_word=\"\u00e9rdek\u00e9ben\" data-scaytid=\"155\">\u00e9rdek\u00e9ben<\/span>, <span data-scayt_word=\"hogy\" data-scaytid=\"144\">hogy<\/span> <span data-scayt_word=\"\u00fcgyfeleinket\" data-scaytid=\"156\">\u00fcgyfeleinket<\/span> <span data-scayt_word=\"min\u00e9l\" data-scaytid=\"157\">min\u00e9l<\/span> <span data-scayt_word=\"kisebb\" data-scaytid=\"158\">kisebb<\/span> <span data-scayt_word=\"k\u00f6lts\u00e9gek\" data-scaytid=\"159\">k\u00f6lts\u00e9gek<\/span> <span data-scayt_word=\"terhelj\u00e9k\" data-scaytid=\"160\">terhelj\u00e9k<\/span>:<\/p>\n<!-- \/wp:paragraph -->\n\n<!-- wp:paragraph -->\n<p><span data-scayt_word=\"Ismern\u00fcnk\" data-scaytid=\"166\">Ismern\u00fcnk<\/span> <span data-scayt_word=\"kell\" data-scaytid=\"161\">kell<\/span> <span data-scayt_word=\"t\u00f6bbek\" data-scaytid=\"168\">t\u00f6bbek<\/span> <span data-scayt_word=\"k\u00f6z\u00f6tt\" data-scaytid=\"169\">k\u00f6z\u00f6tt<\/span> <span data-scayt_word=\"azt\" data-scaytid=\"170\">azt<\/span>, <span data-scayt_word=\"hogy\" data-scaytid=\"162\">hogy<\/span><\/p>\n<!-- \/wp:paragraph -->\n\n<!-- wp:list -->\n<ul><li><b><span data-scayt_word=\"mely\" data-scaytid=\"172\">mely<\/span> <span data-scayt_word=\"orsz\u00e1gokkal\" data-scaytid=\"173\">orsz\u00e1gokkal<\/span><\/b> <span data-scayt_word=\"k\u00f6t\u00f6tt\" data-scaytid=\"174\">k\u00f6t\u00f6tt<\/span> <span data-scayt_word=\"az\" data-scaytid=\"163\">az<\/span> EU <span data-scayt_word=\"nemzetk\u00f6zi\" data-scaytid=\"165\">nemzetk\u00f6zi<\/span> <span data-scayt_word=\"meg\u00e1llapod\u00e1st\" data-scaytid=\"178\">meg\u00e1llapod\u00e1st<\/span> <span data-scayt_word=\"az\" data-scaytid=\"164\">az<\/span> <span data-scayt_word=\"adott\" data-scaytid=\"179\">adott<\/span> <span data-scayt_word=\"orsz\u00e1gokb\u00f3l\" data-scaytid=\"180\">orsz\u00e1gokb\u00f3l<\/span> <span data-scayt_word=\"sz\u00e1rmaz\u00f3\" data-scaytid=\"181\">sz\u00e1rmaz\u00f3<\/span> <span data-scayt_word=\"term\u00e9kek\" data-scaytid=\"182\">term\u00e9kek<\/span> <b><span data-scayt_word=\"kedvez\u0151bb\" data-scaytid=\"183\">kedvez\u0151bb<\/span> <span data-scayt_word=\"v\u00e1mt\u00e9tellel\" data-scaytid=\"184\">v\u00e1mt\u00e9tellel<\/span><\/b> <span data-scayt_word=\"val\u00f3\" data-scaytid=\"188\">val\u00f3<\/span> <span data-scayt_word=\"v\u00e1mkezel\u00e9s\u00e9re\" data-scaytid=\"189\">v\u00e1mkezel\u00e9s\u00e9re<\/span> (<span data-scayt_word=\"persze\" data-scaytid=\"190\">persze<\/span> <span data-scayt_word=\"csak\" data-scaytid=\"191\">csak<\/span> a <span data-scayt_word=\"megfelel\u0151\" data-scaytid=\"192\">megfelel\u0151<\/span> <span data-scayt_word=\"felt\u00e9telek\" data-scaytid=\"193\">felt\u00e9telek<\/span> <span data-scayt_word=\"\u00e9s\" data-scaytid=\"185\">\u00e9s<\/span> <span data-scayt_word=\"igazol\u00e1sok\" data-scaytid=\"186\">igazol\u00e1sok<\/span> <span data-scayt_word=\"egyidej\u0171\" data-scaytid=\"196\">egyidej\u0171<\/span> <span data-scayt_word=\"megl\u00e9te\" data-scaytid=\"197\">megl\u00e9te<\/span> <span data-scayt_word=\"eset\u00e9n\" data-scaytid=\"198\">eset\u00e9n<\/span>);<\/li><li><b><span data-scayt_word=\"mely\" data-scaytid=\"187\">mely<\/span> <span data-scayt_word=\"term\u00e9kekre\" data-scaytid=\"200\">term\u00e9kekre<\/span><\/b> <span data-scayt_word=\"vonatkoz\u00f3an\" data-scaytid=\"205\">vonatkoz\u00f3an<\/span> van <span data-scayt_word=\"az\" data-scaytid=\"201\">az<\/span> <span data-scayt_word=\"EU-nak\" data-scaytid=\"207\">EU-nak<\/span> <b><span data-scayt_word=\"auton\u00f3m\" data-scaytid=\"208\">auton\u00f3m<\/span> <span data-scayt_word=\"v\u00e1mkedvezm\u00e9nye\" data-scaytid=\"209\">v\u00e1mkedvezm\u00e9nye<\/span><\/b>, <span data-scayt_word=\"\u00e9s\" data-scaytid=\"202\">\u00e9s<\/span> mi a <span data-scayt_word=\"kedvezm\u00e9ny\" data-scaytid=\"203\">kedvezm\u00e9ny<\/span> <b><span data-scayt_word=\"tartalma\" data-scaytid=\"212\">tartalma<\/span><\/b> (<span data-scayt_word=\"pl\" data-scaytid=\"213\">pl<\/span>. <span data-scayt_word=\"v\u00e1mkontingensek\" data-scaytid=\"214\">v\u00e1mkontingensek<\/span>, <span data-scayt_word=\"meghat\u00e1rozott\" data-scaytid=\"215\">meghat\u00e1rozott<\/span> <span data-scayt_word=\"felhaszn\u00e1l\u00e1si\" data-scaytid=\"216\">felhaszn\u00e1l\u00e1si<\/span> <span data-scayt_word=\"c\u00e9l\u00fa\" data-scaytid=\"217\">c\u00e9l\u00fa<\/span> <span data-scayt_word=\"kedvezm\u00e9nyek\" data-scaytid=\"204\">kedvezm\u00e9nyek<\/span>);<\/li><li><b><span data-scayt_word=\"milyen\" data-scaytid=\"219\">milyen<\/span> <span data-scayt_word=\"jogc\u00edmeken\" data-scaytid=\"221\">jogc\u00edmeken<\/span><\/b>, <span data-scayt_word=\"milyen\" data-scaytid=\"220\">milyen<\/span> <b><span data-scayt_word=\"felt\u00e9telek\" data-scaytid=\"222\">felt\u00e9telek<\/span><\/b> <span data-scayt_word=\"\u00e9s\" data-scaytid=\"223\">\u00e9s<\/span> <span data-scayt_word=\"milyen\" data-scaytid=\"224\">milyen<\/span> <span data-scayt_word=\"v\u00e1mkezel\u00e9skor\" data-scaytid=\"231\">v\u00e1mkezel\u00e9skor<\/span> <span data-scayt_word=\"bemutatott\" data-scaytid=\"232\">bemutatott<\/span> <b><span data-scayt_word=\"igazol\u00e1sok\" data-scaytid=\"225\">igazol\u00e1sok<\/span><\/b> <span data-scayt_word=\"megl\u00e9te\" data-scaytid=\"226\">megl\u00e9te<\/span> <span data-scayt_word=\"eset\u00e9n\" data-scaytid=\"227\">eset\u00e9n<\/span> <span data-scayt_word=\"lehet\" data-scaytid=\"236\">lehet<\/span> <b><span data-scayt_word=\"v\u00e1mmentess\u00e9get\" data-scaytid=\"237\">v\u00e1mmentess\u00e9get<\/span><\/b> <span data-scayt_word=\"kapni\" data-scaytid=\"238\">kapni<\/span><\/li><\/ul>\n<!-- \/wp:list -->","_hu_post_name":"vamkedvezmenyek-vammentessegek-kihasznalasa-szukseges-igazolasok-beszerzese","_hu_post_excerpt":"","_hu_post_title":"V\u00e1mkedvezm\u00e9nyek, v\u00e1mmentess\u00e9gek kihaszn\u00e1l\u00e1sa, a sz\u00fcks\u00e9ges igazol\u00e1sok beszerz\u00e9se","_en_post_content":"","_en_post_name":"","_en_post_excerpt":"","_en_post_title":"","edit_language":"en","footnotes":""},"yoast_head":"<!-- This site is optimized with the Yoast SEO plugin v21.7 - https:\/\/yoast.com\/wordpress\/plugins\/seo\/ -->\n<title>V\u00e1mkedvezm\u00e9nyek, v\u00e1mmentess\u00e9gek kihaszn\u00e1l\u00e1sa, a sz\u00fcks\u00e9ges igazol\u00e1sok beszerz\u00e9se - Adintrade Kft.<\/title>\n<meta name=\"robots\" content=\"index, follow, max-snippet:-1, max-image-preview:large, max-video-preview:-1\" \/>\n<link rel=\"canonical\" href=\"https:\/\/adintrade.hu\/en\/vamkedvezmenyek-vammentessegek-kihasznalasa-szukseges-igazolasok-beszerzese\/\" \/>\n<meta property=\"og:locale\" content=\"en_US\" \/>\n<meta property=\"og:type\" content=\"article\" \/>\n<meta property=\"og:title\" content=\"V\u00e1mkedvezm\u00e9nyek, v\u00e1mmentess\u00e9gek kihaszn\u00e1l\u00e1sa, a sz\u00fcks\u00e9ges igazol\u00e1sok beszerz\u00e9se - Adintrade Kft.\" \/>\n<meta property=\"og:description\" content=\"A sokf\u00e9le kedvezm\u00e9ny ismerete \u00e9s az ezek ig\u00e9nybev\u00e9tel\u00e9hez sz\u00fcks\u00e9ges igazol\u00e1sok beszerz\u00e9se rengeteg k\u00f6lts\u00e9g megtakar\u00edt\u00e1s\u00e1t teszi lehet\u0151v\u00e9. Az ut\u00f3bbi \u00e9vtizedben a v\u00e1mfizet\u00e9si terhek fokozatosan cs\u00f6kkentek, az ig\u00e9nybe vehet\u0151 kedvezm\u00e9nyek pedig n\u0151ttek. Egyre t\u00f6bb a finom\u00edt\u00e1s, kiv\u00e9tel \u00e9s kedvezm\u00e9ny, az \u00faj nemzetk\u00f6zi bi- \u00e9s multilater\u00e1lis meg\u00e1llapod\u00e1s. A sokf\u00e9le kedvezm\u00e9ny ismerete \u00e9s az ezek ig\u00e9nybev\u00e9tel\u00e9hez sz\u00fcks\u00e9ges igazol\u00e1sok beszerz\u00e9se [&hellip;]\" \/>\n<meta property=\"og:url\" content=\"https:\/\/adintrade.hu\/en\/vamkedvezmenyek-vammentessegek-kihasznalasa-szukseges-igazolasok-beszerzese\/\" \/>\n<meta property=\"og:site_name\" content=\"Adintrade Kft.\" \/>\n<meta property=\"article:publisher\" content=\"https:\/\/facebook.com\/adintrade\" \/>\n<meta name=\"twitter:card\" content=\"summary_large_image\" \/>\n<meta name=\"twitter:label1\" content=\"Est. reading time\" \/>\n\t<meta name=\"twitter:data1\" content=\"2 minutes\" \/>\n<script type=\"application\/ld+json\" class=\"yoast-schema-graph\">{\"@context\":\"https:\/\/schema.org\",\"@graph\":[{\"@type\":\"WebPage\",\"@id\":\"https:\/\/adintrade.hu\/en\/vamkedvezmenyek-vammentessegek-kihasznalasa-szukseges-igazolasok-beszerzese\/\",\"url\":\"https:\/\/adintrade.hu\/en\/vamkedvezmenyek-vammentessegek-kihasznalasa-szukseges-igazolasok-beszerzese\/\",\"name\":\"V\u00e1mkedvezm\u00e9nyek, v\u00e1mmentess\u00e9gek kihaszn\u00e1l\u00e1sa, a sz\u00fcks\u00e9ges igazol\u00e1sok beszerz\u00e9se - Adintrade Kft.\",\"isPartOf\":{\"@id\":\"https:\/\/adintrade.hu\/#website\"},\"datePublished\":\"2017-01-17T19:29:07+00:00\",\"dateModified\":\"2017-01-17T19:29:07+00:00\",\"breadcrumb\":{\"@id\":\"https:\/\/adintrade.hu\/en\/vamkedvezmenyek-vammentessegek-kihasznalasa-szukseges-igazolasok-beszerzese\/#breadcrumb\"},\"inLanguage\":\"english\",\"potentialAction\":[{\"@type\":\"ReadAction\",\"target\":[\"https:\/\/adintrade.hu\/en\/vamkedvezmenyek-vammentessegek-kihasznalasa-szukseges-igazolasok-beszerzese\/\"]}]},{\"@type\":\"BreadcrumbList\",\"@id\":\"https:\/\/adintrade.hu\/en\/vamkedvezmenyek-vammentessegek-kihasznalasa-szukseges-igazolasok-beszerzese\/#breadcrumb\",\"itemListElement\":[{\"@type\":\"ListItem\",\"position\":1,\"name\":\"Home\",\"item\":\"https:\/\/adintrade.hu\/\"},{\"@type\":\"ListItem\",\"position\":2,\"name\":\"V\u00e1mkedvezm\u00e9nyek, v\u00e1mmentess\u00e9gek kihaszn\u00e1l\u00e1sa, a sz\u00fcks\u00e9ges igazol\u00e1sok beszerz\u00e9se\"}]},{\"@type\":\"WebSite\",\"@id\":\"https:\/\/adintrade.hu\/#website\",\"url\":\"https:\/\/adintrade.hu\/\",\"name\":\"Adintrade Kft.\",\"description\":\"Customs and product fee administration\",\"publisher\":{\"@id\":\"https:\/\/adintrade.hu\/#organization\"},\"potentialAction\":[{\"@type\":\"SearchAction\",\"target\":{\"@type\":\"EntryPoint\",\"urlTemplate\":\"https:\/\/adintrade.hu\/?s={search_term_string}\"},\"query-input\":\"required name=search_term_string\"}],\"inLanguage\":\"english\"},{\"@type\":\"Organization\",\"@id\":\"https:\/\/adintrade.hu\/#organization\",\"name\":\"Adintrade Kft.\",\"url\":\"https:\/\/adintrade.hu\/\",\"logo\":{\"@type\":\"ImageObject\",\"inLanguage\":\"english\",\"@id\":\"https:\/\/adintrade.hu\/#\/schema\/logo\/image\/\",\"url\":\"https:\/\/adintrade.hu\/wp-content\/uploads\/2022\/08\/cropped-cropped-adintrade_original.png\",\"contentUrl\":\"https:\/\/adintrade.hu\/wp-content\/uploads\/2022\/08\/cropped-cropped-adintrade_original.png\",\"width\":794,\"height\":247,\"caption\":\"Adintrade Kft.\"},\"image\":{\"@id\":\"https:\/\/adintrade.hu\/#\/schema\/logo\/image\/\"},\"sameAs\":[\"https:\/\/facebook.com\/adintrade\"]}]}<\/script>\n<!-- \/ Yoast SEO plugin. -->","yoast_head_json":{"title":"V\u00e1mkedvezm\u00e9nyek, v\u00e1mmentess\u00e9gek kihaszn\u00e1l\u00e1sa, a sz\u00fcks\u00e9ges igazol\u00e1sok beszerz\u00e9se - Adintrade Kft.","robots":{"index":"index","follow":"follow","max-snippet":"max-snippet:-1","max-image-preview":"max-image-preview:large","max-video-preview":"max-video-preview:-1"},"canonical":"https:\/\/adintrade.hu\/en\/vamkedvezmenyek-vammentessegek-kihasznalasa-szukseges-igazolasok-beszerzese\/","og_locale":"en_US","og_type":"article","og_title":"V\u00e1mkedvezm\u00e9nyek, v\u00e1mmentess\u00e9gek kihaszn\u00e1l\u00e1sa, a sz\u00fcks\u00e9ges igazol\u00e1sok beszerz\u00e9se - Adintrade Kft.","og_description":"A sokf\u00e9le kedvezm\u00e9ny ismerete \u00e9s az ezek ig\u00e9nybev\u00e9tel\u00e9hez sz\u00fcks\u00e9ges igazol\u00e1sok beszerz\u00e9se rengeteg k\u00f6lts\u00e9g megtakar\u00edt\u00e1s\u00e1t teszi lehet\u0151v\u00e9. Az ut\u00f3bbi \u00e9vtizedben a v\u00e1mfizet\u00e9si terhek fokozatosan cs\u00f6kkentek, az ig\u00e9nybe vehet\u0151 kedvezm\u00e9nyek pedig n\u0151ttek. Egyre t\u00f6bb a finom\u00edt\u00e1s, kiv\u00e9tel \u00e9s kedvezm\u00e9ny, az \u00faj nemzetk\u00f6zi bi- \u00e9s multilater\u00e1lis meg\u00e1llapod\u00e1s. A sokf\u00e9le kedvezm\u00e9ny ismerete \u00e9s az ezek ig\u00e9nybev\u00e9tel\u00e9hez sz\u00fcks\u00e9ges igazol\u00e1sok beszerz\u00e9se [&hellip;]","og_url":"https:\/\/adintrade.hu\/en\/vamkedvezmenyek-vammentessegek-kihasznalasa-szukseges-igazolasok-beszerzese\/","og_site_name":"Adintrade Kft.","article_publisher":"https:\/\/facebook.com\/adintrade","twitter_card":"summary_large_image","twitter_misc":{"Est. reading time":"2 minutes"},"schema":{"@context":"https:\/\/schema.org","@graph":[{"@type":"WebPage","@id":"https:\/\/adintrade.hu\/en\/vamkedvezmenyek-vammentessegek-kihasznalasa-szukseges-igazolasok-beszerzese\/","url":"https:\/\/adintrade.hu\/en\/vamkedvezmenyek-vammentessegek-kihasznalasa-szukseges-igazolasok-beszerzese\/","name":"V\u00e1mkedvezm\u00e9nyek, v\u00e1mmentess\u00e9gek kihaszn\u00e1l\u00e1sa, a sz\u00fcks\u00e9ges igazol\u00e1sok beszerz\u00e9se - Adintrade Kft.","isPartOf":{"@id":"https:\/\/adintrade.hu\/#website"},"datePublished":"2017-01-17T19:29:07+00:00","dateModified":"2017-01-17T19:29:07+00:00","breadcrumb":{"@id":"https:\/\/adintrade.hu\/en\/vamkedvezmenyek-vammentessegek-kihasznalasa-szukseges-igazolasok-beszerzese\/#breadcrumb"},"inLanguage":"english","potentialAction":[{"@type":"ReadAction","target":["https:\/\/adintrade.hu\/en\/vamkedvezmenyek-vammentessegek-kihasznalasa-szukseges-igazolasok-beszerzese\/"]}]},{"@type":"BreadcrumbList","@id":"https:\/\/adintrade.hu\/en\/vamkedvezmenyek-vammentessegek-kihasznalasa-szukseges-igazolasok-beszerzese\/#breadcrumb","itemListElement":[{"@type":"ListItem","position":1,"name":"Home","item":"https:\/\/adintrade.hu\/"},{"@type":"ListItem","position":2,"name":"V\u00e1mkedvezm\u00e9nyek, v\u00e1mmentess\u00e9gek kihaszn\u00e1l\u00e1sa, a sz\u00fcks\u00e9ges igazol\u00e1sok beszerz\u00e9se"}]},{"@type":"WebSite","@id":"https:\/\/adintrade.hu\/#website","url":"https:\/\/adintrade.hu\/","name":"Adintrade Kft.","description":"Customs and product fee administration","publisher":{"@id":"https:\/\/adintrade.hu\/#organization"},"potentialAction":[{"@type":"SearchAction","target":{"@type":"EntryPoint","urlTemplate":"https:\/\/adintrade.hu\/?s={search_term_string}"},"query-input":"required name=search_term_string"}],"inLanguage":"english"},{"@type":"Organization","@id":"https:\/\/adintrade.hu\/#organization","name":"Adintrade Kft.","url":"https:\/\/adintrade.hu\/","logo":{"@type":"ImageObject","inLanguage":"english","@id":"https:\/\/adintrade.hu\/#\/schema\/logo\/image\/","url":"https:\/\/adintrade.hu\/wp-content\/uploads\/2022\/08\/cropped-cropped-adintrade_original.png","contentUrl":"https:\/\/adintrade.hu\/wp-content\/uploads\/2022\/08\/cropped-cropped-adintrade_original.png","width":794,"height":247,"caption":"Adintrade Kft."},"image":{"@id":"https:\/\/adintrade.hu\/#\/schema\/logo\/image\/"},"sameAs":["https:\/\/facebook.com\/adintrade"]}]}},"_links":{"self":[{"href":"https:\/\/adintrade.hu\/en\/wp-json\/wp\/v2\/pages\/409"}],"collection":[{"href":"https:\/\/adintrade.hu\/en\/wp-json\/wp\/v2\/pages"}],"about":[{"href":"https:\/\/adintrade.hu\/en\/wp-json\/wp\/v2\/types\/page"}],"author":[{"embeddable":true,"href":"https:\/\/adintrade.hu\/en\/wp-json\/wp\/v2\/users\/1"}],"replies":[{"embeddable":true,"href":"https:\/\/adintrade.hu\/en\/wp-json\/wp\/v2\/comments?post=409"}],"version-history":[{"count":0,"href":"https:\/\/adintrade.hu\/en\/wp-json\/wp\/v2\/pages\/409\/revisions"}],"wp:attachment":[{"href":"https:\/\/adintrade.hu\/en\/wp-json\/wp\/v2\/media?parent=409"}],"curies":[{"name":"wp","href":"https:\/\/api.w.org\/{rel}","templated":true}]}}