{"id":412,"date":"2017-01-17T21:29:49","date_gmt":"2017-01-17T19:29:49","guid":{"rendered":"http:\/\/adintrade.hu\/?page_id=412"},"modified":"2017-01-17T21:29:49","modified_gmt":"2017-01-17T19:29:49","slug":"","status":"publish","type":"page","link":"https:\/\/adintrade.hu\/en\/vamokmanyok-felulvizsgalata-javitasa-kiegeszitese\/","title":{"rendered":"","raw":""},"content":{"rendered":"","protected":false,"raw":""},"excerpt":{"rendered":"","protected":false,"raw":""},"author":1,"featured_media":0,"parent":0,"menu_order":0,"comment_status":"closed","ping_status":"closed","template":"","meta":{"inline_featured_image":false,"_hu_post_content":"<!-- wp:paragraph -->\n<p><span data-scayt_word=\"Amennyiben\" data-scaytid=\"1\">Amennyiben<\/span> <span data-scayt_word=\"\u00fcgyfel\u00fcnk\" data-scaytid=\"2\">\u00fcgyfel\u00fcnk<\/span> <span data-scayt_word=\"maga\" data-scaytid=\"3\">maga<\/span> <span data-scayt_word=\"t\u00f6lti\" data-scaytid=\"4\">t\u00f6lti<\/span> <span data-scayt_word=\"ki\" data-scaytid=\"5\">ki<\/span> a <span data-scayt_word=\"v\u00e1mokm\u00e1nyokat\" data-scaytid=\"6\">v\u00e1mokm\u00e1nyokat<\/span>, de <span data-scayt_word=\"biztos\" data-scaytid=\"7\">biztos<\/span> <span data-scayt_word=\"akar\" data-scaytid=\"8\">akar<\/span> <span data-scayt_word=\"lenni\" data-scaytid=\"9\">lenni<\/span> <span data-scayt_word=\"abban\" data-scaytid=\"10\">abban<\/span>, <span data-scayt_word=\"hogy\" data-scaytid=\"12\">hogy<\/span> <span data-scayt_word=\"az\" data-scaytid=\"14\">az<\/span> <span data-scayt_word=\"okm\u00e1nyok\" data-scaytid=\"15\">okm\u00e1nyok<\/span> <span data-scayt_word=\"ki\u00e1ll\u00edt\u00e1sa\" data-scaytid=\"16\">ki\u00e1ll\u00edt\u00e1sa<\/span> <span data-scayt_word=\"\u00fagy\" data-scaytid=\"17\">\u00fagy<\/span> <span data-scayt_word=\"t\u00f6rt\u00e9nt\" data-scaytid=\"18\">t\u00f6rt\u00e9nt<\/span> meg, <span data-scayt_word=\"hogy\" data-scaytid=\"13\">hogy<\/span> <span data-scayt_word=\"abban\" data-scaytid=\"11\">abban<\/span> a <span data-scayt_word=\"v\u00e1mszervek\" data-scaytid=\"19\">v\u00e1mszervek<\/span> <span data-scayt_word=\"semmi\" data-scaytid=\"20\">semmi<\/span> <span data-scayt_word=\"kivetnival\u00f3t\" data-scaytid=\"21\">kivetnival\u00f3t<\/span> ne <span data-scayt_word=\"tal\u00e1lhassanak\" data-scaytid=\"22\">tal\u00e1lhassanak<\/span>, <span data-scayt_word=\"akkor\" data-scaytid=\"23\">akkor<\/span> <span data-scayt_word=\"sz\u00edvesen\" data-scaytid=\"24\">sz\u00edvesen<\/span> <span data-scayt_word=\"elv\u00e1llaljuk\" data-scaytid=\"25\">elv\u00e1llaljuk<\/span><\/p>\n<!-- \/wp:paragraph -->\n\n<!-- wp:list -->\n<ul><li><span data-scayt_word=\"az\" data-scaytid=\"51\">az<\/span> <span data-scayt_word=\"\u00e1ltala\" data-scaytid=\"79\">\u00e1ltala<\/span> <span data-scayt_word=\"kit\u00f6lt\u00f6tt\" data-scaytid=\"80\">kit\u00f6lt\u00f6tt<\/span> <span data-scayt_word=\"v\u00e1mokm\u00e1nyok\" data-scaytid=\"81\">v\u00e1mokm\u00e1nyok<\/span> <b><span data-scayt_word=\"fel\u00fclvizsg\u00e1lat\u00e1t\" data-scaytid=\"82\">fel\u00fclvizsg\u00e1lat\u00e1t<\/span><\/b> <span data-scayt_word=\"\u00e9s\" data-scaytid=\"83\">\u00e9s<\/span> ha <span data-scayt_word=\"sz\u00fcks\u00e9ges\" data-scaytid=\"84\">sz\u00fcks\u00e9ges<\/span>, <span data-scayt_word=\"akkor\" data-scaytid=\"52\">akkor<\/span><\/li><li>a <b><span data-scayt_word=\"jav\u00edt\u00e1sok\" data-scaytid=\"86\">jav\u00edt\u00e1sok<\/span>, <span data-scayt_word=\"kieg\u00e9sz\u00edt\u00e9sek\" data-scaytid=\"87\">kieg\u00e9sz\u00edt\u00e9sek<\/span> <span data-scayt_word=\"elv\u00e9gz\u00e9s\u00e9t\" data-scaytid=\"88\">elv\u00e9gz\u00e9s\u00e9t<\/span><\/b> is.<\/li><\/ul>\n<!-- \/wp:list -->\n\n<!-- wp:paragraph -->\n<p><b><span data-scayt_word=\"\u00dcgyfeleink\" data-scaytid=\"90\">\u00dcgyfeleink<\/span> e <span data-scayt_word=\"biztons\u00e1gi\" data-scaytid=\"91\">biztons\u00e1gi<\/span> <span data-scayt_word=\"szelep\" data-scaytid=\"92\">szelep<\/span> <span data-scayt_word=\"beiktat\u00e1s\u00e1val\" data-scaytid=\"93\">beiktat\u00e1s\u00e1val<\/span> <span data-scayt_word=\"csek\u00e9ly\" data-scaytid=\"94\">csek\u00e9ly<\/span> <span data-scayt_word=\"k\u00f6lts\u00e9gt\u00e9r\u00edt\u00e9s\" data-scaytid=\"95\">k\u00f6lts\u00e9gt\u00e9r\u00edt\u00e9s<\/span> <span data-scayt_word=\"ellen\u00e9ben\" data-scaytid=\"96\">ellen\u00e9ben<\/span> <span data-scayt_word=\"nyugodtak\" data-scaytid=\"97\">nyugodtak<\/span> <span data-scayt_word=\"lehetnek\" data-scaytid=\"98\">lehetnek<\/span> <span data-scayt_word=\"afel\u0151l\" data-scaytid=\"99\">afel\u0151l<\/span>, <span data-scayt_word=\"hogy\" data-scaytid=\"89\">hogy<\/span><\/b><\/p>\n<!-- \/wp:paragraph -->\n\n<!-- wp:list -->\n<ul><li>a <span data-scayt_word=\"v\u00e1mszervek\" data-scaytid=\"101\">v\u00e1mszervek<\/span> <b><span data-scayt_word=\"nem\" data-scaytid=\"103\">nem<\/span><\/b> <span data-scayt_word=\"fognak\" data-scaytid=\"107\">fognak<\/span> <span data-scayt_word=\"\u00e9lni\" data-scaytid=\"108\">\u00e9lni<\/span> <b>\"<span data-scayt_word=\"\u00e1rumeg\u00e1ll\u00edt\u00f3\" data-scaytid=\"109\">\u00e1rumeg\u00e1ll\u00edt\u00f3<\/span>\" <span data-scayt_word=\"jogukkal\" data-scaytid=\"110\">jogukkal<\/span><\/b>,<\/li><li><b><span data-scayt_word=\"nem\" data-scaytid=\"104\">nem<\/span><\/b> <span data-scayt_word=\"lesz\" data-scaytid=\"111\">lesz<\/span> <b><span data-scayt_word=\"k\u00e9sedelmes\" data-scaytid=\"112\">k\u00e9sedelmes<\/span><\/b> a <span data-scayt_word=\"teljes\u00edt\u00e9s\" data-scaytid=\"113\">teljes\u00edt\u00e9s<\/span>,<\/li><li><b><span data-scayt_word=\"nem\" data-scaytid=\"105\">nem<\/span><\/b> <span data-scayt_word=\"kell\" data-scaytid=\"114\">kell<\/span> <span data-scayt_word=\"felesleges\" data-scaytid=\"115\">felesleges<\/span> <b><span data-scayt_word=\"\u00e1ll\u00e1sd\u00edjakat\" data-scaytid=\"116\">\u00e1ll\u00e1sd\u00edjakat<\/span><\/b> <span data-scayt_word=\"fizetni\u00fck\" data-scaytid=\"117\">fizetni\u00fck<\/span>,<\/li><li><b><span data-scayt_word=\"nem\" data-scaytid=\"106\">nem<\/span><\/b> fog <b><span data-scayt_word=\"meghi\u00fasulni\" data-scaytid=\"120\">meghi\u00fasulni<\/span><\/b> <span data-scayt_word=\"egyetlen\" data-scaytid=\"121\">egyetlen<\/span> <b><span data-scayt_word=\"\u00fczlet\u00fck\" data-scaytid=\"123\">\u00fczlet\u00fck<\/span><\/b> <span data-scayt_word=\"sem\" data-scaytid=\"124\">sem<\/span>,<\/li><li><b><span data-scayt_word=\"nem\" data-scaytid=\"118\">nem<\/span><\/b> <span data-scayt_word=\"fizetnek\" data-scaytid=\"128\">fizetnek<\/span> be <b><span data-scayt_word=\"feleslegesen\" data-scaytid=\"129\">feleslegesen<\/span> <span data-scayt_word=\"egyetlen\" data-scaytid=\"122\">egyetlen<\/span> <span data-scayt_word=\"forint\" data-scaytid=\"130\">forint<\/span><\/b> <span data-scayt_word=\"v\u00e1mot\" data-scaytid=\"131\">v\u00e1mot<\/span> <span data-scayt_word=\"sem\" data-scaytid=\"125\">sem<\/span>,<\/li><li><b><span data-scayt_word=\"nem\" data-scaytid=\"119\">nem<\/span><\/b> <span data-scayt_word=\"kell\" data-scaytid=\"132\">kell<\/span> <span data-scayt_word=\"ut\u00f3lagos\" data-scaytid=\"134\">ut\u00f3lagos<\/span> <b><span data-scayt_word=\"b\u00edrs\u00e1gokra\" data-scaytid=\"135\">b\u00edrs\u00e1gokra<\/span><\/b> <span data-scayt_word=\"sz\u00e1m\u00edtaniuk\" data-scaytid=\"136\">sz\u00e1m\u00edtaniuk<\/span>.<\/li><\/ul>\n<!-- \/wp:list -->","_hu_post_name":"vamokmanyok-felulvizsgalata-javitasa-kiegeszitese","_hu_post_excerpt":"","_hu_post_title":"V\u00e1mokm\u00e1nyok fel\u00fclvizsg\u00e1lata, jav\u00edt\u00e1sa, kieg\u00e9sz\u00edt\u00e9se","_en_post_content":"","_en_post_name":"","_en_post_excerpt":"","_en_post_title":"","edit_language":"en","footnotes":""},"yoast_head":"<!-- This site is optimized with the Yoast SEO plugin v21.7 - https:\/\/yoast.com\/wordpress\/plugins\/seo\/ -->\n<title>V\u00e1mokm\u00e1nyok fel\u00fclvizsg\u00e1lata, jav\u00edt\u00e1sa, kieg\u00e9sz\u00edt\u00e9se - Adintrade Kft.<\/title>\n<meta name=\"robots\" content=\"index, follow, max-snippet:-1, max-image-preview:large, max-video-preview:-1\" \/>\n<link rel=\"canonical\" href=\"https:\/\/adintrade.hu\/vamokmanyok-felulvizsgalata-javitasa-kiegeszitese\/\" \/>\n<meta property=\"og:locale\" content=\"en_US\" \/>\n<meta property=\"og:type\" content=\"article\" \/>\n<meta property=\"og:title\" content=\"V\u00e1mokm\u00e1nyok fel\u00fclvizsg\u00e1lata, jav\u00edt\u00e1sa, kieg\u00e9sz\u00edt\u00e9se - Adintrade Kft.\" \/>\n<meta property=\"og:description\" content=\"Amennyiben \u00fcgyfel\u00fcnk maga t\u00f6lti ki a v\u00e1mokm\u00e1nyokat, de biztos akar lenni abban, hogy az okm\u00e1nyok ki\u00e1ll\u00edt\u00e1sa \u00fagy t\u00f6rt\u00e9nt meg, hogy abban a v\u00e1mszervek semmi kivetnival\u00f3t ne tal\u00e1lhassanak, akkor sz\u00edvesen elv\u00e1llaljuk az \u00e1ltala kit\u00f6lt\u00f6tt v\u00e1mokm\u00e1nyok fel\u00fclvizsg\u00e1lat\u00e1t \u00e9s ha sz\u00fcks\u00e9ges, akkor a jav\u00edt\u00e1sok, kieg\u00e9sz\u00edt\u00e9sek elv\u00e9gz\u00e9s\u00e9t is. \u00dcgyfeleink e biztons\u00e1gi szelep beiktat\u00e1s\u00e1val csek\u00e9ly k\u00f6lts\u00e9gt\u00e9r\u00edt\u00e9s ellen\u00e9ben nyugodtak lehetnek afel\u0151l, [&hellip;]\" \/>\n<meta property=\"og:url\" content=\"https:\/\/adintrade.hu\/vamokmanyok-felulvizsgalata-javitasa-kiegeszitese\/\" \/>\n<meta property=\"og:site_name\" content=\"Adintrade Kft.\" \/>\n<meta property=\"article:publisher\" content=\"https:\/\/facebook.com\/adintrade\" \/>\n<meta name=\"twitter:card\" content=\"summary_large_image\" \/>\n<meta name=\"twitter:label1\" content=\"Est. reading time\" \/>\n\t<meta name=\"twitter:data1\" content=\"1 minute\" \/>\n<script type=\"application\/ld+json\" class=\"yoast-schema-graph\">{\"@context\":\"https:\/\/schema.org\",\"@graph\":[{\"@type\":\"WebPage\",\"@id\":\"https:\/\/adintrade.hu\/vamokmanyok-felulvizsgalata-javitasa-kiegeszitese\/\",\"url\":\"https:\/\/adintrade.hu\/vamokmanyok-felulvizsgalata-javitasa-kiegeszitese\/\",\"name\":\"V\u00e1mokm\u00e1nyok fel\u00fclvizsg\u00e1lata, jav\u00edt\u00e1sa, kieg\u00e9sz\u00edt\u00e9se - Adintrade Kft.\",\"isPartOf\":{\"@id\":\"https:\/\/adintrade.hu\/#website\"},\"datePublished\":\"2017-01-17T19:29:49+00:00\",\"dateModified\":\"2017-01-17T19:29:49+00:00\",\"breadcrumb\":{\"@id\":\"https:\/\/adintrade.hu\/vamokmanyok-felulvizsgalata-javitasa-kiegeszitese\/#breadcrumb\"},\"inLanguage\":\"english\",\"potentialAction\":[{\"@type\":\"ReadAction\",\"target\":[\"https:\/\/adintrade.hu\/vamokmanyok-felulvizsgalata-javitasa-kiegeszitese\/\"]}]},{\"@type\":\"BreadcrumbList\",\"@id\":\"https:\/\/adintrade.hu\/vamokmanyok-felulvizsgalata-javitasa-kiegeszitese\/#breadcrumb\",\"itemListElement\":[{\"@type\":\"ListItem\",\"position\":1,\"name\":\"Home\",\"item\":\"https:\/\/adintrade.hu\/\"},{\"@type\":\"ListItem\",\"position\":2,\"name\":\"V\u00e1mokm\u00e1nyok fel\u00fclvizsg\u00e1lata, jav\u00edt\u00e1sa, kieg\u00e9sz\u00edt\u00e9se\"}]},{\"@type\":\"WebSite\",\"@id\":\"https:\/\/adintrade.hu\/#website\",\"url\":\"https:\/\/adintrade.hu\/\",\"name\":\"Adintrade Kft.\",\"description\":\"Customs and product fee administration\",\"publisher\":{\"@id\":\"https:\/\/adintrade.hu\/#organization\"},\"potentialAction\":[{\"@type\":\"SearchAction\",\"target\":{\"@type\":\"EntryPoint\",\"urlTemplate\":\"https:\/\/adintrade.hu\/?s={search_term_string}\"},\"query-input\":\"required name=search_term_string\"}],\"inLanguage\":\"english\"},{\"@type\":\"Organization\",\"@id\":\"https:\/\/adintrade.hu\/#organization\",\"name\":\"Adintrade Kft.\",\"url\":\"https:\/\/adintrade.hu\/\",\"logo\":{\"@type\":\"ImageObject\",\"inLanguage\":\"english\",\"@id\":\"https:\/\/adintrade.hu\/#\/schema\/logo\/image\/\",\"url\":\"https:\/\/adintrade.hu\/wp-content\/uploads\/2022\/08\/cropped-cropped-adintrade_original.png\",\"contentUrl\":\"https:\/\/adintrade.hu\/wp-content\/uploads\/2022\/08\/cropped-cropped-adintrade_original.png\",\"width\":794,\"height\":247,\"caption\":\"Adintrade Kft.\"},\"image\":{\"@id\":\"https:\/\/adintrade.hu\/#\/schema\/logo\/image\/\"},\"sameAs\":[\"https:\/\/facebook.com\/adintrade\"]}]}<\/script>\n<!-- \/ Yoast SEO plugin. -->","yoast_head_json":{"title":"V\u00e1mokm\u00e1nyok fel\u00fclvizsg\u00e1lata, jav\u00edt\u00e1sa, kieg\u00e9sz\u00edt\u00e9se - Adintrade Kft.","robots":{"index":"index","follow":"follow","max-snippet":"max-snippet:-1","max-image-preview":"max-image-preview:large","max-video-preview":"max-video-preview:-1"},"canonical":"https:\/\/adintrade.hu\/vamokmanyok-felulvizsgalata-javitasa-kiegeszitese\/","og_locale":"en_US","og_type":"article","og_title":"V\u00e1mokm\u00e1nyok fel\u00fclvizsg\u00e1lata, jav\u00edt\u00e1sa, kieg\u00e9sz\u00edt\u00e9se - Adintrade Kft.","og_description":"Amennyiben \u00fcgyfel\u00fcnk maga t\u00f6lti ki a v\u00e1mokm\u00e1nyokat, de biztos akar lenni abban, hogy az okm\u00e1nyok ki\u00e1ll\u00edt\u00e1sa \u00fagy t\u00f6rt\u00e9nt meg, hogy abban a v\u00e1mszervek semmi kivetnival\u00f3t ne tal\u00e1lhassanak, akkor sz\u00edvesen elv\u00e1llaljuk az \u00e1ltala kit\u00f6lt\u00f6tt v\u00e1mokm\u00e1nyok fel\u00fclvizsg\u00e1lat\u00e1t \u00e9s ha sz\u00fcks\u00e9ges, akkor a jav\u00edt\u00e1sok, kieg\u00e9sz\u00edt\u00e9sek elv\u00e9gz\u00e9s\u00e9t is. \u00dcgyfeleink e biztons\u00e1gi szelep beiktat\u00e1s\u00e1val csek\u00e9ly k\u00f6lts\u00e9gt\u00e9r\u00edt\u00e9s ellen\u00e9ben nyugodtak lehetnek afel\u0151l, [&hellip;]","og_url":"https:\/\/adintrade.hu\/vamokmanyok-felulvizsgalata-javitasa-kiegeszitese\/","og_site_name":"Adintrade Kft.","article_publisher":"https:\/\/facebook.com\/adintrade","twitter_card":"summary_large_image","twitter_misc":{"Est. reading time":"1 minute"},"schema":{"@context":"https:\/\/schema.org","@graph":[{"@type":"WebPage","@id":"https:\/\/adintrade.hu\/vamokmanyok-felulvizsgalata-javitasa-kiegeszitese\/","url":"https:\/\/adintrade.hu\/vamokmanyok-felulvizsgalata-javitasa-kiegeszitese\/","name":"V\u00e1mokm\u00e1nyok fel\u00fclvizsg\u00e1lata, jav\u00edt\u00e1sa, kieg\u00e9sz\u00edt\u00e9se - Adintrade Kft.","isPartOf":{"@id":"https:\/\/adintrade.hu\/#website"},"datePublished":"2017-01-17T19:29:49+00:00","dateModified":"2017-01-17T19:29:49+00:00","breadcrumb":{"@id":"https:\/\/adintrade.hu\/vamokmanyok-felulvizsgalata-javitasa-kiegeszitese\/#breadcrumb"},"inLanguage":"english","potentialAction":[{"@type":"ReadAction","target":["https:\/\/adintrade.hu\/vamokmanyok-felulvizsgalata-javitasa-kiegeszitese\/"]}]},{"@type":"BreadcrumbList","@id":"https:\/\/adintrade.hu\/vamokmanyok-felulvizsgalata-javitasa-kiegeszitese\/#breadcrumb","itemListElement":[{"@type":"ListItem","position":1,"name":"Home","item":"https:\/\/adintrade.hu\/"},{"@type":"ListItem","position":2,"name":"V\u00e1mokm\u00e1nyok fel\u00fclvizsg\u00e1lata, jav\u00edt\u00e1sa, kieg\u00e9sz\u00edt\u00e9se"}]},{"@type":"WebSite","@id":"https:\/\/adintrade.hu\/#website","url":"https:\/\/adintrade.hu\/","name":"Adintrade Kft.","description":"Customs and product fee administration","publisher":{"@id":"https:\/\/adintrade.hu\/#organization"},"potentialAction":[{"@type":"SearchAction","target":{"@type":"EntryPoint","urlTemplate":"https:\/\/adintrade.hu\/?s={search_term_string}"},"query-input":"required name=search_term_string"}],"inLanguage":"english"},{"@type":"Organization","@id":"https:\/\/adintrade.hu\/#organization","name":"Adintrade Kft.","url":"https:\/\/adintrade.hu\/","logo":{"@type":"ImageObject","inLanguage":"english","@id":"https:\/\/adintrade.hu\/#\/schema\/logo\/image\/","url":"https:\/\/adintrade.hu\/wp-content\/uploads\/2022\/08\/cropped-cropped-adintrade_original.png","contentUrl":"https:\/\/adintrade.hu\/wp-content\/uploads\/2022\/08\/cropped-cropped-adintrade_original.png","width":794,"height":247,"caption":"Adintrade Kft."},"image":{"@id":"https:\/\/adintrade.hu\/#\/schema\/logo\/image\/"},"sameAs":["https:\/\/facebook.com\/adintrade"]}]}},"_links":{"self":[{"href":"https:\/\/adintrade.hu\/en\/wp-json\/wp\/v2\/pages\/412"}],"collection":[{"href":"https:\/\/adintrade.hu\/en\/wp-json\/wp\/v2\/pages"}],"about":[{"href":"https:\/\/adintrade.hu\/en\/wp-json\/wp\/v2\/types\/page"}],"author":[{"embeddable":true,"href":"https:\/\/adintrade.hu\/en\/wp-json\/wp\/v2\/users\/1"}],"replies":[{"embeddable":true,"href":"https:\/\/adintrade.hu\/en\/wp-json\/wp\/v2\/comments?post=412"}],"version-history":[{"count":0,"href":"https:\/\/adintrade.hu\/en\/wp-json\/wp\/v2\/pages\/412\/revisions"}],"wp:attachment":[{"href":"https:\/\/adintrade.hu\/en\/wp-json\/wp\/v2\/media?parent=412"}],"curies":[{"name":"wp","href":"https:\/\/api.w.org\/{rel}","templated":true}]}}