{"id":424,"date":"2017-01-17T21:40:01","date_gmt":"2017-01-17T19:40:01","guid":{"rendered":"http:\/\/adintrade.hu\/?page_id=424"},"modified":"2017-01-17T21:40:01","modified_gmt":"2017-01-17T19:40:01","slug":"","status":"publish","type":"page","link":"https:\/\/adintrade.hu\/en\/vamkezelesek-gordulekeny-helyszini-lebonyolitasa\/","title":{"rendered":"","raw":""},"content":{"rendered":"","protected":false,"raw":""},"excerpt":{"rendered":"","protected":false,"raw":""},"author":1,"featured_media":0,"parent":0,"menu_order":0,"comment_status":"closed","ping_status":"closed","template":"","meta":{"inline_featured_image":false,"_hu_post_content":"<!-- wp:paragraph -->\n<p><b>Szem\u00e9lyesen v\u00e1mkezeltetj\u00fck az oda\u00e9rkez\u0151 \u00e1rukat minden egyes v\u00e1mkezel\u00e9si helyen.<\/b><\/p>\n<!-- \/wp:paragraph -->\n\n<!-- wp:paragraph -->\n<p>\u00dagy szervezz\u00fck meg a sz\u00e1ll\u00edtm\u00e1nyok \u00e9rkez\u00e9s\u00e9t, ind\u00edt\u00e1s\u00e1t, hogy azok v\u00e1mkezel\u00e9se mindk\u00e9t orsz\u00e1gban g\u00f6rd\u00fcl\u00e9keny \u00e9s z\u00f6kken\u0151mentes legyen. Ennek \u00e9rdek\u00e9ben a k\u00f6vetkez\u0151ket tessz\u00fck:<\/p>\n<!-- \/wp:paragraph -->\n\n<!-- wp:list -->\n<ul><li><b>K\u00f6zvetlen\u00fcl<\/b> vessz\u00fck fel a kapcsolatot (teh\u00e1t az ezen a ter\u00fcleten csak kevesebb tapasztalattal vagy kisebb szak\u00e9rtelemmel rendelkez\u0151 \u00fcgyfel\u00fcnk k\u00f6zvet\u00edt\u00e9s\u00e9t kik\u00fcsz\u00f6b\u00f6lve) a <b>k\u00fclf\u00f6ldi partnerek hasonl\u00f3 szakembereivel<\/b>, \u00e9s ez\u00e1ltal e munkaf\u00e1zis al\u00f3l is tehermentes\u00edtj\u00fck \u00fcgyfeleinket. (Munk\u00e1nk min\u0151s\u00e9g\u00e9nek biztos\u00edt\u00e9ka, hogy munkat\u00e1rsaink mindegyike rendelkezik v\u00e1mvizsg\u00e1val \u00e9s a sz\u00fcks\u00e9ges nyelvismerettel.)<\/li><li><b>Szem\u00e9lyesen<\/b> v\u00e1mkezeltetj\u00fck az oda\u00e9rkez\u0151 \u00e1rukat <b>minden egyes v\u00e1mkezel\u00e9si helyen<\/b>, \u00edgy\n<ul>\n<li>A vonatkoz\u00f3 v\u00e1melj\u00e1r\u00e1snak megfelel\u0151 helyi v\u00e1mkezel\u00e9si enged\u00e9lyek megl\u00e9te eset\u00e9n <b>saj\u00e1t irod\u00e1inkn\u00e1l<\/b><\/li>\n<li><b>Budapesten b\u00e1rmelyik<\/b> v\u00e1mkezel\u00e9si helyen,<\/li>\n<li>a <b>f\u0151v\u00e1ros k\u00f6rny\u00e9k\u00e9n b\u00e1rmelyik<\/b> v\u00e1mkezel\u00e9si helyen,<\/li>\n<li>valamint <b>Debrecenben \u00e9s k\u00f6rny\u00e9k\u00e9n<\/b>.<\/li>\n<\/ul>\n<\/li><\/ul>\n<!-- \/wp:list -->\n\n<!-- wp:paragraph -->\n<p>Ez a gondoss\u00e1g egy\u00e1ltal\u00e1n nem jellemz\u0151 a szakm\u00e1ra, sok v\u00e1m\u00fcgyn\u00f6ks\u00e9g ugyanis kiz\u00e1r\u00f3lag a saj\u00e1t v\u00e1mhivatal\u00e1hoz \u00e9rkez\u0151 \u00e1ruk v\u00e1mkezel\u00e9s\u00e9t v\u00e9gzi el.<\/p>\n<!-- \/wp:paragraph -->\n\n<!-- wp:paragraph -->\n<p>Ig\u00e9ny \u00e9s megfelel\u0151 nagys\u00e1g\u00fa forgalom eset\u00e9n mindig nyitottak vagyunk \u00faj iroda nyit\u00e1s\u00e1ra Magyarorsz\u00e1g b\u00e1rmelyik r\u00e9sz\u00e9n.<\/p>\n<!-- \/wp:paragraph -->","_hu_post_name":"vamkezelesek-gordulekeny-helyszini-lebonyolitasa","_hu_post_excerpt":"","_hu_post_title":"V\u00e1mkezel\u00e9sek g\u00f6rd\u00fcl\u00e9keny, helysz\u00edni lebonyol\u00edt\u00e1sa","_en_post_content":"","_en_post_name":"","_en_post_excerpt":"","_en_post_title":"","edit_language":"en","footnotes":""},"yoast_head":"<!-- This site is optimized with the Yoast SEO plugin v21.7 - https:\/\/yoast.com\/wordpress\/plugins\/seo\/ -->\n<title>V\u00e1mkezel\u00e9sek g\u00f6rd\u00fcl\u00e9keny, helysz\u00edni lebonyol\u00edt\u00e1sa - Adintrade Kft.<\/title>\n<meta name=\"robots\" content=\"index, follow, max-snippet:-1, max-image-preview:large, max-video-preview:-1\" \/>\n<link rel=\"canonical\" href=\"https:\/\/adintrade.hu\/vamkezelesek-gordulekeny-helyszini-lebonyolitasa\/\" \/>\n<meta property=\"og:locale\" content=\"en_US\" \/>\n<meta property=\"og:type\" content=\"article\" \/>\n<meta property=\"og:title\" content=\"V\u00e1mkezel\u00e9sek g\u00f6rd\u00fcl\u00e9keny, helysz\u00edni lebonyol\u00edt\u00e1sa - Adintrade Kft.\" \/>\n<meta property=\"og:description\" content=\"Szem\u00e9lyesen v\u00e1mkezeltetj\u00fck az oda\u00e9rkez\u0151 \u00e1rukat minden egyes v\u00e1mkezel\u00e9si helyen. \u00dagy szervezz\u00fck meg a sz\u00e1ll\u00edtm\u00e1nyok \u00e9rkez\u00e9s\u00e9t, ind\u00edt\u00e1s\u00e1t, hogy azok v\u00e1mkezel\u00e9se mindk\u00e9t orsz\u00e1gban g\u00f6rd\u00fcl\u00e9keny \u00e9s z\u00f6kken\u0151mentes legyen. Ennek \u00e9rdek\u00e9ben a k\u00f6vetkez\u0151ket tessz\u00fck: K\u00f6zvetlen\u00fcl vessz\u00fck fel a kapcsolatot (teh\u00e1t az ezen a ter\u00fcleten csak kevesebb tapasztalattal vagy kisebb szak\u00e9rtelemmel rendelkez\u0151 \u00fcgyfel\u00fcnk k\u00f6zvet\u00edt\u00e9s\u00e9t kik\u00fcsz\u00f6b\u00f6lve) a k\u00fclf\u00f6ldi partnerek hasonl\u00f3 szakembereivel, [&hellip;]\" \/>\n<meta property=\"og:url\" content=\"https:\/\/adintrade.hu\/vamkezelesek-gordulekeny-helyszini-lebonyolitasa\/\" \/>\n<meta property=\"og:site_name\" content=\"Adintrade Kft.\" \/>\n<meta property=\"article:publisher\" content=\"https:\/\/facebook.com\/adintrade\" \/>\n<meta name=\"twitter:card\" content=\"summary_large_image\" \/>\n<meta name=\"twitter:label1\" content=\"Est. reading time\" \/>\n\t<meta name=\"twitter:data1\" content=\"1 minute\" \/>\n<script type=\"application\/ld+json\" class=\"yoast-schema-graph\">{\"@context\":\"https:\/\/schema.org\",\"@graph\":[{\"@type\":\"WebPage\",\"@id\":\"https:\/\/adintrade.hu\/vamkezelesek-gordulekeny-helyszini-lebonyolitasa\/\",\"url\":\"https:\/\/adintrade.hu\/vamkezelesek-gordulekeny-helyszini-lebonyolitasa\/\",\"name\":\"V\u00e1mkezel\u00e9sek g\u00f6rd\u00fcl\u00e9keny, helysz\u00edni lebonyol\u00edt\u00e1sa - Adintrade Kft.\",\"isPartOf\":{\"@id\":\"https:\/\/adintrade.hu\/#website\"},\"datePublished\":\"2017-01-17T19:40:01+00:00\",\"dateModified\":\"2017-01-17T19:40:01+00:00\",\"breadcrumb\":{\"@id\":\"https:\/\/adintrade.hu\/vamkezelesek-gordulekeny-helyszini-lebonyolitasa\/#breadcrumb\"},\"inLanguage\":\"english\",\"potentialAction\":[{\"@type\":\"ReadAction\",\"target\":[\"https:\/\/adintrade.hu\/vamkezelesek-gordulekeny-helyszini-lebonyolitasa\/\"]}]},{\"@type\":\"BreadcrumbList\",\"@id\":\"https:\/\/adintrade.hu\/vamkezelesek-gordulekeny-helyszini-lebonyolitasa\/#breadcrumb\",\"itemListElement\":[{\"@type\":\"ListItem\",\"position\":1,\"name\":\"Home\",\"item\":\"https:\/\/adintrade.hu\/\"},{\"@type\":\"ListItem\",\"position\":2,\"name\":\"V\u00e1mkezel\u00e9sek g\u00f6rd\u00fcl\u00e9keny, helysz\u00edni lebonyol\u00edt\u00e1sa\"}]},{\"@type\":\"WebSite\",\"@id\":\"https:\/\/adintrade.hu\/#website\",\"url\":\"https:\/\/adintrade.hu\/\",\"name\":\"Adintrade Kft.\",\"description\":\"Customs and product fee administration\",\"publisher\":{\"@id\":\"https:\/\/adintrade.hu\/#organization\"},\"potentialAction\":[{\"@type\":\"SearchAction\",\"target\":{\"@type\":\"EntryPoint\",\"urlTemplate\":\"https:\/\/adintrade.hu\/?s={search_term_string}\"},\"query-input\":\"required name=search_term_string\"}],\"inLanguage\":\"english\"},{\"@type\":\"Organization\",\"@id\":\"https:\/\/adintrade.hu\/#organization\",\"name\":\"Adintrade Kft.\",\"url\":\"https:\/\/adintrade.hu\/\",\"logo\":{\"@type\":\"ImageObject\",\"inLanguage\":\"english\",\"@id\":\"https:\/\/adintrade.hu\/#\/schema\/logo\/image\/\",\"url\":\"https:\/\/adintrade.hu\/wp-content\/uploads\/2022\/08\/cropped-cropped-adintrade_original.png\",\"contentUrl\":\"https:\/\/adintrade.hu\/wp-content\/uploads\/2022\/08\/cropped-cropped-adintrade_original.png\",\"width\":794,\"height\":247,\"caption\":\"Adintrade Kft.\"},\"image\":{\"@id\":\"https:\/\/adintrade.hu\/#\/schema\/logo\/image\/\"},\"sameAs\":[\"https:\/\/facebook.com\/adintrade\"]}]}<\/script>\n<!-- \/ Yoast SEO plugin. -->","yoast_head_json":{"title":"V\u00e1mkezel\u00e9sek g\u00f6rd\u00fcl\u00e9keny, helysz\u00edni lebonyol\u00edt\u00e1sa - Adintrade Kft.","robots":{"index":"index","follow":"follow","max-snippet":"max-snippet:-1","max-image-preview":"max-image-preview:large","max-video-preview":"max-video-preview:-1"},"canonical":"https:\/\/adintrade.hu\/vamkezelesek-gordulekeny-helyszini-lebonyolitasa\/","og_locale":"en_US","og_type":"article","og_title":"V\u00e1mkezel\u00e9sek g\u00f6rd\u00fcl\u00e9keny, helysz\u00edni lebonyol\u00edt\u00e1sa - Adintrade Kft.","og_description":"Szem\u00e9lyesen v\u00e1mkezeltetj\u00fck az oda\u00e9rkez\u0151 \u00e1rukat minden egyes v\u00e1mkezel\u00e9si helyen. \u00dagy szervezz\u00fck meg a sz\u00e1ll\u00edtm\u00e1nyok \u00e9rkez\u00e9s\u00e9t, ind\u00edt\u00e1s\u00e1t, hogy azok v\u00e1mkezel\u00e9se mindk\u00e9t orsz\u00e1gban g\u00f6rd\u00fcl\u00e9keny \u00e9s z\u00f6kken\u0151mentes legyen. Ennek \u00e9rdek\u00e9ben a k\u00f6vetkez\u0151ket tessz\u00fck: K\u00f6zvetlen\u00fcl vessz\u00fck fel a kapcsolatot (teh\u00e1t az ezen a ter\u00fcleten csak kevesebb tapasztalattal vagy kisebb szak\u00e9rtelemmel rendelkez\u0151 \u00fcgyfel\u00fcnk k\u00f6zvet\u00edt\u00e9s\u00e9t kik\u00fcsz\u00f6b\u00f6lve) a k\u00fclf\u00f6ldi partnerek hasonl\u00f3 szakembereivel, [&hellip;]","og_url":"https:\/\/adintrade.hu\/vamkezelesek-gordulekeny-helyszini-lebonyolitasa\/","og_site_name":"Adintrade Kft.","article_publisher":"https:\/\/facebook.com\/adintrade","twitter_card":"summary_large_image","twitter_misc":{"Est. reading time":"1 minute"},"schema":{"@context":"https:\/\/schema.org","@graph":[{"@type":"WebPage","@id":"https:\/\/adintrade.hu\/vamkezelesek-gordulekeny-helyszini-lebonyolitasa\/","url":"https:\/\/adintrade.hu\/vamkezelesek-gordulekeny-helyszini-lebonyolitasa\/","name":"V\u00e1mkezel\u00e9sek g\u00f6rd\u00fcl\u00e9keny, helysz\u00edni lebonyol\u00edt\u00e1sa - Adintrade Kft.","isPartOf":{"@id":"https:\/\/adintrade.hu\/#website"},"datePublished":"2017-01-17T19:40:01+00:00","dateModified":"2017-01-17T19:40:01+00:00","breadcrumb":{"@id":"https:\/\/adintrade.hu\/vamkezelesek-gordulekeny-helyszini-lebonyolitasa\/#breadcrumb"},"inLanguage":"english","potentialAction":[{"@type":"ReadAction","target":["https:\/\/adintrade.hu\/vamkezelesek-gordulekeny-helyszini-lebonyolitasa\/"]}]},{"@type":"BreadcrumbList","@id":"https:\/\/adintrade.hu\/vamkezelesek-gordulekeny-helyszini-lebonyolitasa\/#breadcrumb","itemListElement":[{"@type":"ListItem","position":1,"name":"Home","item":"https:\/\/adintrade.hu\/"},{"@type":"ListItem","position":2,"name":"V\u00e1mkezel\u00e9sek g\u00f6rd\u00fcl\u00e9keny, helysz\u00edni lebonyol\u00edt\u00e1sa"}]},{"@type":"WebSite","@id":"https:\/\/adintrade.hu\/#website","url":"https:\/\/adintrade.hu\/","name":"Adintrade Kft.","description":"Customs and product fee administration","publisher":{"@id":"https:\/\/adintrade.hu\/#organization"},"potentialAction":[{"@type":"SearchAction","target":{"@type":"EntryPoint","urlTemplate":"https:\/\/adintrade.hu\/?s={search_term_string}"},"query-input":"required name=search_term_string"}],"inLanguage":"english"},{"@type":"Organization","@id":"https:\/\/adintrade.hu\/#organization","name":"Adintrade Kft.","url":"https:\/\/adintrade.hu\/","logo":{"@type":"ImageObject","inLanguage":"english","@id":"https:\/\/adintrade.hu\/#\/schema\/logo\/image\/","url":"https:\/\/adintrade.hu\/wp-content\/uploads\/2022\/08\/cropped-cropped-adintrade_original.png","contentUrl":"https:\/\/adintrade.hu\/wp-content\/uploads\/2022\/08\/cropped-cropped-adintrade_original.png","width":794,"height":247,"caption":"Adintrade Kft."},"image":{"@id":"https:\/\/adintrade.hu\/#\/schema\/logo\/image\/"},"sameAs":["https:\/\/facebook.com\/adintrade"]}]}},"_links":{"self":[{"href":"https:\/\/adintrade.hu\/en\/wp-json\/wp\/v2\/pages\/424"}],"collection":[{"href":"https:\/\/adintrade.hu\/en\/wp-json\/wp\/v2\/pages"}],"about":[{"href":"https:\/\/adintrade.hu\/en\/wp-json\/wp\/v2\/types\/page"}],"author":[{"embeddable":true,"href":"https:\/\/adintrade.hu\/en\/wp-json\/wp\/v2\/users\/1"}],"replies":[{"embeddable":true,"href":"https:\/\/adintrade.hu\/en\/wp-json\/wp\/v2\/comments?post=424"}],"version-history":[{"count":0,"href":"https:\/\/adintrade.hu\/en\/wp-json\/wp\/v2\/pages\/424\/revisions"}],"wp:attachment":[{"href":"https:\/\/adintrade.hu\/en\/wp-json\/wp\/v2\/media?parent=424"}],"curies":[{"name":"wp","href":"https:\/\/api.w.org\/{rel}","templated":true}]}}