{"id":427,"date":"2017-01-17T21:40:46","date_gmt":"2017-01-17T19:40:46","guid":{"rendered":"http:\/\/adintrade.hu\/?page_id=427"},"modified":"2017-01-17T21:40:46","modified_gmt":"2017-01-17T19:40:46","slug":"","status":"publish","type":"page","link":"https:\/\/adintrade.hu\/en\/elektronikus-vamkezeles-helyi-vameljarasok\/","title":{"rendered":"","raw":""},"content":{"rendered":"","protected":false,"raw":""},"excerpt":{"rendered":"","protected":false,"raw":""},"author":1,"featured_media":0,"parent":0,"menu_order":0,"comment_status":"closed","ping_status":"closed","template":"","meta":{"inline_featured_image":false,"_hu_post_content":"<!-- wp:paragraph -->\n<p><span data-scayt_word=\"\u00c1ltal\u00e1nosan\" data-scaytid=\"1\">\u00c1ltal\u00e1nosan<\/span> <span data-scayt_word=\"elmondhat\u00f3\" data-scaytid=\"2\">elmondhat\u00f3<\/span>, <span data-scayt_word=\"hogy\" data-scaytid=\"3\">hogy<\/span> <span data-scayt_word=\"aki\" data-scaytid=\"10\">aki<\/span> <span data-scayt_word=\"\u00fczletszer\u0171en\" data-scaytid=\"11\">\u00fczletszer\u0171en<\/span>, <span data-scayt_word=\"napi\" data-scaytid=\"12\">napi<\/span> <span data-scayt_word=\"rendszeress\u00e9ggel\" data-scaytid=\"13\">rendszeress\u00e9ggel<\/span> <span data-scayt_word=\"v\u00e9gez\" data-scaytid=\"14\">v\u00e9gez<\/span> <span data-scayt_word=\"v\u00e1mkezel\u00e9seket\" data-scaytid=\"15\">v\u00e1mkezel\u00e9seket<\/span>, <span data-scayt_word=\"annak\" data-scaytid=\"16\">annak<\/span> <b><span data-scayt_word=\"l\u00e9tfontoss\u00e1g\u00fa\" data-scaytid=\"18\">l\u00e9tfontoss\u00e1g\u00fa<\/span><\/b>, <span data-scayt_word=\"hogy\" data-scaytid=\"4\">hogy<\/span> a <b><span data-scayt_word=\"lehets\u00e9ges\" data-scaytid=\"19\">lehets\u00e9ges<\/span> <span data-scayt_word=\"egyszer\u0171s\u00edt\u00e9si\" data-scaytid=\"21\">egyszer\u0171s\u00edt\u00e9si<\/span> <span data-scayt_word=\"lehet\u0151s\u00e9geket\" data-scaytid=\"23\">lehet\u0151s\u00e9geket<\/span><\/b> <span data-scayt_word=\"alkalmazza\" data-scaytid=\"24\">alkalmazza<\/span>, <span data-scayt_word=\"mert\" data-scaytid=\"25\">mert<\/span> a <span data-scayt_word=\"piac\" data-scaytid=\"26\">piac<\/span> <span data-scayt_word=\"nem\" data-scaytid=\"27\">nem<\/span> <span data-scayt_word=\"toler\u00e1lja\" data-scaytid=\"31\">toler\u00e1lja<\/span> <span data-scayt_word=\"sem\" data-scaytid=\"32\">sem<\/span> a <span data-scayt_word=\"t\u00f6bb\u00f3r\u00e1s\" data-scaytid=\"34\">t\u00f6bb\u00f3r\u00e1s<\/span> <span data-scayt_word=\"\u00e1ll\u00e1sid\u0151ket\" data-scaytid=\"35\">\u00e1ll\u00e1sid\u0151ket<\/span>, a <span data-scayt_word=\"napokig\" data-scaytid=\"36\">napokig<\/span> <span data-scayt_word=\"tart\u00f3\" data-scaytid=\"37\">tart\u00f3<\/span> <span data-scayt_word=\"\u00e1rura\" data-scaytid=\"39\">\u00e1rura<\/span> <span data-scayt_word=\"v\u00e1rakoz\u00e1sokat\" data-scaytid=\"40\">v\u00e1rakoz\u00e1sokat<\/span>, <span data-scayt_word=\"sem\" data-scaytid=\"33\">sem<\/span> <span data-scayt_word=\"pedig\" data-scaytid=\"41\">pedig<\/span> a <span data-scayt_word=\"felesleges\" data-scaytid=\"42\">felesleges<\/span> <span data-scayt_word=\"okm\u00e1nykit\u00f6lt\u00e9seket\" data-scaytid=\"43\">okm\u00e1nykit\u00f6lt\u00e9seket<\/span>.<\/p>\n<!-- \/wp:paragraph -->\n\n<!-- wp:paragraph -->\n<p>A <b><span data-scayt_word=\"sz\u00e1m\u00edt\u00f3g\u00e9pes\u00edtett\" data-scaytid=\"44\">sz\u00e1m\u00edt\u00f3g\u00e9pes\u00edtett<\/span> <span data-scayt_word=\"v\u00e1mkezel\u00e9s\" data-scaytid=\"45\">v\u00e1mkezel\u00e9s<\/span><\/b> <span data-scayt_word=\"\u00e9s\" data-scaytid=\"46\">\u00e9s<\/span> <span data-scayt_word=\"az\" data-scaytid=\"60\">az<\/span> <b><span data-scayt_word=\"egyszer\u0171s\u00edt\u00e9sek\" data-scaytid=\"78\">egyszer\u0171s\u00edt\u00e9sek<\/span><\/b> <span data-scayt_word=\"egy\u00fcttes\" data-scaytid=\"80\">egy\u00fcttes<\/span> <span data-scayt_word=\"alkalmaz\u00e1sa\" data-scaytid=\"81\">alkalmaz\u00e1sa<\/span> <span data-scayt_word=\"t\u00f6red\u00e9k\u00e9re\" data-scaytid=\"82\">t\u00f6red\u00e9k\u00e9re<\/span> <span data-scayt_word=\"cs\u00f6kkentik\" data-scaytid=\"83\">cs\u00f6kkentik<\/span> a <span data-scayt_word=\"v\u00e1mkezel\u00e9sre\" data-scaytid=\"84\">v\u00e1mkezel\u00e9sre<\/span> <span data-scayt_word=\"ford\u00edtand\u00f3\" data-scaytid=\"85\">ford\u00edtand\u00f3<\/span> <span data-scayt_word=\"id\u0151t\" data-scaytid=\"86\">id\u0151t<\/span>, <span data-scayt_word=\"energi\u00e1kat\" data-scaytid=\"88\">energi\u00e1kat<\/span>, <span data-scayt_word=\"k\u00f6lts\u00e9geket\" data-scaytid=\"89\">k\u00f6lts\u00e9geket<\/span>.<\/p>\n<!-- \/wp:paragraph -->\n\n<!-- wp:paragraph -->\n<p><span data-scayt_word=\"Aki\" data-scaytid=\"90\">Aki<\/span> <span data-scayt_word=\"nem\" data-scaytid=\"28\">nem<\/span> <span data-scayt_word=\"k\u00e9pes\" data-scaytid=\"91\">k\u00e9pes<\/span> <span data-scayt_word=\"ezzel\" data-scaytid=\"92\">ezzel<\/span> a <span data-scayt_word=\"versenyt\" data-scaytid=\"93\">versenyt<\/span> <span data-scayt_word=\"tartani\" data-scaytid=\"94\">tartani<\/span>, <span data-scayt_word=\"annak\" data-scaytid=\"17\">annak<\/span> <span data-scayt_word=\"hat\u00e9konys\u00e1ga\" data-scaytid=\"95\">hat\u00e9konys\u00e1ga<\/span> <span data-scayt_word=\"oly\" data-scaytid=\"96\">oly<\/span> <span data-scayt_word=\"m\u00e9rt\u00e9kben\" data-scaytid=\"97\">m\u00e9rt\u00e9kben<\/span> <span data-scayt_word=\"lecs\u00f6kken\" data-scaytid=\"98\">lecs\u00f6kken<\/span>, <span data-scayt_word=\"hogy\" data-scaytid=\"5\">hogy<\/span> <span data-scayt_word=\"\u00fcgyfeleit\" data-scaytid=\"99\">\u00fcgyfeleit<\/span> <span data-scayt_word=\"az\" data-scaytid=\"61\">az<\/span> <span data-scayt_word=\"\u00e9les\" data-scaytid=\"100\">\u00e9les<\/span> <span data-scayt_word=\"piaci\" data-scaytid=\"101\">piaci<\/span> <span data-scayt_word=\"versenyben\" data-scaytid=\"102\">versenyben<\/span> <span data-scayt_word=\"r\u00f6vid\" data-scaytid=\"103\">r\u00f6vid<\/span> <span data-scayt_word=\"id\u0151n\" data-scaytid=\"104\">id\u0151n<\/span> <span data-scayt_word=\"bel\u00fcl\" data-scaytid=\"105\">bel\u00fcl<\/span> <span data-scayt_word=\"elvesz\u00edti\" data-scaytid=\"106\">elvesz\u00edti<\/span>, mint ahogyan ez sokakkal emiatt t\u00e9nylegesen meg is t\u00f6rt\u00e9nt <span data-scayt_word=\"az\" data-scaytid=\"62\">az<\/span> ut\u00f3bbi n\u00e9h\u00e1ny \u00e9vben.<\/p>\n<!-- \/wp:paragraph -->\n\n<!-- wp:paragraph -->\n<p>Mindezen negat\u00edv tapasztalatok elker\u00fcl\u00e9se \u00e9rdek\u00e9ben alak\u00edtottuk ki <b>elektronikus v\u00e1mbejelent\u0151 rendszereinket<\/b> minden telephely\u00fcnk\u00f6n, <span data-scayt_word=\"\u00e9s\" data-scaytid=\"47\">\u00e9s<\/span> szerezt\u00fcnk\/szerz\u00fcnk meg a mai napig is minden <span data-scayt_word=\"lehets\u00e9ges\" data-scaytid=\"20\">lehets\u00e9ges<\/span> helyi egyszer\u0171s\u00edtett v\u00e1menged\u00e9lyt <span data-scayt_word=\"az\" data-scaytid=\"63\">az<\/span> \u00fcgyfelek elv\u00e1r\u00e1saihoz is igazodva.<\/p>\n<!-- \/wp:paragraph -->\n\n<!-- wp:paragraph -->\n<p>A v\u00e1mjogszab\u00e1lyok m\u00e1r <span data-scayt_word=\"az\" data-scaytid=\"64\">az<\/span> Uni\u00f3hoz t\u00f6rt\u00e9nt csatlakoz\u00e1sunk el\u0151tt is lehet\u0151v\u00e9 tett\u00e9k a <b>megb\u00edzhat\u00f3 gazd\u00e1lkod\u00f3k<\/b> sz\u00e1m\u00e1ra <span data-scayt_word=\"az\" data-scaytid=\"65\">az<\/span> egyszer\u0171s\u00edtett v\u00e1melj\u00e1r\u00e1sok alkalmaz\u00e1s\u00e1t, de <span data-scayt_word=\"az\" data-scaytid=\"66\">az<\/span> ut\u00f3bbi n\u00e9h\u00e1ny \u00e9vben el\u0151t\u00e9rbe ker\u00fcl\u0151 elektronikus v\u00e1m <b>(E-v\u00e1m)<\/b> kezdem\u00e9nyez\u00e9s is tagadhatatlanul a gazd\u00e1lkod\u00f3k - s egyben a v\u00e1mhat\u00f3s\u00e1g \u00e9rdekeit is - szolg\u00e1lja '<\/p>\n<!-- \/wp:paragraph -->\n\n<!-- wp:paragraph -->\n<p>Az E-v\u00e1m legf\u0151bb c\u00e9lja <span data-scayt_word=\"az\" data-scaytid=\"67\">az<\/span>, <span data-scayt_word=\"hogy\" data-scaytid=\"6\">hogy<\/span> a v\u00e1melj\u00e1r\u00e1sok sor\u00e1n a pap\u00edr alap\u00fa elj\u00e1r\u00e1sokat lehet\u0151leg k\u00f6z\u00f6ss\u00e9gi szinten egys\u00e9ges elektronikus elj\u00e1r\u00e1sokra cser\u00e9lje, \u00edgy egy <b>modern, versenyk\u00e9pes v\u00e1mk\u00f6rnyezetet<\/b> hozzon l\u00e9tre, el\u0151seg\u00edtve ez\u00e1ltal a leg\u00e1lis kereskedelmet <span data-scayt_word=\"\u00e9s\" data-scaytid=\"48\">\u00e9s<\/span> a gyors, akad\u00e1lymentes \u00e1rumozg\u00e1st.<\/p>\n<!-- \/wp:paragraph -->\n\n<!-- wp:paragraph -->\n<p><b>Egy professzion\u00e1lis sz\u00ednvonal\u00fa v\u00e1moszt\u00e1ly m\u0171k\u00f6d\u00e9s\u00e9hez elengedhetetlen\u00fcl sz\u00fcks\u00e9ges bizonyos helyi v\u00e1mtev\u00e9kenys\u00e9gi enged\u00e9lyek megl\u00e9te.<\/b><\/p>\n<!-- \/wp:paragraph -->\n\n<!-- wp:paragraph -->\n<p>Az <b>egyszer\u0171s\u00edtett helyi v\u00e1melj\u00e1r\u00e1sok<\/b> sor\u00e1n <span data-scayt_word=\"nem\" data-scaytid=\"29\">nem<\/span> <span data-scayt_word=\"az\" data-scaytid=\"68\">az<\/span> \u00e1ru <span data-scayt_word=\"\u00e9s\" data-scaytid=\"49\">\u00e9s<\/span> a sz\u00e1ll\u00edt\u00f3eszk\u00f6z mozog <span data-scayt_word=\"az\" data-scaytid=\"69\">az<\/span> \u00fcgyf\u00e9l <span data-scayt_word=\"\u00e9s\" data-scaytid=\"50\">\u00e9s<\/span> a v\u00e1mhivatal k\u00f6z\u00f6tt, hanem <span data-scayt_word=\"az\" data-scaytid=\"70\">az<\/span> inform\u00e1ci\u00f3. Ehhez term\u00e9szetesen biztos\u00edtani kell t\u00f6bbek k\u00f6z\u00f6tt a megfelel\u0151 informatikai h\u00e1tteret is.<\/p>\n<!-- \/wp:paragraph -->\n\n<!-- wp:list -->\n<ul><li>Az egyszer\u0171s\u00edtett v\u00e1melj\u00e1r\u00e1sok \u00e1ltal munkamegoszt\u00e1s j\u00f6n l\u00e9tre a v\u00e1mhivatalok <span data-scayt_word=\"\u00e9s\" data-scaytid=\"51\">\u00e9s<\/span> a gazd\u00e1lkod\u00f3k, v\u00e1m\u00fcgyn\u00f6ks\u00e9gek k\u00f6z\u00f6tt, ez\u00e1ltal <b>hat\u00e9konyabb <span data-scayt_word=\"\u00e9s\" data-scaytid=\"52\">\u00e9s<\/span> gyorsabb a v\u00e1melj\u00e1r\u00e1sok<\/b> lefoly\u00e1sa. Az import\u0151r gyorsabban jut <span data-scayt_word=\"az\" data-scaytid=\"71\">az<\/span> \u00e1ruj\u00e1hoz, <span data-scayt_word=\"az\" data-scaytid=\"72\">az<\/span> exportsz\u00e1ll\u00edt\u00e1s tervezhet\u0151bb\u00e9 v\u00e1lik.<\/li><li>Nem besz\u00e9lve arr\u00f3l a vitathatatlanul legnagyobb el\u0151ny\u00e9r\u0151l, <span data-scayt_word=\"hogy\" data-scaytid=\"7\">hogy<\/span> gyakorlatilag a <b>h\u00e9t b\u00e1rmely napj\u00e1n<\/b>, bele\u00e9rtve a h\u00e9tv\u00e9g\u00e9ket <span data-scayt_word=\"\u00e9s\" data-scaytid=\"53\">\u00e9s<\/span> munkasz\u00fcneti napokat is, 0-24 \u00f3r\u00e1ig <span data-scayt_word=\"tart\u00f3\" data-scaytid=\"38\">tart\u00f3<\/span> id\u0151szakban gyakorolhatjuk v\u00e1mtev\u00e9kenys\u00e9geinket. A mai termel\u00e9si \u00fctemez\u00e9sek <span data-scayt_word=\"\u00e9s\" data-scaytid=\"54\">\u00e9s<\/span> szigor\u00fa kiszolg\u00e1l\u00e1si hat\u00e1rid\u0151k mellett mindez m\u00e1r elengedhetetlen felt\u00e9tel lett partnerereink \u00e9let\u00e9ben, a logisztikai szolg\u00e1ltat\u00e1s is csak a v\u00e1mtev\u00e9kenys\u00e9gek z\u00f6kken\u0151mentes elv\u00e9gz\u00e9s\u00e9vel lehet teljes.<\/li><\/ul>\n<!-- \/wp:list -->\n\n<!-- wp:paragraph -->\n<p>A <b>v\u00e1mszeml\u00e9k, fizikai \u00e1ruvizsg\u00e1latok a minim\u00e1lisra cs\u00f6kkennek<\/b> <span data-scayt_word=\"az\" data-scaytid=\"73\">az<\/span> <span data-scayt_word=\"egyszer\u0171s\u00edt\u00e9sek\" data-scaytid=\"79\">egyszer\u0171s\u00edt\u00e9sek<\/span> ig\u00e9nybev\u00e9tel\u00e9vel, tov\u00e1bb\u00e1 <span data-scayt_word=\"az\" data-scaytid=\"74\">az<\/span> enged\u00e9lyesek rengeteg <span data-scayt_word=\"id\u0151t\" data-scaytid=\"87\">id\u0151t<\/span> <span data-scayt_word=\"\u00e9s\" data-scaytid=\"55\">\u00e9s<\/span> k\u00f6lts\u00e9get takar\u00edtanak meg. Az ut\u00f3lagos elsz\u00e1mol\u00e1sok id\u0151sz\u00fcks\u00e9glete <span data-scayt_word=\"nem\" data-scaytid=\"30\">nem<\/span> befoly\u00e1solja a sz\u00e1ll\u00edt\u00e1sokat, a felhaszn\u00e1l\u00e1st, a gy\u00e1rt\u00e1st, a keresked\u00e9st.<\/p>\n<!-- \/wp:paragraph -->\n\n<!-- wp:paragraph -->\n<p>Az egyszer\u0171s\u00edtett elj\u00e1r\u00e1sok alkalmaz\u00e1s\u00e1nak felt\u00e9tele a megfelel\u0151 enged\u00e9lyek megl\u00e9te, melyeket <span data-scayt_word=\"az\" data-scaytid=\"75\">az<\/span> illet\u00e9kes v\u00e1mhivatalokn\u00e1l kell k\u00e9rv\u00e9nyezni. Term\u00e9szetesen ezek beszerz\u00e9s\u00e9nek <span data-scayt_word=\"\u00e9s\" data-scaytid=\"56\">\u00e9s<\/span> karbantart\u00e1s\u00e1nak terh\u00e9t is \u00e1tv\u00e1llaljuk \u00d6n\u00f6kt\u0151l.<\/p>\n<!-- \/wp:paragraph -->\n\n<!-- wp:paragraph -->\n<p>\u00dcgyfeleink megfelel\u0151 t\u00e1j\u00e9koztat\u00e1s mellett d\u00f6nthetik el, <span data-scayt_word=\"hogy\" data-scaytid=\"8\">hogy<\/span> <span data-scayt_word=\"az\" data-scaytid=\"76\">az<\/span> <b>egyszer\u0171s\u00edtett enged\u00e9lyek sz\u00e9les t\u00e1rh\u00e1za<\/b> k\u00f6z\u00fcl melyekre van legink\u00e1bb sz\u00fcks\u00e9g\u00fck, illetve <span data-scayt_word=\"hogy\" data-scaytid=\"9\">hogy<\/span> a kapcsol\u00f3d\u00f3 felt\u00e9telrendszernek (bankgarancia, el\u0151\u00e9let, gyakoris\u00e1g, stb.) mely esetben tudnak megfelelni.<\/p>\n<!-- \/wp:paragraph -->\n\n<!-- wp:paragraph -->\n<p><b>N\u00e9h\u00e1ny p\u00e9lda <span data-scayt_word=\"az\" data-scaytid=\"77\">az<\/span> <span data-scayt_word=\"egyszer\u0171s\u00edt\u00e9si\" data-scaytid=\"22\">egyszer\u0171s\u00edt\u00e9si<\/span> lehet\u0151s\u00e9gek k\u00f6z\u00fcl:<\/b><\/p>\n<!-- \/wp:paragraph -->\n\n<!-- wp:list -->\n<ul><li>elektronikus v\u00e1m el\u00e9 \u00e1ll\u00edt\u00e1si enged\u00e9ly<\/li><li>enged\u00e9lyezett c\u00edmzetti enged\u00e9ly, enged\u00e9lyezett c\u00edmzetti enged\u00e9ly TIR \u00e9rkeztet\u00e9shez<\/li><li>enged\u00e9lyezett felad\u00f3i enged\u00e9ly<\/li><li>TC31 \u00f6sszkezess\u00e9g <span data-scayt_word=\"\u00e9s\" data-scaytid=\"57\">\u00e9s<\/span> TC33 biztos\u00edt\u00e9kny\u00fajt\u00e1s al\u00f3li mentess\u00e9g<\/li><li>\u00e1tmeneti meg\u0151rz\u00e9si enged\u00e9ly<\/li><li>k\u00fcl\u00f6nb\u00f6z\u0151 t\u00edpus\u00fa helyi k\u00f6zv\u00e1mrakt\u00e1r <span data-scayt_word=\"\u00e9s\" data-scaytid=\"58\">\u00e9s<\/span> mag\u00e1nv\u00e1mrakt\u00e1r enged\u00e9lyek<\/li><li>\u00c1FA biztos\u00edt\u00e1s al\u00f3li mentess\u00e9g<\/li><li>elektronikus kiviteli v\u00e1melj\u00e1r\u00e1s helyi elj\u00e1r\u00e1sban (AES)<\/li><li>helyi szabad forgalomba helyez\u00e9si enged\u00e9ly, elektronikus \u00e1runyilatkozat ad\u00e1s <span data-scayt_word=\"\u00e9s\" data-scaytid=\"59\">\u00e9s<\/span> feldolgoz\u00e1s import v\u00e1melj\u00e1r\u00e1sok tekintet\u00e9ben (AIS)<\/li><li>halasztott v\u00e1mfizet\u00e9si enged\u00e9ly<\/li><li>\u00f6nad\u00f3z\u00f3i enged\u00e9ly<\/li><li>helyi akt\u00edv, passz\u00edv feldolgoz\u00e1si enged\u00e9ly, stb.<\/li><\/ul>\n<!-- \/wp:list -->","_hu_post_name":"elektronikus-vamkezeles-helyi-vameljarasok","_hu_post_excerpt":"","_hu_post_title":"Elektronikus v\u00e1mkezel\u00e9s, helyi v\u00e1melj\u00e1r\u00e1sok","_en_post_content":"","_en_post_name":"","_en_post_excerpt":"","_en_post_title":"","edit_language":"en","footnotes":""},"yoast_head":"<!-- This site is optimized with the Yoast SEO plugin v21.7 - https:\/\/yoast.com\/wordpress\/plugins\/seo\/ -->\n<title>Elektronikus v\u00e1mkezel\u00e9s, helyi v\u00e1melj\u00e1r\u00e1sok - Adintrade Kft.<\/title>\n<meta name=\"robots\" content=\"index, follow, max-snippet:-1, max-image-preview:large, max-video-preview:-1\" \/>\n<link rel=\"canonical\" href=\"https:\/\/adintrade.hu\/elektronikus-vamkezeles-helyi-vameljarasok\/\" \/>\n<meta property=\"og:locale\" content=\"en_US\" \/>\n<meta property=\"og:type\" content=\"article\" \/>\n<meta property=\"og:title\" content=\"Elektronikus v\u00e1mkezel\u00e9s, helyi v\u00e1melj\u00e1r\u00e1sok - Adintrade Kft.\" \/>\n<meta property=\"og:description\" content=\"\u00c1ltal\u00e1nosan elmondhat\u00f3, hogy aki \u00fczletszer\u0171en, napi rendszeress\u00e9ggel v\u00e9gez v\u00e1mkezel\u00e9seket, annak l\u00e9tfontoss\u00e1g\u00fa, hogy a lehets\u00e9ges egyszer\u0171s\u00edt\u00e9si lehet\u0151s\u00e9geket alkalmazza, mert a piac nem toler\u00e1lja sem a t\u00f6bb\u00f3r\u00e1s \u00e1ll\u00e1sid\u0151ket, a napokig tart\u00f3 \u00e1rura v\u00e1rakoz\u00e1sokat, sem pedig a felesleges okm\u00e1nykit\u00f6lt\u00e9seket. A sz\u00e1m\u00edt\u00f3g\u00e9pes\u00edtett v\u00e1mkezel\u00e9s \u00e9s az egyszer\u0171s\u00edt\u00e9sek egy\u00fcttes alkalmaz\u00e1sa t\u00f6red\u00e9k\u00e9re cs\u00f6kkentik a v\u00e1mkezel\u00e9sre ford\u00edtand\u00f3 id\u0151t, energi\u00e1kat, k\u00f6lts\u00e9geket. Aki nem k\u00e9pes [&hellip;]\" \/>\n<meta property=\"og:url\" content=\"https:\/\/adintrade.hu\/elektronikus-vamkezeles-helyi-vameljarasok\/\" \/>\n<meta property=\"og:site_name\" content=\"Adintrade Kft.\" \/>\n<meta property=\"article:publisher\" content=\"https:\/\/facebook.com\/adintrade\" \/>\n<meta name=\"twitter:card\" content=\"summary_large_image\" \/>\n<meta name=\"twitter:label1\" content=\"Est. reading time\" \/>\n\t<meta name=\"twitter:data1\" content=\"4 minutes\" \/>\n<script type=\"application\/ld+json\" class=\"yoast-schema-graph\">{\"@context\":\"https:\/\/schema.org\",\"@graph\":[{\"@type\":\"WebPage\",\"@id\":\"https:\/\/adintrade.hu\/elektronikus-vamkezeles-helyi-vameljarasok\/\",\"url\":\"https:\/\/adintrade.hu\/elektronikus-vamkezeles-helyi-vameljarasok\/\",\"name\":\"Elektronikus v\u00e1mkezel\u00e9s, helyi v\u00e1melj\u00e1r\u00e1sok - Adintrade Kft.\",\"isPartOf\":{\"@id\":\"https:\/\/adintrade.hu\/#website\"},\"datePublished\":\"2017-01-17T19:40:46+00:00\",\"dateModified\":\"2017-01-17T19:40:46+00:00\",\"breadcrumb\":{\"@id\":\"https:\/\/adintrade.hu\/elektronikus-vamkezeles-helyi-vameljarasok\/#breadcrumb\"},\"inLanguage\":\"english\",\"potentialAction\":[{\"@type\":\"ReadAction\",\"target\":[\"https:\/\/adintrade.hu\/elektronikus-vamkezeles-helyi-vameljarasok\/\"]}]},{\"@type\":\"BreadcrumbList\",\"@id\":\"https:\/\/adintrade.hu\/elektronikus-vamkezeles-helyi-vameljarasok\/#breadcrumb\",\"itemListElement\":[{\"@type\":\"ListItem\",\"position\":1,\"name\":\"Home\",\"item\":\"https:\/\/adintrade.hu\/\"},{\"@type\":\"ListItem\",\"position\":2,\"name\":\"Elektronikus v\u00e1mkezel\u00e9s, helyi v\u00e1melj\u00e1r\u00e1sok\"}]},{\"@type\":\"WebSite\",\"@id\":\"https:\/\/adintrade.hu\/#website\",\"url\":\"https:\/\/adintrade.hu\/\",\"name\":\"Adintrade Kft.\",\"description\":\"Customs and product fee administration\",\"publisher\":{\"@id\":\"https:\/\/adintrade.hu\/#organization\"},\"potentialAction\":[{\"@type\":\"SearchAction\",\"target\":{\"@type\":\"EntryPoint\",\"urlTemplate\":\"https:\/\/adintrade.hu\/?s={search_term_string}\"},\"query-input\":\"required name=search_term_string\"}],\"inLanguage\":\"english\"},{\"@type\":\"Organization\",\"@id\":\"https:\/\/adintrade.hu\/#organization\",\"name\":\"Adintrade Kft.\",\"url\":\"https:\/\/adintrade.hu\/\",\"logo\":{\"@type\":\"ImageObject\",\"inLanguage\":\"english\",\"@id\":\"https:\/\/adintrade.hu\/#\/schema\/logo\/image\/\",\"url\":\"https:\/\/adintrade.hu\/wp-content\/uploads\/2022\/08\/cropped-cropped-adintrade_original.png\",\"contentUrl\":\"https:\/\/adintrade.hu\/wp-content\/uploads\/2022\/08\/cropped-cropped-adintrade_original.png\",\"width\":794,\"height\":247,\"caption\":\"Adintrade Kft.\"},\"image\":{\"@id\":\"https:\/\/adintrade.hu\/#\/schema\/logo\/image\/\"},\"sameAs\":[\"https:\/\/facebook.com\/adintrade\"]}]}<\/script>\n<!-- \/ Yoast SEO plugin. -->","yoast_head_json":{"title":"Elektronikus v\u00e1mkezel\u00e9s, helyi v\u00e1melj\u00e1r\u00e1sok - Adintrade Kft.","robots":{"index":"index","follow":"follow","max-snippet":"max-snippet:-1","max-image-preview":"max-image-preview:large","max-video-preview":"max-video-preview:-1"},"canonical":"https:\/\/adintrade.hu\/elektronikus-vamkezeles-helyi-vameljarasok\/","og_locale":"en_US","og_type":"article","og_title":"Elektronikus v\u00e1mkezel\u00e9s, helyi v\u00e1melj\u00e1r\u00e1sok - Adintrade Kft.","og_description":"\u00c1ltal\u00e1nosan elmondhat\u00f3, hogy aki \u00fczletszer\u0171en, napi rendszeress\u00e9ggel v\u00e9gez v\u00e1mkezel\u00e9seket, annak l\u00e9tfontoss\u00e1g\u00fa, hogy a lehets\u00e9ges egyszer\u0171s\u00edt\u00e9si lehet\u0151s\u00e9geket alkalmazza, mert a piac nem toler\u00e1lja sem a t\u00f6bb\u00f3r\u00e1s \u00e1ll\u00e1sid\u0151ket, a napokig tart\u00f3 \u00e1rura v\u00e1rakoz\u00e1sokat, sem pedig a felesleges okm\u00e1nykit\u00f6lt\u00e9seket. A sz\u00e1m\u00edt\u00f3g\u00e9pes\u00edtett v\u00e1mkezel\u00e9s \u00e9s az egyszer\u0171s\u00edt\u00e9sek egy\u00fcttes alkalmaz\u00e1sa t\u00f6red\u00e9k\u00e9re cs\u00f6kkentik a v\u00e1mkezel\u00e9sre ford\u00edtand\u00f3 id\u0151t, energi\u00e1kat, k\u00f6lts\u00e9geket. Aki nem k\u00e9pes [&hellip;]","og_url":"https:\/\/adintrade.hu\/elektronikus-vamkezeles-helyi-vameljarasok\/","og_site_name":"Adintrade Kft.","article_publisher":"https:\/\/facebook.com\/adintrade","twitter_card":"summary_large_image","twitter_misc":{"Est. reading time":"4 minutes"},"schema":{"@context":"https:\/\/schema.org","@graph":[{"@type":"WebPage","@id":"https:\/\/adintrade.hu\/elektronikus-vamkezeles-helyi-vameljarasok\/","url":"https:\/\/adintrade.hu\/elektronikus-vamkezeles-helyi-vameljarasok\/","name":"Elektronikus v\u00e1mkezel\u00e9s, helyi v\u00e1melj\u00e1r\u00e1sok - Adintrade Kft.","isPartOf":{"@id":"https:\/\/adintrade.hu\/#website"},"datePublished":"2017-01-17T19:40:46+00:00","dateModified":"2017-01-17T19:40:46+00:00","breadcrumb":{"@id":"https:\/\/adintrade.hu\/elektronikus-vamkezeles-helyi-vameljarasok\/#breadcrumb"},"inLanguage":"english","potentialAction":[{"@type":"ReadAction","target":["https:\/\/adintrade.hu\/elektronikus-vamkezeles-helyi-vameljarasok\/"]}]},{"@type":"BreadcrumbList","@id":"https:\/\/adintrade.hu\/elektronikus-vamkezeles-helyi-vameljarasok\/#breadcrumb","itemListElement":[{"@type":"ListItem","position":1,"name":"Home","item":"https:\/\/adintrade.hu\/"},{"@type":"ListItem","position":2,"name":"Elektronikus v\u00e1mkezel\u00e9s, helyi v\u00e1melj\u00e1r\u00e1sok"}]},{"@type":"WebSite","@id":"https:\/\/adintrade.hu\/#website","url":"https:\/\/adintrade.hu\/","name":"Adintrade Kft.","description":"Customs and product fee administration","publisher":{"@id":"https:\/\/adintrade.hu\/#organization"},"potentialAction":[{"@type":"SearchAction","target":{"@type":"EntryPoint","urlTemplate":"https:\/\/adintrade.hu\/?s={search_term_string}"},"query-input":"required name=search_term_string"}],"inLanguage":"english"},{"@type":"Organization","@id":"https:\/\/adintrade.hu\/#organization","name":"Adintrade Kft.","url":"https:\/\/adintrade.hu\/","logo":{"@type":"ImageObject","inLanguage":"english","@id":"https:\/\/adintrade.hu\/#\/schema\/logo\/image\/","url":"https:\/\/adintrade.hu\/wp-content\/uploads\/2022\/08\/cropped-cropped-adintrade_original.png","contentUrl":"https:\/\/adintrade.hu\/wp-content\/uploads\/2022\/08\/cropped-cropped-adintrade_original.png","width":794,"height":247,"caption":"Adintrade Kft."},"image":{"@id":"https:\/\/adintrade.hu\/#\/schema\/logo\/image\/"},"sameAs":["https:\/\/facebook.com\/adintrade"]}]}},"_links":{"self":[{"href":"https:\/\/adintrade.hu\/en\/wp-json\/wp\/v2\/pages\/427"}],"collection":[{"href":"https:\/\/adintrade.hu\/en\/wp-json\/wp\/v2\/pages"}],"about":[{"href":"https:\/\/adintrade.hu\/en\/wp-json\/wp\/v2\/types\/page"}],"author":[{"embeddable":true,"href":"https:\/\/adintrade.hu\/en\/wp-json\/wp\/v2\/users\/1"}],"replies":[{"embeddable":true,"href":"https:\/\/adintrade.hu\/en\/wp-json\/wp\/v2\/comments?post=427"}],"version-history":[{"count":0,"href":"https:\/\/adintrade.hu\/en\/wp-json\/wp\/v2\/pages\/427\/revisions"}],"wp:attachment":[{"href":"https:\/\/adintrade.hu\/en\/wp-json\/wp\/v2\/media?parent=427"}],"curies":[{"name":"wp","href":"https:\/\/api.w.org\/{rel}","templated":true}]}}