{"id":431,"date":"2017-01-17T21:41:22","date_gmt":"2017-01-17T19:41:22","guid":{"rendered":"http:\/\/adintrade.hu\/?page_id=431"},"modified":"2017-01-17T21:41:22","modified_gmt":"2017-01-17T19:41:22","slug":"","status":"publish","type":"page","link":"https:\/\/adintrade.hu\/en\/kulonleges-vameljarasok\/","title":{"rendered":"","raw":""},"content":{"rendered":"","protected":false,"raw":""},"excerpt":{"rendered":"","protected":false,"raw":""},"author":1,"featured_media":0,"parent":0,"menu_order":0,"comment_status":"closed","ping_status":"closed","template":"","meta":{"inline_featured_image":false,"_hu_post_content":"<!-- wp:paragraph -->\n<p><b>Sz\u00edvesen v\u00e1llaljuk a nem szokv\u00e1nyos v\u00e1melj\u00e1r\u00e1sok v\u00e9grehajt\u00e1s\u00e1t is.<\/b><\/p>\n<!-- \/wp:paragraph -->\n\n<!-- wp:paragraph -->\n<p><b>K\u00fcl\u00f6nleges<\/b> v\u00e1melj\u00e1r\u00e1sr\u00f3l azoknak a v\u00e1melj\u00e1r\u00e1soknak az eset\u00e9ben besz\u00e9lhet\u00fcnk, amelyek nem egy egyszer\u0171 k\u00fclkereskedelmi ad\u00e1sv\u00e9teli szerz\u0151d\u00e9shez kapcsol\u00f3d\u00f3, v\u00e9gleges rendeltet\u00e9s\u0171 export v\u00e1mkezel\u00e9ssel, vagy szabad forgalomba helyez\u00e9ssel j\u00e1rnak.<\/p>\n<!-- \/wp:paragraph -->\n\n<!-- wp:paragraph -->\n<p>Sz\u00edvesen v\u00e1llaljuk e <b>nem szokv\u00e1nyos v\u00e1melj\u00e1r\u00e1sok<\/b> v\u00e9grehajt\u00e1s\u00e1t is. <b>N\u00e9h\u00e1ny p\u00e9lda<\/b> e tev\u00e9kenys\u00e9g ter\u00fcletekre:<\/p>\n<!-- \/wp:paragraph -->\n\n<!-- wp:list -->\n<ul><li>reexport, reexpedi\u00e1l\u00e1s;<\/li><li>ad\u00f3rakt\u00e1roz\u00e1si tev\u00e9kenys\u00e9g<\/li><li>ideiglenes kivitelek \u00e9s behozatalok (pl. b\u00e9rleti, k\u00f6lcs\u00f6n-szerz\u0151d\u00e9sek, jav\u00edt\u00e1sok stb.);<\/li><li>v\u00e1mmentes szabad forgalomba helyez\u00e9s (pl. \u00e9rt\u00e9khat\u00e1r alatti import)<\/li><li>felt\u00e9teles v\u00e1melj\u00e1r\u00e1sok (meghat\u00e1rozott felhaszn\u00e1l\u00e1si c\u00e9l\u00fa elj\u00e1r\u00e1s, exportterm\u00e9kbe t\u00f6rt\u00e9n\u0151 be\u00e9p\u00edt\u00e9s), \u00e9s ut\u00f3lagos elsz\u00e1mol\u00e1suk;<\/li><li>akt\u00edv \u00e9s passz\u00edv b\u00e9rmunka v\u00e1mkezel\u00e9se \u00e9s elsz\u00e1mol\u00e1sa, kapcsol\u00f3d\u00f3 nyilv\u00e1ntart\u00e1sok vezet\u00e9se;<\/li><li>nagyberuh\u00e1z\u00e1sok, f\u0151v\u00e1llalkoz\u00e1sok komplett v\u00e1mlebonyol\u00edt\u00e1sa;<\/li><li>t\u0151keapport kivitele, behozatala.<\/li><\/ul>\n<!-- \/wp:list -->","_hu_post_name":"kulonleges-vameljarasok","_hu_post_excerpt":"","_hu_post_title":"K\u00fcl\u00f6nleges v\u00e1melj\u00e1r\u00e1sok","_en_post_content":"","_en_post_name":"","_en_post_excerpt":"","_en_post_title":"","edit_language":"en","footnotes":""},"yoast_head":"<!-- This site is optimized with the Yoast SEO plugin v21.7 - https:\/\/yoast.com\/wordpress\/plugins\/seo\/ -->\n<title>K\u00fcl\u00f6nleges v\u00e1melj\u00e1r\u00e1sok - Adintrade Kft.<\/title>\n<meta name=\"robots\" content=\"index, follow, max-snippet:-1, max-image-preview:large, max-video-preview:-1\" \/>\n<link rel=\"canonical\" href=\"https:\/\/adintrade.hu\/kulonleges-vameljarasok\/\" \/>\n<meta property=\"og:locale\" content=\"en_US\" \/>\n<meta property=\"og:type\" content=\"article\" \/>\n<meta property=\"og:title\" content=\"K\u00fcl\u00f6nleges v\u00e1melj\u00e1r\u00e1sok - Adintrade Kft.\" \/>\n<meta property=\"og:description\" content=\"Sz\u00edvesen v\u00e1llaljuk a nem szokv\u00e1nyos v\u00e1melj\u00e1r\u00e1sok v\u00e9grehajt\u00e1s\u00e1t is. K\u00fcl\u00f6nleges v\u00e1melj\u00e1r\u00e1sr\u00f3l azoknak a v\u00e1melj\u00e1r\u00e1soknak az eset\u00e9ben besz\u00e9lhet\u00fcnk, amelyek nem egy egyszer\u0171 k\u00fclkereskedelmi ad\u00e1sv\u00e9teli szerz\u0151d\u00e9shez kapcsol\u00f3d\u00f3, v\u00e9gleges rendeltet\u00e9s\u0171 export v\u00e1mkezel\u00e9ssel, vagy szabad forgalomba helyez\u00e9ssel j\u00e1rnak. Sz\u00edvesen v\u00e1llaljuk e nem szokv\u00e1nyos v\u00e1melj\u00e1r\u00e1sok v\u00e9grehajt\u00e1s\u00e1t is. N\u00e9h\u00e1ny p\u00e9lda e tev\u00e9kenys\u00e9g ter\u00fcletekre: reexport, reexpedi\u00e1l\u00e1s; ad\u00f3rakt\u00e1roz\u00e1si tev\u00e9kenys\u00e9g ideiglenes kivitelek \u00e9s behozatalok (pl. [&hellip;]\" \/>\n<meta property=\"og:url\" content=\"https:\/\/adintrade.hu\/kulonleges-vameljarasok\/\" \/>\n<meta property=\"og:site_name\" content=\"Adintrade Kft.\" \/>\n<meta property=\"article:publisher\" content=\"https:\/\/facebook.com\/adintrade\" \/>\n<meta name=\"twitter:card\" content=\"summary_large_image\" \/>\n<meta name=\"twitter:label1\" content=\"Est. reading time\" \/>\n\t<meta name=\"twitter:data1\" content=\"1 minute\" \/>\n<script type=\"application\/ld+json\" class=\"yoast-schema-graph\">{\"@context\":\"https:\/\/schema.org\",\"@graph\":[{\"@type\":\"WebPage\",\"@id\":\"https:\/\/adintrade.hu\/kulonleges-vameljarasok\/\",\"url\":\"https:\/\/adintrade.hu\/kulonleges-vameljarasok\/\",\"name\":\"K\u00fcl\u00f6nleges v\u00e1melj\u00e1r\u00e1sok - Adintrade Kft.\",\"isPartOf\":{\"@id\":\"https:\/\/adintrade.hu\/#website\"},\"datePublished\":\"2017-01-17T19:41:22+00:00\",\"dateModified\":\"2017-01-17T19:41:22+00:00\",\"breadcrumb\":{\"@id\":\"https:\/\/adintrade.hu\/kulonleges-vameljarasok\/#breadcrumb\"},\"inLanguage\":\"english\",\"potentialAction\":[{\"@type\":\"ReadAction\",\"target\":[\"https:\/\/adintrade.hu\/kulonleges-vameljarasok\/\"]}]},{\"@type\":\"BreadcrumbList\",\"@id\":\"https:\/\/adintrade.hu\/kulonleges-vameljarasok\/#breadcrumb\",\"itemListElement\":[{\"@type\":\"ListItem\",\"position\":1,\"name\":\"Home\",\"item\":\"https:\/\/adintrade.hu\/\"},{\"@type\":\"ListItem\",\"position\":2,\"name\":\"K\u00fcl\u00f6nleges v\u00e1melj\u00e1r\u00e1sok\"}]},{\"@type\":\"WebSite\",\"@id\":\"https:\/\/adintrade.hu\/#website\",\"url\":\"https:\/\/adintrade.hu\/\",\"name\":\"Adintrade Kft.\",\"description\":\"Customs and product fee administration\",\"publisher\":{\"@id\":\"https:\/\/adintrade.hu\/#organization\"},\"potentialAction\":[{\"@type\":\"SearchAction\",\"target\":{\"@type\":\"EntryPoint\",\"urlTemplate\":\"https:\/\/adintrade.hu\/?s={search_term_string}\"},\"query-input\":\"required name=search_term_string\"}],\"inLanguage\":\"english\"},{\"@type\":\"Organization\",\"@id\":\"https:\/\/adintrade.hu\/#organization\",\"name\":\"Adintrade Kft.\",\"url\":\"https:\/\/adintrade.hu\/\",\"logo\":{\"@type\":\"ImageObject\",\"inLanguage\":\"english\",\"@id\":\"https:\/\/adintrade.hu\/#\/schema\/logo\/image\/\",\"url\":\"https:\/\/adintrade.hu\/wp-content\/uploads\/2022\/08\/cropped-cropped-adintrade_original.png\",\"contentUrl\":\"https:\/\/adintrade.hu\/wp-content\/uploads\/2022\/08\/cropped-cropped-adintrade_original.png\",\"width\":794,\"height\":247,\"caption\":\"Adintrade Kft.\"},\"image\":{\"@id\":\"https:\/\/adintrade.hu\/#\/schema\/logo\/image\/\"},\"sameAs\":[\"https:\/\/facebook.com\/adintrade\"]}]}<\/script>\n<!-- \/ Yoast SEO plugin. -->","yoast_head_json":{"title":"K\u00fcl\u00f6nleges v\u00e1melj\u00e1r\u00e1sok - Adintrade Kft.","robots":{"index":"index","follow":"follow","max-snippet":"max-snippet:-1","max-image-preview":"max-image-preview:large","max-video-preview":"max-video-preview:-1"},"canonical":"https:\/\/adintrade.hu\/kulonleges-vameljarasok\/","og_locale":"en_US","og_type":"article","og_title":"K\u00fcl\u00f6nleges v\u00e1melj\u00e1r\u00e1sok - Adintrade Kft.","og_description":"Sz\u00edvesen v\u00e1llaljuk a nem szokv\u00e1nyos v\u00e1melj\u00e1r\u00e1sok v\u00e9grehajt\u00e1s\u00e1t is. K\u00fcl\u00f6nleges v\u00e1melj\u00e1r\u00e1sr\u00f3l azoknak a v\u00e1melj\u00e1r\u00e1soknak az eset\u00e9ben besz\u00e9lhet\u00fcnk, amelyek nem egy egyszer\u0171 k\u00fclkereskedelmi ad\u00e1sv\u00e9teli szerz\u0151d\u00e9shez kapcsol\u00f3d\u00f3, v\u00e9gleges rendeltet\u00e9s\u0171 export v\u00e1mkezel\u00e9ssel, vagy szabad forgalomba helyez\u00e9ssel j\u00e1rnak. Sz\u00edvesen v\u00e1llaljuk e nem szokv\u00e1nyos v\u00e1melj\u00e1r\u00e1sok v\u00e9grehajt\u00e1s\u00e1t is. N\u00e9h\u00e1ny p\u00e9lda e tev\u00e9kenys\u00e9g ter\u00fcletekre: reexport, reexpedi\u00e1l\u00e1s; ad\u00f3rakt\u00e1roz\u00e1si tev\u00e9kenys\u00e9g ideiglenes kivitelek \u00e9s behozatalok (pl. [&hellip;]","og_url":"https:\/\/adintrade.hu\/kulonleges-vameljarasok\/","og_site_name":"Adintrade Kft.","article_publisher":"https:\/\/facebook.com\/adintrade","twitter_card":"summary_large_image","twitter_misc":{"Est. reading time":"1 minute"},"schema":{"@context":"https:\/\/schema.org","@graph":[{"@type":"WebPage","@id":"https:\/\/adintrade.hu\/kulonleges-vameljarasok\/","url":"https:\/\/adintrade.hu\/kulonleges-vameljarasok\/","name":"K\u00fcl\u00f6nleges v\u00e1melj\u00e1r\u00e1sok - Adintrade Kft.","isPartOf":{"@id":"https:\/\/adintrade.hu\/#website"},"datePublished":"2017-01-17T19:41:22+00:00","dateModified":"2017-01-17T19:41:22+00:00","breadcrumb":{"@id":"https:\/\/adintrade.hu\/kulonleges-vameljarasok\/#breadcrumb"},"inLanguage":"english","potentialAction":[{"@type":"ReadAction","target":["https:\/\/adintrade.hu\/kulonleges-vameljarasok\/"]}]},{"@type":"BreadcrumbList","@id":"https:\/\/adintrade.hu\/kulonleges-vameljarasok\/#breadcrumb","itemListElement":[{"@type":"ListItem","position":1,"name":"Home","item":"https:\/\/adintrade.hu\/"},{"@type":"ListItem","position":2,"name":"K\u00fcl\u00f6nleges v\u00e1melj\u00e1r\u00e1sok"}]},{"@type":"WebSite","@id":"https:\/\/adintrade.hu\/#website","url":"https:\/\/adintrade.hu\/","name":"Adintrade Kft.","description":"Customs and product fee administration","publisher":{"@id":"https:\/\/adintrade.hu\/#organization"},"potentialAction":[{"@type":"SearchAction","target":{"@type":"EntryPoint","urlTemplate":"https:\/\/adintrade.hu\/?s={search_term_string}"},"query-input":"required name=search_term_string"}],"inLanguage":"english"},{"@type":"Organization","@id":"https:\/\/adintrade.hu\/#organization","name":"Adintrade Kft.","url":"https:\/\/adintrade.hu\/","logo":{"@type":"ImageObject","inLanguage":"english","@id":"https:\/\/adintrade.hu\/#\/schema\/logo\/image\/","url":"https:\/\/adintrade.hu\/wp-content\/uploads\/2022\/08\/cropped-cropped-adintrade_original.png","contentUrl":"https:\/\/adintrade.hu\/wp-content\/uploads\/2022\/08\/cropped-cropped-adintrade_original.png","width":794,"height":247,"caption":"Adintrade Kft."},"image":{"@id":"https:\/\/adintrade.hu\/#\/schema\/logo\/image\/"},"sameAs":["https:\/\/facebook.com\/adintrade"]}]}},"_links":{"self":[{"href":"https:\/\/adintrade.hu\/en\/wp-json\/wp\/v2\/pages\/431"}],"collection":[{"href":"https:\/\/adintrade.hu\/en\/wp-json\/wp\/v2\/pages"}],"about":[{"href":"https:\/\/adintrade.hu\/en\/wp-json\/wp\/v2\/types\/page"}],"author":[{"embeddable":true,"href":"https:\/\/adintrade.hu\/en\/wp-json\/wp\/v2\/users\/1"}],"replies":[{"embeddable":true,"href":"https:\/\/adintrade.hu\/en\/wp-json\/wp\/v2\/comments?post=431"}],"version-history":[{"count":0,"href":"https:\/\/adintrade.hu\/en\/wp-json\/wp\/v2\/pages\/431\/revisions"}],"wp:attachment":[{"href":"https:\/\/adintrade.hu\/en\/wp-json\/wp\/v2\/media?parent=431"}],"curies":[{"name":"wp","href":"https:\/\/api.w.org\/{rel}","templated":true}]}}