{"id":435,"date":"2017-01-17T21:44:04","date_gmt":"2017-01-17T19:44:04","guid":{"rendered":"http:\/\/adintrade.hu\/?page_id=435"},"modified":"2017-01-17T21:44:04","modified_gmt":"2017-01-17T19:44:04","slug":"","status":"publish","type":"page","link":"https:\/\/adintrade.hu\/en\/vamvisszateritesek-utolagos-vammodositasok\/","title":{"rendered":"","raw":""},"content":{"rendered":"","protected":false,"raw":""},"excerpt":{"rendered":"","protected":false,"raw":""},"author":1,"featured_media":0,"parent":0,"menu_order":0,"comment_status":"closed","ping_status":"closed","template":"","meta":{"inline_featured_image":false,"_hu_post_content":"<!-- wp:paragraph -->\n<p><b><span data-scayt_word=\"Az\" data-scaytid=\"1\">z<\/span> <span data-scayt_word=\"ut\u00f3lagos\" data-scaytid=\"3\">ut\u00f3lagos<\/span> <span data-scayt_word=\"elj\u00e1r\u00e1sokat\" data-scaytid=\"5\">elj\u00e1r\u00e1sokat<\/span>, <span data-scayt_word=\"m\u00f3dos\u00edt\u00e1sokat\" data-scaytid=\"6\">m\u00f3dos\u00edt\u00e1sokat<\/span> <span data-scayt_word=\"nagyon\" data-scaytid=\"7\">nagyon<\/span> <span data-scayt_word=\"kev\u00e9s\" data-scaytid=\"8\">kev\u00e9s<\/span> <span data-scayt_word=\"v\u00e1m\u00fcgyn\u00f6ks\u00e9g\" data-scaytid=\"9\">v\u00e1m\u00fcgyn\u00f6ks\u00e9g<\/span> <span data-scayt_word=\"szereti\" data-scaytid=\"10\">szereti<\/span> <span data-scayt_word=\"felv\u00e1llalni\" data-scaytid=\"11\">felv\u00e1llalni<\/span>.<\/b><\/p>\n<!-- \/wp:paragraph -->\n\n<!-- wp:paragraph -->\n<p><span data-scayt_word=\"Az\" data-scaytid=\"2\">Az<\/span> <b><span data-scayt_word=\"ut\u00f3lagos\" data-scaytid=\"4\">ut\u00f3lagos<\/span><\/b> <span data-scayt_word=\"elj\u00e1r\u00e1sok\" data-scaytid=\"12\">elj\u00e1r\u00e1sok<\/span> <span data-scayt_word=\"ter\u00fclet\u00e9n\" data-scaytid=\"13\">ter\u00fclet\u00e9n<\/span> <span data-scayt_word=\"sok\" data-scaytid=\"14\">sok<\/span> <b><span data-scayt_word=\"sikert\" data-scaytid=\"15\">sikert<\/span><\/b> <span data-scayt_word=\"mondhatunk\" data-scaytid=\"19\">mondhatunk<\/span> <span data-scayt_word=\"magunk\u00e9nak\" data-scaytid=\"20\">magunk\u00e9nak<\/span>. <span data-scayt_word=\"Ezekre\" data-scaytid=\"21\">Ezekre<\/span> <span data-scayt_word=\"nagyon\" data-scaytid=\"16\">nagyon<\/span> <span data-scayt_word=\"b\u00fcszk\u00e9k\" data-scaytid=\"23\">b\u00fcszk\u00e9k<\/span> <span data-scayt_word=\"vagyunk\" data-scaytid=\"24\">vagyunk<\/span>, <span data-scayt_word=\"mert\" data-scaytid=\"25\">mert<\/span> a <span data-scayt_word=\"v\u00e1m\u00fcgyint\u00e9z\u00e9sen\" data-scaytid=\"26\">v\u00e1m\u00fcgyint\u00e9z\u00e9sen<\/span> <span data-scayt_word=\"bel\u00fcl\" data-scaytid=\"27\">bel\u00fcl<\/span> <span data-scayt_word=\"az\" data-scaytid=\"28\">az<\/span> <span data-scayt_word=\"egyik\" data-scaytid=\"30\">egyik<\/span> <span data-scayt_word=\"legkomolyabb\" data-scaytid=\"31\">legkomolyabb<\/span> <span data-scayt_word=\"szakmai\" data-scaytid=\"32\">szakmai<\/span> <span data-scayt_word=\"kih\u00edv\u00e1st\" data-scaytid=\"33\">kih\u00edv\u00e1st<\/span> <span data-scayt_word=\"\u00e9ppen\" data-scaytid=\"34\">\u00e9ppen<\/span> <span data-scayt_word=\"az\" data-scaytid=\"29\">az<\/span> <span data-scayt_word=\"ut\u00f3lagos\" data-scaytid=\"17\">ut\u00f3lagos<\/span> <span data-scayt_word=\"elj\u00e1r\u00e1sok\" data-scaytid=\"18\">elj\u00e1r\u00e1sok<\/span> <span data-scayt_word=\"jelentik\" data-scaytid=\"37\">jelentik<\/span>.<\/p>\n<!-- \/wp:paragraph -->\n\n<!-- wp:paragraph -->\n<p><span data-scayt_word=\"Sz\u00e1mos\" data-scaytid=\"38\">Sz\u00e1mos<\/span> <span data-scayt_word=\"mai\" data-scaytid=\"39\">mai<\/span> <span data-scayt_word=\"\u00fcgyfel\u00fcnkkel\" data-scaytid=\"40\">\u00fcgyfel\u00fcnkkel<\/span> <span data-scayt_word=\"\u00fagy\" data-scaytid=\"41\">\u00fagy<\/span> <span data-scayt_word=\"ker\u00fclt\u00fcnk\" data-scaytid=\"42\">ker\u00fclt\u00fcnk<\/span> <span data-scayt_word=\"kapcsolatba\" data-scaytid=\"43\">kapcsolatba<\/span>, <span data-scayt_word=\"hogy\" data-scaytid=\"44\">hogy<\/span> <b><span data-scayt_word=\"egy\" data-scaytid=\"45\">egy<\/span> <span data-scayt_word=\"megt\u00f6rt\u00e9nt\" data-scaytid=\"46\">megt\u00f6rt\u00e9nt<\/span>, <span data-scayt_word=\"elrontott\" data-scaytid=\"47\">elrontott<\/span> <span data-scayt_word=\"v\u00e1mkezel\u00e9s\u00fcket\" data-scaytid=\"48\">v\u00e1mkezel\u00e9s\u00fcket<\/span><\/b> <span data-scayt_word=\"kellett\" data-scaytid=\"49\">kellett<\/span> <b><span data-scayt_word=\"helyrehoznunk\" data-scaytid=\"56\">helyrehoznunk<\/span>, <span data-scayt_word=\"p\u00e9nz\u00fcket\" data-scaytid=\"57\">p\u00e9nz\u00fcket<\/span><\/b> a <span data-scayt_word=\"v\u00e1mszervekt\u0151l\" data-scaytid=\"58\">v\u00e1mszervekt\u0151l<\/span> <b><span data-scayt_word=\"visszacsalogatnunk\" data-scaytid=\"59\">visszacsalogatnunk<\/span><\/b>.<\/p>\n<!-- \/wp:paragraph -->\n\n<!-- wp:paragraph -->\n<p><span data-scayt_word=\"Az\" data-scaytid=\"50\">Az<\/span> <span data-scayt_word=\"ut\u00f3lagos\" data-scaytid=\"51\">ut\u00f3lagos<\/span> <span data-scayt_word=\"elj\u00e1r\u00e1sok\" data-scaytid=\"52\">elj\u00e1r\u00e1sok<\/span> <span data-scayt_word=\"neh\u00e9zs\u00e9g\u00e9t\" data-scaytid=\"63\">neh\u00e9zs\u00e9g\u00e9t<\/span> <span data-scayt_word=\"az\" data-scaytid=\"53\">az<\/span> <span data-scayt_word=\"adja\" data-scaytid=\"65\">adja<\/span>, <span data-scayt_word=\"hogy\" data-scaytid=\"54\">hogy<\/span><\/p>\n<!-- \/wp:paragraph -->\n\n<!-- wp:list -->\n<ul><li><span data-scayt_word=\"magasabb\" data-scaytid=\"67\">magasabb<\/span> <span data-scayt_word=\"szint\u0171\" data-scaytid=\"68\">szint\u0171<\/span> <span data-scayt_word=\"szakmai\" data-scaytid=\"55\">szakmai<\/span> <b><span data-scayt_word=\"ismereteket\" data-scaytid=\"70\">ismereteket<\/span><\/b> <span data-scayt_word=\"\u00e9s\" data-scaytid=\"71\">\u00e9s<\/span><\/li><li><span data-scayt_word=\"j\u00f3\" data-scaytid=\"72\">j\u00f3<\/span> <span data-scayt_word=\"szem\u00e9lyes\" data-scaytid=\"73\">szem\u00e9lyes<\/span> <b><span data-scayt_word=\"kapcsolatokat\" data-scaytid=\"74\">kapcsolatokat<\/span><\/b><\/li><\/ul>\n<!-- \/wp:list -->\n\n<!-- wp:paragraph -->\n<p><span data-scayt_word=\"egyar\u00e1nt\" data-scaytid=\"75\">egyar\u00e1nt<\/span> <span data-scayt_word=\"ig\u00e9nyel\" data-scaytid=\"76\">ig\u00e9nyel<\/span>, s <span data-scayt_word=\"emellett\" data-scaytid=\"77\">emellett<\/span><\/p>\n<!-- \/wp:paragraph -->\n\n<!-- wp:list -->\n<ul><li><span data-scayt_word=\"sz\u00edv\u00f3s\" data-scaytid=\"78\">sz\u00edv\u00f3s<\/span>, <span data-scayt_word=\"kitart\u00f3\" data-scaytid=\"79\">kitart\u00f3<\/span> <b><span data-scayt_word=\"munk\u00e1ra\" data-scaytid=\"80\">munk\u00e1ra<\/span><\/b>,<\/li><li><span data-scayt_word=\"maxim\u00e1lis\" data-scaytid=\"81\">maxim\u00e1lis<\/span> <b><span data-scayt_word=\"odafigyel\u00e9sre\" data-scaytid=\"82\">odafigyel\u00e9sre<\/span><\/b> <span data-scayt_word=\"\u00e9s\" data-scaytid=\"83\">\u00e9s<\/span> <span data-scayt_word=\"t\u00f6r\u0151d\u00e9sre\" data-scaytid=\"87\">t\u00f6r\u0151d\u00e9sre<\/span>,<\/li><li><b><span data-scayt_word=\"ut\u00e1nj\u00e1r\u00e1sra\" data-scaytid=\"88\">ut\u00e1nj\u00e1r\u00e1sra<\/span><\/b>, <span data-scayt_word=\"tov\u00e1bb\u00e1\" data-scaytid=\"89\">tov\u00e1bb\u00e1<\/span><\/li><li><span data-scayt_word=\"sablonokt\u00f3l\" data-scaytid=\"90\">sablonokt\u00f3l<\/span> <span data-scayt_word=\"mentes\" data-scaytid=\"91\">mentes<\/span> <b><span data-scayt_word=\"kreat\u00edv\" data-scaytid=\"92\">kreat\u00edv<\/span> <span data-scayt_word=\"gondolkod\u00e1sra\" data-scaytid=\"93\">gondolkod\u00e1sra<\/span> <span data-scayt_word=\"\u00e9s\" data-scaytid=\"84\">\u00e9s<\/span> <span data-scayt_word=\"cselekv\u00e9sre\" data-scaytid=\"94\">cselekv\u00e9sre<\/span><\/b><\/li><\/ul>\n<!-- \/wp:list -->\n\n<!-- wp:paragraph -->\n<p><span data-scayt_word=\"egyform\u00e1n\" data-scaytid=\"95\">egyform\u00e1n<\/span> <span data-scayt_word=\"sz\u00fcks\u00e9g\" data-scaytid=\"96\">sz\u00fcks\u00e9g<\/span> van a <span data-scayt_word=\"sikeres\" data-scaytid=\"97\">sikeres<\/span> <span data-scayt_word=\"megval\u00f3s\u00edt\u00e1s\u00e1hoz\" data-scaytid=\"98\">megval\u00f3s\u00edt\u00e1s\u00e1hoz<\/span>.<\/p>\n<!-- \/wp:paragraph -->\n\n<!-- wp:paragraph -->\n<p>Mi <span data-scayt_word=\"kih\u00edv\u00e1snak\" data-scaytid=\"119\">kih\u00edv\u00e1snak<\/span> <span data-scayt_word=\"\u00e9rezz\u00fck\" data-scaytid=\"120\">\u00e9rezz\u00fck<\/span> <span data-scayt_word=\"\u00e9s\" data-scaytid=\"99\">\u00e9s<\/span> <span data-scayt_word=\"sz\u00edvesen\" data-scaytid=\"122\">sz\u00edvesen<\/span> <span data-scayt_word=\"elv\u00e9gezz\u00fck\" data-scaytid=\"123\">elv\u00e9gezz\u00fck<\/span> e <span data-scayt_word=\"neh\u00e9z\" data-scaytid=\"124\">neh\u00e9z<\/span> <span data-scayt_word=\"feladatokat\" data-scaytid=\"125\">feladatokat<\/span> is, <span data-scayt_word=\"pedig\" data-scaytid=\"126\">pedig<\/span> <span data-scayt_word=\"tudjuk\" data-scaytid=\"127\">tudjuk<\/span>, <span data-scayt_word=\"hogy\" data-scaytid=\"100\">hogy<\/span> <span data-scayt_word=\"az\" data-scaytid=\"102\">az<\/span> <span data-scayt_word=\"ut\u00f3lagos\" data-scaytid=\"104\">ut\u00f3lagos<\/span> <span data-scayt_word=\"elj\u00e1r\u00e1sokat\" data-scaytid=\"106\">elj\u00e1r\u00e1sokat<\/span> <span data-scayt_word=\"nagyon\" data-scaytid=\"107\">nagyon<\/span> <span data-scayt_word=\"kev\u00e9s\" data-scaytid=\"108\">kev\u00e9s<\/span> <span data-scayt_word=\"v\u00e1m\u00fcgyn\u00f6ks\u00e9g\" data-scaytid=\"109\">v\u00e1m\u00fcgyn\u00f6ks\u00e9g<\/span> <span data-scayt_word=\"szereti\" data-scaytid=\"110\">szereti<\/span> <span data-scayt_word=\"felv\u00e1llalni\" data-scaytid=\"111\">felv\u00e1llalni<\/span>, <span data-scayt_word=\"mert\" data-scaytid=\"112\">mert<\/span> <span data-scayt_word=\"ezek\" data-scaytid=\"141\">ezek<\/span> <span data-scayt_word=\"egyr\u00e9szt\" data-scaytid=\"142\">egyr\u00e9szt<\/span> <span data-scayt_word=\"nem\" data-scaytid=\"143\">nem<\/span> <span data-scayt_word=\"automatiz\u00e1lhat\u00f3k\" data-scaytid=\"144\">automatiz\u00e1lhat\u00f3k<\/span> <span data-scayt_word=\"annyira\" data-scaytid=\"145\">annyira<\/span>, mint a <span data-scayt_word=\"t\u00f6meges\" data-scaytid=\"146\">t\u00f6meges<\/span> <span data-scayt_word=\"v\u00e1mkezel\u00e9sek\" data-scaytid=\"147\">v\u00e1mkezel\u00e9sek<\/span>, <span data-scayt_word=\"m\u00e1sr\u00e9szt\" data-scaytid=\"148\">m\u00e1sr\u00e9szt<\/span> <span data-scayt_word=\"magasabb\" data-scaytid=\"113\">magasabb<\/span> <span data-scayt_word=\"szint\u0171\" data-scaytid=\"114\">szint\u0171<\/span> <span data-scayt_word=\"szakmai\" data-scaytid=\"115\">szakmai<\/span> <span data-scayt_word=\"ismereteket\" data-scaytid=\"116\">ismereteket<\/span> <span data-scayt_word=\"ig\u00e9nyelnek\" data-scaytid=\"153\">ig\u00e9nyelnek<\/span>. (<span data-scayt_word=\"Ezzel\" data-scaytid=\"154\">Ezzel<\/span> <span data-scayt_word=\"egy\u00fctt\" data-scaytid=\"155\">egy\u00fctt<\/span> <span data-scayt_word=\"azt\" data-scaytid=\"156\">azt<\/span> <span data-scayt_word=\"javasoljuk\" data-scaytid=\"157\">javasoljuk<\/span> <span data-scayt_word=\"minden\" data-scaytid=\"158\">minden<\/span> <span data-scayt_word=\"k\u00fclkeresked\u0151nek\" data-scaytid=\"159\">k\u00fclkeresked\u0151nek<\/span>, <span data-scayt_word=\"hogy\" data-scaytid=\"101\">hogy<\/span> <span data-scayt_word=\"ink\u00e1bb\" data-scaytid=\"160\">ink\u00e1bb<\/span> <span data-scayt_word=\"el\u0151zetesen\" data-scaytid=\"161\">el\u0151zetesen<\/span> <span data-scayt_word=\"t\u00f6rekedjen\" data-scaytid=\"162\">t\u00f6rekedjen<\/span> <span data-scayt_word=\"maxim\u00e1lis\" data-scaytid=\"117\">maxim\u00e1lis<\/span> <span data-scayt_word=\"odafigyel\u00e9sre\" data-scaytid=\"118\">odafigyel\u00e9sre<\/span>, <span data-scayt_word=\"minthogy\" data-scaytid=\"165\">minthogy<\/span> <span data-scayt_word=\"csup\u00e1n\" data-scaytid=\"166\">csup\u00e1n<\/span> <span data-scayt_word=\"az\" data-scaytid=\"103\">az<\/span> <span data-scayt_word=\"ut\u00f3lagos\" data-scaytid=\"105\">ut\u00f3lagos<\/span> <span data-scayt_word=\"k\u00e1rment\u00e9sre\" data-scaytid=\"167\">k\u00e1rment\u00e9sre<\/span> <span data-scayt_word=\"rendezkedjen\" data-scaytid=\"168\">rendezkedjen<\/span> be.)<\/p>\n<!-- \/wp:paragraph -->\n\n<!-- wp:paragraph -->\n<p>N\u00e9h\u00e1ny p\u00e9lda <span data-scayt_word=\"az\" data-scaytid=\"219\">az<\/span> <span data-scayt_word=\"ut\u00f3lagos\" data-scaytid=\"221\">ut\u00f3lagos<\/span> elj\u00e1r\u00e1sokra:<\/p>\n<!-- \/wp:paragraph -->\n\n<!-- wp:list -->\n<ul><li><b>Helytelen alapv\u00e1mkezel\u00e9s eset\u00e9n<\/b> k\u00f6telez\u0151 <span data-scayt_word=\"az\" data-scaytid=\"220\">az<\/span> <b><span data-scayt_word=\"ut\u00f3lagos\" data-scaytid=\"222\">ut\u00f3lagos<\/span> v\u00e1mm\u00f3dos\u00edt\u00e1s<\/b>. Ezt akkor is el\u0151\u00edrj\u00e1k a jogszab\u00e1lyok, ha a helytelen alapv\u00e1mkezel\u00e9s \u00f6nmag\u00e1ban nem j\u00e1r egy\u00fctt a v\u00e1mfizet\u00e9si k\u00f6telezetts\u00e9g m\u00f3dosul\u00e1s\u00e1val.<\/li><li><b>Ha kevesebb v\u00e1mterhet fizetett be<\/b> egy k\u00fclkereskedelemmel foglalkoz\u00f3 c\u00e9g egy tranzakci\u00f3val kapcsolatban az ut\u00f3lag bizony\u00edthat\u00f3an sz\u00fcks\u00e9gesn\u00e9l, akkor er\u0151sen javasolt a <b>saj\u00e1t kezdem\u00e9nyez\u00e9s\u0171 ut\u00f3lagos m\u00f3dos\u00edt\u00e1s<\/b>, mert az \u00f6t \u00e9ven bel\u00fcl v\u00e9gezhet\u0151 hat\u00f3s\u00e1gi v\u00e1mellen\u0151rz\u00e9s ezt sokkal kem\u00e9nyebb b\u00fcntet\u00e9sek kivet\u00e9se mellett teszi meg.<\/li><li><b>Ha feleslegesen sok v\u00e1mterhet fizetett be<\/b> a k\u00fclkereskedelmi v\u00e1llalat (teh\u00e1t a helyzet a fentivel \u00e9ppen ellent\u00e9tes), akkor mindent meg kell tenni az\u00e9rt, hogy az \u00e9szlelt t\u00falfizet\u00e9st a c\u00e9g min\u00e9l gyorsabban visszakapja. Nagyon sok \u00fcgyfel\u00fcnk t\u0151l\u00fcnk tudja meg, hogy melyek azok a v\u00e1mmentess\u00e9gi, illetve v\u00e1mkedvezm\u00e9nyi lehet\u0151s\u00e9gek,\n<ul>\n<li>amelyekre <b>jogosult lett volna<\/b>, de<\/li>\n<li>amelyeket <b>nem haszn\u00e1lt ki<\/b>, de<\/li>\n<li>amelyek el\u0151nyeit a megl\u00e9v\u0151 v\u00e1mvisszat\u00e9r\u00edt\u00e9si lehet\u0151s\u00e9gek szakszer\u0171 ig\u00e9nybev\u00e9tel\u00e9vel <b>legal\u00e1bb ut\u00f3lag \u00e9lvezheti<\/b>.<\/li>\n<\/ul>\n<\/li><\/ul>\n<!-- \/wp:list -->\n\n<!-- wp:paragraph -->\n<p>Nagy \u00f6r\u00f6m\u00fcnkre szolg\u00e1l, hogy az ilyenkor alkalmazhat\u00f3 elj\u00e1r\u00e1sok r\u00e9v\u00e9n sz\u00e1mos \u00fcgyfel\u00fcnket siker\u00fclt \u00e1ltaluk egy\u00e1ltal\u00e1n nem kalkul\u00e1lt, <b>\"tal\u00e1lt p\u00e9nzzel\"<\/b> meg\u00f6rvendeztetni.<\/p>\n<!-- \/wp:paragraph -->","_hu_post_name":"vamvisszateritesek-utolagos-vammodositasok","_hu_post_excerpt":"","_hu_post_title":"V\u00e1mvisszat\u00e9r\u00edt\u00e9sek, ut\u00f3lagos v\u00e1mm\u00f3dos\u00edt\u00e1sok","_en_post_content":"","_en_post_name":"","_en_post_excerpt":"","_en_post_title":"","edit_language":"en","footnotes":""},"yoast_head":"<!-- This site is optimized with the Yoast SEO plugin v21.7 - https:\/\/yoast.com\/wordpress\/plugins\/seo\/ -->\n<title>V\u00e1mvisszat\u00e9r\u00edt\u00e9sek, ut\u00f3lagos v\u00e1mm\u00f3dos\u00edt\u00e1sok - Adintrade Kft.<\/title>\n<meta name=\"robots\" content=\"index, follow, max-snippet:-1, max-image-preview:large, max-video-preview:-1\" \/>\n<link rel=\"canonical\" href=\"https:\/\/adintrade.hu\/vamvisszateritesek-utolagos-vammodositasok\/\" \/>\n<meta property=\"og:locale\" content=\"en_US\" \/>\n<meta property=\"og:type\" content=\"article\" \/>\n<meta property=\"og:title\" content=\"V\u00e1mvisszat\u00e9r\u00edt\u00e9sek, ut\u00f3lagos v\u00e1mm\u00f3dos\u00edt\u00e1sok - Adintrade Kft.\" \/>\n<meta property=\"og:description\" content=\"z ut\u00f3lagos elj\u00e1r\u00e1sokat, m\u00f3dos\u00edt\u00e1sokat nagyon kev\u00e9s v\u00e1m\u00fcgyn\u00f6ks\u00e9g szereti felv\u00e1llalni. Az ut\u00f3lagos elj\u00e1r\u00e1sok ter\u00fclet\u00e9n sok sikert mondhatunk magunk\u00e9nak. Ezekre nagyon b\u00fcszk\u00e9k vagyunk, mert a v\u00e1m\u00fcgyint\u00e9z\u00e9sen bel\u00fcl az egyik legkomolyabb szakmai kih\u00edv\u00e1st \u00e9ppen az ut\u00f3lagos elj\u00e1r\u00e1sok jelentik. Sz\u00e1mos mai \u00fcgyfel\u00fcnkkel \u00fagy ker\u00fclt\u00fcnk kapcsolatba, hogy egy megt\u00f6rt\u00e9nt, elrontott v\u00e1mkezel\u00e9s\u00fcket kellett helyrehoznunk, p\u00e9nz\u00fcket a v\u00e1mszervekt\u0151l visszacsalogatnunk. Az ut\u00f3lagos elj\u00e1r\u00e1sok [&hellip;]\" \/>\n<meta property=\"og:url\" content=\"https:\/\/adintrade.hu\/vamvisszateritesek-utolagos-vammodositasok\/\" \/>\n<meta property=\"og:site_name\" content=\"Adintrade Kft.\" \/>\n<meta property=\"article:publisher\" content=\"https:\/\/facebook.com\/adintrade\" \/>\n<meta name=\"twitter:card\" content=\"summary_large_image\" \/>\n<meta name=\"twitter:label1\" content=\"Est. reading time\" \/>\n\t<meta name=\"twitter:data1\" content=\"3 minutes\" \/>\n<script type=\"application\/ld+json\" class=\"yoast-schema-graph\">{\"@context\":\"https:\/\/schema.org\",\"@graph\":[{\"@type\":\"WebPage\",\"@id\":\"https:\/\/adintrade.hu\/vamvisszateritesek-utolagos-vammodositasok\/\",\"url\":\"https:\/\/adintrade.hu\/vamvisszateritesek-utolagos-vammodositasok\/\",\"name\":\"V\u00e1mvisszat\u00e9r\u00edt\u00e9sek, ut\u00f3lagos v\u00e1mm\u00f3dos\u00edt\u00e1sok - Adintrade Kft.\",\"isPartOf\":{\"@id\":\"https:\/\/adintrade.hu\/#website\"},\"datePublished\":\"2017-01-17T19:44:04+00:00\",\"dateModified\":\"2017-01-17T19:44:04+00:00\",\"breadcrumb\":{\"@id\":\"https:\/\/adintrade.hu\/vamvisszateritesek-utolagos-vammodositasok\/#breadcrumb\"},\"inLanguage\":\"english\",\"potentialAction\":[{\"@type\":\"ReadAction\",\"target\":[\"https:\/\/adintrade.hu\/vamvisszateritesek-utolagos-vammodositasok\/\"]}]},{\"@type\":\"BreadcrumbList\",\"@id\":\"https:\/\/adintrade.hu\/vamvisszateritesek-utolagos-vammodositasok\/#breadcrumb\",\"itemListElement\":[{\"@type\":\"ListItem\",\"position\":1,\"name\":\"Home\",\"item\":\"https:\/\/adintrade.hu\/\"},{\"@type\":\"ListItem\",\"position\":2,\"name\":\"V\u00e1mvisszat\u00e9r\u00edt\u00e9sek, ut\u00f3lagos v\u00e1mm\u00f3dos\u00edt\u00e1sok\"}]},{\"@type\":\"WebSite\",\"@id\":\"https:\/\/adintrade.hu\/#website\",\"url\":\"https:\/\/adintrade.hu\/\",\"name\":\"Adintrade Kft.\",\"description\":\"Customs and product fee administration\",\"publisher\":{\"@id\":\"https:\/\/adintrade.hu\/#organization\"},\"potentialAction\":[{\"@type\":\"SearchAction\",\"target\":{\"@type\":\"EntryPoint\",\"urlTemplate\":\"https:\/\/adintrade.hu\/?s={search_term_string}\"},\"query-input\":\"required name=search_term_string\"}],\"inLanguage\":\"english\"},{\"@type\":\"Organization\",\"@id\":\"https:\/\/adintrade.hu\/#organization\",\"name\":\"Adintrade Kft.\",\"url\":\"https:\/\/adintrade.hu\/\",\"logo\":{\"@type\":\"ImageObject\",\"inLanguage\":\"english\",\"@id\":\"https:\/\/adintrade.hu\/#\/schema\/logo\/image\/\",\"url\":\"https:\/\/adintrade.hu\/wp-content\/uploads\/2022\/08\/cropped-cropped-adintrade_original.png\",\"contentUrl\":\"https:\/\/adintrade.hu\/wp-content\/uploads\/2022\/08\/cropped-cropped-adintrade_original.png\",\"width\":794,\"height\":247,\"caption\":\"Adintrade Kft.\"},\"image\":{\"@id\":\"https:\/\/adintrade.hu\/#\/schema\/logo\/image\/\"},\"sameAs\":[\"https:\/\/facebook.com\/adintrade\"]}]}<\/script>\n<!-- \/ Yoast SEO plugin. -->","yoast_head_json":{"title":"V\u00e1mvisszat\u00e9r\u00edt\u00e9sek, ut\u00f3lagos v\u00e1mm\u00f3dos\u00edt\u00e1sok - Adintrade Kft.","robots":{"index":"index","follow":"follow","max-snippet":"max-snippet:-1","max-image-preview":"max-image-preview:large","max-video-preview":"max-video-preview:-1"},"canonical":"https:\/\/adintrade.hu\/vamvisszateritesek-utolagos-vammodositasok\/","og_locale":"en_US","og_type":"article","og_title":"V\u00e1mvisszat\u00e9r\u00edt\u00e9sek, ut\u00f3lagos v\u00e1mm\u00f3dos\u00edt\u00e1sok - Adintrade Kft.","og_description":"z ut\u00f3lagos elj\u00e1r\u00e1sokat, m\u00f3dos\u00edt\u00e1sokat nagyon kev\u00e9s v\u00e1m\u00fcgyn\u00f6ks\u00e9g szereti felv\u00e1llalni. Az ut\u00f3lagos elj\u00e1r\u00e1sok ter\u00fclet\u00e9n sok sikert mondhatunk magunk\u00e9nak. Ezekre nagyon b\u00fcszk\u00e9k vagyunk, mert a v\u00e1m\u00fcgyint\u00e9z\u00e9sen bel\u00fcl az egyik legkomolyabb szakmai kih\u00edv\u00e1st \u00e9ppen az ut\u00f3lagos elj\u00e1r\u00e1sok jelentik. Sz\u00e1mos mai \u00fcgyfel\u00fcnkkel \u00fagy ker\u00fclt\u00fcnk kapcsolatba, hogy egy megt\u00f6rt\u00e9nt, elrontott v\u00e1mkezel\u00e9s\u00fcket kellett helyrehoznunk, p\u00e9nz\u00fcket a v\u00e1mszervekt\u0151l visszacsalogatnunk. Az ut\u00f3lagos elj\u00e1r\u00e1sok [&hellip;]","og_url":"https:\/\/adintrade.hu\/vamvisszateritesek-utolagos-vammodositasok\/","og_site_name":"Adintrade Kft.","article_publisher":"https:\/\/facebook.com\/adintrade","twitter_card":"summary_large_image","twitter_misc":{"Est. reading time":"3 minutes"},"schema":{"@context":"https:\/\/schema.org","@graph":[{"@type":"WebPage","@id":"https:\/\/adintrade.hu\/vamvisszateritesek-utolagos-vammodositasok\/","url":"https:\/\/adintrade.hu\/vamvisszateritesek-utolagos-vammodositasok\/","name":"V\u00e1mvisszat\u00e9r\u00edt\u00e9sek, ut\u00f3lagos v\u00e1mm\u00f3dos\u00edt\u00e1sok - Adintrade Kft.","isPartOf":{"@id":"https:\/\/adintrade.hu\/#website"},"datePublished":"2017-01-17T19:44:04+00:00","dateModified":"2017-01-17T19:44:04+00:00","breadcrumb":{"@id":"https:\/\/adintrade.hu\/vamvisszateritesek-utolagos-vammodositasok\/#breadcrumb"},"inLanguage":"english","potentialAction":[{"@type":"ReadAction","target":["https:\/\/adintrade.hu\/vamvisszateritesek-utolagos-vammodositasok\/"]}]},{"@type":"BreadcrumbList","@id":"https:\/\/adintrade.hu\/vamvisszateritesek-utolagos-vammodositasok\/#breadcrumb","itemListElement":[{"@type":"ListItem","position":1,"name":"Home","item":"https:\/\/adintrade.hu\/"},{"@type":"ListItem","position":2,"name":"V\u00e1mvisszat\u00e9r\u00edt\u00e9sek, ut\u00f3lagos v\u00e1mm\u00f3dos\u00edt\u00e1sok"}]},{"@type":"WebSite","@id":"https:\/\/adintrade.hu\/#website","url":"https:\/\/adintrade.hu\/","name":"Adintrade Kft.","description":"Customs and product fee administration","publisher":{"@id":"https:\/\/adintrade.hu\/#organization"},"potentialAction":[{"@type":"SearchAction","target":{"@type":"EntryPoint","urlTemplate":"https:\/\/adintrade.hu\/?s={search_term_string}"},"query-input":"required name=search_term_string"}],"inLanguage":"english"},{"@type":"Organization","@id":"https:\/\/adintrade.hu\/#organization","name":"Adintrade Kft.","url":"https:\/\/adintrade.hu\/","logo":{"@type":"ImageObject","inLanguage":"english","@id":"https:\/\/adintrade.hu\/#\/schema\/logo\/image\/","url":"https:\/\/adintrade.hu\/wp-content\/uploads\/2022\/08\/cropped-cropped-adintrade_original.png","contentUrl":"https:\/\/adintrade.hu\/wp-content\/uploads\/2022\/08\/cropped-cropped-adintrade_original.png","width":794,"height":247,"caption":"Adintrade Kft."},"image":{"@id":"https:\/\/adintrade.hu\/#\/schema\/logo\/image\/"},"sameAs":["https:\/\/facebook.com\/adintrade"]}]}},"_links":{"self":[{"href":"https:\/\/adintrade.hu\/en\/wp-json\/wp\/v2\/pages\/435"}],"collection":[{"href":"https:\/\/adintrade.hu\/en\/wp-json\/wp\/v2\/pages"}],"about":[{"href":"https:\/\/adintrade.hu\/en\/wp-json\/wp\/v2\/types\/page"}],"author":[{"embeddable":true,"href":"https:\/\/adintrade.hu\/en\/wp-json\/wp\/v2\/users\/1"}],"replies":[{"embeddable":true,"href":"https:\/\/adintrade.hu\/en\/wp-json\/wp\/v2\/comments?post=435"}],"version-history":[{"count":0,"href":"https:\/\/adintrade.hu\/en\/wp-json\/wp\/v2\/pages\/435\/revisions"}],"wp:attachment":[{"href":"https:\/\/adintrade.hu\/en\/wp-json\/wp\/v2\/media?parent=435"}],"curies":[{"name":"wp","href":"https:\/\/api.w.org\/{rel}","templated":true}]}}