{"id":441,"date":"2017-01-17T21:46:03","date_gmt":"2017-01-17T19:46:03","guid":{"rendered":"http:\/\/adintrade.hu\/?page_id=441"},"modified":"2017-01-17T21:46:03","modified_gmt":"2017-01-17T19:46:03","slug":"","status":"publish","type":"page","link":"https:\/\/adintrade.hu\/en\/vamugynoki-tevekenyseg-kiszervezese-outsourcing\/","title":{"rendered":"","raw":""},"content":{"rendered":"","protected":false,"raw":""},"excerpt":{"rendered":"","protected":false,"raw":""},"author":1,"featured_media":0,"parent":0,"menu_order":0,"comment_status":"closed","ping_status":"closed","template":"","meta":{"inline_featured_image":false,"_hu_post_content":"<!-- wp:paragraph -->\n<p><span data-scayt_word=\"Napjainkban\" data-scaytid=\"1\">Napjainkban<\/span> <span data-scayt_word=\"egyre\" data-scaytid=\"2\">egyre<\/span> <span data-scayt_word=\"t\u00f6bb\" data-scaytid=\"3\">t\u00f6bb<\/span> <span data-scayt_word=\"v\u00e1llalat\" data-scaytid=\"4\">v\u00e1llalat<\/span> <span data-scayt_word=\"adja\" data-scaytid=\"5\">adja<\/span> <span data-scayt_word=\"ki\" data-scaytid=\"6\">ki<\/span> <span data-scayt_word=\"k\u00fcls\u0151\" data-scaytid=\"7\">k\u00fcls\u0151<\/span> <span data-scayt_word=\"szolg\u00e1ltat\u00f3\" data-scaytid=\"9\">szolg\u00e1ltat\u00f3<\/span> <span data-scayt_word=\"szakc\u00e9geknek\" data-scaytid=\"10\">szakc\u00e9geknek<\/span> <span data-scayt_word=\"azokat\" data-scaytid=\"11\">azokat<\/span> a <span data-scayt_word=\"munk\u00e1kat\" data-scaytid=\"12\">munk\u00e1kat<\/span>, <span data-scayt_word=\"amik\" data-scaytid=\"13\">amik<\/span> <span data-scayt_word=\"nem\" data-scaytid=\"14\">nem<\/span> <span data-scayt_word=\"tartoznak\" data-scaytid=\"15\">tartoznak<\/span> a <span data-scayt_word=\"f\u0151\" data-scaytid=\"16\">f\u0151<\/span> <span data-scayt_word=\"tev\u00e9kenys\u00e9g\u00fckh\u00f6z\" data-scaytid=\"17\">tev\u00e9kenys\u00e9g\u00fckh\u00f6z<\/span>, <span data-scayt_word=\"vagy\" data-scaytid=\"18\">vagy<\/span> <span data-scayt_word=\"annak\" data-scaytid=\"20\">annak<\/span> <span data-scayt_word=\"sz\u00fcks\u00e9ges\" data-scaytid=\"21\">sz\u00fcks\u00e9ges<\/span> <span data-scayt_word=\"rossz\" data-scaytid=\"22\">rossz<\/span> <span data-scayt_word=\"velej\u00e1r\u00f3i\" data-scaytid=\"23\">velej\u00e1r\u00f3i<\/span>, <span data-scayt_word=\"vagy\" data-scaytid=\"19\">vagy<\/span> <span data-scayt_word=\"pedig\" data-scaytid=\"24\">pedig<\/span> <span data-scayt_word=\"speci\u00e1lis\" data-scaytid=\"25\">speci\u00e1lis<\/span> <span data-scayt_word=\"szaktud\u00e1st\" data-scaytid=\"26\">szaktud\u00e1st<\/span> <span data-scayt_word=\"ig\u00e9nyel\u0151\" data-scaytid=\"27\">ig\u00e9nyel\u0151<\/span> <span data-scayt_word=\"voltuk\" data-scaytid=\"28\">voltuk<\/span> <span data-scayt_word=\"miatt\" data-scaytid=\"29\">miatt<\/span> <span data-scayt_word=\"az\" data-scaytid=\"30\">az<\/span> <span data-scayt_word=\"azzal\" data-scaytid=\"31\">azzal<\/span> <span data-scayt_word=\"kapcsolatos\" data-scaytid=\"32\">kapcsolatos<\/span> <span data-scayt_word=\"felel\u0151ss\u00e9get\" data-scaytid=\"33\">felel\u0151ss\u00e9get<\/span> <span data-scayt_word=\"\u00e9s\" data-scaytid=\"34\">\u00e9s<\/span> <span data-scayt_word=\"terheket\" data-scaytid=\"35\">terheket<\/span> <span data-scayt_word=\"sz\u00edvesebben\" data-scaytid=\"36\">sz\u00edvesebben<\/span> <span data-scayt_word=\"ruh\u00e1zz\u00e1k\" data-scaytid=\"37\">ruh\u00e1zz\u00e1k<\/span> <span data-scayt_word=\"\u00e1t\" data-scaytid=\"38\">\u00e1t<\/span> <span data-scayt_word=\"egy\" data-scaytid=\"39\">egy<\/span> <span data-scayt_word=\"k\u00fcls\u0151\" data-scaytid=\"8\">k\u00fcls\u0151<\/span> <span data-scayt_word=\"szak\u00e9rt\u0151\" data-scaytid=\"40\">szak\u00e9rt\u0151<\/span> <span data-scayt_word=\"partnerc\u00e9gre\" data-scaytid=\"41\">partnerc\u00e9gre<\/span>.<\/p>\n<!-- \/wp:paragraph -->\n\n<!-- wp:paragraph -->\n<p><span data-scayt_word=\"C\u00e9g\u00fcnk\" data-scaytid=\"125\">C\u00e9g\u00fcnk<\/span> <span data-scayt_word=\"kiemelked\u0151en\" data-scaytid=\"126\">kiemelked\u0151en<\/span> <span data-scayt_word=\"nagy\" data-scaytid=\"127\">nagy<\/span> <span data-scayt_word=\"gyakorlattal\" data-scaytid=\"128\">gyakorlattal<\/span> <span data-scayt_word=\"\u00e9s\" data-scaytid=\"83\">\u00e9s<\/span> <span data-scayt_word=\"kiv\u00e1l\u00f3\" data-scaytid=\"130\">kiv\u00e1l\u00f3<\/span> <span data-scayt_word=\"referenci\u00e1kkal\" data-scaytid=\"131\">referenci\u00e1kkal<\/span> <span data-scayt_word=\"rendelkezik\" data-scaytid=\"132\">rendelkezik<\/span> <span data-scayt_word=\"komplett\" data-scaytid=\"133\">komplett<\/span> <span data-scayt_word=\"v\u00e1moszt\u00e1lyok\" data-scaytid=\"134\">v\u00e1moszt\u00e1lyok<\/span> <span data-scayt_word=\"kialak\u00edt\u00e1s\u00e1val\" data-scaytid=\"135\">kialak\u00edt\u00e1s\u00e1val<\/span>, <span data-scayt_word=\"\u00fczemeltet\u00e9s\u00e9vel\" data-scaytid=\"136\">\u00fczemeltet\u00e9s\u00e9vel<\/span> <span data-scayt_word=\"kapcsolatban\" data-scaytid=\"137\">kapcsolatban<\/span>, <span data-scayt_word=\"\u00edgy\" data-scaytid=\"138\">\u00edgy<\/span> <span data-scayt_word=\"sz\u00edvesen\" data-scaytid=\"139\">sz\u00edvesen<\/span> <span data-scayt_word=\"\u00e1tv\u00e1llaljuk\" data-scaytid=\"140\">\u00e1tv\u00e1llaljuk<\/span> <span data-scayt_word=\"partnereink\" data-scaytid=\"141\">partnereink<\/span> <b><span data-scayt_word=\"m\u00e1r\" data-scaytid=\"142\">m\u00e1r<\/span> <span data-scayt_word=\"megl\u00e9v\u0151\" data-scaytid=\"143\">megl\u00e9v\u0151<\/span><\/b> (<span data-scayt_word=\"ak\u00e1r\" data-scaytid=\"166\">ak\u00e1r<\/span> <span data-scayt_word=\"teljesen\" data-scaytid=\"167\">teljesen<\/span> <span data-scayt_word=\"hat\u00e9konytalan\" data-scaytid=\"169\">hat\u00e9konytalan<\/span> <span data-scayt_word=\"vagy\" data-scaytid=\"163\">vagy<\/span> <span data-scayt_word=\"m\u0171k\u00f6d\u00e9sk\u00e9ptelen\" data-scaytid=\"172\">m\u0171k\u00f6d\u00e9sk\u00e9ptelen<\/span>) <span data-scayt_word=\"v\u00e1moszt\u00e1ly\u00e1nak\" data-scaytid=\"173\">v\u00e1moszt\u00e1ly\u00e1nak<\/span> <span data-scayt_word=\"rendbet\u00e9tel\u00e9t\" data-scaytid=\"174\">rendbet\u00e9tel\u00e9t<\/span> <span data-scayt_word=\"\u00e9s\" data-scaytid=\"165\">\u00e9s<\/span>\/<span data-scayt_word=\"vagy\" data-scaytid=\"164\">vagy<\/span> <span data-scayt_word=\"\u00fczemeltet\u00e9s\u00e9t\" data-scaytid=\"176\">\u00fczemeltet\u00e9s\u00e9t<\/span>, <span data-scayt_word=\"illetve\" data-scaytid=\"177\">illetve<\/span> <span data-scayt_word=\"v\u00e1llaljuk\" data-scaytid=\"178\">v\u00e1llaljuk<\/span> <b><span data-scayt_word=\"teljesen\" data-scaytid=\"168\">teljesen<\/span> <span data-scayt_word=\"\u00faj\" data-scaytid=\"179\">\u00faj<\/span><\/b> v\u00e1mr\u00e9szlegek, v\u00e1moszt\u00e1lyok fel\u00e9p\u00edt\u00e9s\u00e9t, a kezdeti rendszerkialak\u00edt\u00e1ssal \u00e9s szervezeti fel\u00e9p\u00edt\u00e9ssel kapcsolatos terhek \u00e9s neh\u00e9zs\u00e9gek teljes \u00e1tv\u00e1llal\u00e1s\u00e1val egy\u00fctt.<\/p>\n<!-- \/wp:paragraph -->\n\n<!-- wp:paragraph -->\n<p><b>Outsourcing<\/b> szolg\u00e1ltat\u00e1sunkkal megb\u00edz\u00f3ink v\u00e1m\u00fcgyn\u00f6ki tev\u00e9kenys\u00e9geivel kapcsolatos probl\u00e9m\u00e1it meg\u00e1llapod\u00e1st\u00f3l f\u00fcgg\u0151en teljes eg\u00e9sz\u00e9ben vagy r\u00e9szlegesen \u00e1tv\u00e1llaljuk, \u00edgy mi <b>biztos\u00edtjuk<\/b> a feladatok hossz\u00fa t\u00e1v\u00fa ell\u00e1t\u00e1s\u00e1hoz sz\u00fcks\u00e9ges felt\u00e9teleket, mint p\u00e9ld\u00e1ul:<\/p>\n<!-- \/wp:paragraph -->\n\n<!-- wp:list -->\n<ul><li>a magasan k\u00e9pzett <b>v\u00e1mszakember<\/b> g\u00e1rd\u00e1t,<\/li><li>sz\u00fcks\u00e9g \u00e9s ig\u00e9ny eset\u00e9n ak\u00e1r a <b>teljes informatikai infrastrukt\u00far\u00e1t<\/b> (programrendszert, sz\u00e1m\u00edt\u00f3g\u00e9pet)<\/li><li>az egyszer\u0171s\u00edtett v\u00e1mkezel\u00e9sekhez sz\u00fcks\u00e9ges <b>saj\u00e1t v\u00e1menged\u00e9lyeinket<\/b><\/li><li>a munkav\u00e9gz\u00e9shez sz\u00fcks\u00e9ges <b>g\u00e9pj\u00e1rm\u0171parkot<\/b>, illetve<\/li><li><b>minden<\/b>, a munka folyamatos ell\u00e1t\u00e1s\u00e1hoz sz\u00fcks\u00e9ges <b>egy\u00e9b felt\u00e9telt<\/b>.<\/li><\/ul>\n<!-- \/wp:list -->\n\n<!-- wp:paragraph -->\n<p>\u00dcgyfel\u00fcnk egy ilyen jelleg\u0171 partnerkapcsolatban:<\/p>\n<!-- \/wp:paragraph -->\n\n<!-- wp:list -->\n<ul><li>egyenletes min\u0151s\u00e9g\u0171, pontos, megb\u00edzhat\u00f3 szolg\u00e1ltat\u00e1st kap<\/li><li>hossz\u00fa t\u00e1von biztons\u00e1gban \u00e9rezheti mag\u00e1t az\u00e1ltal, hogy az aktu\u00e1lis jogszab\u00e1lyoknak \u00e9s el\u0151\u00edr\u00e1soknak megfelel\u0151 szakmai feladatv\u00e9gz\u00e9sre sz\u00e1m\u00edthat<\/li><li>a k\u00f6lts\u00e9gek k\u00f6t\u00f6ttek \u00e9s el\u0151re tervezhet\u0151k<\/li><li>megszabadul egy olyan feladat elv\u00e9gz\u00e9s\u00e9nek felel\u0151ss\u00e9g\u00e9t\u0151l, ami t\u00f6bb oldalr\u00f3l is kritikus, hiszen szigor\u00fa hat\u00f3s\u00e1gi el\u0151\u00edr\u00e1sok szab\u00e1lyozz\u00e1k<\/li><li>a v\u00e1m\u00fcgyn\u00f6ki tev\u00e9kenys\u00e9g annak kihelyez\u00e9ssel v\u00e1llalati fix k\u00f6lts\u00e9g helyett szolg\u00e1ltat\u00e1si d\u00edjk\u00e9nt jelentkezik<\/li><li>c\u00e9g\u00fcnk a kock\u00e1zatok egy ak\u00e1r jelent\u0151s r\u00e9sz\u00e9t mag\u00e1ra v\u00e1llalja<\/li><li>megsz\u0171nnek a munka\u00fcgyi probl\u00e9m\u00e1k (szabads\u00e1g, betegs\u00e9g, munkaer\u0151 felv\u00e9tel)<\/li><li>c\u00e9g\u00fcnk \u00e1tv\u00e1llalja a dolgoz\u00f3k szakmai fejl\u0151d\u00e9s\u00e9nek, tov\u00e1bbk\u00e9pz\u00e9s\u00e9nek szervez\u00e9s\u00e9t<\/li><li>cs\u00f6kken a kock\u00e1zata annak, hogy a v\u00e1mhat\u00f3s\u00e1g probl\u00e9m\u00e1kat t\u00e1r fel, illetve egy k\u00e9s\u0151bbiekben jelentkez\u0151, t\u00f6bb \u00e9ves ut\u00f3lagos ellen\u0151rz\u00e9s sor\u00e1n is nyugodtak lehetnek.<\/li><\/ul>\n<!-- \/wp:list -->\n\n<!-- wp:paragraph -->\n<p>C\u00e9g\u00fcnk adott tev\u00e9kenys\u00e9get illet\u0151en nagyobb tapasztalattal rendelkezik, az adott feladat elv\u00e9gz\u00e9se f\u0151 \u00fczleti tev\u00e9kenys\u00e9g\u00fcnk, ez\u00e9rt k\u00e9pesek vagyunk fel\u00e9p\u00edteni \u00e9s leghat\u00e9konyabban m\u0171k\u00f6dtetni a v\u00e1m\u00fcgyn\u00f6ki szolg\u00e1ltat\u00e1st.<\/p>\n<!-- \/wp:paragraph -->","_hu_post_name":"vamugynoki-tevekenyseg-kiszervezese-outsourcing","_hu_post_excerpt":"","_hu_post_title":"V\u00e1m\u00fcgyn\u00f6ki tev\u00e9kenys\u00e9g kiszervez\u00e9se (outsourcing)","_en_post_content":"","_en_post_name":"","_en_post_excerpt":"","_en_post_title":"","edit_language":"en","footnotes":""},"yoast_head":"<!-- This site is optimized with the Yoast SEO plugin v21.7 - https:\/\/yoast.com\/wordpress\/plugins\/seo\/ -->\n<title>V\u00e1m\u00fcgyn\u00f6ki tev\u00e9kenys\u00e9g kiszervez\u00e9se (outsourcing) - Adintrade Kft.<\/title>\n<meta name=\"robots\" content=\"index, follow, max-snippet:-1, max-image-preview:large, max-video-preview:-1\" \/>\n<link rel=\"canonical\" href=\"https:\/\/adintrade.hu\/vamugynoki-tevekenyseg-kiszervezese-outsourcing\/\" \/>\n<meta property=\"og:locale\" content=\"en_US\" \/>\n<meta property=\"og:type\" content=\"article\" \/>\n<meta property=\"og:title\" content=\"V\u00e1m\u00fcgyn\u00f6ki tev\u00e9kenys\u00e9g kiszervez\u00e9se (outsourcing) - Adintrade Kft.\" \/>\n<meta property=\"og:description\" content=\"Napjainkban egyre t\u00f6bb v\u00e1llalat adja ki k\u00fcls\u0151 szolg\u00e1ltat\u00f3 szakc\u00e9geknek azokat a munk\u00e1kat, amik nem tartoznak a f\u0151 tev\u00e9kenys\u00e9g\u00fckh\u00f6z, vagy annak sz\u00fcks\u00e9ges rossz velej\u00e1r\u00f3i, vagy pedig speci\u00e1lis szaktud\u00e1st ig\u00e9nyel\u0151 voltuk miatt az azzal kapcsolatos felel\u0151ss\u00e9get \u00e9s terheket sz\u00edvesebben ruh\u00e1zz\u00e1k \u00e1t egy k\u00fcls\u0151 szak\u00e9rt\u0151 partnerc\u00e9gre. C\u00e9g\u00fcnk kiemelked\u0151en nagy gyakorlattal \u00e9s kiv\u00e1l\u00f3 referenci\u00e1kkal rendelkezik komplett v\u00e1moszt\u00e1lyok kialak\u00edt\u00e1s\u00e1val, \u00fczemeltet\u00e9s\u00e9vel [&hellip;]\" \/>\n<meta property=\"og:url\" content=\"https:\/\/adintrade.hu\/vamugynoki-tevekenyseg-kiszervezese-outsourcing\/\" \/>\n<meta property=\"og:site_name\" content=\"Adintrade Kft.\" \/>\n<meta property=\"article:publisher\" content=\"https:\/\/facebook.com\/adintrade\" \/>\n<meta name=\"twitter:card\" content=\"summary_large_image\" \/>\n<meta name=\"twitter:label1\" content=\"Est. reading time\" \/>\n\t<meta name=\"twitter:data1\" content=\"3 minutes\" \/>\n<script type=\"application\/ld+json\" class=\"yoast-schema-graph\">{\"@context\":\"https:\/\/schema.org\",\"@graph\":[{\"@type\":\"WebPage\",\"@id\":\"https:\/\/adintrade.hu\/vamugynoki-tevekenyseg-kiszervezese-outsourcing\/\",\"url\":\"https:\/\/adintrade.hu\/vamugynoki-tevekenyseg-kiszervezese-outsourcing\/\",\"name\":\"V\u00e1m\u00fcgyn\u00f6ki tev\u00e9kenys\u00e9g kiszervez\u00e9se (outsourcing) - Adintrade Kft.\",\"isPartOf\":{\"@id\":\"https:\/\/adintrade.hu\/#website\"},\"datePublished\":\"2017-01-17T19:46:03+00:00\",\"dateModified\":\"2017-01-17T19:46:03+00:00\",\"breadcrumb\":{\"@id\":\"https:\/\/adintrade.hu\/vamugynoki-tevekenyseg-kiszervezese-outsourcing\/#breadcrumb\"},\"inLanguage\":\"english\",\"potentialAction\":[{\"@type\":\"ReadAction\",\"target\":[\"https:\/\/adintrade.hu\/vamugynoki-tevekenyseg-kiszervezese-outsourcing\/\"]}]},{\"@type\":\"BreadcrumbList\",\"@id\":\"https:\/\/adintrade.hu\/vamugynoki-tevekenyseg-kiszervezese-outsourcing\/#breadcrumb\",\"itemListElement\":[{\"@type\":\"ListItem\",\"position\":1,\"name\":\"Home\",\"item\":\"https:\/\/adintrade.hu\/\"},{\"@type\":\"ListItem\",\"position\":2,\"name\":\"V\u00e1m\u00fcgyn\u00f6ki tev\u00e9kenys\u00e9g kiszervez\u00e9se (outsourcing)\"}]},{\"@type\":\"WebSite\",\"@id\":\"https:\/\/adintrade.hu\/#website\",\"url\":\"https:\/\/adintrade.hu\/\",\"name\":\"Adintrade Kft.\",\"description\":\"Customs and product fee administration\",\"publisher\":{\"@id\":\"https:\/\/adintrade.hu\/#organization\"},\"potentialAction\":[{\"@type\":\"SearchAction\",\"target\":{\"@type\":\"EntryPoint\",\"urlTemplate\":\"https:\/\/adintrade.hu\/?s={search_term_string}\"},\"query-input\":\"required name=search_term_string\"}],\"inLanguage\":\"english\"},{\"@type\":\"Organization\",\"@id\":\"https:\/\/adintrade.hu\/#organization\",\"name\":\"Adintrade Kft.\",\"url\":\"https:\/\/adintrade.hu\/\",\"logo\":{\"@type\":\"ImageObject\",\"inLanguage\":\"english\",\"@id\":\"https:\/\/adintrade.hu\/#\/schema\/logo\/image\/\",\"url\":\"https:\/\/adintrade.hu\/wp-content\/uploads\/2022\/08\/cropped-cropped-adintrade_original.png\",\"contentUrl\":\"https:\/\/adintrade.hu\/wp-content\/uploads\/2022\/08\/cropped-cropped-adintrade_original.png\",\"width\":794,\"height\":247,\"caption\":\"Adintrade Kft.\"},\"image\":{\"@id\":\"https:\/\/adintrade.hu\/#\/schema\/logo\/image\/\"},\"sameAs\":[\"https:\/\/facebook.com\/adintrade\"]}]}<\/script>\n<!-- \/ Yoast SEO plugin. -->","yoast_head_json":{"title":"V\u00e1m\u00fcgyn\u00f6ki tev\u00e9kenys\u00e9g kiszervez\u00e9se (outsourcing) - Adintrade Kft.","robots":{"index":"index","follow":"follow","max-snippet":"max-snippet:-1","max-image-preview":"max-image-preview:large","max-video-preview":"max-video-preview:-1"},"canonical":"https:\/\/adintrade.hu\/vamugynoki-tevekenyseg-kiszervezese-outsourcing\/","og_locale":"en_US","og_type":"article","og_title":"V\u00e1m\u00fcgyn\u00f6ki tev\u00e9kenys\u00e9g kiszervez\u00e9se (outsourcing) - Adintrade Kft.","og_description":"Napjainkban egyre t\u00f6bb v\u00e1llalat adja ki k\u00fcls\u0151 szolg\u00e1ltat\u00f3 szakc\u00e9geknek azokat a munk\u00e1kat, amik nem tartoznak a f\u0151 tev\u00e9kenys\u00e9g\u00fckh\u00f6z, vagy annak sz\u00fcks\u00e9ges rossz velej\u00e1r\u00f3i, vagy pedig speci\u00e1lis szaktud\u00e1st ig\u00e9nyel\u0151 voltuk miatt az azzal kapcsolatos felel\u0151ss\u00e9get \u00e9s terheket sz\u00edvesebben ruh\u00e1zz\u00e1k \u00e1t egy k\u00fcls\u0151 szak\u00e9rt\u0151 partnerc\u00e9gre. C\u00e9g\u00fcnk kiemelked\u0151en nagy gyakorlattal \u00e9s kiv\u00e1l\u00f3 referenci\u00e1kkal rendelkezik komplett v\u00e1moszt\u00e1lyok kialak\u00edt\u00e1s\u00e1val, \u00fczemeltet\u00e9s\u00e9vel [&hellip;]","og_url":"https:\/\/adintrade.hu\/vamugynoki-tevekenyseg-kiszervezese-outsourcing\/","og_site_name":"Adintrade Kft.","article_publisher":"https:\/\/facebook.com\/adintrade","twitter_card":"summary_large_image","twitter_misc":{"Est. reading time":"3 minutes"},"schema":{"@context":"https:\/\/schema.org","@graph":[{"@type":"WebPage","@id":"https:\/\/adintrade.hu\/vamugynoki-tevekenyseg-kiszervezese-outsourcing\/","url":"https:\/\/adintrade.hu\/vamugynoki-tevekenyseg-kiszervezese-outsourcing\/","name":"V\u00e1m\u00fcgyn\u00f6ki tev\u00e9kenys\u00e9g kiszervez\u00e9se (outsourcing) - Adintrade Kft.","isPartOf":{"@id":"https:\/\/adintrade.hu\/#website"},"datePublished":"2017-01-17T19:46:03+00:00","dateModified":"2017-01-17T19:46:03+00:00","breadcrumb":{"@id":"https:\/\/adintrade.hu\/vamugynoki-tevekenyseg-kiszervezese-outsourcing\/#breadcrumb"},"inLanguage":"english","potentialAction":[{"@type":"ReadAction","target":["https:\/\/adintrade.hu\/vamugynoki-tevekenyseg-kiszervezese-outsourcing\/"]}]},{"@type":"BreadcrumbList","@id":"https:\/\/adintrade.hu\/vamugynoki-tevekenyseg-kiszervezese-outsourcing\/#breadcrumb","itemListElement":[{"@type":"ListItem","position":1,"name":"Home","item":"https:\/\/adintrade.hu\/"},{"@type":"ListItem","position":2,"name":"V\u00e1m\u00fcgyn\u00f6ki tev\u00e9kenys\u00e9g kiszervez\u00e9se (outsourcing)"}]},{"@type":"WebSite","@id":"https:\/\/adintrade.hu\/#website","url":"https:\/\/adintrade.hu\/","name":"Adintrade Kft.","description":"Customs and product fee administration","publisher":{"@id":"https:\/\/adintrade.hu\/#organization"},"potentialAction":[{"@type":"SearchAction","target":{"@type":"EntryPoint","urlTemplate":"https:\/\/adintrade.hu\/?s={search_term_string}"},"query-input":"required name=search_term_string"}],"inLanguage":"english"},{"@type":"Organization","@id":"https:\/\/adintrade.hu\/#organization","name":"Adintrade Kft.","url":"https:\/\/adintrade.hu\/","logo":{"@type":"ImageObject","inLanguage":"english","@id":"https:\/\/adintrade.hu\/#\/schema\/logo\/image\/","url":"https:\/\/adintrade.hu\/wp-content\/uploads\/2022\/08\/cropped-cropped-adintrade_original.png","contentUrl":"https:\/\/adintrade.hu\/wp-content\/uploads\/2022\/08\/cropped-cropped-adintrade_original.png","width":794,"height":247,"caption":"Adintrade Kft."},"image":{"@id":"https:\/\/adintrade.hu\/#\/schema\/logo\/image\/"},"sameAs":["https:\/\/facebook.com\/adintrade"]}]}},"_links":{"self":[{"href":"https:\/\/adintrade.hu\/en\/wp-json\/wp\/v2\/pages\/441"}],"collection":[{"href":"https:\/\/adintrade.hu\/en\/wp-json\/wp\/v2\/pages"}],"about":[{"href":"https:\/\/adintrade.hu\/en\/wp-json\/wp\/v2\/types\/page"}],"author":[{"embeddable":true,"href":"https:\/\/adintrade.hu\/en\/wp-json\/wp\/v2\/users\/1"}],"replies":[{"embeddable":true,"href":"https:\/\/adintrade.hu\/en\/wp-json\/wp\/v2\/comments?post=441"}],"version-history":[{"count":0,"href":"https:\/\/adintrade.hu\/en\/wp-json\/wp\/v2\/pages\/441\/revisions"}],"wp:attachment":[{"href":"https:\/\/adintrade.hu\/en\/wp-json\/wp\/v2\/media?parent=441"}],"curies":[{"name":"wp","href":"https:\/\/api.w.org\/{rel}","templated":true}]}}