{"id":453,"date":"2017-01-17T21:50:25","date_gmt":"2017-01-17T19:50:25","guid":{"rendered":"http:\/\/adintrade.hu\/?page_id=453"},"modified":"2017-01-17T21:50:25","modified_gmt":"2017-01-17T19:50:25","slug":"intrastat","status":"publish","type":"page","link":"https:\/\/adintrade.hu\/en\/intrastat\/","title":{"rendered":"Intrastat","raw":"Intrastat"},"content":{"rendered":"\n<p>Since&nbsp;1st&nbsp;May 2004 as Hungary has joined the European Union the customs registration of foreign trade among the member states of the Community has ceased. It is true that trading with EU countries has become simpler, but at the same time a new obligation of statistic data supplying (<strong>Intrastat<\/strong>) has arisen, which counts the trade between Hungary and the countries of the European Union, on the basis of data collected directly from trading companies.<\/p>\n\n\n\n<p>Operation of the&nbsp;Intrastat&nbsp;system is binding for all Member States, the rules of it are set out by EU regulations. In Hungary this data collecting is completely executed by the Hungarian Central Statistical Office (HCSO). Those domestic companies are liable to submit&nbsp;Intrasat&nbsp;reports that import goods from EU countries and\/or export to there over a certain annual exemption threshold.&nbsp;<strong>Do you know if your company is obliged to submit&nbsp;Intrastat&nbsp;reports?<\/strong><\/p>\n\n\n\n<p><strong>Companies have to send the&nbsp;Intrastat&nbsp;report monthly to the&nbsp;HCSO&nbsp;till the&nbsp;15th&nbsp;calendar day of the month following the reference month.<\/strong><\/p>\n\n\n\n<p>This document regarding the data content is similar to a one monthly&nbsp;summarised&nbsp;customs declaration, it has to contain the main data of goods imported form or exported to the EU during the given month, such as commodity code, quantity, net weight, country of origin, delivery terms, mode of transport, nature of transaction, invoiced amount in&nbsp;HUF, statistical value in&nbsp;HUF, etc.<\/p>\n\n\n\n<p><strong>Our company undertakes<\/strong><\/p>\n\n\n\n<ul><li><strong>at high level<\/strong><\/li><li><strong>completely<\/strong><\/li><\/ul>\n\n\n\n<p><strong>preparing the statistic data supplying and reporting it for both who are obliged to submit detailed or simplified report, and in electronic way and in paper form as well.<\/strong><\/p>\n","protected":false,"raw":"<!-- wp:paragraph -->\n<p>Since&nbsp;1st&nbsp;May 2004 as Hungary has joined the European Union the customs registration of foreign trade among the member states of the Community has ceased. It is true that trading with EU countries has become simpler, but at the same time a new obligation of statistic data supplying (<strong>Intrastat<\/strong>) has arisen, which counts the trade between Hungary and the countries of the European Union, on the basis of data collected directly from trading companies.<\/p>\n<!-- \/wp:paragraph -->\n\n<!-- wp:paragraph -->\n<p>Operation of the&nbsp;Intrastat&nbsp;system is binding for all Member States, the rules of it are set out by EU regulations. In Hungary this data collecting is completely executed by the Hungarian Central Statistical Office (HCSO). Those domestic companies are liable to submit&nbsp;Intrasat&nbsp;reports that import goods from EU countries and\/or export to there over a certain annual exemption threshold.&nbsp;<strong>Do you know if your company is obliged to submit&nbsp;Intrastat&nbsp;reports?<\/strong><\/p>\n<!-- \/wp:paragraph -->\n\n<!-- wp:paragraph -->\n<p><strong>Companies have to send the&nbsp;Intrastat&nbsp;report monthly to the&nbsp;HCSO&nbsp;till the&nbsp;15th&nbsp;calendar day of the month following the reference month.<\/strong><\/p>\n<!-- \/wp:paragraph -->\n\n<!-- wp:paragraph -->\n<p>This document regarding the data content is similar to a one monthly&nbsp;summarised&nbsp;customs declaration, it has to contain the main data of goods imported form or exported to the EU during the given month, such as commodity code, quantity, net weight, country of origin, delivery terms, mode of transport, nature of transaction, invoiced amount in&nbsp;HUF, statistical value in&nbsp;HUF, etc.<\/p>\n<!-- \/wp:paragraph -->\n\n<!-- wp:paragraph -->\n<p><strong>Our company undertakes<\/strong><\/p>\n<!-- \/wp:paragraph -->\n\n<!-- wp:list -->\n<ul><li><strong>at high level<\/strong><\/li><li><strong>completely<\/strong><\/li><\/ul>\n<!-- \/wp:list -->\n\n<!-- wp:paragraph -->\n<p><strong>preparing the statistic data supplying and reporting it for both who are obliged to submit detailed or simplified report, and in electronic way and in paper form as well.<\/strong><\/p>\n<!-- \/wp:paragraph -->"},"excerpt":{"rendered":"","protected":false,"raw":""},"author":1,"featured_media":0,"parent":0,"menu_order":0,"comment_status":"closed","ping_status":"closed","template":"","meta":{"inline_featured_image":false,"_hu_post_content":"<!-- wp:paragraph -->\n<p>2004. <span data-scayt_word=\"m\u00e1jus\" data-scaytid=\"1\">m\u00e1jus<\/span> 1. <span data-scayt_word=\"\u00f3ta\" data-scaytid=\"2\">\u00f3ta<\/span>, <span data-scayt_word=\"amint\" data-scaytid=\"3\">amint<\/span> <span data-scayt_word=\"Magyarorsz\u00e1g\" data-scaytid=\"4\">Magyarorsz\u00e1g<\/span> is <span data-scayt_word=\"bel\u00e9pett\" data-scaytid=\"5\">bel\u00e9pett<\/span> <span data-scayt_word=\"az\" data-scaytid=\"6\">az<\/span> <span data-scayt_word=\"Eur\u00f3pai\" data-scaytid=\"8\">Eur\u00f3pai<\/span> <span data-scayt_word=\"Uni\u00f3ba\" data-scaytid=\"9\">Uni\u00f3ba<\/span>, a <span data-scayt_word=\"k\u00f6z\u00f6ss\u00e9g\" data-scaytid=\"10\">k\u00f6z\u00f6ss\u00e9g<\/span> <span data-scayt_word=\"tag\u00e1llamaival\" data-scaytid=\"11\">tag\u00e1llamaival<\/span> <span data-scayt_word=\"folytatott\" data-scaytid=\"12\">folytatott<\/span> <span data-scayt_word=\"k\u00fclkereskedelemre\" data-scaytid=\"13\">k\u00fclkereskedelemre<\/span> <span data-scayt_word=\"vonatkoz\u00f3an\" data-scaytid=\"14\">vonatkoz\u00f3an<\/span> <span data-scayt_word=\"megsz\u0171nt\" data-scaytid=\"15\">megsz\u0171nt<\/span> a <span data-scayt_word=\"v\u00e1mnyilv\u00e1ntart\u00e1s\" data-scaytid=\"16\">v\u00e1mnyilv\u00e1ntart\u00e1s<\/span>. <span data-scayt_word=\"Igaz\" data-scaytid=\"17\">Igaz<\/span>, <span data-scayt_word=\"hogy\" data-scaytid=\"18\">hogy<\/span> <span data-scayt_word=\"\u00edgy\" data-scaytid=\"19\">\u00edgy<\/span> <span data-scayt_word=\"egyszer\u0171bb\u00e9\" data-scaytid=\"20\">egyszer\u0171bb\u00e9<\/span> <span data-scayt_word=\"v\u00e1lt\" data-scaytid=\"21\">v\u00e1lt<\/span> a <span data-scayt_word=\"kereskedelem\" data-scaytid=\"22\">kereskedelem<\/span> <span data-scayt_word=\"az\" data-scaytid=\"7\">az<\/span> <span data-scayt_word=\"Uni\u00f3\" data-scaytid=\"23\">Uni\u00f3<\/span> <span data-scayt_word=\"tagorsz\u00e1gaival\" data-scaytid=\"24\">tagorsz\u00e1gaival<\/span>, de <span data-scayt_word=\"ezzel\" data-scaytid=\"25\">ezzel<\/span> <span data-scayt_word=\"egy\" data-scaytid=\"26\">egy<\/span> <span data-scayt_word=\"id\u0151ben\" data-scaytid=\"28\">id\u0151ben<\/span> <span data-scayt_word=\"keletkezett\" data-scaytid=\"29\">keletkezett<\/span> <span data-scayt_word=\"egy\" data-scaytid=\"27\">egy<\/span> <span data-scayt_word=\"\u00faj\" data-scaytid=\"30\">\u00faj<\/span> <span data-scayt_word=\"statisztikai\" data-scaytid=\"31\">statisztikai<\/span> <span data-scayt_word=\"adatszolg\u00e1ltat\u00e1si\" data-scaytid=\"32\">adatszolg\u00e1ltat\u00e1si<\/span> <span data-scayt_word=\"k\u00f6telezetts\u00e9g\" data-scaytid=\"33\">k\u00f6telezetts\u00e9g<\/span> (<b><span data-scayt_word=\"Intrastat\" data-scaytid=\"34\">Intrastat<\/span><\/b>), <span data-scayt_word=\"amely\" data-scaytid=\"105\">amely<\/span> <span data-scayt_word=\"Magyarorsz\u00e1g\" data-scaytid=\"69\">Magyarorsz\u00e1g<\/span> <span data-scayt_word=\"\u00e9s\" data-scaytid=\"107\">\u00e9s<\/span> a <span data-scayt_word=\"tag\u00e1llamok\" data-scaytid=\"108\">tag\u00e1llamok<\/span> <span data-scayt_word=\"k\u00f6z\u00f6tti\" data-scaytid=\"109\">k\u00f6z\u00f6tti<\/span> <span data-scayt_word=\"kereskedelem\" data-scaytid=\"70\">kereskedelem<\/span> <span data-scayt_word=\"sz\u00e1mbav\u00e9tel\u00e9t\" data-scaytid=\"111\">sz\u00e1mbav\u00e9tel\u00e9t<\/span> <span data-scayt_word=\"szolg\u00e1lja\" data-scaytid=\"112\">szolg\u00e1lja<\/span>, <span data-scayt_word=\"k\u00f6zvetlen\u00fcl\" data-scaytid=\"113\">k\u00f6zvetlen\u00fcl<\/span> a <span data-scayt_word=\"forgalmaz\u00f3\" data-scaytid=\"114\">forgalmaz\u00f3<\/span> <span data-scayt_word=\"c\u00e9gekt\u0151l\" data-scaytid=\"115\">c\u00e9gekt\u0151l<\/span> <span data-scayt_word=\"begy\u0171jt\u00f6tt\" data-scaytid=\"116\">begy\u0171jt\u00f6tt<\/span> <span data-scayt_word=\"adatok\" data-scaytid=\"117\">adatok<\/span> <span data-scayt_word=\"alapj\u00e1n\" data-scaytid=\"118\">alapj\u00e1n<\/span>.<\/p>\n<!-- \/wp:paragraph -->\n\n<!-- wp:paragraph -->\n<p><span data-scayt_word=\"Az\" data-scaytid=\"141\">Az<\/span> <span data-scayt_word=\"Intrastat\" data-scaytid=\"133\">Intrastat<\/span> <span data-scayt_word=\"rendszer\" data-scaytid=\"144\">rendszer<\/span> <span data-scayt_word=\"m\u0171k\u00f6dtet\u00e9se\" data-scaytid=\"145\">m\u0171k\u00f6dtet\u00e9se<\/span> <span data-scayt_word=\"minden\" data-scaytid=\"146\">minden<\/span> EU <span data-scayt_word=\"tag\u00e1llam\" data-scaytid=\"147\">tag\u00e1llam<\/span> <span data-scayt_word=\"sz\u00e1m\u00e1ra\" data-scaytid=\"148\">sz\u00e1m\u00e1ra<\/span> <span data-scayt_word=\"k\u00f6telez\u0151\" data-scaytid=\"149\">k\u00f6telez\u0151<\/span>, <span data-scayt_word=\"amelyet\" data-scaytid=\"150\">amelyet<\/span> <span data-scayt_word=\"uni\u00f3s\" data-scaytid=\"151\">uni\u00f3s<\/span> <span data-scayt_word=\"rendeletek\" data-scaytid=\"152\">rendeletek<\/span> <span data-scayt_word=\"szab\u00e1lyoznak\" data-scaytid=\"153\">szab\u00e1lyoznak<\/span>. <span data-scayt_word=\"Magyarorsz\u00e1gon\" data-scaytid=\"154\">Magyarorsz\u00e1gon<\/span> <span data-scayt_word=\"ezt\" data-scaytid=\"155\">ezt<\/span> <span data-scayt_word=\"az\" data-scaytid=\"135\">az<\/span> <span data-scayt_word=\"adatgy\u0171jt\u00e9st\" data-scaytid=\"158\">adatgy\u0171jt\u00e9st<\/span> <span data-scayt_word=\"teljes\" data-scaytid=\"159\">teljes<\/span> <span data-scayt_word=\"k\u00f6r\u0171en\" data-scaytid=\"160\">k\u00f6r\u0171en<\/span> a <span data-scayt_word=\"K\u00f6zponti\" data-scaytid=\"161\">K\u00f6zponti<\/span> <span data-scayt_word=\"Statisztikai\" data-scaytid=\"162\">Statisztikai<\/span> <span data-scayt_word=\"Hivatal\" data-scaytid=\"163\">Hivatal<\/span> <span data-scayt_word=\"val\u00f3s\u00edtja\" data-scaytid=\"164\">val\u00f3s\u00edtja<\/span> meg. <span data-scayt_word=\"Intrastat\" data-scaytid=\"134\">Intrastat<\/span> <span data-scayt_word=\"jelent\u00e9s\" data-scaytid=\"165\">jelent\u00e9s<\/span> <span data-scayt_word=\"beny\u00fajt\u00e1s\u00e1ra\" data-scaytid=\"166\">beny\u00fajt\u00e1s\u00e1ra<\/span> <span data-scayt_word=\"azok\" data-scaytid=\"167\">azok<\/span> a <span data-scayt_word=\"hazai\" data-scaytid=\"168\">hazai<\/span> <span data-scayt_word=\"v\u00e1llalatok\" data-scaytid=\"169\">v\u00e1llalatok<\/span> <span data-scayt_word=\"k\u00f6telezettek\" data-scaytid=\"170\">k\u00f6telezettek<\/span>, <span data-scayt_word=\"amelyek\" data-scaytid=\"171\">amelyek<\/span> EU <span data-scayt_word=\"tag\u00e1llamokb\u00f3l\" data-scaytid=\"172\">tag\u00e1llamokb\u00f3l<\/span> <span data-scayt_word=\"hoznak\" data-scaytid=\"173\">hoznak<\/span> be <span data-scayt_word=\"egy\" data-scaytid=\"137\">egy<\/span>, <span data-scayt_word=\"\u00e9s\" data-scaytid=\"139\">\u00e9s<\/span>\/<span data-scayt_word=\"vagy\" data-scaytid=\"177\">vagy<\/span> <span data-scayt_word=\"oda\" data-scaytid=\"178\">oda<\/span> <span data-scayt_word=\"sz\u00e1ll\u00edtanak\" data-scaytid=\"179\">sz\u00e1ll\u00edtanak<\/span> <span data-scayt_word=\"ki\" data-scaytid=\"180\">ki<\/span> <span data-scayt_word=\"term\u00e9keket\" data-scaytid=\"181\">term\u00e9keket<\/span> <span data-scayt_word=\"egy\" data-scaytid=\"138\">egy<\/span> <span data-scayt_word=\"bizonyos\" data-scaytid=\"182\">bizonyos<\/span> <span data-scayt_word=\"\u00e9ves\" data-scaytid=\"183\">\u00e9ves<\/span> <span data-scayt_word=\"\u00e9rt\u00e9khat\u00e1r\" data-scaytid=\"184\">\u00e9rt\u00e9khat\u00e1r<\/span> <span data-scayt_word=\"f\u00f6l\u00f6tt\" data-scaytid=\"185\">f\u00f6l\u00f6tt<\/span>. <b><span data-scayt_word=\"Tudja-e\" data-scaytid=\"186\">Tudja-e<\/span>, <span data-scayt_word=\"hogy\" data-scaytid=\"140\">hogy<\/span> <span data-scayt_word=\"az\" data-scaytid=\"136\">az<\/span> <span data-scayt_word=\"\u00d6n\u00f6k\" data-scaytid=\"188\">\u00d6n\u00f6k<\/span> <span data-scayt_word=\"c\u00e9ge\" data-scaytid=\"189\">c\u00e9ge<\/span> <span data-scayt_word=\"k\u00f6telezett-e\" data-scaytid=\"190\">k\u00f6telezett-e<\/span> <span data-scayt_word=\"Intrastat-jelent\u00e9sek\" data-scaytid=\"191\">Intrastat-jelent\u00e9sek<\/span> <span data-scayt_word=\"beny\u0171jt\u00e1s\u00e1ra\" data-scaytid=\"192\">beny\u0171jt\u00e1s\u00e1ra<\/span>?<\/b><\/p>\n<!-- \/wp:paragraph -->\n\n<!-- wp:paragraph -->\n<p><b><span data-scayt_word=\"Az\" data-scaytid=\"245\">Az<\/span> <span data-scayt_word=\"Intrastat\" data-scaytid=\"246\">Intrastat<\/span> jelent\u00e9st a c\u00e9geknek havi rendszeress\u00e9ggel t\u00e1rgyh\u00f3t k\u00f6vet\u0151 15-ig kell elk\u00fcldeni\u00fck a KSH fel\u00e9. <\/b><\/p>\n<!-- \/wp:paragraph -->\n\n<!-- wp:paragraph -->\n<p>Ez a dokumentum adattartalm\u00e1ban k\u00f6r\u00fclbel\u00fcl egy havi, \u00f6sszes\u00edtett v\u00e1m\u00e1runyilatkozatnak felel meg, tartalmaznia kell az adott h\u00f3napban EU-b\u00f3l behozott vagy kisz\u00e1ll\u00edtott term\u00e9kek f\u0151bb adatait, mint p\u00e9ld\u00e1ul a term\u00e9k KN k\u00f3dja, mennyis\u00e9ge, nett\u00f3 s\u00falya, sz\u00e1rmaz\u00e1si orsz\u00e1ga, illetve a sz\u00e1ll\u00edt\u00e1si felt\u00e9telt, fuvaroz\u00e1si m\u00f3dot, \u00fcgyletk\u00f3dot, a sz\u00e1ml\u00e1zott \u00f6sszeget forintban, a statisztikai \u00e9rt\u00e9ket, stb.<\/p>\n<!-- \/wp:paragraph -->\n\n<!-- wp:paragraph -->\n<p><b>C\u00e9g\u00fcnk v\u00e1llalja<\/b><\/p>\n<!-- \/wp:paragraph -->\n\n<!-- wp:list -->\n<ul><li><b>magas sz\u00ednvonalon<\/b><\/li><li><b>teljes k\u00f6r\u0171<\/b><\/li><\/ul>\n<!-- \/wp:list -->\n\n<!-- wp:paragraph -->\n<p><b>statisztikai adatszolg\u00e1ltat\u00e1s elk\u00e9sz\u00edt\u00e9s\u00e9t \u00e9s lejelent\u00e9s\u00e9t, mind r\u00e9szletes, mind egyszer\u0171s\u00edtett jelent\u00e9sre k\u00f6telezettekn\u00e9l, elektronikus \u00e9s pap\u00edr form\u00e1tumban is.<\/b><\/p>\n<!-- \/wp:paragraph -->","_hu_post_name":"intrastat","_hu_post_excerpt":"","_hu_post_title":"Intrastat","_en_post_content":"<!-- wp:paragraph -->\n<p>Since&nbsp;1st&nbsp;May 2004 as Hungary has joined the European Union the customs registration of foreign trade among the member states of the Community has ceased. It is true that trading with EU countries has become simpler, but at the same time a new obligation of statistic data supplying (<strong>Intrastat<\/strong>) has arisen, which counts the trade between Hungary and the countries of the European Union, on the basis of data collected directly from trading companies.<\/p>\n<!-- \/wp:paragraph -->\n\n<!-- wp:paragraph -->\n<p>Operation of the&nbsp;Intrastat&nbsp;system is binding for all Member States, the rules of it are set out by EU regulations. In Hungary this data collecting is completely executed by the Hungarian Central Statistical Office (HCSO). Those domestic companies are liable to submit&nbsp;Intrasat&nbsp;reports that import goods from EU countries and\/or export to there over a certain annual exemption threshold.&nbsp;<strong>Do you know if your company is obliged to submit&nbsp;Intrastat&nbsp;reports?<\/strong><\/p>\n<!-- \/wp:paragraph -->\n\n<!-- wp:paragraph -->\n<p><strong>Companies have to send the&nbsp;Intrastat&nbsp;report monthly to the&nbsp;HCSO&nbsp;till the&nbsp;15th&nbsp;calendar day of the month following the reference month.<\/strong><\/p>\n<!-- \/wp:paragraph -->\n\n<!-- wp:paragraph -->\n<p>This document regarding the data content is similar to a one monthly&nbsp;summarised&nbsp;customs declaration, it has to contain the main data of goods imported form or exported to the EU during the given month, such as commodity code, quantity, net weight, country of origin, delivery terms, mode of transport, nature of transaction, invoiced amount in&nbsp;HUF, statistical value in&nbsp;HUF, etc.<\/p>\n<!-- \/wp:paragraph -->\n\n<!-- wp:paragraph -->\n<p><strong>Our company undertakes<\/strong><\/p>\n<!-- \/wp:paragraph -->\n\n<!-- wp:list -->\n<ul><li><strong>at high level<\/strong><\/li><li><strong>completely<\/strong><\/li><\/ul>\n<!-- \/wp:list -->\n\n<!-- wp:paragraph -->\n<p><strong>preparing the statistic data supplying and reporting it for both who are obliged to submit detailed or simplified report, and in electronic way and in paper form as well.<\/strong><\/p>\n<!-- \/wp:paragraph -->","_en_post_name":"intrastat","_en_post_excerpt":"","_en_post_title":"Intrastat","edit_language":"en","footnotes":""},"yoast_head":"<!-- This site is optimized with the Yoast SEO plugin v21.7 - https:\/\/yoast.com\/wordpress\/plugins\/seo\/ -->\n<title>Intrastat - Adintrade Kft.<\/title>\n<meta name=\"robots\" content=\"index, follow, max-snippet:-1, max-image-preview:large, max-video-preview:-1\" \/>\n<link rel=\"canonical\" href=\"https:\/\/adintrade.hu\/intrastat\/\" \/>\n<meta property=\"og:locale\" content=\"en_US\" \/>\n<meta property=\"og:type\" content=\"article\" \/>\n<meta property=\"og:title\" content=\"Intrastat - Adintrade Kft.\" \/>\n<meta property=\"og:description\" content=\"2004. m\u00e1jus 1. \u00f3ta, amint Magyarorsz\u00e1g is bel\u00e9pett az Eur\u00f3pai Uni\u00f3ba, a k\u00f6z\u00f6ss\u00e9g tag\u00e1llamaival folytatott k\u00fclkereskedelemre vonatkoz\u00f3an megsz\u0171nt a v\u00e1mnyilv\u00e1ntart\u00e1s. Igaz, hogy \u00edgy egyszer\u0171bb\u00e9 v\u00e1lt a kereskedelem az Uni\u00f3 tagorsz\u00e1gaival, de ezzel egy id\u0151ben keletkezett egy \u00faj statisztikai adatszolg\u00e1ltat\u00e1si k\u00f6telezetts\u00e9g (Intrastat), amely Magyarorsz\u00e1g \u00e9s a tag\u00e1llamok k\u00f6z\u00f6tti kereskedelem sz\u00e1mbav\u00e9tel\u00e9t szolg\u00e1lja, k\u00f6zvetlen\u00fcl a forgalmaz\u00f3 c\u00e9gekt\u0151l begy\u0171jt\u00f6tt [&hellip;]\" \/>\n<meta property=\"og:url\" content=\"https:\/\/adintrade.hu\/intrastat\/\" \/>\n<meta property=\"og:site_name\" content=\"Adintrade Kft.\" \/>\n<meta property=\"article:publisher\" content=\"https:\/\/facebook.com\/adintrade\" \/>\n<meta name=\"twitter:card\" content=\"summary_large_image\" \/>\n<meta name=\"twitter:label1\" content=\"Est. reading time\" \/>\n\t<meta name=\"twitter:data1\" content=\"2 minutes\" \/>\n<script type=\"application\/ld+json\" class=\"yoast-schema-graph\">{\"@context\":\"https:\/\/schema.org\",\"@graph\":[{\"@type\":\"WebPage\",\"@id\":\"https:\/\/adintrade.hu\/intrastat\/\",\"url\":\"https:\/\/adintrade.hu\/intrastat\/\",\"name\":\"Intrastat - Adintrade Kft.\",\"isPartOf\":{\"@id\":\"https:\/\/adintrade.hu\/#website\"},\"datePublished\":\"2017-01-17T19:50:25+00:00\",\"dateModified\":\"2017-01-17T19:50:25+00:00\",\"breadcrumb\":{\"@id\":\"https:\/\/adintrade.hu\/intrastat\/#breadcrumb\"},\"inLanguage\":\"english\",\"potentialAction\":[{\"@type\":\"ReadAction\",\"target\":[\"https:\/\/adintrade.hu\/intrastat\/\"]}]},{\"@type\":\"BreadcrumbList\",\"@id\":\"https:\/\/adintrade.hu\/intrastat\/#breadcrumb\",\"itemListElement\":[{\"@type\":\"ListItem\",\"position\":1,\"name\":\"Home\",\"item\":\"https:\/\/adintrade.hu\/\"},{\"@type\":\"ListItem\",\"position\":2,\"name\":\"Intrastat\"}]},{\"@type\":\"WebSite\",\"@id\":\"https:\/\/adintrade.hu\/#website\",\"url\":\"https:\/\/adintrade.hu\/\",\"name\":\"Adintrade Kft.\",\"description\":\"Customs and product fee administration\",\"publisher\":{\"@id\":\"https:\/\/adintrade.hu\/#organization\"},\"potentialAction\":[{\"@type\":\"SearchAction\",\"target\":{\"@type\":\"EntryPoint\",\"urlTemplate\":\"https:\/\/adintrade.hu\/?s={search_term_string}\"},\"query-input\":\"required name=search_term_string\"}],\"inLanguage\":\"english\"},{\"@type\":\"Organization\",\"@id\":\"https:\/\/adintrade.hu\/#organization\",\"name\":\"Adintrade Kft.\",\"url\":\"https:\/\/adintrade.hu\/\",\"logo\":{\"@type\":\"ImageObject\",\"inLanguage\":\"english\",\"@id\":\"https:\/\/adintrade.hu\/#\/schema\/logo\/image\/\",\"url\":\"https:\/\/adintrade.hu\/wp-content\/uploads\/2022\/08\/cropped-cropped-adintrade_original.png\",\"contentUrl\":\"https:\/\/adintrade.hu\/wp-content\/uploads\/2022\/08\/cropped-cropped-adintrade_original.png\",\"width\":794,\"height\":247,\"caption\":\"Adintrade Kft.\"},\"image\":{\"@id\":\"https:\/\/adintrade.hu\/#\/schema\/logo\/image\/\"},\"sameAs\":[\"https:\/\/facebook.com\/adintrade\"]}]}<\/script>\n<!-- \/ Yoast SEO plugin. -->","yoast_head_json":{"title":"Intrastat - Adintrade Kft.","robots":{"index":"index","follow":"follow","max-snippet":"max-snippet:-1","max-image-preview":"max-image-preview:large","max-video-preview":"max-video-preview:-1"},"canonical":"https:\/\/adintrade.hu\/intrastat\/","og_locale":"en_US","og_type":"article","og_title":"Intrastat - Adintrade Kft.","og_description":"2004. m\u00e1jus 1. \u00f3ta, amint Magyarorsz\u00e1g is bel\u00e9pett az Eur\u00f3pai Uni\u00f3ba, a k\u00f6z\u00f6ss\u00e9g tag\u00e1llamaival folytatott k\u00fclkereskedelemre vonatkoz\u00f3an megsz\u0171nt a v\u00e1mnyilv\u00e1ntart\u00e1s. Igaz, hogy \u00edgy egyszer\u0171bb\u00e9 v\u00e1lt a kereskedelem az Uni\u00f3 tagorsz\u00e1gaival, de ezzel egy id\u0151ben keletkezett egy \u00faj statisztikai adatszolg\u00e1ltat\u00e1si k\u00f6telezetts\u00e9g (Intrastat), amely Magyarorsz\u00e1g \u00e9s a tag\u00e1llamok k\u00f6z\u00f6tti kereskedelem sz\u00e1mbav\u00e9tel\u00e9t szolg\u00e1lja, k\u00f6zvetlen\u00fcl a forgalmaz\u00f3 c\u00e9gekt\u0151l begy\u0171jt\u00f6tt [&hellip;]","og_url":"https:\/\/adintrade.hu\/intrastat\/","og_site_name":"Adintrade Kft.","article_publisher":"https:\/\/facebook.com\/adintrade","twitter_card":"summary_large_image","twitter_misc":{"Est. reading time":"2 minutes"},"schema":{"@context":"https:\/\/schema.org","@graph":[{"@type":"WebPage","@id":"https:\/\/adintrade.hu\/intrastat\/","url":"https:\/\/adintrade.hu\/intrastat\/","name":"Intrastat - Adintrade Kft.","isPartOf":{"@id":"https:\/\/adintrade.hu\/#website"},"datePublished":"2017-01-17T19:50:25+00:00","dateModified":"2017-01-17T19:50:25+00:00","breadcrumb":{"@id":"https:\/\/adintrade.hu\/intrastat\/#breadcrumb"},"inLanguage":"english","potentialAction":[{"@type":"ReadAction","target":["https:\/\/adintrade.hu\/intrastat\/"]}]},{"@type":"BreadcrumbList","@id":"https:\/\/adintrade.hu\/intrastat\/#breadcrumb","itemListElement":[{"@type":"ListItem","position":1,"name":"Home","item":"https:\/\/adintrade.hu\/"},{"@type":"ListItem","position":2,"name":"Intrastat"}]},{"@type":"WebSite","@id":"https:\/\/adintrade.hu\/#website","url":"https:\/\/adintrade.hu\/","name":"Adintrade Kft.","description":"Customs and product fee administration","publisher":{"@id":"https:\/\/adintrade.hu\/#organization"},"potentialAction":[{"@type":"SearchAction","target":{"@type":"EntryPoint","urlTemplate":"https:\/\/adintrade.hu\/?s={search_term_string}"},"query-input":"required name=search_term_string"}],"inLanguage":"english"},{"@type":"Organization","@id":"https:\/\/adintrade.hu\/#organization","name":"Adintrade Kft.","url":"https:\/\/adintrade.hu\/","logo":{"@type":"ImageObject","inLanguage":"english","@id":"https:\/\/adintrade.hu\/#\/schema\/logo\/image\/","url":"https:\/\/adintrade.hu\/wp-content\/uploads\/2022\/08\/cropped-cropped-adintrade_original.png","contentUrl":"https:\/\/adintrade.hu\/wp-content\/uploads\/2022\/08\/cropped-cropped-adintrade_original.png","width":794,"height":247,"caption":"Adintrade Kft."},"image":{"@id":"https:\/\/adintrade.hu\/#\/schema\/logo\/image\/"},"sameAs":["https:\/\/facebook.com\/adintrade"]}]}},"_links":{"self":[{"href":"https:\/\/adintrade.hu\/en\/wp-json\/wp\/v2\/pages\/453"}],"collection":[{"href":"https:\/\/adintrade.hu\/en\/wp-json\/wp\/v2\/pages"}],"about":[{"href":"https:\/\/adintrade.hu\/en\/wp-json\/wp\/v2\/types\/page"}],"author":[{"embeddable":true,"href":"https:\/\/adintrade.hu\/en\/wp-json\/wp\/v2\/users\/1"}],"replies":[{"embeddable":true,"href":"https:\/\/adintrade.hu\/en\/wp-json\/wp\/v2\/comments?post=453"}],"version-history":[{"count":0,"href":"https:\/\/adintrade.hu\/en\/wp-json\/wp\/v2\/pages\/453\/revisions"}],"wp:attachment":[{"href":"https:\/\/adintrade.hu\/en\/wp-json\/wp\/v2\/media?parent=453"}],"curies":[{"name":"wp","href":"https:\/\/api.w.org\/{rel}","templated":true}]}}