{"id":456,"date":"2017-01-17T21:51:20","date_gmt":"2017-01-17T19:51:20","guid":{"rendered":"http:\/\/adintrade.hu\/?page_id=456"},"modified":"2017-01-17T21:51:20","modified_gmt":"2017-01-17T19:51:20","slug":"","status":"publish","type":"page","link":"https:\/\/adintrade.hu\/en\/szerzodestervezetek-megrendelesmintak-elkeszitese\/","title":{"rendered":"","raw":""},"content":{"rendered":"","protected":false,"raw":""},"excerpt":{"rendered":"","protected":false,"raw":""},"author":1,"featured_media":0,"parent":0,"menu_order":0,"comment_status":"closed","ping_status":"closed","template":"","meta":{"inline_featured_image":false,"_hu_post_content":"<!-- wp:paragraph -->\n<p><b><span data-scayt_word=\"J\u00f3\" data-scaytid=\"1\">J\u00f3<\/span> <span data-scayt_word=\"r\u00e9szben\" data-scaytid=\"2\">r\u00e9szben<\/span> a <span data-scayt_word=\"szerz\u0151d\u00e9sen\" data-scaytid=\"3\">szerz\u0151d\u00e9sen<\/span> <span data-scayt_word=\"m\u00falik\" data-scaytid=\"4\">m\u00falik<\/span> <span data-scayt_word=\"az\" data-scaytid=\"5\">az<\/span> <span data-scayt_word=\"\u00fcgylet\" data-scaytid=\"6\">\u00fcgylet<\/span> <span data-scayt_word=\"k\u00f6nny\u0171\" data-scaytid=\"7\">k\u00f6nny\u0171<\/span>, <span data-scayt_word=\"vagy\" data-scaytid=\"8\">vagy<\/span> <span data-scayt_word=\"neh\u00e9z\" data-scaytid=\"9\">neh\u00e9z<\/span> <span data-scayt_word=\"lebonyol\u00edthat\u00f3s\u00e1ga\" data-scaytid=\"10\">lebonyol\u00edthat\u00f3s\u00e1ga<\/span>, <span data-scayt_word=\"esetleges\" data-scaytid=\"11\">esetleges<\/span> <span data-scayt_word=\"meghi\u00fasul\u00e1sa\" data-scaytid=\"12\">meghi\u00fasul\u00e1sa<\/span> is.<\/b><\/p>\n<!-- \/wp:paragraph -->\n\n<!-- wp:paragraph -->\n<p>A <span data-scayt_word=\"komplett\" data-scaytid=\"13\">komplett<\/span> <span data-scayt_word=\"k\u00fclkereskedelmi\" data-scaytid=\"14\">k\u00fclkereskedelmi<\/span> <span data-scayt_word=\"lebonyol\u00edt\u00e1si\" data-scaytid=\"15\">lebonyol\u00edt\u00e1si<\/span> <span data-scayt_word=\"tev\u00e9kenys\u00e9g\u00fcnk\" data-scaytid=\"16\">tev\u00e9kenys\u00e9g\u00fcnk<\/span> <span data-scayt_word=\"keret\u00e9ben\" data-scaytid=\"17\">keret\u00e9ben<\/span> <span data-scayt_word=\"m\u00e1r\" data-scaytid=\"18\">m\u00e1r<\/span> a <b><span data-scayt_word=\"szerz\u0151d\u00e9sek\" data-scaytid=\"19\">szerz\u0151d\u00e9sek<\/span> <span data-scayt_word=\"el\u0151k\u00e9sz\u00edt\u00e9s\u00e9hez\" data-scaytid=\"20\">el\u0151k\u00e9sz\u00edt\u00e9s\u00e9hez<\/span><\/b> is <span data-scayt_word=\"seg\u00edts\u00e9get\" data-scaytid=\"21\">seg\u00edts\u00e9get<\/span> <span data-scayt_word=\"ny\u00fajtunk\" data-scaytid=\"22\">ny\u00fajtunk<\/span>.<\/p>\n<!-- \/wp:paragraph -->\n\n<!-- wp:paragraph -->\n<p><span data-scayt_word=\"Az\u00e9rt\" data-scaytid=\"24\">Az\u00e9rt<\/span> <span data-scayt_word=\"tessz\u00fck\" data-scaytid=\"25\">tessz\u00fck<\/span> <span data-scayt_word=\"ezt\" data-scaytid=\"26\">ezt<\/span>, <span data-scayt_word=\"mert\" data-scaytid=\"27\">mert<\/span> <span data-scayt_word=\"azt\" data-scaytid=\"28\">azt<\/span> <span data-scayt_word=\"tapasztaltuk\" data-scaytid=\"29\">tapasztaltuk<\/span>, <span data-scayt_word=\"hogy\" data-scaytid=\"30\">hogy<\/span> <span data-scayt_word=\"hi\u00e1ba\" data-scaytid=\"31\">hi\u00e1ba<\/span> <span data-scayt_word=\"\u00e1ll\" data-scaytid=\"33\">\u00e1ll<\/span> <span data-scayt_word=\"egy\" data-scaytid=\"34\">egy<\/span> <span data-scayt_word=\"k\u00fclkeresked\u0151\" data-scaytid=\"35\">k\u00fclkeresked\u0151<\/span> <span data-scayt_word=\"c\u00e9g\" data-scaytid=\"36\">c\u00e9g<\/span> <span data-scayt_word=\"rendelkez\u00e9s\u00e9re\" data-scaytid=\"37\">rendelkez\u00e9s\u00e9re<\/span> <span data-scayt_word=\"minden\" data-scaytid=\"38\">minden<\/span> <span data-scayt_word=\"felt\u00e9tel\" data-scaytid=\"39\">felt\u00e9tel<\/span> <span data-scayt_word=\"az\" data-scaytid=\"23\">az<\/span> <span data-scayt_word=\"\u00fczletk\u00f6t\u00e9shez\" data-scaytid=\"41\">\u00fczletk\u00f6t\u00e9shez<\/span>, <span data-scayt_word=\"hi\u00e1ba\" data-scaytid=\"32\">hi\u00e1ba<\/span> <span data-scayt_word=\"tal\u00e1lta\" data-scaytid=\"42\">tal\u00e1lta<\/span> meg a <span data-scayt_word=\"megfelel\u0151\" data-scaytid=\"43\">megfelel\u0151<\/span> <span data-scayt_word=\"\u00fczleti\" data-scaytid=\"45\">\u00fczleti<\/span> <span data-scayt_word=\"partnert\" data-scaytid=\"46\">partnert<\/span> <span data-scayt_word=\"\u00e9s\" data-scaytid=\"47\">\u00e9s<\/span> a <span data-scayt_word=\"megfelel\u0151\" data-scaytid=\"44\">megfelel\u0151<\/span> <span data-scayt_word=\"term\u00e9ket\" data-scaytid=\"48\">term\u00e9ket<\/span>, <span data-scayt_word=\"m\u00e9gis\" data-scaytid=\"49\">m\u00e9gis<\/span> <span data-scayt_word=\"gyakran\" data-scaytid=\"50\">gyakran<\/span> <b><span data-scayt_word=\"elhamarkodottan\" data-scaytid=\"51\">elhamarkodottan<\/span><\/b> <span data-scayt_word=\"k\u00f6ti\" data-scaytid=\"110\">k\u00f6ti<\/span> meg a <span data-scayt_word=\"k\u00fclkereskedelmi\" data-scaytid=\"80\">k\u00fclkereskedelmi<\/span> <span data-scayt_word=\"szerz\u0151d\u00e9st\" data-scaytid=\"112\">szerz\u0151d\u00e9st<\/span>! <b><span data-scayt_word=\"MI\u00c9RT\" data-scaytid=\"113\">MI\u00c9RT<\/span> VAN <span data-scayt_word=\"EZ\" data-scaytid=\"114\">EZ<\/span> <span data-scayt_word=\"\u00cdGY\" data-scaytid=\"115\">\u00cdGY<\/span>?<\/b> <span data-scayt_word=\"Gondolja\" data-scaytid=\"116\">Gondolja<\/span> <span data-scayt_word=\"csak\" data-scaytid=\"117\">csak<\/span> <span data-scayt_word=\"v\u00e9gig\" data-scaytid=\"118\">v\u00e9gig<\/span> a <span data-scayt_word=\"k\u00f6vetkez\u0151ket\" data-scaytid=\"119\">k\u00f6vetkez\u0151ket<\/span>:<\/p>\n<!-- \/wp:paragraph -->\n\n<!-- wp:list -->\n<ul><li><span data-scayt_word=\"Biztos-e\" data-scaytid=\"120\">Biztos-e<\/span> <span data-scayt_word=\"\u00d6n\" data-scaytid=\"121\">\u00d6n<\/span> <span data-scayt_word=\"abban\" data-scaytid=\"122\">abban<\/span>, <span data-scayt_word=\"hogy\" data-scaytid=\"81\">hogy<\/span> <span data-scayt_word=\"ismeri\" data-scaytid=\"124\">ismeri<\/span> a <b><span data-scayt_word=\"kapcsol\u00f3d\u00f3\" data-scaytid=\"125\">kapcsol\u00f3d\u00f3<\/span> <span data-scayt_word=\"jogszab\u00e1lyokat\" data-scaytid=\"126\">jogszab\u00e1lyokat<\/span>?<\/b><\/li><li><span data-scayt_word=\"Tudja-e\" data-scaytid=\"131\">Tudja-e<\/span>, <span data-scayt_word=\"hogy\" data-scaytid=\"127\">hogy<\/span> <span data-scayt_word=\"ezeknek\" data-scaytid=\"134\">ezeknek<\/span> <span data-scayt_word=\"mely\" data-scaytid=\"135\">mely<\/span> <span data-scayt_word=\"elemeit\" data-scaytid=\"136\">elemeit<\/span> <span data-scayt_word=\"kell\" data-scaytid=\"137\">kell<\/span> <span data-scayt_word=\"felt\u00e9tlen\u00fcl\" data-scaytid=\"138\">felt\u00e9tlen\u00fcl<\/span> <b><span data-scayt_word=\"be\u00e9p\u00edtenie\" data-scaytid=\"139\">be\u00e9p\u00edtenie<\/span><\/b> a <span data-scayt_word=\"szerz\u0151d\u00e9s\" data-scaytid=\"140\">szerz\u0151d\u00e9s<\/span> <span data-scayt_word=\"sz\u00f6veg\u00e9be\" data-scaytid=\"141\">sz\u00f6veg\u00e9be<\/span> <span data-scayt_word=\"ahhoz\" data-scaytid=\"142\">ahhoz<\/span>, <span data-scayt_word=\"hogy\" data-scaytid=\"128\">hogy<\/span> ne <span data-scayt_word=\"hi\u00fasuljon\" data-scaytid=\"143\">hi\u00fasuljon<\/span> meg <span data-scayt_word=\"az\" data-scaytid=\"129\">az<\/span> <span data-scayt_word=\"\u00fczlet\" data-scaytid=\"145\">\u00fczlet<\/span>?<\/li><li><span data-scayt_word=\"Kell\u0151\" data-scaytid=\"146\">Kell\u0151<\/span> <span data-scayt_word=\"m\u00e9rt\u00e9kben\" data-scaytid=\"147\">m\u00e9rt\u00e9kben<\/span> <span data-scayt_word=\"ismeri-e\" data-scaytid=\"148\">ismeri-e<\/span> a <span data-scayt_word=\"megfelel\u0151\" data-scaytid=\"130\">megfelel\u0151<\/span> <b><span data-scayt_word=\"k\u00fclkereskedelem-technikai\" data-scaytid=\"150\">k\u00fclkereskedelem-technikai<\/span> <span data-scayt_word=\"fog\u00e1sokat\" data-scaytid=\"151\">fog\u00e1sokat<\/span><\/b> (pl. a nemzetk\u00f6zi szokv\u00e1nyokat - INCOTERMS, <span data-scayt_word=\"vagy\" data-scaytid=\"152\">vagy<\/span> <span data-scayt_word=\"az\" data-scaytid=\"153\">az<\/span> \u00e1ltal\u00e1nos felel\u0151ss\u00e9gi szab\u00e1lyokat) <span data-scayt_word=\"ahhoz\" data-scaytid=\"155\">ahhoz<\/span>, <span data-scayt_word=\"hogy\" data-scaytid=\"156\">hogy<\/span> ne ker\u00fclhessen h\u00e1tr\u00e1nyba <span data-scayt_word=\"az\" data-scaytid=\"154\">az<\/span> ezeket a technik\u00e1kat esetleg \u00d6nn\u00e9l jobban ismer\u0151 partner\u00e9vel szemben?<\/li><li>Pontosan tiszt\u00e1ban van-e a gyakorlatban <span data-scayt_word=\"m\u00e1r\" data-scaytid=\"157\">m\u00e1r<\/span> bev\u00e1lt, mindk\u00e9t f\u00e9lnek <span data-scayt_word=\"megfelel\u0151\" data-scaytid=\"158\">megfelel\u0151<\/span> anyagi biztons\u00e1got <span data-scayt_word=\"\u00e9s\" data-scaytid=\"159\">\u00e9s<\/span> garanci\u00e1t jelent\u0151 <span data-scayt_word=\"k\u00fclkereskedelmi\" data-scaytid=\"160\">k\u00fclkereskedelmi<\/span>, fizet\u00e9si, <b>p\u00e9nz\u00fcgytechnikai megold\u00e1sok<\/b> (pl. fizet\u00e9si biztos\u00edt\u00e9kok, akkredit\u00edv) szerep\u00e9vel \u00e9s alkalmaz\u00e1s\u00e1nak m\u00f3dozataival?<\/li><\/ul>\n<!-- \/wp:list -->\n\n<!-- wp:paragraph -->\n<p>Ha a fenti k\u00e9rd\u00e9sek k\u00f6z\u00fcl ak\u00e1rcsak egyre is nem tud egy\u00e9rtelm\u0171 igennel v\u00e1laszolni, akkor \u00e9rdemes megfontolnia, hogy ezen a ter\u00fcleten is ig\u00e9nybe vegye a k\u00f6zrem\u0171k\u00f6d\u00e9s\u00fcnket, hiszen az esetek t\u00f6bbs\u00e9g\u00e9ben <b>a szerz\u0151d\u00e9sen m\u00falik<\/b><\/p>\n<!-- \/wp:paragraph -->\n\n<!-- wp:list -->\n<ul><li>az \u00fcgylet k\u00f6nny\u0171, vagy neh\u00e9z <b>lebonyol\u00edthat\u00f3s\u00e1ga<\/b>, esetleges meghi\u00fasul\u00e1sa is, enn\u00e9lfogva<\/li><li>az \u00fczlet <b>nyeres\u00e9gess\u00e9ge<\/b>, vagy vesztes\u00e9gess\u00e9ge.<\/li><\/ul>\n<!-- \/wp:list -->\n\n<!-- wp:paragraph -->\n<p>Annak \u00e9rdek\u00e9ben, hogy \u00fcgyfeleink<\/p>\n<!-- \/wp:paragraph -->\n\n<!-- wp:list -->\n<ul><li><b>jogilag \u00e9rv\u00e9nyes, <\/b><\/li><li><b>p\u00e9nz\u00fcgyileg biztons\u00e1gos, <\/b><\/li><li><b>felesleges kock\u00e1zati elemeket nem tartalmaz\u00f3 <\/b><\/li><\/ul>\n<!-- \/wp:list -->\n\n<!-- wp:paragraph -->\n<p>szerz\u0151d\u00e9seket k\u00f6ssenek,<\/p>\n<!-- \/wp:paragraph -->\n\n<!-- wp:list -->\n<ul><li><b>szak\u00e9rt\u0151k\u00e9nt<\/b> sz\u00edvesen r\u00e9szt vesz\u00fcnk m\u00e1r a szerz\u0151d\u00e9sk\u00f6t\u00e9seket el\u0151k\u00e9sz\u00edt\u0151 magyarorsz\u00e1gi <b>\u00fczleti t\u00e1rgyal\u00e1sokon<\/b> is,<\/li><li>elk\u00e9sz\u00edtj\u00fck a <b>megrendel\u00e9smint\u00e1kat<\/b>,<\/li><li>kidolgozzuk a <b>szerz\u0151d\u00e9stervezeteket<\/b>.<\/li><\/ul>\n<!-- \/wp:list -->\n\n<!-- wp:paragraph -->\n<p>Mindezt<\/p>\n<!-- \/wp:paragraph -->\n\n<!-- wp:list -->\n<ul><li>egyr\u00e9szt az\u00e9rt hangs\u00falyozzuk, mert a gyakorlati tapasztalatok azt mutatj\u00e1k, hogy egy j\u00f3 szerz\u0151d\u00e9st megk\u00f6tni \u00e9s ennek alapj\u00e1n egy k\u00fclkereskedelmi \u00fcgyletet sikeresen lebonyol\u00edtani kb. <b>harmadannyi munk\u00e1ba ker\u00fcl<\/b>, mint egy rossz szerz\u0151d\u00e9s \u00e1ltal okozott probl\u00e9m\u00e1kat ut\u00f3lag helyrehozni,<\/li><li>m\u00e1sr\u00e9szt az\u00e9rt h\u00edvjuk fel r\u00e1 a figyelmet, mivel a csup\u00e1n t\u00fal k\u00e9s\u0151n, az \u00fcgylet lebonyol\u00edt\u00e1sa sor\u00e1n \u00e9szlelt szerz\u0151d\u00e9sk\u00f6t\u00e9si hib\u00e1kat m\u00e1r nagyon neh\u00e9z ut\u00f3lag, <b>preszt\u00edzs- \u00e9s\/vagy anyagi vesztes\u00e9gek<\/b> n\u00e9lk\u00fcl korrig\u00e1lni.<\/li><\/ul>\n<!-- \/wp:list -->\n\n<!-- wp:paragraph -->\n<p>Minthogy a <b>buktat\u00f3kat<\/b> mi m\u00e1r a szerz\u0151d\u00e9sk\u00f6t\u00e9s el\u0151tt ismerj\u00fck,<\/p>\n<!-- \/wp:paragraph -->\n\n<!-- wp:list -->\n<ul><li>fel tudjuk h\u00edvni r\u00e1juk a figyelmet, \u00e9s<\/li><li>m\u00e1r a szerz\u0151d\u00e9sbe be tudjuk \u00e9p\u00edteni azokat a megold\u00e1sokat (parit\u00e1sok, szankci\u00f3k, stb.), amelyek r\u00e9v\u00e9n <b>kiv\u00e9dhet\u0151k<\/b> e buktat\u00f3k.<\/li><\/ul>\n<!-- \/wp:list -->","_hu_post_name":"szerzodestervezetek-megrendelesmintak-elkeszitese","_hu_post_excerpt":"","_hu_post_title":"Szerz\u0151d\u00e9stervezetek, megrendel\u00e9smint\u00e1k elk\u00e9sz\u00edt\u00e9se","_en_post_content":"","_en_post_name":"","_en_post_excerpt":"","_en_post_title":"","edit_language":"en","footnotes":""},"yoast_head":"<!-- This site is optimized with the Yoast SEO plugin v21.7 - https:\/\/yoast.com\/wordpress\/plugins\/seo\/ -->\n<title>Szerz\u0151d\u00e9stervezetek, megrendel\u00e9smint\u00e1k elk\u00e9sz\u00edt\u00e9se - Adintrade Kft.<\/title>\n<meta name=\"robots\" content=\"index, follow, max-snippet:-1, max-image-preview:large, max-video-preview:-1\" \/>\n<link rel=\"canonical\" href=\"https:\/\/adintrade.hu\/szerzodestervezetek-megrendelesmintak-elkeszitese\/\" \/>\n<meta property=\"og:locale\" content=\"en_US\" \/>\n<meta property=\"og:type\" content=\"article\" \/>\n<meta property=\"og:title\" content=\"Szerz\u0151d\u00e9stervezetek, megrendel\u00e9smint\u00e1k elk\u00e9sz\u00edt\u00e9se - Adintrade Kft.\" \/>\n<meta property=\"og:description\" content=\"J\u00f3 r\u00e9szben a szerz\u0151d\u00e9sen m\u00falik az \u00fcgylet k\u00f6nny\u0171, vagy neh\u00e9z lebonyol\u00edthat\u00f3s\u00e1ga, esetleges meghi\u00fasul\u00e1sa is. A komplett k\u00fclkereskedelmi lebonyol\u00edt\u00e1si tev\u00e9kenys\u00e9g\u00fcnk keret\u00e9ben m\u00e1r a szerz\u0151d\u00e9sek el\u0151k\u00e9sz\u00edt\u00e9s\u00e9hez is seg\u00edts\u00e9get ny\u00fajtunk. Az\u00e9rt tessz\u00fck ezt, mert azt tapasztaltuk, hogy hi\u00e1ba \u00e1ll egy k\u00fclkeresked\u0151 c\u00e9g rendelkez\u00e9s\u00e9re minden felt\u00e9tel az \u00fczletk\u00f6t\u00e9shez, hi\u00e1ba tal\u00e1lta meg a megfelel\u0151 \u00fczleti partnert \u00e9s a megfelel\u0151 term\u00e9ket, [&hellip;]\" \/>\n<meta property=\"og:url\" content=\"https:\/\/adintrade.hu\/szerzodestervezetek-megrendelesmintak-elkeszitese\/\" \/>\n<meta property=\"og:site_name\" content=\"Adintrade Kft.\" \/>\n<meta property=\"article:publisher\" content=\"https:\/\/facebook.com\/adintrade\" \/>\n<meta name=\"twitter:card\" content=\"summary_large_image\" \/>\n<meta name=\"twitter:label1\" content=\"Est. reading time\" \/>\n\t<meta name=\"twitter:data1\" content=\"3 minutes\" \/>\n<script type=\"application\/ld+json\" class=\"yoast-schema-graph\">{\"@context\":\"https:\/\/schema.org\",\"@graph\":[{\"@type\":\"WebPage\",\"@id\":\"https:\/\/adintrade.hu\/szerzodestervezetek-megrendelesmintak-elkeszitese\/\",\"url\":\"https:\/\/adintrade.hu\/szerzodestervezetek-megrendelesmintak-elkeszitese\/\",\"name\":\"Szerz\u0151d\u00e9stervezetek, megrendel\u00e9smint\u00e1k elk\u00e9sz\u00edt\u00e9se - Adintrade Kft.\",\"isPartOf\":{\"@id\":\"https:\/\/adintrade.hu\/#website\"},\"datePublished\":\"2017-01-17T19:51:20+00:00\",\"dateModified\":\"2017-01-17T19:51:20+00:00\",\"breadcrumb\":{\"@id\":\"https:\/\/adintrade.hu\/szerzodestervezetek-megrendelesmintak-elkeszitese\/#breadcrumb\"},\"inLanguage\":\"english\",\"potentialAction\":[{\"@type\":\"ReadAction\",\"target\":[\"https:\/\/adintrade.hu\/szerzodestervezetek-megrendelesmintak-elkeszitese\/\"]}]},{\"@type\":\"BreadcrumbList\",\"@id\":\"https:\/\/adintrade.hu\/szerzodestervezetek-megrendelesmintak-elkeszitese\/#breadcrumb\",\"itemListElement\":[{\"@type\":\"ListItem\",\"position\":1,\"name\":\"Home\",\"item\":\"https:\/\/adintrade.hu\/\"},{\"@type\":\"ListItem\",\"position\":2,\"name\":\"Szerz\u0151d\u00e9stervezetek, megrendel\u00e9smint\u00e1k elk\u00e9sz\u00edt\u00e9se\"}]},{\"@type\":\"WebSite\",\"@id\":\"https:\/\/adintrade.hu\/#website\",\"url\":\"https:\/\/adintrade.hu\/\",\"name\":\"Adintrade Kft.\",\"description\":\"Customs and product fee administration\",\"publisher\":{\"@id\":\"https:\/\/adintrade.hu\/#organization\"},\"potentialAction\":[{\"@type\":\"SearchAction\",\"target\":{\"@type\":\"EntryPoint\",\"urlTemplate\":\"https:\/\/adintrade.hu\/?s={search_term_string}\"},\"query-input\":\"required name=search_term_string\"}],\"inLanguage\":\"english\"},{\"@type\":\"Organization\",\"@id\":\"https:\/\/adintrade.hu\/#organization\",\"name\":\"Adintrade Kft.\",\"url\":\"https:\/\/adintrade.hu\/\",\"logo\":{\"@type\":\"ImageObject\",\"inLanguage\":\"english\",\"@id\":\"https:\/\/adintrade.hu\/#\/schema\/logo\/image\/\",\"url\":\"https:\/\/adintrade.hu\/wp-content\/uploads\/2022\/08\/cropped-cropped-adintrade_original.png\",\"contentUrl\":\"https:\/\/adintrade.hu\/wp-content\/uploads\/2022\/08\/cropped-cropped-adintrade_original.png\",\"width\":794,\"height\":247,\"caption\":\"Adintrade Kft.\"},\"image\":{\"@id\":\"https:\/\/adintrade.hu\/#\/schema\/logo\/image\/\"},\"sameAs\":[\"https:\/\/facebook.com\/adintrade\"]}]}<\/script>\n<!-- \/ Yoast SEO plugin. -->","yoast_head_json":{"title":"Szerz\u0151d\u00e9stervezetek, megrendel\u00e9smint\u00e1k elk\u00e9sz\u00edt\u00e9se - Adintrade Kft.","robots":{"index":"index","follow":"follow","max-snippet":"max-snippet:-1","max-image-preview":"max-image-preview:large","max-video-preview":"max-video-preview:-1"},"canonical":"https:\/\/adintrade.hu\/szerzodestervezetek-megrendelesmintak-elkeszitese\/","og_locale":"en_US","og_type":"article","og_title":"Szerz\u0151d\u00e9stervezetek, megrendel\u00e9smint\u00e1k elk\u00e9sz\u00edt\u00e9se - Adintrade Kft.","og_description":"J\u00f3 r\u00e9szben a szerz\u0151d\u00e9sen m\u00falik az \u00fcgylet k\u00f6nny\u0171, vagy neh\u00e9z lebonyol\u00edthat\u00f3s\u00e1ga, esetleges meghi\u00fasul\u00e1sa is. A komplett k\u00fclkereskedelmi lebonyol\u00edt\u00e1si tev\u00e9kenys\u00e9g\u00fcnk keret\u00e9ben m\u00e1r a szerz\u0151d\u00e9sek el\u0151k\u00e9sz\u00edt\u00e9s\u00e9hez is seg\u00edts\u00e9get ny\u00fajtunk. Az\u00e9rt tessz\u00fck ezt, mert azt tapasztaltuk, hogy hi\u00e1ba \u00e1ll egy k\u00fclkeresked\u0151 c\u00e9g rendelkez\u00e9s\u00e9re minden felt\u00e9tel az \u00fczletk\u00f6t\u00e9shez, hi\u00e1ba tal\u00e1lta meg a megfelel\u0151 \u00fczleti partnert \u00e9s a megfelel\u0151 term\u00e9ket, [&hellip;]","og_url":"https:\/\/adintrade.hu\/szerzodestervezetek-megrendelesmintak-elkeszitese\/","og_site_name":"Adintrade Kft.","article_publisher":"https:\/\/facebook.com\/adintrade","twitter_card":"summary_large_image","twitter_misc":{"Est. reading time":"3 minutes"},"schema":{"@context":"https:\/\/schema.org","@graph":[{"@type":"WebPage","@id":"https:\/\/adintrade.hu\/szerzodestervezetek-megrendelesmintak-elkeszitese\/","url":"https:\/\/adintrade.hu\/szerzodestervezetek-megrendelesmintak-elkeszitese\/","name":"Szerz\u0151d\u00e9stervezetek, megrendel\u00e9smint\u00e1k elk\u00e9sz\u00edt\u00e9se - Adintrade Kft.","isPartOf":{"@id":"https:\/\/adintrade.hu\/#website"},"datePublished":"2017-01-17T19:51:20+00:00","dateModified":"2017-01-17T19:51:20+00:00","breadcrumb":{"@id":"https:\/\/adintrade.hu\/szerzodestervezetek-megrendelesmintak-elkeszitese\/#breadcrumb"},"inLanguage":"english","potentialAction":[{"@type":"ReadAction","target":["https:\/\/adintrade.hu\/szerzodestervezetek-megrendelesmintak-elkeszitese\/"]}]},{"@type":"BreadcrumbList","@id":"https:\/\/adintrade.hu\/szerzodestervezetek-megrendelesmintak-elkeszitese\/#breadcrumb","itemListElement":[{"@type":"ListItem","position":1,"name":"Home","item":"https:\/\/adintrade.hu\/"},{"@type":"ListItem","position":2,"name":"Szerz\u0151d\u00e9stervezetek, megrendel\u00e9smint\u00e1k elk\u00e9sz\u00edt\u00e9se"}]},{"@type":"WebSite","@id":"https:\/\/adintrade.hu\/#website","url":"https:\/\/adintrade.hu\/","name":"Adintrade Kft.","description":"Customs and product fee administration","publisher":{"@id":"https:\/\/adintrade.hu\/#organization"},"potentialAction":[{"@type":"SearchAction","target":{"@type":"EntryPoint","urlTemplate":"https:\/\/adintrade.hu\/?s={search_term_string}"},"query-input":"required name=search_term_string"}],"inLanguage":"english"},{"@type":"Organization","@id":"https:\/\/adintrade.hu\/#organization","name":"Adintrade Kft.","url":"https:\/\/adintrade.hu\/","logo":{"@type":"ImageObject","inLanguage":"english","@id":"https:\/\/adintrade.hu\/#\/schema\/logo\/image\/","url":"https:\/\/adintrade.hu\/wp-content\/uploads\/2022\/08\/cropped-cropped-adintrade_original.png","contentUrl":"https:\/\/adintrade.hu\/wp-content\/uploads\/2022\/08\/cropped-cropped-adintrade_original.png","width":794,"height":247,"caption":"Adintrade Kft."},"image":{"@id":"https:\/\/adintrade.hu\/#\/schema\/logo\/image\/"},"sameAs":["https:\/\/facebook.com\/adintrade"]}]}},"_links":{"self":[{"href":"https:\/\/adintrade.hu\/en\/wp-json\/wp\/v2\/pages\/456"}],"collection":[{"href":"https:\/\/adintrade.hu\/en\/wp-json\/wp\/v2\/pages"}],"about":[{"href":"https:\/\/adintrade.hu\/en\/wp-json\/wp\/v2\/types\/page"}],"author":[{"embeddable":true,"href":"https:\/\/adintrade.hu\/en\/wp-json\/wp\/v2\/users\/1"}],"replies":[{"embeddable":true,"href":"https:\/\/adintrade.hu\/en\/wp-json\/wp\/v2\/comments?post=456"}],"version-history":[{"count":0,"href":"https:\/\/adintrade.hu\/en\/wp-json\/wp\/v2\/pages\/456\/revisions"}],"wp:attachment":[{"href":"https:\/\/adintrade.hu\/en\/wp-json\/wp\/v2\/media?parent=456"}],"curies":[{"name":"wp","href":"https:\/\/api.w.org\/{rel}","templated":true}]}}