{"id":459,"date":"2017-01-17T21:52:25","date_gmt":"2017-01-17T19:52:25","guid":{"rendered":"http:\/\/adintrade.hu\/?page_id=459"},"modified":"2017-01-17T21:52:25","modified_gmt":"2017-01-17T19:52:25","slug":"","status":"publish","type":"page","link":"https:\/\/adintrade.hu\/en\/kulkereskedelmi-berbonyolitas\/","title":{"rendered":"","raw":""},"content":{"rendered":"","protected":false,"raw":""},"excerpt":{"rendered":"","protected":false,"raw":""},"author":1,"featured_media":0,"parent":0,"menu_order":0,"comment_status":"closed","ping_status":"closed","template":"","meta":{"inline_featured_image":false,"_hu_post_content":"<!-- wp:paragraph -->\n<p><b><span data-scayt_word=\"\u00dagy\" data-scaytid=\"1\">\u00dagy<\/span> <span data-scayt_word=\"m\u0171k\u00f6d\u00fcnk\" data-scaytid=\"2\">m\u0171k\u00f6d\u00fcnk<\/span>, <span data-scayt_word=\"mintha\" data-scaytid=\"4\">mintha<\/span> mi <span data-scayt_word=\"lenn\u00e9nk\" data-scaytid=\"6\">lenn\u00e9nk<\/span> <span data-scayt_word=\"partnereink\" data-scaytid=\"8\">partnereink<\/span> <span data-scayt_word=\"k\u00fclkereskedelmi\" data-scaytid=\"9\">k\u00fclkereskedelmi<\/span> <span data-scayt_word=\"oszt\u00e1lya\" data-scaytid=\"17\">oszt\u00e1lya<\/span>.<\/b><\/p>\n<!-- \/wp:paragraph -->\n\n<!-- wp:paragraph -->\n<p>Ma <span data-scayt_word=\"Magyarorsz\u00e1gon\" data-scaytid=\"18\">Magyarorsz\u00e1gon<\/span> a <span data-scayt_word=\"k\u00fclkereskedelmi\" data-scaytid=\"10\">k\u00fclkereskedelmi<\/span> <span data-scayt_word=\"szakv\u00e1llalatok\" data-scaytid=\"19\">szakv\u00e1llalatok<\/span> <span data-scayt_word=\"\u00e1ltal\u00e1ban\" data-scaytid=\"20\">\u00e1ltal\u00e1ban<\/span><\/p>\n<!-- \/wp:paragraph -->\n\n<!-- wp:list -->\n<ul><li><span data-scayt_word=\"vagy\" data-scaytid=\"21\">vagy<\/span> <span data-scayt_word=\"saj\u00e1t\" data-scaytid=\"24\">saj\u00e1t<\/span> <span data-scayt_word=\"term\u00e9keikkel\" data-scaytid=\"26\">term\u00e9keikkel<\/span> <span data-scayt_word=\"k\u00fclkereskednek\" data-scaytid=\"27\">k\u00fclkereskednek<\/span>,<\/li><li><span data-scayt_word=\"vagy\" data-scaytid=\"22\">vagy<\/span> <span data-scayt_word=\"jutal\u00e9k\" data-scaytid=\"28\">jutal\u00e9k<\/span> <span data-scayt_word=\"ellen\u00e9ben\" data-scaytid=\"29\">ellen\u00e9ben<\/span> <span data-scayt_word=\"bizom\u00e1nyosi\" data-scaytid=\"30\">bizom\u00e1nyosi<\/span> export-import <span data-scayt_word=\"tev\u00e9kenys\u00e9get\" data-scaytid=\"31\">tev\u00e9kenys\u00e9get<\/span> <span data-scayt_word=\"folytatnak\" data-scaytid=\"32\">folytatnak<\/span>.<\/li><\/ul>\n<!-- \/wp:list -->\n\n<!-- wp:paragraph -->\n<p><b>MI <span data-scayt_word=\"EGY\" data-scaytid=\"33\">EGY<\/span> <span data-scayt_word=\"M\u00c1SIK\" data-scaytid=\"34\">M\u00c1SIK<\/span> <span data-scayt_word=\"UTAT\" data-scaytid=\"35\">UTAT<\/span> <span data-scayt_word=\"K\u00d6VET\u00dcNK\" data-scaytid=\"36\">K\u00d6VET\u00dcNK<\/span><\/b>, <span data-scayt_word=\"minthogy\" data-scaytid=\"37\">minthogy<\/span><\/p>\n<!-- \/wp:paragraph -->\n\n<!-- wp:list -->\n<ul><li><b><span data-scayt_word=\"alv\u00e1llalkoz\u00f3i\" data-scaytid=\"38\">alv\u00e1llalkoz\u00f3i<\/span> <span data-scayt_word=\"szerz\u0151d\u00e9s\" data-scaytid=\"39\">szerz\u0151d\u00e9s<\/span><\/b> <span data-scayt_word=\"keret\u00e9ben\" data-scaytid=\"42\">keret\u00e9ben<\/span><\/li><li><b><span data-scayt_word=\"megb\u00edz\u00f3ink\" data-scaytid=\"43\">megb\u00edz\u00f3ink<\/span> <span data-scayt_word=\"nev\u00e9ben\" data-scaytid=\"46\">nev\u00e9ben<\/span><\/b>,<\/li><li><span data-scayt_word=\"megb\u00edz\u00f3ink\" data-scaytid=\"44\">megb\u00edz\u00f3ink<\/span> <span data-scayt_word=\"szervezeti\" data-scaytid=\"47\">szervezeti<\/span> <span data-scayt_word=\"rendszer\u00e9vel\" data-scaytid=\"49\">rendszer\u00e9vel<\/span> <b><span data-scayt_word=\"szorosan\" data-scaytid=\"50\">szorosan<\/span> <span data-scayt_word=\"egy\u00fcttm\u0171k\u00f6dve\" data-scaytid=\"51\">egy\u00fcttm\u0171k\u00f6dve<\/span><\/b><\/li><\/ul>\n<!-- \/wp:list -->\n\n<!-- wp:paragraph -->\n<p><span data-scayt_word=\"v\u00e9gz\u00fcnk\" data-scaytid=\"52\">v\u00e9gz\u00fcnk<\/span> <b><span data-scayt_word=\"k\u00fclkereskedelmi\" data-scaytid=\"11\">k\u00fclkereskedelmi<\/span> <span data-scayt_word=\"b\u00e9rbonyol\u00edt\u00e1st\" data-scaytid=\"53\">b\u00e9rbonyol\u00edt\u00e1st<\/span><\/b>.<\/p>\n<!-- \/wp:paragraph -->\n\n<!-- wp:paragraph -->\n<p><b><span data-scayt_word=\"MI\u00c9RT\" data-scaytid=\"54\">MI\u00c9RT<\/span> <span data-scayt_word=\"EL\u0150NY\u00d6S\" data-scaytid=\"55\">EL\u0150NY\u00d6S<\/span> <span data-scayt_word=\"EZ\" data-scaytid=\"56\">EZ<\/span> AZ <span data-scayt_word=\"\u00dcGYFELEINKNEK\" data-scaytid=\"57\">\u00dcGYFELEINKNEK<\/span>? <\/b><\/p>\n<!-- \/wp:paragraph -->\n\n<!-- wp:list -->\n<ul><li><span data-scayt_word=\"Az\u00e9rt\" data-scaytid=\"58\">Az\u00e9rt<\/span>, <span data-scayt_word=\"mert\" data-scaytid=\"62\">mert<\/span> <span data-scayt_word=\"\u00fagy\" data-scaytid=\"66\">\u00fagy<\/span> <span data-scayt_word=\"m\u0171k\u00f6d\u00fcnk\" data-scaytid=\"3\">m\u0171k\u00f6d\u00fcnk<\/span>, <b><span data-scayt_word=\"mintha\" data-scaytid=\"5\">mintha<\/span> mi <span data-scayt_word=\"lenn\u00e9nk\" data-scaytid=\"7\">lenn\u00e9nk<\/span> <span data-scayt_word=\"az\" data-scaytid=\"68\">az<\/span> \u0151 <span data-scayt_word=\"k\u00fclkereskedelmi\" data-scaytid=\"12\">k\u00fclkereskedelmi<\/span> <span data-scayt_word=\"oszt\u00e1lyuk\" data-scaytid=\"72\">oszt\u00e1lyuk<\/span>\/<span data-scayt_word=\"r\u00e9szleg\u00fck\" data-scaytid=\"73\">r\u00e9szleg\u00fck<\/span><\/b>. <span data-scayt_word=\"Az\u00e9rt\" data-scaytid=\"59\">Az\u00e9rt<\/span>, <span data-scayt_word=\"mert\" data-scaytid=\"63\">mert<\/span> <span data-scayt_word=\"nagyon\" data-scaytid=\"74\">nagyon<\/span> <span data-scayt_word=\"k\u00e9nyelmes\" data-scaytid=\"75\">k\u00e9nyelmes<\/span> <span data-scayt_word=\"nekik\" data-scaytid=\"76\">nekik<\/span>, <span data-scayt_word=\"hogy\" data-scaytid=\"77\">hogy<\/span> <span data-scayt_word=\"egy\" data-scaytid=\"82\">egy<\/span> (<span data-scayt_word=\"szak\u00e9rt\u0151\" data-scaytid=\"84\">szak\u00e9rt\u0151<\/span>) <span data-scayt_word=\"k\u00e9zben\" data-scaytid=\"85\">k\u00e9zben<\/span> <span data-scayt_word=\"tudhatj\u00e1k\" data-scaytid=\"86\">tudhatj\u00e1k<\/span> a <span data-scayt_word=\"teljes\" data-scaytid=\"87\">teljes<\/span> <span data-scayt_word=\"k\u00fclkereskedelmi\" data-scaytid=\"13\">k\u00fclkereskedelmi<\/span> <span data-scayt_word=\"lebonyol\u00edt\u00e1sukat\" data-scaytid=\"88\">lebonyol\u00edt\u00e1sukat<\/span> (<span data-scayt_word=\"k\u00fclkereskedelmi\" data-scaytid=\"14\">k\u00fclkereskedelmi<\/span> <span data-scayt_word=\"szempontb\u00f3l\" data-scaytid=\"89\">szempontb\u00f3l<\/span> \"<span data-scayt_word=\"nyugodtan\" data-scaytid=\"90\">nyugodtan<\/span> <span data-scayt_word=\"alhatnak\" data-scaytid=\"91\">alhatnak<\/span>\").<\/li><li><span data-scayt_word=\"Az\u00e9rt\" data-scaytid=\"60\">Az\u00e9rt<\/span>, <span data-scayt_word=\"mert\" data-scaytid=\"64\">mert<\/span> <span data-scayt_word=\"nem\" data-scaytid=\"92\">nem<\/span> <span data-scayt_word=\"mer\u00fclhet\" data-scaytid=\"93\">mer\u00fclhet<\/span> <span data-scayt_word=\"fel\" data-scaytid=\"94\">fel<\/span> a <span data-scayt_word=\"bels\u0151\" data-scaytid=\"96\">bels\u0151<\/span> <span data-scayt_word=\"szervezeti\" data-scaytid=\"48\">szervezeti<\/span> <span data-scayt_word=\"rendszerben\" data-scaytid=\"98\">rendszerben<\/span> <b><span data-scayt_word=\"sem\" data-scaytid=\"99\">sem<\/span> <span data-scayt_word=\"hossz\u00fa\" data-scaytid=\"102\">hossz\u00fa<\/span> <span data-scayt_word=\"bels\u0151\" data-scaytid=\"97\">bels\u0151<\/span> <span data-scayt_word=\"\u00fcgyint\u00e9z\u00e9si\" data-scaytid=\"104\">\u00fcgyint\u00e9z\u00e9si<\/span> <span data-scayt_word=\"id\u0151\" data-scaytid=\"105\">id\u0151<\/span>, <span data-scayt_word=\"sem\" data-scaytid=\"100\">sem<\/span> <span data-scayt_word=\"keresztbeszervez\u00e9s\" data-scaytid=\"106\">keresztbeszervez\u00e9s<\/span>, <span data-scayt_word=\"sem\" data-scaytid=\"101\">sem<\/span> <span data-scayt_word=\"inform\u00e1ci\u00f3hi\u00e1ny\" data-scaytid=\"107\">inform\u00e1ci\u00f3hi\u00e1ny<\/span><\/b> (<span data-scayt_word=\"pl\" data-scaytid=\"108\">pl<\/span>. <span data-scayt_word=\"az\" data-scaytid=\"69\">az<\/span>, <span data-scayt_word=\"hogy\" data-scaytid=\"78\">hogy<\/span> <span data-scayt_word=\"akkor\" data-scaytid=\"109\">akkor<\/span> <span data-scayt_word=\"der\u00fcl\" data-scaytid=\"110\">der\u00fcl<\/span> <span data-scayt_word=\"ki\" data-scaytid=\"111\">ki<\/span>, <span data-scayt_word=\"hogy\" data-scaytid=\"79\">hogy<\/span> <span data-scayt_word=\"nincs\" data-scaytid=\"112\">nincs<\/span> <span data-scayt_word=\"importenged\u00e9ly\" data-scaytid=\"113\">importenged\u00e9ly<\/span>, <span data-scayt_word=\"amikor\" data-scaytid=\"114\">amikor<\/span> <span data-scayt_word=\"m\u00e1r\" data-scaytid=\"115\">m\u00e1r<\/span> <span data-scayt_word=\"meg\u00e9rkezett\" data-scaytid=\"116\">meg\u00e9rkezett<\/span> <span data-scayt_word=\"az\" data-scaytid=\"70\">az<\/span> <span data-scayt_word=\"\u00e1ru\" data-scaytid=\"117\">\u00e1ru<\/span>).<\/li><li><span data-scayt_word=\"Az\u00e9rt\" data-scaytid=\"61\">Az\u00e9rt<\/span>, <span data-scayt_word=\"mert\" data-scaytid=\"65\">mert<\/span> a <span data-scayt_word=\"c\u00e9geink\" data-scaytid=\"118\">c\u00e9geink<\/span> k\u00f6z\u00f6tti kapcsolatot m\u00e9g k\u00f6zvetlenebb\u00e9 teszi a n\u00e1lunk m\u0171k\u00f6d\u0151 \u00fan. <b>egyszem\u00e9lyes t\u00e9ma-menedzseri rendszer<\/b>.<\/li><\/ul>\n<!-- \/wp:list -->\n\n<!-- wp:paragraph -->\n<p>Ez ut\u00f3bbi rendszer <span data-scayt_word=\"\u00fagy\" data-scaytid=\"67\">\u00fagy<\/span> m\u0171k\u00f6dik, <span data-scayt_word=\"hogy\" data-scaytid=\"80\">hogy<\/span> minden partnerc\u00e9g\u00fcnk \u00fcgyletei\u00e9rt <b>egy-egy kijel\u00f6lt munkat\u00e1rsunk<\/b> v\u00e1llal <span data-scayt_word=\"hossz\u00fa\" data-scaytid=\"103\">hossz\u00fa<\/span> t\u00e1v\u00fa, szem\u00e9lyes felel\u0151ss\u00e9get (betegs\u00e9g, szabads\u00e1g stb. eset\u00e9re <span data-scayt_word=\"egy\" data-scaytid=\"83\">egy<\/span> ugyancsak el\u0151re kijel\u00f6lt m\u00e1sik munkat\u00e1rsunk \u00e1ll k\u00e9szenl\u00e9tben). \u00dcgyfeleink teh\u00e1t minden <span data-scayt_word=\"k\u00fclkereskedelmi\" data-scaytid=\"15\">k\u00fclkereskedelmi<\/span> gondjukkal, k\u00e9r\u00e9s\u00fckkel k\u00f6zvetlen\u00fcl fordulhatnak <span data-scayt_word=\"az\" data-scaytid=\"71\">az<\/span> \u0151ket r\u00e9g\u00f3ta j\u00f3l ismer\u0151 menedzserhez.<\/p>\n<!-- \/wp:paragraph -->\n\n<!-- wp:paragraph -->\n<p>Minthogy e rendszer \u00f6tv\u00f6zi<\/p>\n<!-- \/wp:paragraph -->\n\n<!-- wp:list -->\n<ul><li>a <b>c\u00e9ggel<\/b> k\u00f6thet\u0151 lebonyol\u00edt\u00e1si <span data-scayt_word=\"szerz\u0151d\u00e9s\" data-scaytid=\"40\">szerz\u0151d\u00e9s<\/span> \u00e9s<\/li><li>a <b>mag\u00e1nszem\u00e9llyel<\/b> k\u00f6thet\u0151 munkaszerz\u0151d\u00e9s<\/li><\/ul>\n<!-- \/wp:list -->\n\n<!-- wp:paragraph -->\n<p>el\u0151nyeit, ez\u00e1ltal a vel\u00fcnk k\u00f6thet\u0151 <span data-scayt_word=\"szerz\u0151d\u00e9s\" data-scaytid=\"41\">szerz\u0151d\u00e9s<\/span> sz\u00fcks\u00e9gtelenn\u00e9 teheti, <span data-scayt_word=\"hogy\" data-scaytid=\"81\">hogy<\/span> <span data-scayt_word=\"megb\u00edz\u00f3ink\" data-scaytid=\"45\">megb\u00edz\u00f3ink<\/span> <span data-scayt_word=\"saj\u00e1t\" data-scaytid=\"25\">saj\u00e1t<\/span> <span data-scayt_word=\"k\u00fclkereskedelmi\" data-scaytid=\"16\">k\u00fclkereskedelmi<\/span> \u00e9s\/<span data-scayt_word=\"vagy\" data-scaytid=\"23\">vagy<\/span> v\u00e1mappar\u00e1tust \u00e1ll\u00edtsanak <span data-scayt_word=\"fel\" data-scaytid=\"95\">fel<\/span>: <b>outsourcing<\/b>!.<\/p>\n<!-- \/wp:paragraph -->","_hu_post_name":"kulkereskedelmi-berbonyolitas","_hu_post_excerpt":"","_hu_post_title":"K\u00fclkereskedelmi b\u00e9rbonyol\u00edt\u00e1s","_en_post_content":"","_en_post_name":"","_en_post_excerpt":"","_en_post_title":"","edit_language":"en","footnotes":""},"yoast_head":"<!-- This site is optimized with the Yoast SEO plugin v21.7 - https:\/\/yoast.com\/wordpress\/plugins\/seo\/ -->\n<title>K\u00fclkereskedelmi b\u00e9rbonyol\u00edt\u00e1s - Adintrade Kft.<\/title>\n<meta name=\"robots\" content=\"index, follow, max-snippet:-1, max-image-preview:large, max-video-preview:-1\" \/>\n<link rel=\"canonical\" href=\"https:\/\/adintrade.hu\/kulkereskedelmi-berbonyolitas\/\" \/>\n<meta property=\"og:locale\" content=\"en_US\" \/>\n<meta property=\"og:type\" content=\"article\" \/>\n<meta property=\"og:title\" content=\"K\u00fclkereskedelmi b\u00e9rbonyol\u00edt\u00e1s - Adintrade Kft.\" \/>\n<meta property=\"og:description\" content=\"\u00dagy m\u0171k\u00f6d\u00fcnk, mintha mi lenn\u00e9nk partnereink k\u00fclkereskedelmi oszt\u00e1lya. Ma Magyarorsz\u00e1gon a k\u00fclkereskedelmi szakv\u00e1llalatok \u00e1ltal\u00e1ban vagy saj\u00e1t term\u00e9keikkel k\u00fclkereskednek, vagy jutal\u00e9k ellen\u00e9ben bizom\u00e1nyosi export-import tev\u00e9kenys\u00e9get folytatnak. MI EGY M\u00c1SIK UTAT K\u00d6VET\u00dcNK, minthogy alv\u00e1llalkoz\u00f3i szerz\u0151d\u00e9s keret\u00e9ben megb\u00edz\u00f3ink nev\u00e9ben, megb\u00edz\u00f3ink szervezeti rendszer\u00e9vel szorosan egy\u00fcttm\u0171k\u00f6dve v\u00e9gz\u00fcnk k\u00fclkereskedelmi b\u00e9rbonyol\u00edt\u00e1st. MI\u00c9RT EL\u0150NY\u00d6S EZ AZ \u00dcGYFELEINKNEK? Az\u00e9rt, mert \u00fagy m\u0171k\u00f6d\u00fcnk, mintha mi [&hellip;]\" \/>\n<meta property=\"og:url\" content=\"https:\/\/adintrade.hu\/kulkereskedelmi-berbonyolitas\/\" \/>\n<meta property=\"og:site_name\" content=\"Adintrade Kft.\" \/>\n<meta property=\"article:publisher\" content=\"https:\/\/facebook.com\/adintrade\" \/>\n<meta name=\"twitter:card\" content=\"summary_large_image\" \/>\n<meta name=\"twitter:label1\" content=\"Est. reading time\" \/>\n\t<meta name=\"twitter:data1\" content=\"2 minutes\" \/>\n<script type=\"application\/ld+json\" class=\"yoast-schema-graph\">{\"@context\":\"https:\/\/schema.org\",\"@graph\":[{\"@type\":\"WebPage\",\"@id\":\"https:\/\/adintrade.hu\/kulkereskedelmi-berbonyolitas\/\",\"url\":\"https:\/\/adintrade.hu\/kulkereskedelmi-berbonyolitas\/\",\"name\":\"K\u00fclkereskedelmi b\u00e9rbonyol\u00edt\u00e1s - Adintrade Kft.\",\"isPartOf\":{\"@id\":\"https:\/\/adintrade.hu\/#website\"},\"datePublished\":\"2017-01-17T19:52:25+00:00\",\"dateModified\":\"2017-01-17T19:52:25+00:00\",\"breadcrumb\":{\"@id\":\"https:\/\/adintrade.hu\/kulkereskedelmi-berbonyolitas\/#breadcrumb\"},\"inLanguage\":\"english\",\"potentialAction\":[{\"@type\":\"ReadAction\",\"target\":[\"https:\/\/adintrade.hu\/kulkereskedelmi-berbonyolitas\/\"]}]},{\"@type\":\"BreadcrumbList\",\"@id\":\"https:\/\/adintrade.hu\/kulkereskedelmi-berbonyolitas\/#breadcrumb\",\"itemListElement\":[{\"@type\":\"ListItem\",\"position\":1,\"name\":\"Home\",\"item\":\"https:\/\/adintrade.hu\/\"},{\"@type\":\"ListItem\",\"position\":2,\"name\":\"K\u00fclkereskedelmi b\u00e9rbonyol\u00edt\u00e1s\"}]},{\"@type\":\"WebSite\",\"@id\":\"https:\/\/adintrade.hu\/#website\",\"url\":\"https:\/\/adintrade.hu\/\",\"name\":\"Adintrade Kft.\",\"description\":\"Customs and product fee administration\",\"publisher\":{\"@id\":\"https:\/\/adintrade.hu\/#organization\"},\"potentialAction\":[{\"@type\":\"SearchAction\",\"target\":{\"@type\":\"EntryPoint\",\"urlTemplate\":\"https:\/\/adintrade.hu\/?s={search_term_string}\"},\"query-input\":\"required name=search_term_string\"}],\"inLanguage\":\"english\"},{\"@type\":\"Organization\",\"@id\":\"https:\/\/adintrade.hu\/#organization\",\"name\":\"Adintrade Kft.\",\"url\":\"https:\/\/adintrade.hu\/\",\"logo\":{\"@type\":\"ImageObject\",\"inLanguage\":\"english\",\"@id\":\"https:\/\/adintrade.hu\/#\/schema\/logo\/image\/\",\"url\":\"https:\/\/adintrade.hu\/wp-content\/uploads\/2022\/08\/cropped-cropped-adintrade_original.png\",\"contentUrl\":\"https:\/\/adintrade.hu\/wp-content\/uploads\/2022\/08\/cropped-cropped-adintrade_original.png\",\"width\":794,\"height\":247,\"caption\":\"Adintrade Kft.\"},\"image\":{\"@id\":\"https:\/\/adintrade.hu\/#\/schema\/logo\/image\/\"},\"sameAs\":[\"https:\/\/facebook.com\/adintrade\"]}]}<\/script>\n<!-- \/ Yoast SEO plugin. -->","yoast_head_json":{"title":"K\u00fclkereskedelmi b\u00e9rbonyol\u00edt\u00e1s - Adintrade Kft.","robots":{"index":"index","follow":"follow","max-snippet":"max-snippet:-1","max-image-preview":"max-image-preview:large","max-video-preview":"max-video-preview:-1"},"canonical":"https:\/\/adintrade.hu\/kulkereskedelmi-berbonyolitas\/","og_locale":"en_US","og_type":"article","og_title":"K\u00fclkereskedelmi b\u00e9rbonyol\u00edt\u00e1s - Adintrade Kft.","og_description":"\u00dagy m\u0171k\u00f6d\u00fcnk, mintha mi lenn\u00e9nk partnereink k\u00fclkereskedelmi oszt\u00e1lya. Ma Magyarorsz\u00e1gon a k\u00fclkereskedelmi szakv\u00e1llalatok \u00e1ltal\u00e1ban vagy saj\u00e1t term\u00e9keikkel k\u00fclkereskednek, vagy jutal\u00e9k ellen\u00e9ben bizom\u00e1nyosi export-import tev\u00e9kenys\u00e9get folytatnak. MI EGY M\u00c1SIK UTAT K\u00d6VET\u00dcNK, minthogy alv\u00e1llalkoz\u00f3i szerz\u0151d\u00e9s keret\u00e9ben megb\u00edz\u00f3ink nev\u00e9ben, megb\u00edz\u00f3ink szervezeti rendszer\u00e9vel szorosan egy\u00fcttm\u0171k\u00f6dve v\u00e9gz\u00fcnk k\u00fclkereskedelmi b\u00e9rbonyol\u00edt\u00e1st. MI\u00c9RT EL\u0150NY\u00d6S EZ AZ \u00dcGYFELEINKNEK? Az\u00e9rt, mert \u00fagy m\u0171k\u00f6d\u00fcnk, mintha mi [&hellip;]","og_url":"https:\/\/adintrade.hu\/kulkereskedelmi-berbonyolitas\/","og_site_name":"Adintrade Kft.","article_publisher":"https:\/\/facebook.com\/adintrade","twitter_card":"summary_large_image","twitter_misc":{"Est. reading time":"2 minutes"},"schema":{"@context":"https:\/\/schema.org","@graph":[{"@type":"WebPage","@id":"https:\/\/adintrade.hu\/kulkereskedelmi-berbonyolitas\/","url":"https:\/\/adintrade.hu\/kulkereskedelmi-berbonyolitas\/","name":"K\u00fclkereskedelmi b\u00e9rbonyol\u00edt\u00e1s - Adintrade Kft.","isPartOf":{"@id":"https:\/\/adintrade.hu\/#website"},"datePublished":"2017-01-17T19:52:25+00:00","dateModified":"2017-01-17T19:52:25+00:00","breadcrumb":{"@id":"https:\/\/adintrade.hu\/kulkereskedelmi-berbonyolitas\/#breadcrumb"},"inLanguage":"english","potentialAction":[{"@type":"ReadAction","target":["https:\/\/adintrade.hu\/kulkereskedelmi-berbonyolitas\/"]}]},{"@type":"BreadcrumbList","@id":"https:\/\/adintrade.hu\/kulkereskedelmi-berbonyolitas\/#breadcrumb","itemListElement":[{"@type":"ListItem","position":1,"name":"Home","item":"https:\/\/adintrade.hu\/"},{"@type":"ListItem","position":2,"name":"K\u00fclkereskedelmi b\u00e9rbonyol\u00edt\u00e1s"}]},{"@type":"WebSite","@id":"https:\/\/adintrade.hu\/#website","url":"https:\/\/adintrade.hu\/","name":"Adintrade Kft.","description":"Customs and product fee administration","publisher":{"@id":"https:\/\/adintrade.hu\/#organization"},"potentialAction":[{"@type":"SearchAction","target":{"@type":"EntryPoint","urlTemplate":"https:\/\/adintrade.hu\/?s={search_term_string}"},"query-input":"required name=search_term_string"}],"inLanguage":"english"},{"@type":"Organization","@id":"https:\/\/adintrade.hu\/#organization","name":"Adintrade Kft.","url":"https:\/\/adintrade.hu\/","logo":{"@type":"ImageObject","inLanguage":"english","@id":"https:\/\/adintrade.hu\/#\/schema\/logo\/image\/","url":"https:\/\/adintrade.hu\/wp-content\/uploads\/2022\/08\/cropped-cropped-adintrade_original.png","contentUrl":"https:\/\/adintrade.hu\/wp-content\/uploads\/2022\/08\/cropped-cropped-adintrade_original.png","width":794,"height":247,"caption":"Adintrade Kft."},"image":{"@id":"https:\/\/adintrade.hu\/#\/schema\/logo\/image\/"},"sameAs":["https:\/\/facebook.com\/adintrade"]}]}},"_links":{"self":[{"href":"https:\/\/adintrade.hu\/en\/wp-json\/wp\/v2\/pages\/459"}],"collection":[{"href":"https:\/\/adintrade.hu\/en\/wp-json\/wp\/v2\/pages"}],"about":[{"href":"https:\/\/adintrade.hu\/en\/wp-json\/wp\/v2\/types\/page"}],"author":[{"embeddable":true,"href":"https:\/\/adintrade.hu\/en\/wp-json\/wp\/v2\/users\/1"}],"replies":[{"embeddable":true,"href":"https:\/\/adintrade.hu\/en\/wp-json\/wp\/v2\/comments?post=459"}],"version-history":[{"count":0,"href":"https:\/\/adintrade.hu\/en\/wp-json\/wp\/v2\/pages\/459\/revisions"}],"wp:attachment":[{"href":"https:\/\/adintrade.hu\/en\/wp-json\/wp\/v2\/media?parent=459"}],"curies":[{"name":"wp","href":"https:\/\/api.w.org\/{rel}","templated":true}]}}