{"id":462,"date":"2017-01-17T21:53:19","date_gmt":"2017-01-17T19:53:19","guid":{"rendered":"http:\/\/adintrade.hu\/?page_id=462"},"modified":"2017-01-17T21:53:19","modified_gmt":"2017-01-17T19:53:19","slug":"","status":"publish","type":"page","link":"https:\/\/adintrade.hu\/en\/kulkereskedelmi-szamlak-szarmazasi-bizonyitvanyok-es-egyeb-kulkereskedelmi-okmanyok-kiallitasa\/","title":{"rendered":"","raw":""},"content":{"rendered":"","protected":false,"raw":""},"excerpt":{"rendered":"","protected":false,"raw":""},"author":1,"featured_media":0,"parent":0,"menu_order":0,"comment_status":"closed","ping_status":"closed","template":"","meta":{"inline_featured_image":false,"_hu_post_content":"<!-- wp:paragraph -->\n<p><b>Magunkra v\u00e1llalunk minden pap\u00edrmunk\u00e1t.<\/b><\/p>\n<!-- \/wp:paragraph -->\n\n<!-- wp:paragraph -->\n<p>\u00dcgyfeleink adminisztr\u00e1ci\u00f3s terheit jelent\u0151sen cs\u00f6kkentj\u00fck az\u00e1ltal, hogy magunkra v\u00e1llalunk minden k\u00fclkereskedelemmel kapcsolatos pap\u00edrmunk\u00e1t, \u00edgy a k\u00fcl\u00f6nf\u00e9le<\/p>\n<!-- \/wp:paragraph -->\n\n<!-- wp:list -->\n<ul><li>k\u00fclkereskedelmi okm\u00e1nyok,<\/li><li>sz\u00e1ml\u00e1k,<\/li><li>sz\u00e1rmaz\u00e1si bizony\u00edtv\u00e1nyok stb.<\/li><\/ul>\n<!-- \/wp:list -->\n\n<!-- wp:paragraph -->\n<p>ki\u00e1ll\u00edt\u00e1s\u00e1t is.<\/p>\n<!-- \/wp:paragraph -->\n\n<!-- wp:paragraph -->\n<p>A k\u00fclkereskedelmi <b>okm\u00e1nyok szakszer\u0171 \u00e9s pontos kit\u00f6lt\u00e9s\u00e9nek<\/b> jelent\u0151s\u00e9g\u00e9t az adja, hogy<\/p>\n<!-- \/wp:paragraph -->\n\n<!-- wp:list -->\n<ul><li>a hi\u00e1nyoss\u00e1got tapasztal\u00f3 v\u00e1mszerveknek <b>\"\u00e1rumeg\u00e1ll\u00edt\u00f3\" joguk<\/b> van, m\u00edg<\/li><li>a t\u00f6bbi hat\u00f3s\u00e1g <b>ut\u00f3lagos ellen\u0151rz\u00e9seket<\/b> v\u00e9gez.<\/li><\/ul>\n<!-- \/wp:list -->\n\n<!-- wp:paragraph -->\n<p>A <b>megfelel\u0151 sz\u00e1rmaz\u00e1sigazol\u00e1s<\/b> birtok\u00e1ban nem kell att\u00f3l tartani, hogy a v\u00e1mszervek az indokoltn\u00e1l \u00e9s az el\u0151re sz\u00e1m\u00edtottn\u00e1l (ehhez sz\u00fcks\u00e9ges az \u00fan. sz\u00e1rmaz\u00e1si szab\u00e1lyok ismerete) nagyobb v\u00e1mterhet r\u00f3nak majd ki.<\/p>\n<!-- \/wp:paragraph -->\n\n<!-- wp:paragraph -->\n<p>A ki\u00e1ll\u00edtott okm\u00e1nyokkal, sz\u00e1ml\u00e1kkal, b\u00e1rmilyen egy\u00e9b \u00fcgyint\u00e9z\u00e9ssel kapcsolatban k\u00e9r\u00e9s\u00fckre mindig <b>mi keress\u00fck fel irod\u00e1j\u00e1ban az \u00fcgyfel\u00fcnket<\/b>. Ezt az \u00fcgyf\u00e9lbar\u00e1t, <b>h\u00e1zt\u00f3l-h\u00e1zig<\/b> szolg\u00e1ltat\u00e1sunkat nagyon kedvelik \u00fcgyfeleink, hiszen \u00edgy<\/p>\n<!-- \/wp:paragraph -->\n\n<!-- wp:list -->\n<ul><li>nem csup\u00e1n <b>hasznos<\/b>, de<\/li><li><b>k\u00e9nyelmes<\/b> is<\/li><\/ul>\n<!-- \/wp:list -->\n\n<!-- wp:paragraph -->\n<p>sz\u00e1mukra a vel\u00fcnk val\u00f3 egy\u00fcttm\u0171k\u00f6d\u00e9s.<\/p>\n<!-- \/wp:paragraph -->","_hu_post_name":"kulkereskedelmi-szamlak-szarmazasi-bizonyitvanyok-es-egyeb-kulkereskedelmi-okmanyok-kiallitasa","_hu_post_excerpt":"","_hu_post_title":"K\u00fclkereskedelmi sz\u00e1ml\u00e1k, sz\u00e1rmaz\u00e1si bizony\u00edtv\u00e1nyok \u00e9s egy\u00e9b k\u00fclkereskedelmi okm\u00e1nyok ki\u00e1ll\u00edt\u00e1sa","_en_post_content":"","_en_post_name":"","_en_post_excerpt":"","_en_post_title":"","edit_language":"en","footnotes":""},"yoast_head":"<!-- This site is optimized with the Yoast SEO plugin v21.7 - https:\/\/yoast.com\/wordpress\/plugins\/seo\/ -->\n<title>K\u00fclkereskedelmi sz\u00e1ml\u00e1k, sz\u00e1rmaz\u00e1si bizony\u00edtv\u00e1nyok \u00e9s egy\u00e9b k\u00fclkereskedelmi okm\u00e1nyok ki\u00e1ll\u00edt\u00e1sa - Adintrade Kft.<\/title>\n<meta name=\"robots\" content=\"index, follow, max-snippet:-1, max-image-preview:large, max-video-preview:-1\" \/>\n<link rel=\"canonical\" href=\"https:\/\/adintrade.hu\/kulkereskedelmi-szamlak-szarmazasi-bizonyitvanyok-es-egyeb-kulkereskedelmi-okmanyok-kiallitasa\/\" \/>\n<meta property=\"og:locale\" content=\"en_US\" \/>\n<meta property=\"og:type\" content=\"article\" \/>\n<meta property=\"og:title\" content=\"K\u00fclkereskedelmi sz\u00e1ml\u00e1k, sz\u00e1rmaz\u00e1si bizony\u00edtv\u00e1nyok \u00e9s egy\u00e9b k\u00fclkereskedelmi okm\u00e1nyok ki\u00e1ll\u00edt\u00e1sa - Adintrade Kft.\" \/>\n<meta property=\"og:description\" content=\"Magunkra v\u00e1llalunk minden pap\u00edrmunk\u00e1t. \u00dcgyfeleink adminisztr\u00e1ci\u00f3s terheit jelent\u0151sen cs\u00f6kkentj\u00fck az\u00e1ltal, hogy magunkra v\u00e1llalunk minden k\u00fclkereskedelemmel kapcsolatos pap\u00edrmunk\u00e1t, \u00edgy a k\u00fcl\u00f6nf\u00e9le k\u00fclkereskedelmi okm\u00e1nyok, sz\u00e1ml\u00e1k, sz\u00e1rmaz\u00e1si bizony\u00edtv\u00e1nyok stb. ki\u00e1ll\u00edt\u00e1s\u00e1t is. A k\u00fclkereskedelmi okm\u00e1nyok szakszer\u0171 \u00e9s pontos kit\u00f6lt\u00e9s\u00e9nek jelent\u0151s\u00e9g\u00e9t az adja, hogy a hi\u00e1nyoss\u00e1got tapasztal\u00f3 v\u00e1mszerveknek &#8220;\u00e1rumeg\u00e1ll\u00edt\u00f3&#8221; joguk van, m\u00edg a t\u00f6bbi hat\u00f3s\u00e1g ut\u00f3lagos ellen\u0151rz\u00e9seket v\u00e9gez. A megfelel\u0151 [&hellip;]\" \/>\n<meta property=\"og:url\" content=\"https:\/\/adintrade.hu\/kulkereskedelmi-szamlak-szarmazasi-bizonyitvanyok-es-egyeb-kulkereskedelmi-okmanyok-kiallitasa\/\" \/>\n<meta property=\"og:site_name\" content=\"Adintrade Kft.\" \/>\n<meta property=\"article:publisher\" content=\"https:\/\/facebook.com\/adintrade\" \/>\n<meta name=\"twitter:card\" content=\"summary_large_image\" \/>\n<meta name=\"twitter:label1\" content=\"Est. reading time\" \/>\n\t<meta name=\"twitter:data1\" content=\"1 minute\" \/>\n<script type=\"application\/ld+json\" class=\"yoast-schema-graph\">{\"@context\":\"https:\/\/schema.org\",\"@graph\":[{\"@type\":\"WebPage\",\"@id\":\"https:\/\/adintrade.hu\/kulkereskedelmi-szamlak-szarmazasi-bizonyitvanyok-es-egyeb-kulkereskedelmi-okmanyok-kiallitasa\/\",\"url\":\"https:\/\/adintrade.hu\/kulkereskedelmi-szamlak-szarmazasi-bizonyitvanyok-es-egyeb-kulkereskedelmi-okmanyok-kiallitasa\/\",\"name\":\"K\u00fclkereskedelmi sz\u00e1ml\u00e1k, sz\u00e1rmaz\u00e1si bizony\u00edtv\u00e1nyok \u00e9s egy\u00e9b k\u00fclkereskedelmi okm\u00e1nyok ki\u00e1ll\u00edt\u00e1sa - Adintrade Kft.\",\"isPartOf\":{\"@id\":\"https:\/\/adintrade.hu\/#website\"},\"datePublished\":\"2017-01-17T19:53:19+00:00\",\"dateModified\":\"2017-01-17T19:53:19+00:00\",\"breadcrumb\":{\"@id\":\"https:\/\/adintrade.hu\/kulkereskedelmi-szamlak-szarmazasi-bizonyitvanyok-es-egyeb-kulkereskedelmi-okmanyok-kiallitasa\/#breadcrumb\"},\"inLanguage\":\"english\",\"potentialAction\":[{\"@type\":\"ReadAction\",\"target\":[\"https:\/\/adintrade.hu\/kulkereskedelmi-szamlak-szarmazasi-bizonyitvanyok-es-egyeb-kulkereskedelmi-okmanyok-kiallitasa\/\"]}]},{\"@type\":\"BreadcrumbList\",\"@id\":\"https:\/\/adintrade.hu\/kulkereskedelmi-szamlak-szarmazasi-bizonyitvanyok-es-egyeb-kulkereskedelmi-okmanyok-kiallitasa\/#breadcrumb\",\"itemListElement\":[{\"@type\":\"ListItem\",\"position\":1,\"name\":\"Home\",\"item\":\"https:\/\/adintrade.hu\/\"},{\"@type\":\"ListItem\",\"position\":2,\"name\":\"K\u00fclkereskedelmi sz\u00e1ml\u00e1k, sz\u00e1rmaz\u00e1si bizony\u00edtv\u00e1nyok \u00e9s egy\u00e9b k\u00fclkereskedelmi okm\u00e1nyok ki\u00e1ll\u00edt\u00e1sa\"}]},{\"@type\":\"WebSite\",\"@id\":\"https:\/\/adintrade.hu\/#website\",\"url\":\"https:\/\/adintrade.hu\/\",\"name\":\"Adintrade Kft.\",\"description\":\"Customs and product fee administration\",\"publisher\":{\"@id\":\"https:\/\/adintrade.hu\/#organization\"},\"potentialAction\":[{\"@type\":\"SearchAction\",\"target\":{\"@type\":\"EntryPoint\",\"urlTemplate\":\"https:\/\/adintrade.hu\/?s={search_term_string}\"},\"query-input\":\"required name=search_term_string\"}],\"inLanguage\":\"english\"},{\"@type\":\"Organization\",\"@id\":\"https:\/\/adintrade.hu\/#organization\",\"name\":\"Adintrade Kft.\",\"url\":\"https:\/\/adintrade.hu\/\",\"logo\":{\"@type\":\"ImageObject\",\"inLanguage\":\"english\",\"@id\":\"https:\/\/adintrade.hu\/#\/schema\/logo\/image\/\",\"url\":\"https:\/\/adintrade.hu\/wp-content\/uploads\/2022\/08\/cropped-cropped-adintrade_original.png\",\"contentUrl\":\"https:\/\/adintrade.hu\/wp-content\/uploads\/2022\/08\/cropped-cropped-adintrade_original.png\",\"width\":794,\"height\":247,\"caption\":\"Adintrade Kft.\"},\"image\":{\"@id\":\"https:\/\/adintrade.hu\/#\/schema\/logo\/image\/\"},\"sameAs\":[\"https:\/\/facebook.com\/adintrade\"]}]}<\/script>\n<!-- \/ Yoast SEO plugin. -->","yoast_head_json":{"title":"K\u00fclkereskedelmi sz\u00e1ml\u00e1k, sz\u00e1rmaz\u00e1si bizony\u00edtv\u00e1nyok \u00e9s egy\u00e9b k\u00fclkereskedelmi okm\u00e1nyok ki\u00e1ll\u00edt\u00e1sa - Adintrade Kft.","robots":{"index":"index","follow":"follow","max-snippet":"max-snippet:-1","max-image-preview":"max-image-preview:large","max-video-preview":"max-video-preview:-1"},"canonical":"https:\/\/adintrade.hu\/kulkereskedelmi-szamlak-szarmazasi-bizonyitvanyok-es-egyeb-kulkereskedelmi-okmanyok-kiallitasa\/","og_locale":"en_US","og_type":"article","og_title":"K\u00fclkereskedelmi sz\u00e1ml\u00e1k, sz\u00e1rmaz\u00e1si bizony\u00edtv\u00e1nyok \u00e9s egy\u00e9b k\u00fclkereskedelmi okm\u00e1nyok ki\u00e1ll\u00edt\u00e1sa - Adintrade Kft.","og_description":"Magunkra v\u00e1llalunk minden pap\u00edrmunk\u00e1t. \u00dcgyfeleink adminisztr\u00e1ci\u00f3s terheit jelent\u0151sen cs\u00f6kkentj\u00fck az\u00e1ltal, hogy magunkra v\u00e1llalunk minden k\u00fclkereskedelemmel kapcsolatos pap\u00edrmunk\u00e1t, \u00edgy a k\u00fcl\u00f6nf\u00e9le k\u00fclkereskedelmi okm\u00e1nyok, sz\u00e1ml\u00e1k, sz\u00e1rmaz\u00e1si bizony\u00edtv\u00e1nyok stb. ki\u00e1ll\u00edt\u00e1s\u00e1t is. A k\u00fclkereskedelmi okm\u00e1nyok szakszer\u0171 \u00e9s pontos kit\u00f6lt\u00e9s\u00e9nek jelent\u0151s\u00e9g\u00e9t az adja, hogy a hi\u00e1nyoss\u00e1got tapasztal\u00f3 v\u00e1mszerveknek &#8220;\u00e1rumeg\u00e1ll\u00edt\u00f3&#8221; joguk van, m\u00edg a t\u00f6bbi hat\u00f3s\u00e1g ut\u00f3lagos ellen\u0151rz\u00e9seket v\u00e9gez. A megfelel\u0151 [&hellip;]","og_url":"https:\/\/adintrade.hu\/kulkereskedelmi-szamlak-szarmazasi-bizonyitvanyok-es-egyeb-kulkereskedelmi-okmanyok-kiallitasa\/","og_site_name":"Adintrade Kft.","article_publisher":"https:\/\/facebook.com\/adintrade","twitter_card":"summary_large_image","twitter_misc":{"Est. reading time":"1 minute"},"schema":{"@context":"https:\/\/schema.org","@graph":[{"@type":"WebPage","@id":"https:\/\/adintrade.hu\/kulkereskedelmi-szamlak-szarmazasi-bizonyitvanyok-es-egyeb-kulkereskedelmi-okmanyok-kiallitasa\/","url":"https:\/\/adintrade.hu\/kulkereskedelmi-szamlak-szarmazasi-bizonyitvanyok-es-egyeb-kulkereskedelmi-okmanyok-kiallitasa\/","name":"K\u00fclkereskedelmi sz\u00e1ml\u00e1k, sz\u00e1rmaz\u00e1si bizony\u00edtv\u00e1nyok \u00e9s egy\u00e9b k\u00fclkereskedelmi okm\u00e1nyok ki\u00e1ll\u00edt\u00e1sa - Adintrade Kft.","isPartOf":{"@id":"https:\/\/adintrade.hu\/#website"},"datePublished":"2017-01-17T19:53:19+00:00","dateModified":"2017-01-17T19:53:19+00:00","breadcrumb":{"@id":"https:\/\/adintrade.hu\/kulkereskedelmi-szamlak-szarmazasi-bizonyitvanyok-es-egyeb-kulkereskedelmi-okmanyok-kiallitasa\/#breadcrumb"},"inLanguage":"english","potentialAction":[{"@type":"ReadAction","target":["https:\/\/adintrade.hu\/kulkereskedelmi-szamlak-szarmazasi-bizonyitvanyok-es-egyeb-kulkereskedelmi-okmanyok-kiallitasa\/"]}]},{"@type":"BreadcrumbList","@id":"https:\/\/adintrade.hu\/kulkereskedelmi-szamlak-szarmazasi-bizonyitvanyok-es-egyeb-kulkereskedelmi-okmanyok-kiallitasa\/#breadcrumb","itemListElement":[{"@type":"ListItem","position":1,"name":"Home","item":"https:\/\/adintrade.hu\/"},{"@type":"ListItem","position":2,"name":"K\u00fclkereskedelmi sz\u00e1ml\u00e1k, sz\u00e1rmaz\u00e1si bizony\u00edtv\u00e1nyok \u00e9s egy\u00e9b k\u00fclkereskedelmi okm\u00e1nyok ki\u00e1ll\u00edt\u00e1sa"}]},{"@type":"WebSite","@id":"https:\/\/adintrade.hu\/#website","url":"https:\/\/adintrade.hu\/","name":"Adintrade Kft.","description":"Customs and product fee administration","publisher":{"@id":"https:\/\/adintrade.hu\/#organization"},"potentialAction":[{"@type":"SearchAction","target":{"@type":"EntryPoint","urlTemplate":"https:\/\/adintrade.hu\/?s={search_term_string}"},"query-input":"required name=search_term_string"}],"inLanguage":"english"},{"@type":"Organization","@id":"https:\/\/adintrade.hu\/#organization","name":"Adintrade Kft.","url":"https:\/\/adintrade.hu\/","logo":{"@type":"ImageObject","inLanguage":"english","@id":"https:\/\/adintrade.hu\/#\/schema\/logo\/image\/","url":"https:\/\/adintrade.hu\/wp-content\/uploads\/2022\/08\/cropped-cropped-adintrade_original.png","contentUrl":"https:\/\/adintrade.hu\/wp-content\/uploads\/2022\/08\/cropped-cropped-adintrade_original.png","width":794,"height":247,"caption":"Adintrade Kft."},"image":{"@id":"https:\/\/adintrade.hu\/#\/schema\/logo\/image\/"},"sameAs":["https:\/\/facebook.com\/adintrade"]}]}},"_links":{"self":[{"href":"https:\/\/adintrade.hu\/en\/wp-json\/wp\/v2\/pages\/462"}],"collection":[{"href":"https:\/\/adintrade.hu\/en\/wp-json\/wp\/v2\/pages"}],"about":[{"href":"https:\/\/adintrade.hu\/en\/wp-json\/wp\/v2\/types\/page"}],"author":[{"embeddable":true,"href":"https:\/\/adintrade.hu\/en\/wp-json\/wp\/v2\/users\/1"}],"replies":[{"embeddable":true,"href":"https:\/\/adintrade.hu\/en\/wp-json\/wp\/v2\/comments?post=462"}],"version-history":[{"count":0,"href":"https:\/\/adintrade.hu\/en\/wp-json\/wp\/v2\/pages\/462\/revisions"}],"wp:attachment":[{"href":"https:\/\/adintrade.hu\/en\/wp-json\/wp\/v2\/media?parent=462"}],"curies":[{"name":"wp","href":"https:\/\/api.w.org\/{rel}","templated":true}]}}