{"id":465,"date":"2017-01-17T21:54:14","date_gmt":"2017-01-17T19:54:14","guid":{"rendered":"http:\/\/adintrade.hu\/?page_id=465"},"modified":"2017-01-17T21:54:14","modified_gmt":"2017-01-17T19:54:14","slug":"","status":"publish","type":"page","link":"https:\/\/adintrade.hu\/en\/kulkereskedelmi-fizetesekkel-kapcsolatos-ugyintezes-deviza-ugyintezes\/","title":{"rendered":"","raw":""},"content":{"rendered":"","protected":false,"raw":""},"excerpt":{"rendered":"","protected":false,"raw":""},"author":1,"featured_media":0,"parent":0,"menu_order":0,"comment_status":"closed","ping_status":"closed","template":"","meta":{"inline_featured_image":false,"_hu_post_content":"<!-- wp:paragraph -->\n<p><b>Ismerj\u00fck azokat a p\u00e9nz\u00fcgytechnikai lehet\u0151s\u00e9geket, amelyek \u00fcgyfeleink p\u00e9nz\u00fcgyi biztons\u00e1g\u00e1t szolg\u00e1lj\u00e1k.<\/b><\/p>\n<!-- \/wp:paragraph -->\n\n<!-- wp:paragraph -->\n<p>A nemzetk\u00f6zi kereskedelemben a biztons\u00e1gos \u00e1ru- \u00e9s p\u00e9nzmozg\u00e1shoz n\u00e9lk\u00fcl\u00f6zhetetlenek a<\/p>\n<!-- \/wp:paragraph -->\n\n<!-- wp:list -->\n<ul><li>k\u00fclkereskedelemtechnikai \u00e9s<\/li><li>p\u00e9nz\u00fcgytechnikai<\/li><\/ul>\n<!-- \/wp:list -->\n\n<!-- wp:paragraph -->\n<p><b>ismeretek.<\/b><\/p>\n<!-- \/wp:paragraph -->\n\n<!-- wp:paragraph -->\n<p>Ezekkel az ismeretekkel azonban sokan nincsenek tiszt\u00e1ban, \u00edgy feleslegesen v\u00e1llalnak \u00f3ri\u00e1si kock\u00e1zatokat. (M\u00e9g ma is gyakran tal\u00e1lkozunk olyan tapasztalatlan k\u00fclkeresked\u0151vel, aki vagyon\u00e1t egy nem ismert, t\u00e1voli orsz\u00e1gbeli vev\u0151nek t\u00f6rt\u00e9n\u0151, \"\u00fan. nyitvasz\u00e1ll\u00edt\u00e1s\", azaz fedezet n\u00e9lk\u00fcli \u00e1ru\u00e1tenged\u00e9s sor\u00e1n vesztette el, mert<\/p>\n<!-- \/wp:paragraph -->\n\n<!-- wp:list -->\n<ul><li>egyr\u00e9szt <b>nem m\u00e9rte fel<\/b> ennek kock\u00e1zat\u00e1t,<\/li><li>m\u00e1sr\u00e9szt <b>nem ismerte<\/b>, \u00e9s ez\u00e9rt <b>nem is k\u00f6vetelte meg<\/b> azokat a p\u00e9nz\u00fcgyi biztos\u00edt\u00e9kokat, amelyek sz\u00e1m\u00e1ra biztons\u00e1got ny\u00fajtottak volna.<\/li><\/ul>\n<!-- \/wp:list -->\n\n<!-- wp:paragraph -->\n<p>Sz\u00edvesen v\u00e9gezz\u00fck \u00fcgyfeleink sz\u00e1m\u00e1ra a k\u00fclkereskedelmi fizet\u00e9sekkel kapcsolatos \u00fcgyint\u00e9z\u00e9st, deviza-\u00fcgyint\u00e9z\u00e9st, mivel<\/p>\n<!-- \/wp:paragraph -->\n\n<!-- wp:list -->\n<ul><li>j\u00f3l ismerj\u00fck a deviza-el\u0151\u00edr\u00e1sokat,<\/li><li>vigy\u00e1zunk arra, hogy ezeket a <b>deviza-el\u0151\u00edr\u00e1sokat<\/b> \u00fcgyfeleink <ul><li>a szerz\u0151d\u00e9sk\u00f6t\u00e9s \u00e9s<\/li><li>az \u00fcgyletlebonyol\u00edt\u00e1s <p>sor\u00e1n (fizet\u00e9si m\u00f3d megv\u00e1laszt\u00e1sa, kereskedelmi hitel stb.) be is tarts\u00e1k<\/p><\/li><\/ul><\/li><li>ismerj\u00fck azokat a <b>p\u00e9nz\u00fcgytechnikai lehet\u0151s\u00e9geket<\/b>, <ul><li>amelyek \u00fcgyfeleink <b>p\u00e9nz\u00fcgyi biztons\u00e1g\u00e1t<\/b> szolg\u00e1lj\u00e1k,<\/li><li>amelyekkel mind importban, mind exportban megval\u00f3s\u00edthat\u00f3k a <b>rugalmas<\/b>, de p\u00e9nz\u00fcgyileg m\u00e9gis biztons\u00e1gos <b>\u00e1rusz\u00e1ll\u00edt\u00e1sok<\/b> (partnerek leinform\u00e1l\u00e1sa bankinform\u00e1ci\u00f3, c\u00e9ginform\u00e1ci\u00f3 r\u00e9v\u00e9n; akkredit\u00edvek; bankgaranci\u00e1k k\u00fcl\u00f6nb\u00f6z\u0151 form\u00e1i stb.). <\/li><\/ul><\/li><\/ul>\n<!-- \/wp:list -->\n\n<!-- wp:paragraph -->\n<p>A k\u00fclkereskedelemben komoly t\u00f6bbletkock\u00e1zatot<\/p>\n<!-- \/wp:paragraph -->\n\n<!-- wp:list -->\n<ul><li>nem csup\u00e1n az ismeretlen, t\u00e1voli, nehezen ellen\u0151rizhet\u0151 <b>partnerek<\/b>, hanem<\/li><li>az \u00fcgyletekben haszn\u00e1lt k\u00fcl\u00f6nb\u00f6z\u0151 deviz\u00e1k k\u00f6z\u00f6tti <b>\u00e1rfolyamv\u00e1ltoz\u00e1sok<\/b>,<\/li><li>a technikai \u00e9s kereskedelmi <b>hitelez\u00e9sek<\/b> miatti \u00e1rfolyamvesztes\u00e9gek,<\/li><li>az \u00e1tmeneti <b>cash-flow hi\u00e1ny<\/b><\/li><\/ul>\n<!-- \/wp:list -->\n\n<!-- wp:paragraph -->\n<p>is jelentenek.<\/p>\n<!-- \/wp:paragraph -->\n\n<!-- wp:paragraph -->\n<p>Alapvet\u0151 feladatunknak tartjuk, hogy k\u00fclkereskedelem-technikai \u00e9s p\u00e9nz\u00fcgytechnikai <b>ismereteinkkel<\/b> seg\u00edts\u00e9g\u00e9re legy\u00fcnk \u00fcgyfeleinknek abban, hogy<\/p>\n<!-- \/wp:paragraph -->\n\n<!-- wp:list -->\n<ul><li>r\u00e9szben <b>kiv\u00e9dhet\u0151v\u00e9<\/b>,<\/li><li>r\u00e9szben <b>kalkul\u00e1lhat\u00f3v\u00e1<\/b><\/li><\/ul>\n<!-- \/wp:list -->\n\n<!-- wp:paragraph -->\n<p>tegy\u00fck sz\u00e1mukra ezeket a kock\u00e1zatokat. Kalkul\u00e1lni persze lehet\u0151leg m\u00e9g az <b>\u00fczletk\u00f6t\u00e9s<\/b> el\u0151tt kell.<\/p>\n<!-- \/wp:paragraph -->","_hu_post_name":"kulkereskedelmi-fizetesekkel-kapcsolatos-ugyintezes-deviza-ugyintezes","_hu_post_excerpt":"","_hu_post_title":"K\u00fclkereskedelmi fizet\u00e9sekkel kapcsolatos \u00fcgyint\u00e9z\u00e9s, deviza-\u00fcgyint\u00e9z\u00e9s","_en_post_content":"","_en_post_name":"","_en_post_excerpt":"","_en_post_title":"","edit_language":"en","footnotes":""},"yoast_head":"<!-- This site is optimized with the Yoast SEO plugin v21.7 - https:\/\/yoast.com\/wordpress\/plugins\/seo\/ -->\n<title>K\u00fclkereskedelmi fizet\u00e9sekkel kapcsolatos \u00fcgyint\u00e9z\u00e9s, deviza-\u00fcgyint\u00e9z\u00e9s - Adintrade Kft.<\/title>\n<meta name=\"robots\" content=\"index, follow, max-snippet:-1, max-image-preview:large, max-video-preview:-1\" \/>\n<link rel=\"canonical\" href=\"https:\/\/adintrade.hu\/kulkereskedelmi-fizetesekkel-kapcsolatos-ugyintezes-deviza-ugyintezes\/\" \/>\n<meta property=\"og:locale\" content=\"en_US\" \/>\n<meta property=\"og:type\" content=\"article\" \/>\n<meta property=\"og:title\" content=\"K\u00fclkereskedelmi fizet\u00e9sekkel kapcsolatos \u00fcgyint\u00e9z\u00e9s, deviza-\u00fcgyint\u00e9z\u00e9s - Adintrade Kft.\" \/>\n<meta property=\"og:description\" content=\"Ismerj\u00fck azokat a p\u00e9nz\u00fcgytechnikai lehet\u0151s\u00e9geket, amelyek \u00fcgyfeleink p\u00e9nz\u00fcgyi biztons\u00e1g\u00e1t szolg\u00e1lj\u00e1k. A nemzetk\u00f6zi kereskedelemben a biztons\u00e1gos \u00e1ru- \u00e9s p\u00e9nzmozg\u00e1shoz n\u00e9lk\u00fcl\u00f6zhetetlenek a k\u00fclkereskedelemtechnikai \u00e9s p\u00e9nz\u00fcgytechnikai ismeretek. Ezekkel az ismeretekkel azonban sokan nincsenek tiszt\u00e1ban, \u00edgy feleslegesen v\u00e1llalnak \u00f3ri\u00e1si kock\u00e1zatokat. (M\u00e9g ma is gyakran tal\u00e1lkozunk olyan tapasztalatlan k\u00fclkeresked\u0151vel, aki vagyon\u00e1t egy nem ismert, t\u00e1voli orsz\u00e1gbeli vev\u0151nek t\u00f6rt\u00e9n\u0151, &#8220;\u00fan. nyitvasz\u00e1ll\u00edt\u00e1s&#8221;, [&hellip;]\" \/>\n<meta property=\"og:url\" content=\"https:\/\/adintrade.hu\/kulkereskedelmi-fizetesekkel-kapcsolatos-ugyintezes-deviza-ugyintezes\/\" \/>\n<meta property=\"og:site_name\" content=\"Adintrade Kft.\" \/>\n<meta property=\"article:publisher\" content=\"https:\/\/facebook.com\/adintrade\" \/>\n<meta name=\"twitter:card\" content=\"summary_large_image\" \/>\n<meta name=\"twitter:label1\" content=\"Est. reading time\" \/>\n\t<meta name=\"twitter:data1\" content=\"2 minutes\" \/>\n<script type=\"application\/ld+json\" class=\"yoast-schema-graph\">{\"@context\":\"https:\/\/schema.org\",\"@graph\":[{\"@type\":\"WebPage\",\"@id\":\"https:\/\/adintrade.hu\/kulkereskedelmi-fizetesekkel-kapcsolatos-ugyintezes-deviza-ugyintezes\/\",\"url\":\"https:\/\/adintrade.hu\/kulkereskedelmi-fizetesekkel-kapcsolatos-ugyintezes-deviza-ugyintezes\/\",\"name\":\"K\u00fclkereskedelmi fizet\u00e9sekkel kapcsolatos \u00fcgyint\u00e9z\u00e9s, deviza-\u00fcgyint\u00e9z\u00e9s - Adintrade Kft.\",\"isPartOf\":{\"@id\":\"https:\/\/adintrade.hu\/#website\"},\"datePublished\":\"2017-01-17T19:54:14+00:00\",\"dateModified\":\"2017-01-17T19:54:14+00:00\",\"breadcrumb\":{\"@id\":\"https:\/\/adintrade.hu\/kulkereskedelmi-fizetesekkel-kapcsolatos-ugyintezes-deviza-ugyintezes\/#breadcrumb\"},\"inLanguage\":\"english\",\"potentialAction\":[{\"@type\":\"ReadAction\",\"target\":[\"https:\/\/adintrade.hu\/kulkereskedelmi-fizetesekkel-kapcsolatos-ugyintezes-deviza-ugyintezes\/\"]}]},{\"@type\":\"BreadcrumbList\",\"@id\":\"https:\/\/adintrade.hu\/kulkereskedelmi-fizetesekkel-kapcsolatos-ugyintezes-deviza-ugyintezes\/#breadcrumb\",\"itemListElement\":[{\"@type\":\"ListItem\",\"position\":1,\"name\":\"Home\",\"item\":\"https:\/\/adintrade.hu\/\"},{\"@type\":\"ListItem\",\"position\":2,\"name\":\"K\u00fclkereskedelmi fizet\u00e9sekkel kapcsolatos \u00fcgyint\u00e9z\u00e9s, deviza-\u00fcgyint\u00e9z\u00e9s\"}]},{\"@type\":\"WebSite\",\"@id\":\"https:\/\/adintrade.hu\/#website\",\"url\":\"https:\/\/adintrade.hu\/\",\"name\":\"Adintrade Kft.\",\"description\":\"Customs and product fee administration\",\"publisher\":{\"@id\":\"https:\/\/adintrade.hu\/#organization\"},\"potentialAction\":[{\"@type\":\"SearchAction\",\"target\":{\"@type\":\"EntryPoint\",\"urlTemplate\":\"https:\/\/adintrade.hu\/?s={search_term_string}\"},\"query-input\":\"required name=search_term_string\"}],\"inLanguage\":\"english\"},{\"@type\":\"Organization\",\"@id\":\"https:\/\/adintrade.hu\/#organization\",\"name\":\"Adintrade Kft.\",\"url\":\"https:\/\/adintrade.hu\/\",\"logo\":{\"@type\":\"ImageObject\",\"inLanguage\":\"english\",\"@id\":\"https:\/\/adintrade.hu\/#\/schema\/logo\/image\/\",\"url\":\"https:\/\/adintrade.hu\/wp-content\/uploads\/2022\/08\/cropped-cropped-adintrade_original.png\",\"contentUrl\":\"https:\/\/adintrade.hu\/wp-content\/uploads\/2022\/08\/cropped-cropped-adintrade_original.png\",\"width\":794,\"height\":247,\"caption\":\"Adintrade Kft.\"},\"image\":{\"@id\":\"https:\/\/adintrade.hu\/#\/schema\/logo\/image\/\"},\"sameAs\":[\"https:\/\/facebook.com\/adintrade\"]}]}<\/script>\n<!-- \/ Yoast SEO plugin. -->","yoast_head_json":{"title":"K\u00fclkereskedelmi fizet\u00e9sekkel kapcsolatos \u00fcgyint\u00e9z\u00e9s, deviza-\u00fcgyint\u00e9z\u00e9s - Adintrade Kft.","robots":{"index":"index","follow":"follow","max-snippet":"max-snippet:-1","max-image-preview":"max-image-preview:large","max-video-preview":"max-video-preview:-1"},"canonical":"https:\/\/adintrade.hu\/kulkereskedelmi-fizetesekkel-kapcsolatos-ugyintezes-deviza-ugyintezes\/","og_locale":"en_US","og_type":"article","og_title":"K\u00fclkereskedelmi fizet\u00e9sekkel kapcsolatos \u00fcgyint\u00e9z\u00e9s, deviza-\u00fcgyint\u00e9z\u00e9s - Adintrade Kft.","og_description":"Ismerj\u00fck azokat a p\u00e9nz\u00fcgytechnikai lehet\u0151s\u00e9geket, amelyek \u00fcgyfeleink p\u00e9nz\u00fcgyi biztons\u00e1g\u00e1t szolg\u00e1lj\u00e1k. A nemzetk\u00f6zi kereskedelemben a biztons\u00e1gos \u00e1ru- \u00e9s p\u00e9nzmozg\u00e1shoz n\u00e9lk\u00fcl\u00f6zhetetlenek a k\u00fclkereskedelemtechnikai \u00e9s p\u00e9nz\u00fcgytechnikai ismeretek. Ezekkel az ismeretekkel azonban sokan nincsenek tiszt\u00e1ban, \u00edgy feleslegesen v\u00e1llalnak \u00f3ri\u00e1si kock\u00e1zatokat. (M\u00e9g ma is gyakran tal\u00e1lkozunk olyan tapasztalatlan k\u00fclkeresked\u0151vel, aki vagyon\u00e1t egy nem ismert, t\u00e1voli orsz\u00e1gbeli vev\u0151nek t\u00f6rt\u00e9n\u0151, &#8220;\u00fan. nyitvasz\u00e1ll\u00edt\u00e1s&#8221;, [&hellip;]","og_url":"https:\/\/adintrade.hu\/kulkereskedelmi-fizetesekkel-kapcsolatos-ugyintezes-deviza-ugyintezes\/","og_site_name":"Adintrade Kft.","article_publisher":"https:\/\/facebook.com\/adintrade","twitter_card":"summary_large_image","twitter_misc":{"Est. reading time":"2 minutes"},"schema":{"@context":"https:\/\/schema.org","@graph":[{"@type":"WebPage","@id":"https:\/\/adintrade.hu\/kulkereskedelmi-fizetesekkel-kapcsolatos-ugyintezes-deviza-ugyintezes\/","url":"https:\/\/adintrade.hu\/kulkereskedelmi-fizetesekkel-kapcsolatos-ugyintezes-deviza-ugyintezes\/","name":"K\u00fclkereskedelmi fizet\u00e9sekkel kapcsolatos \u00fcgyint\u00e9z\u00e9s, deviza-\u00fcgyint\u00e9z\u00e9s - Adintrade Kft.","isPartOf":{"@id":"https:\/\/adintrade.hu\/#website"},"datePublished":"2017-01-17T19:54:14+00:00","dateModified":"2017-01-17T19:54:14+00:00","breadcrumb":{"@id":"https:\/\/adintrade.hu\/kulkereskedelmi-fizetesekkel-kapcsolatos-ugyintezes-deviza-ugyintezes\/#breadcrumb"},"inLanguage":"english","potentialAction":[{"@type":"ReadAction","target":["https:\/\/adintrade.hu\/kulkereskedelmi-fizetesekkel-kapcsolatos-ugyintezes-deviza-ugyintezes\/"]}]},{"@type":"BreadcrumbList","@id":"https:\/\/adintrade.hu\/kulkereskedelmi-fizetesekkel-kapcsolatos-ugyintezes-deviza-ugyintezes\/#breadcrumb","itemListElement":[{"@type":"ListItem","position":1,"name":"Home","item":"https:\/\/adintrade.hu\/"},{"@type":"ListItem","position":2,"name":"K\u00fclkereskedelmi fizet\u00e9sekkel kapcsolatos \u00fcgyint\u00e9z\u00e9s, deviza-\u00fcgyint\u00e9z\u00e9s"}]},{"@type":"WebSite","@id":"https:\/\/adintrade.hu\/#website","url":"https:\/\/adintrade.hu\/","name":"Adintrade Kft.","description":"Customs and product fee administration","publisher":{"@id":"https:\/\/adintrade.hu\/#organization"},"potentialAction":[{"@type":"SearchAction","target":{"@type":"EntryPoint","urlTemplate":"https:\/\/adintrade.hu\/?s={search_term_string}"},"query-input":"required name=search_term_string"}],"inLanguage":"english"},{"@type":"Organization","@id":"https:\/\/adintrade.hu\/#organization","name":"Adintrade Kft.","url":"https:\/\/adintrade.hu\/","logo":{"@type":"ImageObject","inLanguage":"english","@id":"https:\/\/adintrade.hu\/#\/schema\/logo\/image\/","url":"https:\/\/adintrade.hu\/wp-content\/uploads\/2022\/08\/cropped-cropped-adintrade_original.png","contentUrl":"https:\/\/adintrade.hu\/wp-content\/uploads\/2022\/08\/cropped-cropped-adintrade_original.png","width":794,"height":247,"caption":"Adintrade Kft."},"image":{"@id":"https:\/\/adintrade.hu\/#\/schema\/logo\/image\/"},"sameAs":["https:\/\/facebook.com\/adintrade"]}]}},"_links":{"self":[{"href":"https:\/\/adintrade.hu\/en\/wp-json\/wp\/v2\/pages\/465"}],"collection":[{"href":"https:\/\/adintrade.hu\/en\/wp-json\/wp\/v2\/pages"}],"about":[{"href":"https:\/\/adintrade.hu\/en\/wp-json\/wp\/v2\/types\/page"}],"author":[{"embeddable":true,"href":"https:\/\/adintrade.hu\/en\/wp-json\/wp\/v2\/users\/1"}],"replies":[{"embeddable":true,"href":"https:\/\/adintrade.hu\/en\/wp-json\/wp\/v2\/comments?post=465"}],"version-history":[{"count":0,"href":"https:\/\/adintrade.hu\/en\/wp-json\/wp\/v2\/pages\/465\/revisions"}],"wp:attachment":[{"href":"https:\/\/adintrade.hu\/en\/wp-json\/wp\/v2\/media?parent=465"}],"curies":[{"name":"wp","href":"https:\/\/api.w.org\/{rel}","templated":true}]}}