{"id":469,"date":"2017-01-17T21:55:50","date_gmt":"2017-01-17T19:55:50","guid":{"rendered":"http:\/\/adintrade.hu\/?page_id=469"},"modified":"2017-01-17T21:55:50","modified_gmt":"2017-01-17T19:55:50","slug":"","status":"publish","type":"page","link":"https:\/\/adintrade.hu\/en\/export-import-engedelyek-beszerzese\/","title":{"rendered":"","raw":""},"content":{"rendered":"","protected":false,"raw":""},"excerpt":{"rendered":"","protected":false,"raw":""},"author":1,"featured_media":0,"parent":0,"menu_order":0,"comment_status":"closed","ping_status":"closed","template":"","meta":{"inline_featured_image":false,"_hu_post_content":"<!-- wp:paragraph -->\n<p><b>A <span data-scayt_word=\"magyarorsz\u00e1gi\" data-scaytid=\"1\">magyarorsz\u00e1gi<\/span> <span data-scayt_word=\"\u00e9s\" data-scaytid=\"6\">\u00e9s<\/span> EU-s <span data-scayt_word=\"enged\u00e9lyez\u00e9si\" data-scaytid=\"21\">enged\u00e9lyez\u00e9si<\/span> <span data-scayt_word=\"rendszerben\" data-scaytid=\"26\">rendszerben<\/span> <span data-scayt_word=\"val\u00f3\" data-scaytid=\"28\">val\u00f3<\/span> <span data-scayt_word=\"eligazod\u00e1st\" data-scaytid=\"31\">eligazod\u00e1st<\/span> <span data-scayt_word=\"\u00e9s\" data-scaytid=\"7\">\u00e9s<\/span> <span data-scayt_word=\"eredm\u00e9nyes\" data-scaytid=\"33\">eredm\u00e9nyes<\/span> <span data-scayt_word=\"lobbiz\u00e1st\" data-scaytid=\"35\">lobbiz\u00e1st<\/span> <span data-scayt_word=\"szak\u00e9rtelm\u00fcnk\" data-scaytid=\"37\">szak\u00e9rtelm\u00fcnk<\/span> <span data-scayt_word=\"\u00e9s\" data-scaytid=\"8\">\u00e9s<\/span> <span data-scayt_word=\"kapcsolataink\" data-scaytid=\"39\">kapcsolataink<\/span> <span data-scayt_word=\"egyar\u00e1nt\" data-scaytid=\"42\">egyar\u00e1nt<\/span> <span data-scayt_word=\"seg\u00edtik\" data-scaytid=\"43\">seg\u00edtik<\/span>. <\/b><\/p>\n<!-- \/wp:paragraph -->\n\n<!-- wp:paragraph -->\n<p><span data-scayt_word=\"Az\" data-scaytid=\"44\">Az<\/span> export-import <span data-scayt_word=\"enged\u00e9lyek\" data-scaytid=\"46\">enged\u00e9lyek<\/span> <span data-scayt_word=\"beszerz\u00e9s\u00e9ben\" data-scaytid=\"47\">beszerz\u00e9s\u00e9ben<\/span><\/p>\n<!-- \/wp:paragraph -->\n\n<!-- wp:list -->\n<ul><li><b><span data-scayt_word=\"szakismeret\u00fcnkre\" data-scaytid=\"48\">szakismeret\u00fcnkre<\/span><\/b> <span data-scayt_word=\"\u00e9s\" data-scaytid=\"9\">\u00e9s<\/span><\/li><li><b><span data-scayt_word=\"j\u00f3\" data-scaytid=\"49\">j\u00f3<\/span> <span data-scayt_word=\"kapcsolatainkra\" data-scaytid=\"53\">kapcsolatainkra<\/span><\/b><\/li><\/ul>\n<!-- \/wp:list -->\n\n<!-- wp:paragraph -->\n<p><span data-scayt_word=\"\u00e9p\u00edtve\" data-scaytid=\"54\">\u00e9p\u00edtve<\/span> <span data-scayt_word=\"hat\u00e9konyan\" data-scaytid=\"55\">hat\u00e9konyan<\/span> <span data-scayt_word=\"tudjuk\" data-scaytid=\"56\">tudjuk<\/span> <span data-scayt_word=\"seg\u00edteni\" data-scaytid=\"58\">seg\u00edteni<\/span> <span data-scayt_word=\"\u00fcgyfeleinket\" data-scaytid=\"59\">\u00fcgyfeleinket<\/span>.<\/p>\n<!-- \/wp:paragraph -->\n\n<!-- wp:paragraph -->\n<p><span data-scayt_word=\"Az\" data-scaytid=\"45\">Az<\/span> <span data-scayt_word=\"enged\u00e9lyez\u00e9ssel\" data-scaytid=\"60\">enged\u00e9lyez\u00e9ssel<\/span> <span data-scayt_word=\"kapcsolatban\" data-scaytid=\"61\">kapcsolatban<\/span> is <span data-scayt_word=\"ki\" data-scaytid=\"62\">ki<\/span> <span data-scayt_word=\"kell\" data-scaytid=\"63\">kell<\/span> <span data-scayt_word=\"emelni\" data-scaytid=\"68\">emelni<\/span>, <span data-scayt_word=\"hogy\" data-scaytid=\"69\">hogy<\/span> a <span data-scayt_word=\"k\u00fclkereskedelemben\" data-scaytid=\"70\">k\u00fclkereskedelemben<\/span> <span data-scayt_word=\"legal\u00e1bb\" data-scaytid=\"71\">legal\u00e1bb<\/span> <b><span data-scayt_word=\"n\u00e9gy\" data-scaytid=\"72\">n\u00e9gy<\/span> <span data-scayt_word=\"domin\u00e1ns\" data-scaytid=\"73\">domin\u00e1ns<\/span> <span data-scayt_word=\"f\u00e9llel\" data-scaytid=\"74\">f\u00e9llel<\/span><\/b> <span data-scayt_word=\"kell\" data-scaytid=\"64\">kell<\/span> <span data-scayt_word=\"sz\u00e1molni\" data-scaytid=\"75\">sz\u00e1molni<\/span>, <span data-scayt_word=\"\u00fagy\" data-scaytid=\"76\">\u00fagy<\/span> mint<\/p>\n<!-- \/wp:paragraph -->\n\n<!-- wp:list -->\n<ul><li><span data-scayt_word=\"az\" data-scaytid=\"77\">az<\/span> <b><span data-scayt_word=\"elad\u00f3val\" data-scaytid=\"88\">elad\u00f3val<\/span><\/b>,<\/li><li>a <b><span data-scayt_word=\"vev\u0151vel\" data-scaytid=\"89\">vev\u0151vel<\/span><\/b>,<\/li><li><span data-scayt_word=\"az\" data-scaytid=\"78\">az<\/span> <b><span data-scayt_word=\"elad\u00f3\" data-scaytid=\"90\">elad\u00f3<\/span><\/b> <span data-scayt_word=\"orsz\u00e1g\u00e1ban\" data-scaytid=\"92\">orsz\u00e1g\u00e1ban<\/span> <span data-scayt_word=\"m\u0171k\u00f6d\u0151\" data-scaytid=\"94\">m\u0171k\u00f6d\u0151<\/span> <b><span data-scayt_word=\"\u00e1llami\" data-scaytid=\"96\">\u00e1llami<\/span> <span data-scayt_word=\"hat\u00f3s\u00e1gokkal\" data-scaytid=\"99\">hat\u00f3s\u00e1gokkal<\/span><\/b>,<\/li><li>a <b><span data-scayt_word=\"vev\u0151\" data-scaytid=\"101\">vev\u0151<\/span><\/b> <span data-scayt_word=\"orsz\u00e1g\u00e1ban\" data-scaytid=\"93\">orsz\u00e1g\u00e1ban<\/span> <span data-scayt_word=\"m\u0171k\u00f6d\u0151\" data-scaytid=\"95\">m\u0171k\u00f6d\u0151<\/span> <b><span data-scayt_word=\"\u00e1llami\" data-scaytid=\"97\">\u00e1llami<\/span> <span data-scayt_word=\"hat\u00f3s\u00e1gokkal\" data-scaytid=\"100\">hat\u00f3s\u00e1gokkal<\/span><\/b>.<\/li><\/ul>\n<!-- \/wp:list -->\n\n<!-- wp:paragraph -->\n<p>A <span data-scayt_word=\"k\u00fclkeresked\u00e9s\" data-scaytid=\"103\">k\u00fclkeresked\u00e9s<\/span> <span data-scayt_word=\"felt\u00e9telei\" data-scaytid=\"104\">felt\u00e9telei<\/span> <span data-scayt_word=\"ugyanis\" data-scaytid=\"105\">ugyanis<\/span> <span data-scayt_word=\"nincsenek\" data-scaytid=\"106\">nincsenek<\/span> <span data-scayt_word=\"teljesen\" data-scaytid=\"107\">teljesen<\/span> a <span data-scayt_word=\"r\u00e9sztvev\u0151\" data-scaytid=\"108\">r\u00e9sztvev\u0151<\/span> <span data-scayt_word=\"\u00fczleti\" data-scaytid=\"109\">\u00fczleti<\/span> <span data-scayt_word=\"partnerekre\" data-scaytid=\"110\">partnerekre<\/span> <span data-scayt_word=\"b\u00edzva\" data-scaytid=\"111\">b\u00edzva<\/span>, <span data-scayt_word=\"azokba\" data-scaytid=\"112\">azokba<\/span> <span data-scayt_word=\"az\" data-scaytid=\"79\">az<\/span> <span data-scayt_word=\"elad\u00f3\" data-scaytid=\"91\">elad\u00f3<\/span> <span data-scayt_word=\"\u00e9s\" data-scaytid=\"10\">\u00e9s<\/span> a <span data-scayt_word=\"vev\u0151\" data-scaytid=\"102\">vev\u0151<\/span> <b><span data-scayt_word=\"\u00e1llami\" data-scaytid=\"98\">\u00e1llami<\/span> <span data-scayt_word=\"hat\u00f3s\u00e1gai\" data-scaytid=\"113\">hat\u00f3s\u00e1gai<\/span> is <span data-scayt_word=\"belesz\u00f3lnak\" data-scaytid=\"114\">belesz\u00f3lnak<\/span><\/b>, <span data-scayt_word=\"m\u00e9gpedig\" data-scaytid=\"115\">m\u00e9gpedig<\/span><\/p>\n<!-- \/wp:paragraph -->\n\n<!-- wp:list -->\n<ul><li><b><span data-scayt_word=\"szab\u00e1lyoz\u00e1si\" data-scaytid=\"116\">szab\u00e1lyoz\u00e1si<\/span><\/b>,<\/li><li><b><span data-scayt_word=\"enged\u00e9lyez\u00e9si\" data-scaytid=\"22\">enged\u00e9lyez\u00e9si<\/span><\/b><\/li><\/ul>\n<!-- \/wp:list -->\n\n<!-- wp:paragraph -->\n<p><span data-scayt_word=\"rendszer\u00fck\" data-scaytid=\"118\">rendszer\u00fck<\/span> <span data-scayt_word=\"r\u00e9v\u00e9n\" data-scaytid=\"119\">r\u00e9v\u00e9n<\/span>.<\/p>\n<!-- \/wp:paragraph -->\n\n<!-- wp:paragraph -->\n<p><span data-scayt_word=\"\u00dcgyfeleink\" data-scaytid=\"120\">\u00dcgyfeleink<\/span> <span data-scayt_word=\"\u00e9rdekeit\" data-scaytid=\"121\">\u00e9rdekeit<\/span><\/p>\n<!-- \/wp:paragraph -->\n\n<!-- wp:list -->\n<ul><li><b>a <span data-scayt_word=\"magyarorsz\u00e1gi\" data-scaytid=\"2\">magyarorsz\u00e1gi<\/span> <span data-scayt_word=\"\u00e9s\" data-scaytid=\"11\">\u00e9s<\/span> EU-s, <span data-scayt_word=\"gyakran\" data-scaytid=\"122\">gyakran<\/span> <span data-scayt_word=\"v\u00e1ltoz\u00f3\" data-scaytid=\"123\">v\u00e1ltoz\u00f3<\/span>, <span data-scayt_word=\"enged\u00e9lyez\u00e9si\" data-scaytid=\"23\">enged\u00e9lyez\u00e9si<\/span> <span data-scayt_word=\"rendszerben\" data-scaytid=\"27\">rendszerben<\/span> <span data-scayt_word=\"val\u00f3\" data-scaytid=\"29\">val\u00f3<\/span> <span data-scayt_word=\"eligazod\u00e1st\" data-scaytid=\"32\">eligazod\u00e1st<\/span> <span data-scayt_word=\"\u00e9s\" data-scaytid=\"12\">\u00e9s<\/span> <span data-scayt_word=\"eredm\u00e9nyes\" data-scaytid=\"34\">eredm\u00e9nyes<\/span> <span data-scayt_word=\"lobbiz\u00e1st\" data-scaytid=\"36\">lobbiz\u00e1st<\/span> <span data-scayt_word=\"illet\u0151en\" data-scaytid=\"124\">illet\u0151en<\/span> <span data-scayt_word=\"szak\u00e9rtelm\u00fcnk\" data-scaytid=\"38\">szak\u00e9rtelm\u00fcnk<\/span><\/b> <span data-scayt_word=\"\u00e9s\" data-scaytid=\"13\">\u00e9s<\/span> <span data-scayt_word=\"kapcsolataink\" data-scaytid=\"40\">kapcsolataink<\/span> <span data-scayt_word=\"seg\u00edts\u00e9g\u00e9vel\" data-scaytid=\"126\">seg\u00edts\u00e9g\u00e9vel<\/span>,<\/li><li>a <b><span data-scayt_word=\"partnerorsz\u00e1g\" data-scaytid=\"128\">partnerorsz\u00e1g<\/span><\/b> <span data-scayt_word=\"szab\u00e1lyoz\u00e1si\" data-scaytid=\"117\">szab\u00e1lyoz\u00e1si<\/span> <span data-scayt_word=\"rendszer\u00e9hez\" data-scaytid=\"129\">rendszer\u00e9hez<\/span> <span data-scayt_word=\"val\u00f3\" data-scaytid=\"30\">val\u00f3<\/span> <span data-scayt_word=\"alkalmazkod\u00e1st\" data-scaytid=\"130\">alkalmazkod\u00e1st<\/span> <span data-scayt_word=\"\u00e9s\" data-scaytid=\"14\">\u00e9s<\/span> <span data-scayt_word=\"igazod\u00e1st\" data-scaytid=\"131\">igazod\u00e1st<\/span> <span data-scayt_word=\"illet\u0151en\" data-scaytid=\"125\">illet\u0151en<\/span> <b><span data-scayt_word=\"ismereteink\" data-scaytid=\"132\">ismereteink<\/span>, <span data-scayt_word=\"inform\u00e1ci\u00f3beszerz\u00e9si\" data-scaytid=\"133\">inform\u00e1ci\u00f3beszerz\u00e9si<\/span> <span data-scayt_word=\"m\u00f3dszereink\" data-scaytid=\"134\">m\u00f3dszereink<\/span><\/b><\/li><\/ul>\n<!-- \/wp:list -->\n\n<!-- wp:paragraph -->\n<p><span data-scayt_word=\"seg\u00edts\u00e9g\u00e9vel\" data-scaytid=\"127\">seg\u00edts\u00e9g\u00e9vel<\/span> <span data-scayt_word=\"tudjuk\" data-scaytid=\"57\">tudjuk<\/span> <span data-scayt_word=\"k\u00e9pviselni\" data-scaytid=\"135\">k\u00e9pviselni<\/span>.<\/p>\n<!-- \/wp:paragraph -->\n\n<!-- wp:paragraph -->\n<p>A <b><span data-scayt_word=\"magyarorsz\u00e1gi\" data-scaytid=\"3\">magyarorsz\u00e1gi<\/span><\/b> <span data-scayt_word=\"k\u00fclkereskedelmet\" data-scaytid=\"136\">k\u00fclkereskedelmet<\/span> <span data-scayt_word=\"\u00e9rint\u0151\" data-scaytid=\"137\">\u00e9rint\u0151<\/span> <span data-scayt_word=\"legfontosabb\" data-scaytid=\"138\">legfontosabb<\/span> <b><span data-scayt_word=\"enged\u00e9lyez\u00e9si\" data-scaytid=\"24\">enged\u00e9lyez\u00e9si<\/span> <span data-scayt_word=\"ter\u00fcletek\" data-scaytid=\"139\">ter\u00fcletek<\/span><\/b> a <span data-scayt_word=\"k\u00f6vetkez\u0151k\" data-scaytid=\"140\">k\u00f6vetkez\u0151k<\/span>:<\/p>\n<!-- \/wp:paragraph -->\n\n<!-- wp:list -->\n<ul><li><b><span data-scayt_word=\"K\u00e9tl\u00e9pcs\u0151s\" data-scaytid=\"141\">K\u00e9tl\u00e9pcs\u0151s<\/span> <span data-scayt_word=\"enged\u00e9lyeztet\u00e9s\" data-scaytid=\"142\">enged\u00e9lyeztet\u00e9s<\/span><\/b> <span data-scayt_word=\"keret\u00e9ben\" data-scaytid=\"143\">keret\u00e9ben<\/span> <b><span data-scayt_word=\"n\u00e9h\u00e1ny\" data-scaytid=\"144\">n\u00e9h\u00e1ny<\/span> <span data-scayt_word=\"term\u00e9kcsoport\" data-scaytid=\"146\">term\u00e9kcsoport<\/span><\/b> (<span data-scayt_word=\"pl\" data-scaytid=\"147\">pl<\/span>. <span data-scayt_word=\"haditechnika\" data-scaytid=\"151\">haditechnika<\/span>, <span data-scayt_word=\"k\u00e1b\u00edt\u00f3szerek\" data-scaytid=\"152\">k\u00e1b\u00edt\u00f3szerek<\/span> <span data-scayt_word=\"\u00e9s\" data-scaytid=\"15\">\u00e9s<\/span> <span data-scayt_word=\"azok\" data-scaytid=\"153\">azok<\/span> <span data-scayt_word=\"alapanyagai\" data-scaytid=\"154\">alapanyagai<\/span>) <span data-scayt_word=\"k\u00fclkereskedelm\u00e9hez\" data-scaytid=\"155\">k\u00fclkereskedelm\u00e9hez<\/span>\n<ul>\n<li><span data-scayt_word=\"el\u0151sz\u00f6r\" data-scaytid=\"156\">el\u0151sz\u00f6r<\/span> <span data-scayt_word=\"\u00fan\" data-scaytid=\"157\">\u00fan<\/span>. <b><span data-scayt_word=\"tev\u00e9kenys\u00e9gi\" data-scaytid=\"160\">tev\u00e9kenys\u00e9gi<\/span> <span data-scayt_word=\"enged\u00e9lyt\" data-scaytid=\"162\">enged\u00e9lyt<\/span><\/b> (1. <span data-scayt_word=\"l\u00e9pcs\u0151\" data-scaytid=\"166\">l\u00e9pcs\u0151<\/span>), <span data-scayt_word=\"majd\" data-scaytid=\"168\">majd<\/span> a <span data-scayt_word=\"konkr\u00e9t\" data-scaytid=\"169\">konkr\u00e9t<\/span> <span data-scayt_word=\"\u00fcgylethez\" data-scaytid=\"170\">\u00fcgylethez<\/span> <span data-scayt_word=\"kapcsol\u00f3d\u00f3an\" data-scaytid=\"171\">kapcsol\u00f3d\u00f3an<\/span><\/li>\n<li>k\u00e9s\u0151bb <b>forgalmi <span data-scayt_word=\"enged\u00e9lyt\" data-scaytid=\"163\">enged\u00e9lyt<\/span><\/b> (2. <span data-scayt_word=\"l\u00e9pcs\u0151\" data-scaytid=\"167\">l\u00e9pcs\u0151<\/span>)<\/li>\n<\/ul>\n<\/li><\/ul>\n<!-- \/wp:list -->\n\n<!-- wp:paragraph -->\n<p>kell k\u00e9rni. B\u00e1r az enged\u00e9lyez\u00e9s f\u00e9lig-meddig normat\u00edv jelleg\u0171, de a felt\u00e9telek megteremt\u00e9se \u00e9s igazol\u00e1sa mindenk\u00e9ppen szakk\u00fclkereskedelmi ismereteket ig\u00e9nyel.<\/p>\n<!-- \/wp:paragraph -->\n\n<!-- wp:list -->\n<ul><li>A term\u00e9kek egy m\u00e1sik csoportj\u00e1val lebonyol\u00edtand\u00f3 k\u00fclkereskedelemhez nem <span data-scayt_word=\"kell\" data-scaytid=\"66\">kell<\/span> <span data-scayt_word=\"tev\u00e9kenys\u00e9gi\" data-scaytid=\"161\">tev\u00e9kenys\u00e9gi<\/span> <span data-scayt_word=\"enged\u00e9lyt\" data-scaytid=\"164\">enged\u00e9lyt<\/span> k\u00e9rni, forgalmi <span data-scayt_word=\"enged\u00e9lyt\" data-scaytid=\"165\">enged\u00e9lyt<\/span> viszont igen. Ezek <span data-scayt_word=\"az\" data-scaytid=\"81\">az<\/span> <span data-scayt_word=\"\u00fan\" data-scaytid=\"158\">\u00fan<\/span>. <b>forgalmi enged\u00e9lyk\u00f6teles term\u00e9kek<\/b>, amelyek a <span data-scayt_word=\"magyarorsz\u00e1gi\" data-scaytid=\"4\">magyarorsz\u00e1gi<\/span> export 20-30%-\u00e1t, a <span data-scayt_word=\"magyarorsz\u00e1gi\" data-scaytid=\"5\">magyarorsz\u00e1gi<\/span> import 10-15%-\u00e1t adj\u00e1k. Itt <span data-scayt_word=\"az\" data-scaytid=\"82\">az<\/span> enged\u00e9lyeztet\u00e9sre\n<ul>\n<li>vagy a nemzetk\u00f6zi meg\u00e1llapod\u00e1sok betart\u00e1sa (<span data-scayt_word=\"pl\" data-scaytid=\"148\">pl<\/span>. mez\u0151gazdas\u00e1gi, textilipari term\u00e9kek eset\u00e9ben),<\/li>\n<li>vagy forgalomkorl\u00e1toz\u00e1s (<span data-scayt_word=\"pl\" data-scaytid=\"149\">pl<\/span>. egyes fogyaszt\u00e1si cikkek importja eset\u00e9ben)<\/li>\n<\/ul>\n<p>c\u00e9lj\u00e1b\u00f3l van sz\u00fcks\u00e9g. (J\u00f3 p\u00e9lda a forgalomkorl\u00e1toz\u00e1si c\u00e9llal bevezetett <span data-scayt_word=\"enged\u00e9lyez\u00e9si\" data-scaytid=\"25\">enged\u00e9lyez\u00e9si<\/span> rendszerre <span data-scayt_word=\"az\" data-scaytid=\"83\">az<\/span> <span data-scayt_word=\"\u00fan\" data-scaytid=\"159\">\u00fan<\/span>. \"<b>fogyaszt\u00e1si cikk glob\u00e1lkv\u00f3ta p\u00e1ly\u00e1zati rendszert<\/b>\", amely <span data-scayt_word=\"j\u00f3\" data-scaytid=\"50\">j\u00f3<\/span> <span data-scayt_word=\"n\u00e9h\u00e1ny\" data-scaytid=\"145\">n\u00e9h\u00e1ny<\/span> term\u00e9kcsoportra <span data-scayt_word=\"\u00e9s\" data-scaytid=\"17\">\u00e9s<\/span> rel\u00e1ci\u00f3ra \u00edr el\u0151 <b>f\u00e9l\u00e9vente esed\u00e9kes p\u00e1ly\u00e1zati k\u00f6telezetts\u00e9get<\/b> <span data-scayt_word=\"az\" data-scaytid=\"84\">az<\/span> import\u00e1lni sz\u00e1nd\u00e9koz\u00f3k sz\u00e1m\u00e1ra. Minthogy ez a rendszer normat\u00edv alapon nem sok lehet\u0151s\u00e9get ad a nagy forgalomra <span data-scayt_word=\"az\" data-scaytid=\"85\">az<\/span> indul\u00f3, import\u00e1l\u00f3 v\u00e1llalkoz\u00e1soknak, ez\u00e9rt <span data-scayt_word=\"j\u00f3\" data-scaytid=\"51\">j\u00f3<\/span> <span data-scayt_word=\"kapcsolataink\" data-scaytid=\"41\">kapcsolataink<\/span> jav\u00edthatj\u00e1k \u00fcgyfeleink es\u00e9lyeit a sikeres elindul\u00e1sra.)<\/p>\n<\/li><li>Egyes \u00e1gazatokat, term\u00e9kcsoportokat szint\u00e9n k\u00f6telez\u0151en betartand\u00f3, b\u00e1r (a fentiekn\u00e9l) <b>enyh\u00e9bb forgalmi korl\u00e1toz\u00e1sok<\/b> \u00e9rintenek. Ilyen p\u00e9ld\u00e1ul\n<ul>\n<li>a <b>monitoring rendszer<\/b>, amelynek betart\u00e1sa szint\u00e9n szak\u00e9rtelmet ig\u00e9nyel, vagy<\/li>\n<li>a <b>speci\u00e1lis igazol\u00e1sok<\/b> (<span data-scayt_word=\"pl\" data-scaytid=\"150\">pl<\/span>. \u00e1llat-, vagy n\u00f6v\u00e9nyeg\u00e9szs\u00e9g\u00fcgyi igazol\u00e1s) megl\u00e9t\u00e9nek megk\u00f6vetel\u00e9se.<\/li>\n<\/ul>\n<\/li><li>Nemcsak a term\u00e9kek k\u00fclkereskedelme, hanem bizonyos nemzetk\u00f6zi gazdas\u00e1gi <b>tev\u00e9kenys\u00e9gek v\u00e9gz\u00e9se is enged\u00e9lyhez k\u00f6t\u00f6tt<\/b>. Itt t\u00f6bbek k\u00f6z\u00f6tt <span data-scayt_word=\"az\" data-scaytid=\"86\">az<\/span> enged\u00e9lyk\u00f6teles term\u00e9kekkel kapcsolatos\n<ul>\n<li><b>\u00fcgyn\u00f6ki tev\u00e9kenys\u00e9gre<\/b>,<\/li>\n<li><b>reexportra<\/b>,<\/li>\n<li><b>munkaer\u0151exportra <span data-scayt_word=\"\u00e9s\" data-scaytid=\"18\">\u00e9s<\/span> importra<\/b>, valamint<\/li>\n<li><b>b\u00e9rmunk\u00e1ra<\/b><\/li>\n<\/ul>\n<p><span data-scayt_word=\"kell\" data-scaytid=\"67\">kell<\/span> gondolni. Itt is szakismeretre <span data-scayt_word=\"\u00e9s\" data-scaytid=\"19\">\u00e9s<\/span> <span data-scayt_word=\"j\u00f3\" data-scaytid=\"52\">j\u00f3<\/span> kapcsolatokra van sz\u00fcks\u00e9g <span data-scayt_word=\"az\" data-scaytid=\"87\">az<\/span> elindul\u00e1shoz <span data-scayt_word=\"\u00e9s\" data-scaytid=\"20\">\u00e9s<\/span> a folyamatos m\u0171k\u00f6d\u00e9shez.<\/p>\n<\/li><\/ul>\n<!-- \/wp:list -->","_hu_post_name":"export-import-engedelyek-beszerzese","_hu_post_excerpt":"","_hu_post_title":"Export-import enged\u00e9lyek beszerz\u00e9se","_en_post_content":"","_en_post_name":"","_en_post_excerpt":"","_en_post_title":"","edit_language":"en","footnotes":""},"yoast_head":"<!-- This site is optimized with the Yoast SEO plugin v21.7 - https:\/\/yoast.com\/wordpress\/plugins\/seo\/ -->\n<title>Export-import enged\u00e9lyek beszerz\u00e9se - Adintrade Kft.<\/title>\n<meta name=\"robots\" content=\"index, follow, max-snippet:-1, max-image-preview:large, max-video-preview:-1\" \/>\n<link rel=\"canonical\" href=\"https:\/\/adintrade.hu\/export-import-engedelyek-beszerzese\/\" \/>\n<meta property=\"og:locale\" content=\"en_US\" \/>\n<meta property=\"og:type\" content=\"article\" \/>\n<meta property=\"og:title\" content=\"Export-import enged\u00e9lyek beszerz\u00e9se - Adintrade Kft.\" \/>\n<meta property=\"og:description\" content=\"A magyarorsz\u00e1gi \u00e9s EU-s enged\u00e9lyez\u00e9si rendszerben val\u00f3 eligazod\u00e1st \u00e9s eredm\u00e9nyes lobbiz\u00e1st szak\u00e9rtelm\u00fcnk \u00e9s kapcsolataink egyar\u00e1nt seg\u00edtik. Az export-import enged\u00e9lyek beszerz\u00e9s\u00e9ben szakismeret\u00fcnkre \u00e9s j\u00f3 kapcsolatainkra \u00e9p\u00edtve hat\u00e9konyan tudjuk seg\u00edteni \u00fcgyfeleinket. Az enged\u00e9lyez\u00e9ssel kapcsolatban is ki kell emelni, hogy a k\u00fclkereskedelemben legal\u00e1bb n\u00e9gy domin\u00e1ns f\u00e9llel kell sz\u00e1molni, \u00fagy mint az elad\u00f3val, a vev\u0151vel, az elad\u00f3 orsz\u00e1g\u00e1ban m\u0171k\u00f6d\u0151 [&hellip;]\" \/>\n<meta property=\"og:url\" content=\"https:\/\/adintrade.hu\/export-import-engedelyek-beszerzese\/\" \/>\n<meta property=\"og:site_name\" content=\"Adintrade Kft.\" \/>\n<meta property=\"article:publisher\" content=\"https:\/\/facebook.com\/adintrade\" \/>\n<meta name=\"twitter:card\" content=\"summary_large_image\" \/>\n<meta name=\"twitter:label1\" content=\"Est. reading time\" \/>\n\t<meta name=\"twitter:data1\" content=\"3 minutes\" \/>\n<script type=\"application\/ld+json\" class=\"yoast-schema-graph\">{\"@context\":\"https:\/\/schema.org\",\"@graph\":[{\"@type\":\"WebPage\",\"@id\":\"https:\/\/adintrade.hu\/export-import-engedelyek-beszerzese\/\",\"url\":\"https:\/\/adintrade.hu\/export-import-engedelyek-beszerzese\/\",\"name\":\"Export-import enged\u00e9lyek beszerz\u00e9se - Adintrade Kft.\",\"isPartOf\":{\"@id\":\"https:\/\/adintrade.hu\/#website\"},\"datePublished\":\"2017-01-17T19:55:50+00:00\",\"dateModified\":\"2017-01-17T19:55:50+00:00\",\"breadcrumb\":{\"@id\":\"https:\/\/adintrade.hu\/export-import-engedelyek-beszerzese\/#breadcrumb\"},\"inLanguage\":\"english\",\"potentialAction\":[{\"@type\":\"ReadAction\",\"target\":[\"https:\/\/adintrade.hu\/export-import-engedelyek-beszerzese\/\"]}]},{\"@type\":\"BreadcrumbList\",\"@id\":\"https:\/\/adintrade.hu\/export-import-engedelyek-beszerzese\/#breadcrumb\",\"itemListElement\":[{\"@type\":\"ListItem\",\"position\":1,\"name\":\"Home\",\"item\":\"https:\/\/adintrade.hu\/\"},{\"@type\":\"ListItem\",\"position\":2,\"name\":\"Export-import enged\u00e9lyek beszerz\u00e9se\"}]},{\"@type\":\"WebSite\",\"@id\":\"https:\/\/adintrade.hu\/#website\",\"url\":\"https:\/\/adintrade.hu\/\",\"name\":\"Adintrade Kft.\",\"description\":\"Customs and product fee administration\",\"publisher\":{\"@id\":\"https:\/\/adintrade.hu\/#organization\"},\"potentialAction\":[{\"@type\":\"SearchAction\",\"target\":{\"@type\":\"EntryPoint\",\"urlTemplate\":\"https:\/\/adintrade.hu\/?s={search_term_string}\"},\"query-input\":\"required name=search_term_string\"}],\"inLanguage\":\"english\"},{\"@type\":\"Organization\",\"@id\":\"https:\/\/adintrade.hu\/#organization\",\"name\":\"Adintrade Kft.\",\"url\":\"https:\/\/adintrade.hu\/\",\"logo\":{\"@type\":\"ImageObject\",\"inLanguage\":\"english\",\"@id\":\"https:\/\/adintrade.hu\/#\/schema\/logo\/image\/\",\"url\":\"https:\/\/adintrade.hu\/wp-content\/uploads\/2022\/08\/cropped-cropped-adintrade_original.png\",\"contentUrl\":\"https:\/\/adintrade.hu\/wp-content\/uploads\/2022\/08\/cropped-cropped-adintrade_original.png\",\"width\":794,\"height\":247,\"caption\":\"Adintrade Kft.\"},\"image\":{\"@id\":\"https:\/\/adintrade.hu\/#\/schema\/logo\/image\/\"},\"sameAs\":[\"https:\/\/facebook.com\/adintrade\"]}]}<\/script>\n<!-- \/ Yoast SEO plugin. -->","yoast_head_json":{"title":"Export-import enged\u00e9lyek beszerz\u00e9se - Adintrade Kft.","robots":{"index":"index","follow":"follow","max-snippet":"max-snippet:-1","max-image-preview":"max-image-preview:large","max-video-preview":"max-video-preview:-1"},"canonical":"https:\/\/adintrade.hu\/export-import-engedelyek-beszerzese\/","og_locale":"en_US","og_type":"article","og_title":"Export-import enged\u00e9lyek beszerz\u00e9se - Adintrade Kft.","og_description":"A magyarorsz\u00e1gi \u00e9s EU-s enged\u00e9lyez\u00e9si rendszerben val\u00f3 eligazod\u00e1st \u00e9s eredm\u00e9nyes lobbiz\u00e1st szak\u00e9rtelm\u00fcnk \u00e9s kapcsolataink egyar\u00e1nt seg\u00edtik. Az export-import enged\u00e9lyek beszerz\u00e9s\u00e9ben szakismeret\u00fcnkre \u00e9s j\u00f3 kapcsolatainkra \u00e9p\u00edtve hat\u00e9konyan tudjuk seg\u00edteni \u00fcgyfeleinket. Az enged\u00e9lyez\u00e9ssel kapcsolatban is ki kell emelni, hogy a k\u00fclkereskedelemben legal\u00e1bb n\u00e9gy domin\u00e1ns f\u00e9llel kell sz\u00e1molni, \u00fagy mint az elad\u00f3val, a vev\u0151vel, az elad\u00f3 orsz\u00e1g\u00e1ban m\u0171k\u00f6d\u0151 [&hellip;]","og_url":"https:\/\/adintrade.hu\/export-import-engedelyek-beszerzese\/","og_site_name":"Adintrade Kft.","article_publisher":"https:\/\/facebook.com\/adintrade","twitter_card":"summary_large_image","twitter_misc":{"Est. reading time":"3 minutes"},"schema":{"@context":"https:\/\/schema.org","@graph":[{"@type":"WebPage","@id":"https:\/\/adintrade.hu\/export-import-engedelyek-beszerzese\/","url":"https:\/\/adintrade.hu\/export-import-engedelyek-beszerzese\/","name":"Export-import enged\u00e9lyek beszerz\u00e9se - Adintrade Kft.","isPartOf":{"@id":"https:\/\/adintrade.hu\/#website"},"datePublished":"2017-01-17T19:55:50+00:00","dateModified":"2017-01-17T19:55:50+00:00","breadcrumb":{"@id":"https:\/\/adintrade.hu\/export-import-engedelyek-beszerzese\/#breadcrumb"},"inLanguage":"english","potentialAction":[{"@type":"ReadAction","target":["https:\/\/adintrade.hu\/export-import-engedelyek-beszerzese\/"]}]},{"@type":"BreadcrumbList","@id":"https:\/\/adintrade.hu\/export-import-engedelyek-beszerzese\/#breadcrumb","itemListElement":[{"@type":"ListItem","position":1,"name":"Home","item":"https:\/\/adintrade.hu\/"},{"@type":"ListItem","position":2,"name":"Export-import enged\u00e9lyek beszerz\u00e9se"}]},{"@type":"WebSite","@id":"https:\/\/adintrade.hu\/#website","url":"https:\/\/adintrade.hu\/","name":"Adintrade Kft.","description":"Customs and product fee administration","publisher":{"@id":"https:\/\/adintrade.hu\/#organization"},"potentialAction":[{"@type":"SearchAction","target":{"@type":"EntryPoint","urlTemplate":"https:\/\/adintrade.hu\/?s={search_term_string}"},"query-input":"required name=search_term_string"}],"inLanguage":"english"},{"@type":"Organization","@id":"https:\/\/adintrade.hu\/#organization","name":"Adintrade Kft.","url":"https:\/\/adintrade.hu\/","logo":{"@type":"ImageObject","inLanguage":"english","@id":"https:\/\/adintrade.hu\/#\/schema\/logo\/image\/","url":"https:\/\/adintrade.hu\/wp-content\/uploads\/2022\/08\/cropped-cropped-adintrade_original.png","contentUrl":"https:\/\/adintrade.hu\/wp-content\/uploads\/2022\/08\/cropped-cropped-adintrade_original.png","width":794,"height":247,"caption":"Adintrade Kft."},"image":{"@id":"https:\/\/adintrade.hu\/#\/schema\/logo\/image\/"},"sameAs":["https:\/\/facebook.com\/adintrade"]}]}},"_links":{"self":[{"href":"https:\/\/adintrade.hu\/en\/wp-json\/wp\/v2\/pages\/469"}],"collection":[{"href":"https:\/\/adintrade.hu\/en\/wp-json\/wp\/v2\/pages"}],"about":[{"href":"https:\/\/adintrade.hu\/en\/wp-json\/wp\/v2\/types\/page"}],"author":[{"embeddable":true,"href":"https:\/\/adintrade.hu\/en\/wp-json\/wp\/v2\/users\/1"}],"replies":[{"embeddable":true,"href":"https:\/\/adintrade.hu\/en\/wp-json\/wp\/v2\/comments?post=469"}],"version-history":[{"count":0,"href":"https:\/\/adintrade.hu\/en\/wp-json\/wp\/v2\/pages\/469\/revisions"}],"wp:attachment":[{"href":"https:\/\/adintrade.hu\/en\/wp-json\/wp\/v2\/media?parent=469"}],"curies":[{"name":"wp","href":"https:\/\/api.w.org\/{rel}","templated":true}]}}