{"id":47,"date":"2016-09-17T10:18:40","date_gmt":"2016-09-17T08:18:40","guid":{"rendered":"http:\/\/adintrade.hu\/?page_id=47"},"modified":"2023-02-08T11:03:27","modified_gmt":"2023-02-08T10:03:27","slug":"our_strengths","status":"publish","type":"page","link":"https:\/\/adintrade.hu\/en\/our_strengths\/","title":{"rendered":"Our strengths","raw":"Our strengths"},"content":{"rendered":"\n<p>You can count on us! AD Intrade provides secure, professional assistance owing to its five strengths, which are:<\/p>\n\n\n\n<ul class=\"has-black-color has-background-background-color has-text-color has-background\"><li>Competence<\/li><li>The client\u2019s comfort<\/li><li>Cost savings<\/li><li>Accuracy and exactitude<\/li><li><a id=\"szakertelem\"><\/a>Agility<\/li><\/ul>\n\n\n\n<h2 class=\"wp-block-heading\">Competence<\/h2>\n\n\n\n<p>Our company\u2019s Senior Adviser, Mr. Dr. J\u00e1nos S\u00e1ndor, acquired the basis of his workmanship during his university studies and continued developing it during nearly three decades of active work as a foreign trader, authorised Customs expert, and adviser. He has chosen his team of experts very thoughtfully. Our colleagues regularly attend vocational training courses, too.<\/p>\n\n\n\n<h2 class=\"wp-block-heading\">The client\u2019s comfort<\/h2>\n\n\n\n<p>At our company, we have devised a working system which is totally client-friendly and provides them with full comfort. The activities we are entrusted with discharge them on a daily basis.<\/p>\n\n\n\n<h2 class=\"wp-block-heading\">Cost savings<\/h2>\n\n\n\n<p>From time to time, new laws or regulations are born on the basis of which imported goods can get customs clearance with much more favourable tariff articles than previously calculated. We save money for your firm.<\/p>\n\n\n\n<h2 class=\"wp-block-heading\">Accuracy and exactitude<\/h2>\n\n\n\n<p><a name=\"gyorsasag\"><\/a>Accuracy and exactitude in customs clearance and in the completion of customs and transport documents are indispensable in our professional field because inaccurate form completion can result in the loss of money and time, which we cannot afford.<\/p>\n\n\n\n<h2 class=\"wp-block-heading\">Agility<\/h2>\n\n\n\n<p>We are aware of the fact that, aside from quality and prices, market competition is often decided by speed, and we are absolutely able to keep pace with this.<br>As a licensed consignee and with the help of our electronic customs clearance systems, we can release foreign trade shipments in a short time, if needed, and we make it possible for motor vehicles loaded with goods to continue along their journeys.<br>Due to our good, long-term, daily relationship with the customs authorities, we are able to quickly and easily handle any type of issue, should one occur.<\/p>\n","protected":false,"raw":"<!-- wp:paragraph -->\n<p>You can count on us! AD Intrade provides secure, professional assistance owing to its five strengths, which are:<\/p>\n<!-- \/wp:paragraph -->\n\n<!-- wp:list {\"backgroundColor\":\"background\",\"textColor\":\"black\"} -->\n<ul class=\"has-black-color has-background-background-color has-text-color has-background\"><li>Competence<\/li><li>The client\u2019s comfort<\/li><li>Cost savings<\/li><li>Accuracy and exactitude<\/li><li><a id=\"szakertelem\"><\/a>Agility<\/li><\/ul>\n<!-- \/wp:list -->\n\n<!-- wp:heading -->\n<h2>Competence<\/h2>\n<!-- \/wp:heading -->\n\n<!-- wp:paragraph -->\n<p>Our company\u2019s Senior Adviser, Mr. Dr. J\u00e1nos S\u00e1ndor, acquired the basis of his workmanship during his university studies and continued developing it during nearly three decades of active work as a foreign trader, authorised Customs expert, and adviser. He has chosen his team of experts very thoughtfully. Our colleagues regularly attend vocational training courses, too.<\/p>\n<!-- \/wp:paragraph -->\n\n<!-- wp:heading -->\n<h2>The client\u2019s comfort<\/h2>\n<!-- \/wp:heading -->\n\n<!-- wp:paragraph -->\n<p>At our company, we have devised a working system which is totally client-friendly and provides them with full comfort. The activities we are entrusted with discharge them on a daily basis.<\/p>\n<!-- \/wp:paragraph -->\n\n<!-- wp:heading -->\n<h2>Cost savings<\/h2>\n<!-- \/wp:heading -->\n\n<!-- wp:paragraph -->\n<p>From time to time, new laws or regulations are born on the basis of which imported goods can get customs clearance with much more favourable tariff articles than previously calculated. We save money for your firm.<\/p>\n<!-- \/wp:paragraph -->\n\n<!-- wp:heading -->\n<h2>Accuracy and exactitude<\/h2>\n<!-- \/wp:heading -->\n\n<!-- wp:paragraph -->\n<p><a name=\"gyorsasag\"><\/a>Accuracy and exactitude in customs clearance and in the completion of customs and transport documents are indispensable in our professional field because inaccurate form completion can result in the loss of money and time, which we cannot afford.<\/p>\n<!-- \/wp:paragraph -->\n\n<!-- wp:heading -->\n<h2>Agility<\/h2>\n<!-- \/wp:heading -->\n\n<!-- wp:paragraph -->\n<p>We are aware of the fact that, aside from quality and prices, market competition is often decided by speed, and we are absolutely able to keep pace with this.<br>As a licensed consignee and with the help of our electronic customs clearance systems, we can release foreign trade shipments in a short time, if needed, and we make it possible for motor vehicles loaded with goods to continue along their journeys.<br>Due to our good, long-term, daily relationship with the customs authorities, we are able to quickly and easily handle any type of issue, should one occur.<\/p>\n<!-- \/wp:paragraph -->"},"excerpt":{"rendered":"","protected":false,"raw":""},"author":1,"featured_media":0,"parent":0,"menu_order":0,"comment_status":"closed","ping_status":"closed","template":"","meta":{"inline_featured_image":false,"_hu_post_content":"<!-- wp:paragraph -->\n<p><em><strong>Sz\u00e1m\u00edthat R\u00e1nk!<\/strong> <\/em>Az AD Intrade Biztos szakmai h\u00e1tteret AD 5 f\u0151 er\u0151ss\u00e9g\u00e9vel, melyek:<\/p>\n<!-- \/wp:paragraph -->\n\n<!-- wp:list -->\n<ul><li><span style=\"text-decoration: underline;\"><span style=\"color: #000000;\"><a style=\"color: #000000; text-decoration: underline;\" href=\"#szakertelem\">A szak\u00e9rtelem<\/a><\/span><\/span><\/li><li><span style=\"text-decoration: underline;\"><span style=\"color: #000000;\"><a style=\"color: #000000; text-decoration: underline;\" href=\"#ugyfelk\">Az \u00fcgyf\u00e9lk\u00e9nyelem<\/a><\/span><\/span><\/li><li><span style=\"text-decoration: underline;\"><span style=\"color: #000000;\"><a style=\"color: #000000; text-decoration: underline;\" href=\"#koltseg\">A k\u00f6lts\u00e9gmegtakar\u00edt\u00e1s<\/a><\/span><\/span><\/li><li><span style=\"text-decoration: underline;\"><span style=\"color: #000000;\"><a style=\"color: #000000; text-decoration: underline;\" href=\"#pontossag\">A pontoss\u00e1g, precizit\u00e1s<\/a><\/span><\/span><\/li><li><a name=\"szakertelem\"><\/a><span style=\"text-decoration: underline;\"><span style=\"color: #000000;\"><a style=\"color: #000000; text-decoration: underline;\" href=\"#gyorsasag\">A gyorsas\u00e1g<\/a><\/span><\/span> <\/li><\/ul>\n<!-- \/wp:list -->\n\n<!-- wp:heading -->\n<h2>Szak\u00e9rtelem<\/h2>\n<!-- \/wp:heading -->\n\n<!-- wp:paragraph -->\n<p>\u00dcgyfeleinket gyakran \u00fagy \u201eszerezt\u00fck meg\u201d, hogy amikor egy nagyon komplik\u00e1lt, m\u00e1r-m\u00e1r rem\u00e9nytelennek t\u0171n\u0151 \u00fcgyben hozz\u00e1nk fordultak, siker\u00fclt sz\u00e1mukra egy olyan megold\u00e1st tal\u00e1lnunk, amely komoly anyagi el\u0151ny\u00f6kh\u00f6z juttatta \u0151ket. Vagy ami legal\u00e1bb ilyen fontos, hogy egy m\u00e1r elvesztettnek hitt p\u00e9nz\u00f6sszeget siker\u00fclt visszaszerezn\u00fcnk sz\u00e1munkra.<\/p>\n<!-- \/wp:paragraph -->\n\n<!-- wp:paragraph -->\n<p>De ami tal\u00e1n m\u00e9g enn\u00e9l is fontosabb, \u00fcgyfeleinket meg is tudjuk tartani. Err\u0151l semmi sem tan\u00faskodhat jobban, mint az a t\u00e9ny, hogy az \u00e9vek sor\u00e1n egyetlen \u00fcgyfel\u00fcnket sem vesz\u00edtett\u00fck el.<\/p>\n<!-- \/wp:paragraph -->\n\n<!-- wp:paragraph -->\n<p><a name=\"ugyfelk\"><\/a>C\u00e9g\u00fcnk f\u0151 tan\u00e1csad\u00f3ja, Dr. S\u00e1ndor J\u00e1nos szakmai tud\u00e1s\u00e1nak alapjait fels\u0151fok\u00fa tanulm\u00e1nyai sor\u00e1n szerezte, \u00e9s majdnem h\u00e1rom \u00e9vtizedes akt\u00edv k\u00fclkeresked\u0151i, v\u00e1mszak\u00e9rt\u0151i \u00e9s tan\u00e1csad\u00f3i munk\u00e1ja sor\u00e1n m\u00e9ly\u00edtette el. Szak\u00e9rt\u0151i csapat\u00e1t \u00e9s nagy gondoss\u00e1ggal v\u00e1lasztotta meg, a koll\u00e9g\u00e1k rendszeresen r\u00e9szt vesznek tov\u00e1bbk\u00e9pz\u00e9seken is.<\/p>\n<!-- \/wp:paragraph -->\n\n<!-- wp:heading -->\n<h2>\u00dcgyf\u00e9lk\u00e9nyelem<\/h2>\n<!-- \/wp:heading -->\n\n<!-- wp:paragraph -->\n<p>C\u00e9g\u00fcnkn\u00e9l olyan munkarendszert dolgozunk ki, amely maxim\u00e1lisan \u00fcgyf\u00e9lbar\u00e1t, \u00e9s teljes k\u00e9nyelmet biztos\u00edt \u00fcgyfeleinknek. Azon tev\u00e9kenys\u00e9gekkel, amelyeket r\u00e1nk b\u00edznak, a mindennapok szintj\u00e9n is tehermentes\u00edtj\u00fck \u0151ket:<\/p>\n<!-- \/wp:paragraph -->\n\n<!-- wp:list -->\n<ul><li>Nem kell a pap\u00edrmunk\u00e1val t\u00f6r\u0151dni\u00fck,<\/li><li>Nem kell figyelni\u00fck a megjelen\u0151 \u00faj rendelkez\u00e9seket,<\/li><li>Nem kell a v\u00e1mhivatalokba rohang\u00e1lniuk,<\/li><li>Nem kell idegeskedni\u00fck hi\u00e1nyosan vagy pontatlanul kit\u00f6lt\u00f6tt okm\u00e1nyok miatt,<\/li><li>Nem kell att\u00f3l f\u00e9lni\u00fck, hogy nem jutnak id\u0151ben egy import\u00e1lt \u00e1rusz\u00e1ll\u00edtm\u00e1nyhoz,<\/li><li>Nem kell f\u00e9lni\u00fck, hogy szab\u00e1lytalans\u00e1got k\u00f6vetnek el<\/li><li>S\u0151t! M\u00e9g k\u00fclf\u00f6ldi partnereivel sem kell felt\u00e9tlen\u00fcl telefonon egyeztetnie, ha probl\u00e9m\u00e1t kell tiszt\u00e1zni. <a name=\"koltseg\"><\/a><\/li><\/ul>\n<!-- \/wp:list -->\n\n<!-- wp:paragraph -->\n<p>Ezt mi mind sz\u00edvesen magunkra v\u00e1llaljuk. S\u0151t, ak\u00e1r sz\u00edvesen elmegy\u00fcnk irod\u00e1j\u00e1ba szem\u00e9lyes egyeztet\u00e9sre is. Nek\u00fcnk a l\u00e9nyeg, hogy \u00fcgyfel\u00fcnknek k\u00e9nyelmes legyen.<\/p>\n<!-- \/wp:paragraph -->\n\n<!-- wp:heading -->\n<h2>K\u00f6lts\u00e9gmegtakar\u00edt\u00e1s<\/h2>\n<!-- \/wp:heading -->\n\n<!-- wp:paragraph -->\n<p>Mi megtal\u00e1ljuk, hogyan \u00e9rhet el \u00fcgyfel\u00fcnk k\u00f6lts\u00e9gmegtakar\u00edt\u00e1st. Id\u0151r\u0151l-id\u0151re ugyanis mindig sz\u00fcletik egy-egye jogszab\u00e1ly vagy rendelkez\u00e9s, ami alapj\u00e1n az import\u00e1lt \u00e1rut az el\u0151zetesen kalkul\u00e1ltn\u00e1l sokkal kedvez\u0151bb v\u00e1mt\u00e9tellel lehet majd elv\u00e1moltatni. Sp\u00f3rolunk c\u00e9g\u00e9nek.<\/p>\n<!-- \/wp:paragraph -->\n\n<!-- wp:paragraph -->\n<p>Ezen t\u00fal k\u00f6zvetett k\u00f6lts\u00e9gmegtakar\u00edt\u00e1st is nyer \u00fcgyfel\u00fcnk azzal, hogy:<\/p>\n<!-- \/wp:paragraph -->\n\n<!-- wp:list -->\n<ul><li>Nem kell saj\u00e1t v\u00e1mcsoportot fenntartania,<\/li><li><a name=\"pontossag\"><\/a>Nem kell b\u00e9rk\u00f6lts\u00e9get \u00e9s b\u00e9rj\u00e1rul\u00e9kot fizetnie,<\/li><li>Nem kell a munkat\u00e1rsak r\u00e9sz\u00e9re helyet, \u00edr\u00f3asztalt, sz\u00e1m\u00edt\u00f3g\u00e9pet biztos\u00edtania, plusz emellett mentes\u00fcl rengeteg telefon- \u00e9s utaz\u00e1si k\u00f6lts\u00e9g al\u00f3l is. <\/li><\/ul>\n<!-- \/wp:list -->\n\n<!-- wp:heading -->\n<h2>Pontoss\u00e1g, precizit\u00e1s<\/h2>\n<!-- \/wp:heading -->\n\n<!-- wp:paragraph -->\n<p><a name=\"gyorsasag\"><\/a>Szakter\u00fclet\u00fcnk\u00f6n a v\u00e1m\u00fcgyint\u00e9z\u00e9s\u00e9ben, a v\u00e1mpap\u00edrok \u00e9s fuvarokm\u00e1nyok kit\u00f6lt\u00e9s\u00e9ben elengedhetetlen a pontoss\u00e1g \u00e9s a precizit\u00e1s, hiszen a helytelen kit\u00f6lt\u00e9s anyagi \u00e9s id\u0151vesztes\u00e9ggel j\u00e1rhat, amit nem engedhet\u00fcnk meg magunknak. Term\u00e9szetesen munk\u00e1nk\u00e9rt felel\u0151ss\u00e9get is v\u00e1llalunk.<\/p>\n<!-- \/wp:paragraph -->\n\n<!-- wp:heading -->\n<h2>Gyorsas\u00e1g<\/h2>\n<!-- \/wp:heading -->\n\n<!-- wp:paragraph -->\n<p>Tiszt\u00e1ban vagyunk vele, hogy a piaci versenyt a min\u0151s\u00e9g \u00e9s az \u00e1r mellett gyakran a gyorsas\u00e1g d\u00f6nti el, \u00e9s ezzel teljes m\u00e9rt\u00e9kig l\u00e9p\u00e9st tudunk tartani.<\/p>\n<!-- \/wp:paragraph -->\n\n<!-- wp:paragraph -->\n<p>Budapesten \u00e9s a k\u00f6rny\u00e9k\u00e9n b\u00e1rmely v\u00e1mkezel\u00e9si helyen m\u00e9g aznap, ak\u00e1r szem\u00e9lyesen int\u00e9zz\u00fck el a v\u00e1moltat\u00e1st. Pontosan tudjuk, hogy az id\u0151 is p\u00e9nz, \u00e9s \u00fcgyfeleink nem engedhetik meg maguknak, hogy egy megrakott kamion v\u00e1rakoz\u00e1sra k\u00e9nyszer\u00fclj\u00f6n vagy hogy az import\u00e1l\u00f3 c\u00e9g ne tudjon idej\u00e9ben hozz\u00e1jutni a behozott \u00e1ruhoz.<\/p>\n<!-- \/wp:paragraph -->\n\n<!-- wp:paragraph -->\n<p>A v\u00e1mokm\u00e1nyok szakszer\u0171, tartalmilag \u00e9s formailag pontos kit\u00f6lt\u00e9s\u00e9vel:<\/p>\n<!-- \/wp:paragraph -->\n\n<!-- wp:list -->\n<ul><li>El\u00e9rj\u00fck, hogy a v\u00e1mszervek ne tapasztaljanak hi\u00e1nyoss\u00e1got, \u00e9s \u00edgy ne \u00e9ljenek \u201e\u00e1rumeg\u00e1ll\u00edt\u00f3\u201d jogukkal,<\/li><li>Biztons\u00e1goss\u00e1 \u00e9s g\u00f6rd\u00fcl\u00e9kenny\u00e9 tessz\u00fck a v\u00e1mkezel\u00e9s folyamat\u00e1t,<\/li><li>\u00c9s elker\u00fclhet\u0151v\u00e9 tessz\u00fck a k\u00e9sedelmes teljes\u00edt\u00e9seket, felesleges \u00e1ll\u00e1sd\u00edjakat. <\/li><\/ul>\n<!-- \/wp:list -->\n\n<!-- wp:paragraph -->\n<p>Elektronikus v\u00e1mkezel\u0151 rendszer\u00fcnk seg\u00edts\u00e9g\u00e9vel enged\u00e9lyezett c\u00edmzettk\u00e9nt ak\u00e1r n\u00e9h\u00e1ny perc alatt felszabad\u00edtjuk a k\u00fclkereskedelmi sz\u00e1ll\u00edtm\u00e1nyokat, \u00e9s \u00fagy tessz\u00fck lehet\u0151v\u00e9 az \u00e1ruval megrakott g\u00e9pj\u00e1rm\u0171vek tov\u00e1bb halad\u00e1s\u00e1t, hogy annak fizikailag nem is kell a v\u00e1mhivatal ter\u00fclet\u00e9re be\u00e1llniuk.<\/p>\n<!-- \/wp:paragraph -->\n\n<!-- wp:paragraph -->\n<p>Ha m\u00e9gis b\u00e1rmilyen probl\u00e9ma ad\u00f3dna, akkor ezt is k\u00f6nnyen \u00e9s gyorsan kezelni tudjuk a v\u00e1mszervekkel kialak\u00edtott sok\u00e9ves igen j\u00f3, napi kapcsolataink r\u00e9v\u00e9n. Hiszen<\/p>\n<!-- \/wp:paragraph -->\n\n<!-- wp:list -->\n<ul><li>A v\u00e1mszervek b\u00edznak benn\u00fcnk,<\/li><li>Elfogadj\u00e1k a szakmai v\u00e9lem\u00e9ny\u00fcnket,<\/li><li>\u00c9s rugalmass\u00e1got tan\u00fas\u00edtanak az esetlegesen el\u0151fordul\u00f3 k\u00e9nyesebb \u00fcgyekben.<\/li><\/ul>\n<!-- \/wp:list -->\n\n<!-- wp:paragraph -->\n<p>Gy\u0151z\u0151dj\u00f6n meg szem\u00e9lyesen szak\u00e9rtelm\u00fcnkr\u0151l, koll\u00e9g\u00e1ink gyors \u00e9s prec\u00edz munkav\u00e9gz\u00e9s\u00e9r\u0151l, mik\u00f6zben ak\u00e1r az els\u0151 perct\u0151l k\u00f6lts\u00e9geket takar\u00edtunk meg c\u00e9ge sz\u00e1m\u00e1ra. <a href=\"https:\/\/adintrade.hu\/tanacsadas\/\">K\u00e9rje \u00d6n is ingyenes v\u00e1m vagy term\u00e9kd\u00edj tan\u00e1csad\u00e1sunkat!<\/a><\/p>\n<!-- \/wp:paragraph -->","_hu_post_name":"erossegeink","_hu_post_excerpt":"","_hu_post_title":"Er\u0151ss\u00e9geink","_en_post_content":"<!-- wp:paragraph -->\n<p>You can count on us! AD Intrade provides secure, professional assistance owing to its five strengths, which are:<\/p>\n<!-- \/wp:paragraph -->\n\n<!-- wp:list {\"backgroundColor\":\"background\",\"textColor\":\"black\"} -->\n<ul class=\"has-black-color has-background-background-color has-text-color has-background\"><li>Competence<\/li><li>The client\u2019s comfort<\/li><li>Cost savings<\/li><li>Accuracy and exactitude<\/li><li><a id=\"szakertelem\"><\/a>Agility<\/li><\/ul>\n<!-- \/wp:list -->\n\n<!-- wp:heading -->\n<h2>Competence<\/h2>\n<!-- \/wp:heading -->\n\n<!-- wp:paragraph -->\n<p>Our company\u2019s Senior Adviser, Mr. Dr. J\u00e1nos S\u00e1ndor, acquired the basis of his workmanship during his university studies and continued developing it during nearly three decades of active work as a foreign trader, authorised Customs expert, and adviser. He has chosen his team of experts very thoughtfully. Our colleagues regularly attend vocational training courses, too.<\/p>\n<!-- \/wp:paragraph -->\n\n<!-- wp:heading -->\n<h2>The client\u2019s comfort<\/h2>\n<!-- \/wp:heading -->\n\n<!-- wp:paragraph -->\n<p>At our company, we have devised a working system which is totally client-friendly and provides them with full comfort. The activities we are entrusted with discharge them on a daily basis.<\/p>\n<!-- \/wp:paragraph -->\n\n<!-- wp:heading -->\n<h2>Cost savings<\/h2>\n<!-- \/wp:heading -->\n\n<!-- wp:paragraph -->\n<p>From time to time, new laws or regulations are born on the basis of which imported goods can get customs clearance with much more favourable tariff articles than previously calculated. We save money for your firm.<\/p>\n<!-- \/wp:paragraph -->\n\n<!-- wp:heading -->\n<h2>Accuracy and exactitude<\/h2>\n<!-- \/wp:heading -->\n\n<!-- wp:paragraph -->\n<p><a name=\"gyorsasag\"><\/a>Accuracy and exactitude in customs clearance and in the completion of customs and transport documents are indispensable in our professional field because inaccurate form completion can result in the loss of money and time, which we cannot afford.<\/p>\n<!-- \/wp:paragraph -->\n\n<!-- wp:heading -->\n<h2>Agility<\/h2>\n<!-- \/wp:heading -->\n\n<!-- wp:paragraph -->\n<p>We are aware of the fact that, aside from quality and prices, market competition is often decided by speed, and we are absolutely able to keep pace with this.<br>As a licensed consignee and with the help of our electronic customs clearance systems, we can release foreign trade shipments in a short time, if needed, and we make it possible for motor vehicles loaded with goods to continue along their journeys.<br>Due to our good, long-term, daily relationship with the customs authorities, we are able to quickly and easily handle any type of issue, should one occur.<\/p>\n<!-- \/wp:paragraph -->","_en_post_name":"our_strengths","_en_post_excerpt":"","_en_post_title":"Our strengths","edit_language":"en","footnotes":""},"yoast_head":"<!-- This site is optimized with the Yoast SEO plugin v21.7 - https:\/\/yoast.com\/wordpress\/plugins\/seo\/ -->\n<title>Er\u0151ss\u00e9geink - Az AD Intrade Biztos szakmai h\u00e1tteret AD!<\/title>\n<meta name=\"description\" content=\"Az AD Intrade Biztos szakmai h\u00e1tteret AD 5 f\u0151 er\u0151ss\u00e9g\u00e9vel, melyek: A szak\u00e9rtelem, az \u00fcgyf\u00e9lk\u00e9nyelem, a k\u00f6lts\u00e9gmegtakar\u00edt\u00e1s, a pontoss\u00e1g \u00e9s a gyorsas\u00e1g.\" \/>\n<meta name=\"robots\" content=\"index, follow, max-snippet:-1, max-image-preview:large, max-video-preview:-1\" \/>\n<link rel=\"canonical\" href=\"https:\/\/adintrade.hu\/en\/our_strengths\/\" \/>\n<meta property=\"og:locale\" content=\"en_US\" \/>\n<meta property=\"og:type\" content=\"article\" \/>\n<meta property=\"og:title\" content=\"Er\u0151ss\u00e9geink - Az AD Intrade Biztos szakmai h\u00e1tteret AD!\" \/>\n<meta property=\"og:description\" content=\"Az AD Intrade Biztos szakmai h\u00e1tteret AD 5 f\u0151 er\u0151ss\u00e9g\u00e9vel, melyek: A szak\u00e9rtelem, az \u00fcgyf\u00e9lk\u00e9nyelem, a k\u00f6lts\u00e9gmegtakar\u00edt\u00e1s, a pontoss\u00e1g \u00e9s a gyorsas\u00e1g.\" \/>\n<meta property=\"og:url\" content=\"https:\/\/adintrade.hu\/en\/our_strengths\/\" \/>\n<meta property=\"og:site_name\" content=\"Adintrade Kft.\" \/>\n<meta property=\"article:publisher\" content=\"https:\/\/facebook.com\/adintrade\" \/>\n<meta property=\"article:modified_time\" content=\"2023-02-08T10:03:27+00:00\" \/>\n<meta name=\"twitter:card\" content=\"summary_large_image\" \/>\n<meta name=\"twitter:label1\" content=\"Est. reading time\" \/>\n\t<meta name=\"twitter:data1\" content=\"2 minutes\" \/>\n<script type=\"application\/ld+json\" class=\"yoast-schema-graph\">{\"@context\":\"https:\/\/schema.org\",\"@graph\":[{\"@type\":\"WebPage\",\"@id\":\"https:\/\/adintrade.hu\/en\/our_strengths\/\",\"url\":\"https:\/\/adintrade.hu\/en\/our_strengths\/\",\"name\":\"Er\u0151ss\u00e9geink - Az AD Intrade Biztos szakmai h\u00e1tteret AD!\",\"isPartOf\":{\"@id\":\"https:\/\/adintrade.hu\/#website\"},\"datePublished\":\"2016-09-17T08:18:40+00:00\",\"dateModified\":\"2023-02-08T10:03:27+00:00\",\"description\":\"Az AD Intrade Biztos szakmai h\u00e1tteret AD 5 f\u0151 er\u0151ss\u00e9g\u00e9vel, melyek: A szak\u00e9rtelem, az \u00fcgyf\u00e9lk\u00e9nyelem, a k\u00f6lts\u00e9gmegtakar\u00edt\u00e1s, a pontoss\u00e1g \u00e9s a gyorsas\u00e1g.\",\"breadcrumb\":{\"@id\":\"https:\/\/adintrade.hu\/en\/our_strengths\/#breadcrumb\"},\"inLanguage\":\"english\",\"potentialAction\":[{\"@type\":\"ReadAction\",\"target\":[\"https:\/\/adintrade.hu\/en\/our_strengths\/\"]}]},{\"@type\":\"BreadcrumbList\",\"@id\":\"https:\/\/adintrade.hu\/en\/our_strengths\/#breadcrumb\",\"itemListElement\":[{\"@type\":\"ListItem\",\"position\":1,\"name\":\"Home\",\"item\":\"https:\/\/adintrade.hu\/\"},{\"@type\":\"ListItem\",\"position\":2,\"name\":\"Our strengths\"}]},{\"@type\":\"WebSite\",\"@id\":\"https:\/\/adintrade.hu\/#website\",\"url\":\"https:\/\/adintrade.hu\/\",\"name\":\"Adintrade Kft.\",\"description\":\"Customs and product fee administration\",\"publisher\":{\"@id\":\"https:\/\/adintrade.hu\/#organization\"},\"potentialAction\":[{\"@type\":\"SearchAction\",\"target\":{\"@type\":\"EntryPoint\",\"urlTemplate\":\"https:\/\/adintrade.hu\/?s={search_term_string}\"},\"query-input\":\"required name=search_term_string\"}],\"inLanguage\":\"english\"},{\"@type\":\"Organization\",\"@id\":\"https:\/\/adintrade.hu\/#organization\",\"name\":\"Adintrade Kft.\",\"url\":\"https:\/\/adintrade.hu\/\",\"logo\":{\"@type\":\"ImageObject\",\"inLanguage\":\"english\",\"@id\":\"https:\/\/adintrade.hu\/#\/schema\/logo\/image\/\",\"url\":\"https:\/\/adintrade.hu\/wp-content\/uploads\/2022\/08\/cropped-cropped-adintrade_original.png\",\"contentUrl\":\"https:\/\/adintrade.hu\/wp-content\/uploads\/2022\/08\/cropped-cropped-adintrade_original.png\",\"width\":794,\"height\":247,\"caption\":\"Adintrade Kft.\"},\"image\":{\"@id\":\"https:\/\/adintrade.hu\/#\/schema\/logo\/image\/\"},\"sameAs\":[\"https:\/\/facebook.com\/adintrade\"]}]}<\/script>\n<!-- \/ Yoast SEO plugin. -->","yoast_head_json":{"title":"Er\u0151ss\u00e9geink - Az AD Intrade Biztos szakmai h\u00e1tteret AD!","description":"Az AD Intrade Biztos szakmai h\u00e1tteret AD 5 f\u0151 er\u0151ss\u00e9g\u00e9vel, melyek: A szak\u00e9rtelem, az \u00fcgyf\u00e9lk\u00e9nyelem, a k\u00f6lts\u00e9gmegtakar\u00edt\u00e1s, a pontoss\u00e1g \u00e9s a gyorsas\u00e1g.","robots":{"index":"index","follow":"follow","max-snippet":"max-snippet:-1","max-image-preview":"max-image-preview:large","max-video-preview":"max-video-preview:-1"},"canonical":"https:\/\/adintrade.hu\/en\/our_strengths\/","og_locale":"en_US","og_type":"article","og_title":"Er\u0151ss\u00e9geink - Az AD Intrade Biztos szakmai h\u00e1tteret AD!","og_description":"Az AD Intrade Biztos szakmai h\u00e1tteret AD 5 f\u0151 er\u0151ss\u00e9g\u00e9vel, melyek: A szak\u00e9rtelem, az \u00fcgyf\u00e9lk\u00e9nyelem, a k\u00f6lts\u00e9gmegtakar\u00edt\u00e1s, a pontoss\u00e1g \u00e9s a gyorsas\u00e1g.","og_url":"https:\/\/adintrade.hu\/en\/our_strengths\/","og_site_name":"Adintrade Kft.","article_publisher":"https:\/\/facebook.com\/adintrade","article_modified_time":"2023-02-08T10:03:27+00:00","twitter_card":"summary_large_image","twitter_misc":{"Est. reading time":"2 minutes"},"schema":{"@context":"https:\/\/schema.org","@graph":[{"@type":"WebPage","@id":"https:\/\/adintrade.hu\/en\/our_strengths\/","url":"https:\/\/adintrade.hu\/en\/our_strengths\/","name":"Er\u0151ss\u00e9geink - Az AD Intrade Biztos szakmai h\u00e1tteret AD!","isPartOf":{"@id":"https:\/\/adintrade.hu\/#website"},"datePublished":"2016-09-17T08:18:40+00:00","dateModified":"2023-02-08T10:03:27+00:00","description":"Az AD Intrade Biztos szakmai h\u00e1tteret AD 5 f\u0151 er\u0151ss\u00e9g\u00e9vel, melyek: A szak\u00e9rtelem, az \u00fcgyf\u00e9lk\u00e9nyelem, a k\u00f6lts\u00e9gmegtakar\u00edt\u00e1s, a pontoss\u00e1g \u00e9s a gyorsas\u00e1g.","breadcrumb":{"@id":"https:\/\/adintrade.hu\/en\/our_strengths\/#breadcrumb"},"inLanguage":"english","potentialAction":[{"@type":"ReadAction","target":["https:\/\/adintrade.hu\/en\/our_strengths\/"]}]},{"@type":"BreadcrumbList","@id":"https:\/\/adintrade.hu\/en\/our_strengths\/#breadcrumb","itemListElement":[{"@type":"ListItem","position":1,"name":"Home","item":"https:\/\/adintrade.hu\/"},{"@type":"ListItem","position":2,"name":"Our strengths"}]},{"@type":"WebSite","@id":"https:\/\/adintrade.hu\/#website","url":"https:\/\/adintrade.hu\/","name":"Adintrade Kft.","description":"Customs and product fee administration","publisher":{"@id":"https:\/\/adintrade.hu\/#organization"},"potentialAction":[{"@type":"SearchAction","target":{"@type":"EntryPoint","urlTemplate":"https:\/\/adintrade.hu\/?s={search_term_string}"},"query-input":"required name=search_term_string"}],"inLanguage":"english"},{"@type":"Organization","@id":"https:\/\/adintrade.hu\/#organization","name":"Adintrade Kft.","url":"https:\/\/adintrade.hu\/","logo":{"@type":"ImageObject","inLanguage":"english","@id":"https:\/\/adintrade.hu\/#\/schema\/logo\/image\/","url":"https:\/\/adintrade.hu\/wp-content\/uploads\/2022\/08\/cropped-cropped-adintrade_original.png","contentUrl":"https:\/\/adintrade.hu\/wp-content\/uploads\/2022\/08\/cropped-cropped-adintrade_original.png","width":794,"height":247,"caption":"Adintrade Kft."},"image":{"@id":"https:\/\/adintrade.hu\/#\/schema\/logo\/image\/"},"sameAs":["https:\/\/facebook.com\/adintrade"]}]}},"_links":{"self":[{"href":"https:\/\/adintrade.hu\/en\/wp-json\/wp\/v2\/pages\/47"}],"collection":[{"href":"https:\/\/adintrade.hu\/en\/wp-json\/wp\/v2\/pages"}],"about":[{"href":"https:\/\/adintrade.hu\/en\/wp-json\/wp\/v2\/types\/page"}],"author":[{"embeddable":true,"href":"https:\/\/adintrade.hu\/en\/wp-json\/wp\/v2\/users\/1"}],"replies":[{"embeddable":true,"href":"https:\/\/adintrade.hu\/en\/wp-json\/wp\/v2\/comments?post=47"}],"version-history":[{"count":1,"href":"https:\/\/adintrade.hu\/en\/wp-json\/wp\/v2\/pages\/47\/revisions"}],"predecessor-version":[{"id":1860,"href":"https:\/\/adintrade.hu\/en\/wp-json\/wp\/v2\/pages\/47\/revisions\/1860"}],"wp:attachment":[{"href":"https:\/\/adintrade.hu\/en\/wp-json\/wp\/v2\/media?parent=47"}],"curies":[{"name":"wp","href":"https:\/\/api.w.org\/{rel}","templated":true}]}}