{"id":472,"date":"2017-01-17T21:56:35","date_gmt":"2017-01-17T19:56:35","guid":{"rendered":"http:\/\/adintrade.hu\/?page_id=472"},"modified":"2017-01-17T21:56:35","modified_gmt":"2017-01-17T19:56:35","slug":"","status":"publish","type":"page","link":"https:\/\/adintrade.hu\/en\/hatosagi-jelentesek-elkeszitese-kapcsolattartas-kulkereskedelmi-hatosagokkal\/","title":{"rendered":"","raw":""},"content":{"rendered":"","protected":false,"raw":""},"excerpt":{"rendered":"","protected":false,"raw":""},"author":1,"featured_media":0,"parent":0,"menu_order":0,"comment_status":"closed","ping_status":"closed","template":"","meta":{"inline_featured_image":false,"_hu_post_content":"<!-- wp:paragraph -->\n<p><b><span data-scayt_word=\"Szakmai\" data-scaytid=\"1\">Szakmai<\/span> <span data-scayt_word=\"oldalr\u00f3l\" data-scaytid=\"2\">oldalr\u00f3l<\/span> <span data-scayt_word=\"k\u00e9pviselj\u00fck\" data-scaytid=\"3\">k\u00e9pviselj\u00fck<\/span> <span data-scayt_word=\"\u00fcgyfel\u00fcnket\" data-scaytid=\"4\">\u00fcgyfel\u00fcnket<\/span> a <span data-scayt_word=\"hat\u00f3s\u00e1gi\" data-scaytid=\"55\">hat\u00f3s\u00e1gi<\/span> <span data-scayt_word=\"ellen\u0151rz\u00e9sek\" data-scaytid=\"6\">ellen\u0151rz\u00e9sek<\/span> <span data-scayt_word=\"sor\u00e1n\" data-scaytid=\"7\">sor\u00e1n<\/span>.<\/b><\/p>\n<!-- \/wp:paragraph -->\n\n<!-- wp:paragraph -->\n<p>A <span data-scayt_word=\"k\u00fclkereskedelmi\" data-scaytid=\"8\">k\u00fclkereskedelmi<\/span> <span data-scayt_word=\"tev\u00e9kenys\u00e9get\" data-scaytid=\"9\">tev\u00e9kenys\u00e9get<\/span> <span data-scayt_word=\"folytat\u00f3\" data-scaytid=\"10\">folytat\u00f3<\/span> <span data-scayt_word=\"c\u00e9geknek\" data-scaytid=\"11\">c\u00e9geknek<\/span> <span data-scayt_word=\"sok\" data-scaytid=\"12\">sok<\/span> <span data-scayt_word=\"olyan\" data-scaytid=\"13\">olyan<\/span> <b><span data-scayt_word=\"adminisztr\u00e1ci\u00f3s\" data-scaytid=\"14\">adminisztr\u00e1ci\u00f3s<\/span> <span data-scayt_word=\"k\u00f6telezetts\u00e9g\u00fck\" data-scaytid=\"15\">k\u00f6telezetts\u00e9g\u00fck<\/span><\/b> van, <span data-scayt_word=\"amelyekr\u0151l\" data-scaytid=\"16\">amelyekr\u0151l<\/span> <span data-scayt_word=\"\u00e1ltal\u00e1ban\" data-scaytid=\"17\">\u00e1ltal\u00e1ban<\/span> a <span data-scayt_word=\"k\u00f6nyvel\u0151ik\" data-scaytid=\"18\">k\u00f6nyvel\u0151ik<\/span> <span data-scayt_word=\"sem\" data-scaytid=\"19\">sem<\/span> <span data-scayt_word=\"tudnak\" data-scaytid=\"20\">tudnak<\/span>, <span data-scayt_word=\"hiszen\" data-scaytid=\"21\">hiszen<\/span> <span data-scayt_word=\"nem\" data-scaytid=\"22\">nem<\/span> <span data-scayt_word=\"tartozik\" data-scaytid=\"23\">tartozik<\/span> a <span data-scayt_word=\"szorosan\" data-scaytid=\"24\">szorosan<\/span> <span data-scayt_word=\"vett\" data-scaytid=\"25\">vett<\/span> <span data-scayt_word=\"k\u00f6nyvel\u00e9si-ad\u00f3tan\u00e1csad\u00e1si\" data-scaytid=\"26\">k\u00f6nyvel\u00e9si-ad\u00f3tan\u00e1csad\u00e1si<\/span> <span data-scayt_word=\"ter\u00fclethez\" data-scaytid=\"27\">ter\u00fclethez<\/span>. <span data-scayt_word=\"Ilyen\" data-scaytid=\"28\">Ilyen<\/span> <b><span data-scayt_word=\"k\u00f6telez\u0151\" data-scaytid=\"29\">k\u00f6telez\u0151<\/span> <span data-scayt_word=\"jelent\u00e9seket\" data-scaytid=\"30\">jelent\u00e9seket<\/span><\/b>, <span data-scayt_word=\"nyilv\u00e1ntart\u00e1sokat\" data-scaytid=\"31\">nyilv\u00e1ntart\u00e1sokat<\/span> <span data-scayt_word=\"k\u00e9rhet\" data-scaytid=\"32\">k\u00e9rhet<\/span> <span data-scayt_word=\"az\" data-scaytid=\"33\">az<\/span> <span data-scayt_word=\"MNB\" data-scaytid=\"34\">MNB<\/span>, a <span data-scayt_word=\"VPSZP\" data-scaytid=\"35\">VPSZP<\/span>, a GM, a <span data-scayt_word=\"KVVM\" data-scaytid=\"36\">KVVM<\/span>, a <span data-scayt_word=\"KSH\" data-scaytid=\"37\">KSH<\/span> <span data-scayt_word=\"stb\" data-scaytid=\"38\">stb<\/span>.<\/p>\n<!-- \/wp:paragraph -->\n\n<!-- wp:paragraph -->\n<p><span data-scayt_word=\"Ilyenkor\" data-scaytid=\"39\">Ilyenkor<\/span> <span data-scayt_word=\"mindenk\u00e9ppen\" data-scaytid=\"40\">mindenk\u00e9ppen<\/span> a <b><span data-scayt_word=\"hat\u00f3s\u00e1gokkal\" data-scaytid=\"41\">hat\u00f3s\u00e1gokkal<\/span> <span data-scayt_word=\"val\u00f3\" data-scaytid=\"42\">val\u00f3<\/span> <span data-scayt_word=\"egyeztet\u00e9sre\" data-scaytid=\"43\">egyeztet\u00e9sre<\/span><\/b> van <span data-scayt_word=\"sz\u00fcks\u00e9g\" data-scaytid=\"58\">sz\u00fcks\u00e9g<\/span>, s <span data-scayt_word=\"ezt\" data-scaytid=\"59\">ezt<\/span> <span data-scayt_word=\"sz\u00edvesen\" data-scaytid=\"60\">sz\u00edvesen<\/span> <span data-scayt_word=\"magunkra\" data-scaytid=\"61\">magunkra<\/span> <span data-scayt_word=\"v\u00e1llaljuk\" data-scaytid=\"62\">v\u00e1llaljuk<\/span>.<\/p>\n<!-- \/wp:paragraph -->\n\n<!-- wp:paragraph -->\n<p><span data-scayt_word=\"K\u00fcl\u00f6n\" data-scaytid=\"63\">K\u00fcl\u00f6n<\/span> <span data-scayt_word=\"probl\u00e9m\u00e1t\" data-scaytid=\"64\">probl\u00e9m\u00e1t<\/span> <span data-scayt_word=\"jelenthetnek\" data-scaytid=\"65\">jelenthetnek<\/span> a <span data-scayt_word=\"k\u00fclkeresked\u0151\" data-scaytid=\"66\">k\u00fclkeresked\u0151<\/span> <span data-scayt_word=\"v\u00e1llalatokn\u00e1l\" data-scaytid=\"67\">v\u00e1llalatokn\u00e1l<\/span> <span data-scayt_word=\"v\u00e9gzett\" data-scaytid=\"68\">v\u00e9gzett<\/span> <b><span data-scayt_word=\"hat\u00f3s\u00e1gi\" data-scaytid=\"69\">hat\u00f3s\u00e1gi<\/span> <span data-scayt_word=\"ellen\u0151rz\u00e9sek\" data-scaytid=\"50\">ellen\u0151rz\u00e9sek<\/span><\/b>. A <span data-scayt_word=\"hat\u00f3s\u00e1gok\" data-scaytid=\"77\">hat\u00f3s\u00e1gok<\/span> <span data-scayt_word=\"olyan\" data-scaytid=\"71\">olyan<\/span> <span data-scayt_word=\"nyilv\u00e1ntart\u00e1sokat\" data-scaytid=\"72\">nyilv\u00e1ntart\u00e1sokat<\/span>, <span data-scayt_word=\"kimutat\u00e1sokat\" data-scaytid=\"81\">kimutat\u00e1sokat<\/span> <span data-scayt_word=\"k\u00e9rnek\" data-scaytid=\"82\">k\u00e9rnek<\/span> a <span data-scayt_word=\"c\u00e9gekt\u0151l\" data-scaytid=\"83\">c\u00e9gekt\u0151l<\/span>, <span data-scayt_word=\"amelyek\" data-scaytid=\"84\">amelyek<\/span> <span data-scayt_word=\"gyakran\" data-scaytid=\"85\">gyakran<\/span> <span data-scayt_word=\"kifejezetten\" data-scaytid=\"86\">kifejezetten<\/span> <span data-scayt_word=\"k\u00fclkereskedelmi\" data-scaytid=\"73\">k\u00fclkereskedelmi<\/span> <span data-scayt_word=\"szak\u00e9rtelmet\" data-scaytid=\"89\">szak\u00e9rtelmet<\/span> <span data-scayt_word=\"k\u00f6vetelnek\" data-scaytid=\"90\">k\u00f6vetelnek<\/span> meg. <span data-scayt_word=\"R\u00e1ad\u00e1sul\" data-scaytid=\"91\">R\u00e1ad\u00e1sul<\/span> <span data-scayt_word=\"az\" data-scaytid=\"75\">az<\/span> <span data-scayt_word=\"ellen\u0151rz\u00e9st\" data-scaytid=\"93\">ellen\u0151rz\u00e9st<\/span> <span data-scayt_word=\"v\u00e9gz\u0151\" data-scaytid=\"94\">v\u00e9gz\u0151<\/span> <span data-scayt_word=\"hat\u00f3s\u00e1gok\" data-scaytid=\"78\">hat\u00f3s\u00e1gok<\/span> <span data-scayt_word=\"elv\u00e1rj\u00e1k\" data-scaytid=\"95\">elv\u00e1rj\u00e1k<\/span>, <span data-scayt_word=\"hogy\" data-scaytid=\"96\">hogy<\/span> a <span data-scayt_word=\"vizsg\u00e1lat\" data-scaytid=\"97\">vizsg\u00e1lat<\/span> <span data-scayt_word=\"sor\u00e1n\" data-scaytid=\"76\">sor\u00e1n<\/span> (a <span data-scayt_word=\"c\u00e9g\" data-scaytid=\"99\">c\u00e9g<\/span> <span data-scayt_word=\"r\u00e9sz\u00e9r\u0151l\" data-scaytid=\"100\">r\u00e9sz\u00e9r\u0151l<\/span>) <span data-scayt_word=\"k\u00fclkereskedelmi\" data-scaytid=\"74\">k\u00fclkereskedelmi<\/span> <span data-scayt_word=\"szakemberekkel\" data-scaytid=\"101\">szakemberekkel<\/span> <span data-scayt_word=\"legyenek\" data-scaytid=\"102\">legyenek<\/span> <span data-scayt_word=\"kapcsolatban\" data-scaytid=\"103\">kapcsolatban<\/span>.<\/p>\n<!-- \/wp:paragraph -->\n\n<!-- wp:paragraph -->\n<p><span data-scayt_word=\"Ismereteink\" data-scaytid=\"112\">Ismereteink<\/span> <span data-scayt_word=\"r\u00e9v\u00e9n\" data-scaytid=\"113\">r\u00e9v\u00e9n<\/span> <span data-scayt_word=\"alkalmasak\" data-scaytid=\"114\">alkalmasak<\/span> <span data-scayt_word=\"vagyunk\" data-scaytid=\"115\">vagyunk<\/span> <span data-scayt_word=\"arra\" data-scaytid=\"116\">arra<\/span>, <span data-scayt_word=\"hogy\" data-scaytid=\"104\">hogy<\/span><\/p>\n<!-- \/wp:paragraph -->\n\n<!-- wp:list -->\n<ul><li><b><span data-scayt_word=\"szakmai\" data-scaytid=\"118\">szakmai<\/span> <span data-scayt_word=\"oldalr\u00f3l\" data-scaytid=\"105\">oldalr\u00f3l<\/span> <span data-scayt_word=\"k\u00e9pviselj\u00fck\" data-scaytid=\"106\">k\u00e9pviselj\u00fck<\/span><\/b> <span data-scayt_word=\"\u00fcgyfel\u00fcnket\" data-scaytid=\"107\">\u00fcgyfel\u00fcnket<\/span> a <span data-scayt_word=\"hat\u00f3s\u00e1gi\" data-scaytid=\"108\">hat\u00f3s\u00e1gi<\/span> <span data-scayt_word=\"ellen\u0151rz\u00e9sek\" data-scaytid=\"109\">ellen\u0151rz\u00e9sek<\/span> <span data-scayt_word=\"sor\u00e1n\" data-scaytid=\"110\">sor\u00e1n<\/span>,<\/li><li><span data-scayt_word=\"elk\u00e9sz\u00edts\u00fck\" data-scaytid=\"125\">elk\u00e9sz\u00edts\u00fck<\/span> a <span data-scayt_word=\"hat\u00f3s\u00e1gok\" data-scaytid=\"111\">hat\u00f3s\u00e1gok<\/span> <span data-scayt_word=\"\u00e1ltal\" data-scaytid=\"127\">\u00e1ltal<\/span> <span data-scayt_word=\"k\u00e9rt\" data-scaytid=\"128\">k\u00e9rt<\/span> <b><span data-scayt_word=\"nyilv\u00e1ntart\u00e1sokat\" data-scaytid=\"129\">nyilv\u00e1ntart\u00e1sokat<\/span>, <span data-scayt_word=\"kimutat\u00e1sokat\" data-scaytid=\"130\">kimutat\u00e1sokat<\/span><\/b>.<\/li><\/ul>\n<!-- \/wp:list -->\n\n<!-- wp:paragraph -->\n<p>Meg <span data-scayt_word=\"kell\" data-scaytid=\"137\">kell<\/span> <span data-scayt_word=\"azonban\" data-scaytid=\"138\">azonban<\/span> <span data-scayt_word=\"mondanunk\" data-scaytid=\"139\">mondanunk<\/span>, <span data-scayt_word=\"hogy\" data-scaytid=\"131\">hogy<\/span> <span data-scayt_word=\"sokkal\" data-scaytid=\"141\">sokkal<\/span> <span data-scayt_word=\"sz\u00edvesebben\" data-scaytid=\"142\">sz\u00edvesebben<\/span> <span data-scayt_word=\"v\u00e9gezz\u00fck\" data-scaytid=\"143\">v\u00e9gezz\u00fck<\/span> el <b><span data-scayt_word=\"az\" data-scaytid=\"132\">az<\/span> <span data-scayt_word=\"el\u0151zetes\" data-scaytid=\"145\">el\u0151zetes<\/span> <span data-scayt_word=\"ellen\u0151rz\u00e9seket\" data-scaytid=\"146\">ellen\u0151rz\u00e9seket<\/span> <span data-scayt_word=\"m\u00e9g\" data-scaytid=\"147\">m\u00e9g<\/span> a <span data-scayt_word=\"hat\u00f3s\u00e1gi\" data-scaytid=\"133\">hat\u00f3s\u00e1gi<\/span> <span data-scayt_word=\"ellen\u0151rz\u00e9sek\" data-scaytid=\"134\">ellen\u0151rz\u00e9sek<\/span> <span data-scayt_word=\"el\u0151tt\" data-scaytid=\"150\">el\u0151tt<\/span><\/b>, <span data-scayt_word=\"mert\" data-scaytid=\"153\">mert<\/span> <span data-scayt_word=\"az\" data-scaytid=\"151\">az<\/span> <span data-scayt_word=\"ekkor\" data-scaytid=\"155\">ekkor<\/span> <span data-scayt_word=\"elv\u00e9gzett\" data-scaytid=\"156\">elv\u00e9gzett<\/span> <span data-scayt_word=\"hi\u00e1nyp\u00f3tl\u00e1sok\" data-scaytid=\"157\">hi\u00e1nyp\u00f3tl\u00e1sok<\/span> <span data-scayt_word=\"sok\" data-scaytid=\"152\">sok<\/span> <span data-scayt_word=\"felesleges\" data-scaytid=\"159\">felesleges<\/span> <span data-scayt_word=\"kiad\u00e1st\u00f3l\" data-scaytid=\"160\">kiad\u00e1st\u00f3l<\/span>, <span data-scayt_word=\"b\u00fcntet\u00e9st\u0151l\" data-scaytid=\"161\">b\u00fcntet\u00e9st\u0151l<\/span> <span data-scayt_word=\"k\u00edm\u00e9lik\" data-scaytid=\"162\">k\u00edm\u00e9lik<\/span> meg a <span data-scayt_word=\"c\u00e9geket\" data-scaytid=\"163\">c\u00e9geket<\/span>.<\/p>\n<!-- \/wp:paragraph -->","_hu_post_name":"hatosagi-jelentesek-elkeszitese-kapcsolattartas-kulkereskedelmi-hatosagokkal","_hu_post_excerpt":"","_hu_post_title":"Hat\u00f3s\u00e1gi jelent\u00e9sek elk\u00e9sz\u00edt\u00e9se, kapcsolattart\u00e1s a k\u00fclkereskedelmi hat\u00f3s\u00e1gokkal","_en_post_content":"","_en_post_name":"","_en_post_excerpt":"","_en_post_title":"","edit_language":"en","footnotes":""},"yoast_head":"<!-- This site is optimized with the Yoast SEO plugin v21.7 - https:\/\/yoast.com\/wordpress\/plugins\/seo\/ -->\n<title>Hat\u00f3s\u00e1gi jelent\u00e9sek elk\u00e9sz\u00edt\u00e9se, kapcsolattart\u00e1s a k\u00fclkereskedelmi hat\u00f3s\u00e1gokkal - Adintrade Kft.<\/title>\n<meta name=\"robots\" content=\"index, follow, max-snippet:-1, max-image-preview:large, max-video-preview:-1\" \/>\n<link rel=\"canonical\" href=\"https:\/\/adintrade.hu\/hatosagi-jelentesek-elkeszitese-kapcsolattartas-kulkereskedelmi-hatosagokkal\/\" \/>\n<meta property=\"og:locale\" content=\"en_US\" \/>\n<meta property=\"og:type\" content=\"article\" \/>\n<meta property=\"og:title\" content=\"Hat\u00f3s\u00e1gi jelent\u00e9sek elk\u00e9sz\u00edt\u00e9se, kapcsolattart\u00e1s a k\u00fclkereskedelmi hat\u00f3s\u00e1gokkal - Adintrade Kft.\" \/>\n<meta property=\"og:description\" content=\"Szakmai oldalr\u00f3l k\u00e9pviselj\u00fck \u00fcgyfel\u00fcnket a hat\u00f3s\u00e1gi ellen\u0151rz\u00e9sek sor\u00e1n. A k\u00fclkereskedelmi tev\u00e9kenys\u00e9get folytat\u00f3 c\u00e9geknek sok olyan adminisztr\u00e1ci\u00f3s k\u00f6telezetts\u00e9g\u00fck van, amelyekr\u0151l \u00e1ltal\u00e1ban a k\u00f6nyvel\u0151ik sem tudnak, hiszen nem tartozik a szorosan vett k\u00f6nyvel\u00e9si-ad\u00f3tan\u00e1csad\u00e1si ter\u00fclethez. Ilyen k\u00f6telez\u0151 jelent\u00e9seket, nyilv\u00e1ntart\u00e1sokat k\u00e9rhet az MNB, a VPSZP, a GM, a KVVM, a KSH stb. Ilyenkor mindenk\u00e9ppen a hat\u00f3s\u00e1gokkal val\u00f3 egyeztet\u00e9sre van [&hellip;]\" \/>\n<meta property=\"og:url\" content=\"https:\/\/adintrade.hu\/hatosagi-jelentesek-elkeszitese-kapcsolattartas-kulkereskedelmi-hatosagokkal\/\" \/>\n<meta property=\"og:site_name\" content=\"Adintrade Kft.\" \/>\n<meta property=\"article:publisher\" content=\"https:\/\/facebook.com\/adintrade\" \/>\n<meta name=\"twitter:card\" content=\"summary_large_image\" \/>\n<meta name=\"twitter:label1\" content=\"Est. reading time\" \/>\n\t<meta name=\"twitter:data1\" content=\"1 minute\" \/>\n<script type=\"application\/ld+json\" class=\"yoast-schema-graph\">{\"@context\":\"https:\/\/schema.org\",\"@graph\":[{\"@type\":\"WebPage\",\"@id\":\"https:\/\/adintrade.hu\/hatosagi-jelentesek-elkeszitese-kapcsolattartas-kulkereskedelmi-hatosagokkal\/\",\"url\":\"https:\/\/adintrade.hu\/hatosagi-jelentesek-elkeszitese-kapcsolattartas-kulkereskedelmi-hatosagokkal\/\",\"name\":\"Hat\u00f3s\u00e1gi jelent\u00e9sek elk\u00e9sz\u00edt\u00e9se, kapcsolattart\u00e1s a k\u00fclkereskedelmi hat\u00f3s\u00e1gokkal - Adintrade Kft.\",\"isPartOf\":{\"@id\":\"https:\/\/adintrade.hu\/#website\"},\"datePublished\":\"2017-01-17T19:56:35+00:00\",\"dateModified\":\"2017-01-17T19:56:35+00:00\",\"breadcrumb\":{\"@id\":\"https:\/\/adintrade.hu\/hatosagi-jelentesek-elkeszitese-kapcsolattartas-kulkereskedelmi-hatosagokkal\/#breadcrumb\"},\"inLanguage\":\"english\",\"potentialAction\":[{\"@type\":\"ReadAction\",\"target\":[\"https:\/\/adintrade.hu\/hatosagi-jelentesek-elkeszitese-kapcsolattartas-kulkereskedelmi-hatosagokkal\/\"]}]},{\"@type\":\"BreadcrumbList\",\"@id\":\"https:\/\/adintrade.hu\/hatosagi-jelentesek-elkeszitese-kapcsolattartas-kulkereskedelmi-hatosagokkal\/#breadcrumb\",\"itemListElement\":[{\"@type\":\"ListItem\",\"position\":1,\"name\":\"Home\",\"item\":\"https:\/\/adintrade.hu\/\"},{\"@type\":\"ListItem\",\"position\":2,\"name\":\"Hat\u00f3s\u00e1gi jelent\u00e9sek elk\u00e9sz\u00edt\u00e9se, kapcsolattart\u00e1s a k\u00fclkereskedelmi hat\u00f3s\u00e1gokkal\"}]},{\"@type\":\"WebSite\",\"@id\":\"https:\/\/adintrade.hu\/#website\",\"url\":\"https:\/\/adintrade.hu\/\",\"name\":\"Adintrade Kft.\",\"description\":\"Customs and product fee administration\",\"publisher\":{\"@id\":\"https:\/\/adintrade.hu\/#organization\"},\"potentialAction\":[{\"@type\":\"SearchAction\",\"target\":{\"@type\":\"EntryPoint\",\"urlTemplate\":\"https:\/\/adintrade.hu\/?s={search_term_string}\"},\"query-input\":\"required name=search_term_string\"}],\"inLanguage\":\"english\"},{\"@type\":\"Organization\",\"@id\":\"https:\/\/adintrade.hu\/#organization\",\"name\":\"Adintrade Kft.\",\"url\":\"https:\/\/adintrade.hu\/\",\"logo\":{\"@type\":\"ImageObject\",\"inLanguage\":\"english\",\"@id\":\"https:\/\/adintrade.hu\/#\/schema\/logo\/image\/\",\"url\":\"https:\/\/adintrade.hu\/wp-content\/uploads\/2022\/08\/cropped-cropped-adintrade_original.png\",\"contentUrl\":\"https:\/\/adintrade.hu\/wp-content\/uploads\/2022\/08\/cropped-cropped-adintrade_original.png\",\"width\":794,\"height\":247,\"caption\":\"Adintrade Kft.\"},\"image\":{\"@id\":\"https:\/\/adintrade.hu\/#\/schema\/logo\/image\/\"},\"sameAs\":[\"https:\/\/facebook.com\/adintrade\"]}]}<\/script>\n<!-- \/ Yoast SEO plugin. -->","yoast_head_json":{"title":"Hat\u00f3s\u00e1gi jelent\u00e9sek elk\u00e9sz\u00edt\u00e9se, kapcsolattart\u00e1s a k\u00fclkereskedelmi hat\u00f3s\u00e1gokkal - Adintrade Kft.","robots":{"index":"index","follow":"follow","max-snippet":"max-snippet:-1","max-image-preview":"max-image-preview:large","max-video-preview":"max-video-preview:-1"},"canonical":"https:\/\/adintrade.hu\/hatosagi-jelentesek-elkeszitese-kapcsolattartas-kulkereskedelmi-hatosagokkal\/","og_locale":"en_US","og_type":"article","og_title":"Hat\u00f3s\u00e1gi jelent\u00e9sek elk\u00e9sz\u00edt\u00e9se, kapcsolattart\u00e1s a k\u00fclkereskedelmi hat\u00f3s\u00e1gokkal - Adintrade Kft.","og_description":"Szakmai oldalr\u00f3l k\u00e9pviselj\u00fck \u00fcgyfel\u00fcnket a hat\u00f3s\u00e1gi ellen\u0151rz\u00e9sek sor\u00e1n. A k\u00fclkereskedelmi tev\u00e9kenys\u00e9get folytat\u00f3 c\u00e9geknek sok olyan adminisztr\u00e1ci\u00f3s k\u00f6telezetts\u00e9g\u00fck van, amelyekr\u0151l \u00e1ltal\u00e1ban a k\u00f6nyvel\u0151ik sem tudnak, hiszen nem tartozik a szorosan vett k\u00f6nyvel\u00e9si-ad\u00f3tan\u00e1csad\u00e1si ter\u00fclethez. Ilyen k\u00f6telez\u0151 jelent\u00e9seket, nyilv\u00e1ntart\u00e1sokat k\u00e9rhet az MNB, a VPSZP, a GM, a KVVM, a KSH stb. Ilyenkor mindenk\u00e9ppen a hat\u00f3s\u00e1gokkal val\u00f3 egyeztet\u00e9sre van [&hellip;]","og_url":"https:\/\/adintrade.hu\/hatosagi-jelentesek-elkeszitese-kapcsolattartas-kulkereskedelmi-hatosagokkal\/","og_site_name":"Adintrade Kft.","article_publisher":"https:\/\/facebook.com\/adintrade","twitter_card":"summary_large_image","twitter_misc":{"Est. reading time":"1 minute"},"schema":{"@context":"https:\/\/schema.org","@graph":[{"@type":"WebPage","@id":"https:\/\/adintrade.hu\/hatosagi-jelentesek-elkeszitese-kapcsolattartas-kulkereskedelmi-hatosagokkal\/","url":"https:\/\/adintrade.hu\/hatosagi-jelentesek-elkeszitese-kapcsolattartas-kulkereskedelmi-hatosagokkal\/","name":"Hat\u00f3s\u00e1gi jelent\u00e9sek elk\u00e9sz\u00edt\u00e9se, kapcsolattart\u00e1s a k\u00fclkereskedelmi hat\u00f3s\u00e1gokkal - Adintrade Kft.","isPartOf":{"@id":"https:\/\/adintrade.hu\/#website"},"datePublished":"2017-01-17T19:56:35+00:00","dateModified":"2017-01-17T19:56:35+00:00","breadcrumb":{"@id":"https:\/\/adintrade.hu\/hatosagi-jelentesek-elkeszitese-kapcsolattartas-kulkereskedelmi-hatosagokkal\/#breadcrumb"},"inLanguage":"english","potentialAction":[{"@type":"ReadAction","target":["https:\/\/adintrade.hu\/hatosagi-jelentesek-elkeszitese-kapcsolattartas-kulkereskedelmi-hatosagokkal\/"]}]},{"@type":"BreadcrumbList","@id":"https:\/\/adintrade.hu\/hatosagi-jelentesek-elkeszitese-kapcsolattartas-kulkereskedelmi-hatosagokkal\/#breadcrumb","itemListElement":[{"@type":"ListItem","position":1,"name":"Home","item":"https:\/\/adintrade.hu\/"},{"@type":"ListItem","position":2,"name":"Hat\u00f3s\u00e1gi jelent\u00e9sek elk\u00e9sz\u00edt\u00e9se, kapcsolattart\u00e1s a k\u00fclkereskedelmi hat\u00f3s\u00e1gokkal"}]},{"@type":"WebSite","@id":"https:\/\/adintrade.hu\/#website","url":"https:\/\/adintrade.hu\/","name":"Adintrade Kft.","description":"Customs and product fee administration","publisher":{"@id":"https:\/\/adintrade.hu\/#organization"},"potentialAction":[{"@type":"SearchAction","target":{"@type":"EntryPoint","urlTemplate":"https:\/\/adintrade.hu\/?s={search_term_string}"},"query-input":"required name=search_term_string"}],"inLanguage":"english"},{"@type":"Organization","@id":"https:\/\/adintrade.hu\/#organization","name":"Adintrade Kft.","url":"https:\/\/adintrade.hu\/","logo":{"@type":"ImageObject","inLanguage":"english","@id":"https:\/\/adintrade.hu\/#\/schema\/logo\/image\/","url":"https:\/\/adintrade.hu\/wp-content\/uploads\/2022\/08\/cropped-cropped-adintrade_original.png","contentUrl":"https:\/\/adintrade.hu\/wp-content\/uploads\/2022\/08\/cropped-cropped-adintrade_original.png","width":794,"height":247,"caption":"Adintrade Kft."},"image":{"@id":"https:\/\/adintrade.hu\/#\/schema\/logo\/image\/"},"sameAs":["https:\/\/facebook.com\/adintrade"]}]}},"_links":{"self":[{"href":"https:\/\/adintrade.hu\/en\/wp-json\/wp\/v2\/pages\/472"}],"collection":[{"href":"https:\/\/adintrade.hu\/en\/wp-json\/wp\/v2\/pages"}],"about":[{"href":"https:\/\/adintrade.hu\/en\/wp-json\/wp\/v2\/types\/page"}],"author":[{"embeddable":true,"href":"https:\/\/adintrade.hu\/en\/wp-json\/wp\/v2\/users\/1"}],"replies":[{"embeddable":true,"href":"https:\/\/adintrade.hu\/en\/wp-json\/wp\/v2\/comments?post=472"}],"version-history":[{"count":0,"href":"https:\/\/adintrade.hu\/en\/wp-json\/wp\/v2\/pages\/472\/revisions"}],"wp:attachment":[{"href":"https:\/\/adintrade.hu\/en\/wp-json\/wp\/v2\/media?parent=472"}],"curies":[{"name":"wp","href":"https:\/\/api.w.org\/{rel}","templated":true}]}}