{"id":475,"date":"2017-01-17T21:57:37","date_gmt":"2017-01-17T19:57:37","guid":{"rendered":"http:\/\/adintrade.hu\/?page_id=475"},"modified":"2017-01-17T21:57:37","modified_gmt":"2017-01-17T19:57:37","slug":"","status":"publish","type":"page","link":"https:\/\/adintrade.hu\/en\/mezogazdasagi-exporttamogatas\/","title":{"rendered":"","raw":""},"content":{"rendered":"","protected":false,"raw":""},"excerpt":{"rendered":"","protected":false,"raw":""},"author":1,"featured_media":0,"parent":0,"menu_order":0,"comment_status":"closed","ping_status":"closed","template":"","meta":{"inline_featured_image":false,"_hu_post_content":"<h1 class=\"title gutter\">Mez\u0151gazdas\u00e1gi exportt\u00e1mogat\u00e1s<\/h1>\n<p align=\"justify\"><b>A <span data-scayt_word=\"magyar\" data-scaytid=\"1\">magyar<\/span> <span data-scayt_word=\"termel\u0151k\" data-scaytid=\"2\">termel\u0151k<\/span> <span data-scayt_word=\"\u00e9s\" data-scaytid=\"3\">\u00e9s<\/span> <span data-scayt_word=\"forgalmaz\u00f3k\" data-scaytid=\"4\">forgalmaz\u00f3k<\/span> <span data-scayt_word=\"az\" data-scaytid=\"5\">az<\/span> EU <span data-scayt_word=\"tags\u00e1g\" data-scaytid=\"6\">tags\u00e1g<\/span> <span data-scayt_word=\"els\u0151\" data-scaytid=\"7\">els\u0151<\/span> <span data-scayt_word=\"napj\u00e1t\u00f3l\" data-scaytid=\"8\">napj\u00e1t\u00f3l<\/span> <span data-scayt_word=\"teljes\" data-scaytid=\"9\">teljes<\/span> <span data-scayt_word=\"joggal\" data-scaytid=\"10\">joggal<\/span> <span data-scayt_word=\"p\u00e1ly\u00e1zhatnak\" data-scaytid=\"11\">p\u00e1ly\u00e1zhatnak<\/span> <span data-scayt_word=\"exportt\u00e1mogat\u00e1sokra\" data-scaytid=\"12\">exportt\u00e1mogat\u00e1sokra<\/span>.<\/b><\/p>\n<p align=\"justify\">EU <span data-scayt_word=\"tagg\u00e1\" data-scaytid=\"15\">tagg\u00e1<\/span> <span data-scayt_word=\"v\u00e1l\u00e1sunkkal\" data-scaytid=\"16\">v\u00e1l\u00e1sunkkal<\/span> <span data-scayt_word=\"egy\u00fctt\" data-scaytid=\"17\">egy\u00fctt<\/span> <span data-scayt_word=\"r\u00e9szesei\" data-scaytid=\"18\">r\u00e9szesei<\/span> <span data-scayt_word=\"lett\u00fcnk\" data-scaytid=\"19\">lett\u00fcnk<\/span> <span data-scayt_word=\"az\" data-scaytid=\"13\">az<\/span> <span data-scayt_word=\"Uni\u00f3\" data-scaytid=\"22\">Uni\u00f3<\/span> <span data-scayt_word=\"K\u00f6z\u00f6s\" data-scaytid=\"24\">K\u00f6z\u00f6s<\/span> <span data-scayt_word=\"Agr\u00e1rpolitik\u00e1j\u00e1nak\" data-scaytid=\"25\">Agr\u00e1rpolitik\u00e1j\u00e1nak<\/span>, <span data-scayt_word=\"mely\" data-scaytid=\"26\">mely<\/span> <span data-scayt_word=\"alapvet\u0151en\" data-scaytid=\"27\">alapvet\u0151en<\/span> <span data-scayt_word=\"v\u00e1ltoztatja\" data-scaytid=\"28\">v\u00e1ltoztatja<\/span> meg a <span data-scayt_word=\"hazai\" data-scaytid=\"29\">hazai<\/span> <span data-scayt_word=\"mez\u0151gazdas\u00e1g\" data-scaytid=\"30\">mez\u0151gazdas\u00e1g<\/span> <span data-scayt_word=\"szab\u00e1lyoz\u00e1s\u00e1t\" data-scaytid=\"32\">szab\u00e1lyoz\u00e1s\u00e1t<\/span>. A <span data-scayt_word=\"mez\u0151gazdas\u00e1g\" data-scaytid=\"31\">mez\u0151gazdas\u00e1g<\/span> <span data-scayt_word=\"az\" data-scaytid=\"14\">az<\/span> <span data-scayt_word=\"Uni\u00f3\" data-scaytid=\"23\">Uni\u00f3<\/span> <span data-scayt_word=\"egyik\" data-scaytid=\"33\">egyik<\/span> <span data-scayt_word=\"legnagyobb\" data-scaytid=\"34\">legnagyobb<\/span> <span data-scayt_word=\"hangs\u00fallyal\" data-scaytid=\"35\">hangs\u00fallyal<\/span> <span data-scayt_word=\"kezelt\" data-scaytid=\"36\">kezelt<\/span> <span data-scayt_word=\"ter\u00fclete\" data-scaytid=\"37\">ter\u00fclete<\/span>, <span data-scayt_word=\"melyet\" data-scaytid=\"38\">melyet<\/span><\/p>\n\n<ul>\n \t<li>a <span data-scayt_word=\"vonatkoz\u00f3\" data-scaytid=\"54\">vonatkoz\u00f3<\/span> <span data-scayt_word=\"el\u0151\u00edr\u00e1sok\" data-scaytid=\"55\">el\u0151\u00edr\u00e1sok<\/span><\/li>\n \t<li><span data-scayt_word=\"\u00e9s\" data-scaytid=\"39\">\u00e9s<\/span> a <span data-scayt_word=\"t\u00e1mogat\u00e1si\" data-scaytid=\"58\">t\u00e1mogat\u00e1si<\/span> <span data-scayt_word=\"lehet\u0151s\u00e9gek\" data-scaytid=\"60\">lehet\u0151s\u00e9gek<\/span> <span data-scayt_word=\"sz\u00e9les\" data-scaytid=\"61\">sz\u00e9les<\/span> <span data-scayt_word=\"k\u00f6re\" data-scaytid=\"62\">k\u00f6re<\/span> is <span data-scayt_word=\"j\u00f3l\" data-scaytid=\"63\">j\u00f3l<\/span> <span data-scayt_word=\"reprezent\u00e1l\" data-scaytid=\"64\">reprezent\u00e1l<\/span>.<\/li>\n<\/ul>\n<p align=\"justify\">A <span data-scayt_word=\"csatlakoz\u00e1s\" data-scaytid=\"65\">csatlakoz\u00e1s<\/span> <span data-scayt_word=\"eredm\u00e9nyek\u00e9nt\" data-scaytid=\"66\">eredm\u00e9nyek\u00e9nt<\/span> a <span data-scayt_word=\"magyar\" data-scaytid=\"41\">magyar<\/span> <span data-scayt_word=\"mez\u0151gazdas\u00e1g\" data-scaytid=\"43\">mez\u0151gazdas\u00e1g<\/span> <span data-scayt_word=\"olyan\" data-scaytid=\"70\">olyan<\/span> <span data-scayt_word=\"t\u00e1mogat\u00e1si\" data-scaytid=\"59\">t\u00e1mogat\u00e1si<\/span> <span data-scayt_word=\"k\u00f6r\u00fclm\u00e9nyek\" data-scaytid=\"71\">k\u00f6r\u00fclm\u00e9nyek<\/span> <span data-scayt_word=\"k\u00f6z\u00f6tt\" data-scaytid=\"72\">k\u00f6z\u00f6tt<\/span> <span data-scayt_word=\"m\u0171k\u00f6dhet\" data-scaytid=\"73\">m\u0171k\u00f6dhet<\/span> <span data-scayt_word=\"az\" data-scaytid=\"44\">az<\/span> <span data-scayt_word=\"Eur\u00f3pai\" data-scaytid=\"76\">Eur\u00f3pai<\/span> <span data-scayt_word=\"Uni\u00f3\" data-scaytid=\"46\">Uni\u00f3<\/span> <span data-scayt_word=\"egys\u00e9ges\" data-scaytid=\"78\">egys\u00e9ges<\/span> <span data-scayt_word=\"piac\u00e1n\" data-scaytid=\"79\">piac\u00e1n<\/span>, <span data-scayt_word=\"amely\" data-scaytid=\"80\">amely<\/span> <span data-scayt_word=\"biztos\u00edtja\" data-scaytid=\"81\">biztos\u00edtja<\/span> <span data-scayt_word=\"sz\u00e1m\u00e1ra\" data-scaytid=\"82\">sz\u00e1m\u00e1ra<\/span> a <span data-scayt_word=\"tisztess\u00e9ges\" data-scaytid=\"83\">tisztess\u00e9ges<\/span> <span data-scayt_word=\"verseny\" data-scaytid=\"84\">verseny<\/span> <span data-scayt_word=\"felt\u00e9teleit\" data-scaytid=\"85\">felt\u00e9teleit<\/span>. <b>A <span data-scayt_word=\"magyar\" data-scaytid=\"42\">magyar<\/span> <span data-scayt_word=\"termel\u0151k\" data-scaytid=\"47\">termel\u0151k<\/span> <span data-scayt_word=\"\u00e9s\" data-scaytid=\"40\">\u00e9s<\/span> <span data-scayt_word=\"forgalmaz\u00f3k\" data-scaytid=\"48\">forgalmaz\u00f3k<\/span> <span data-scayt_word=\"az\" data-scaytid=\"45\">az<\/span> EU <span data-scayt_word=\"tags\u00e1g\" data-scaytid=\"49\">tags\u00e1g<\/span> <span data-scayt_word=\"els\u0151\" data-scaytid=\"50\">els\u0151<\/span> <span data-scayt_word=\"napj\u00e1t\u00f3l\" data-scaytid=\"51\">napj\u00e1t\u00f3l<\/span> <span data-scayt_word=\"teljes\" data-scaytid=\"52\">teljes<\/span> <span data-scayt_word=\"joggal\" data-scaytid=\"53\">joggal<\/span><\/b> r\u00e9szt vehetnek a k\u00f6z\u00f6ss\u00e9gi intervenci\u00f3s rendszerben, illetve <b><span data-scayt_word=\"p\u00e1ly\u00e1zhatnak\" data-scaytid=\"132\">p\u00e1ly\u00e1zhatnak<\/span> <span data-scayt_word=\"exportt\u00e1mogat\u00e1sokra\" data-scaytid=\"133\">exportt\u00e1mogat\u00e1sokra<\/span><\/b>. Az exportt\u00e1mogat\u00e1sok 100 %-os szinten \u00e9rv\u00e9nyes\u00fclnek a <span data-scayt_word=\"magyar\" data-scaytid=\"134\">magyar<\/span> termel\u0151kre, forgalmaz\u00f3kra, melynek <span data-scayt_word=\"eredm\u00e9nyek\u00e9nt\" data-scaytid=\"135\">eredm\u00e9nyek\u00e9nt<\/span> <span data-scayt_word=\"az\" data-scaytid=\"136\">az<\/span> \u00e9rt\u00e9kes\u00edt\u00e9si biztons\u00e1g sz\u00e1mottev\u0151en javul, sokkal kisz\u00e1m\u00edthat\u00f3bb\u00e1 <span data-scayt_word=\"\u00e9s\" data-scaytid=\"137\">\u00e9s<\/span> tervezhet\u0151bb\u00e9 v\u00e1lik a bev\u00e9tel.<\/p>\n<p align=\"justify\">A konkr\u00e9t el\u0151ny\u00f6ket<\/p>\n\n<ul>\n \t<li>egyr\u00e9szt a magyar mez\u0151gazdas\u00e1g adotts\u00e1gai,<\/li>\n \t<li>m\u00e1sr\u00e9szt a k\u00f6z\u00f6s agr\u00e1rpolitik\u00e1ban rejl\u0151 lehet\u0151s\u00e9gek adj\u00e1k.<\/li>\n<\/ul>\n<p align=\"justify\">Haz\u00e1nk term\u00e9szeti adotts\u00e1gai <b>versenyel\u0151nyt<\/b> jelentenek a t\u00f6bbi EU orsz\u00e1ggal szemben. A k\u00f6z\u00f6s agr\u00e1rpolitika, mint piacszab\u00e1lyoz\u00e1s a vid\u00e9kfejleszt\u00e9s ter\u00fclet\u00e9n minden eddigin\u00e9l nagyobb forr\u00e1st, \u00e9s t\u00e1mogat\u00e1st biztos\u00edt a magyar mez\u0151gazdas\u00e1g sz\u00e1m\u00e1ra.<\/p>\n<p align=\"justify\">Az EU az agr\u00e1rterm\u00e9kek k\u00fclkereskedelm\u00e9t \"<b>harmadik orsz\u00e1gok<\/b>\" viszonylat\u00e1ban sz\u00e1mos eszk\u00f6zzel szab\u00e1lyozza, melyek k\u00f6z\u00fcl a legfontosabbak:<\/p>\n\n<ul>\n \t<li>az export bizony\u00edtv\u00e1nyok (export enged\u00e9lyek),<\/li>\n \t<li>illetve az export-visszat\u00e9r\u00edt\u00e9sek.<\/li>\n<\/ul>\n<p align=\"justify\">Bizonyos term\u00e9kek kivitele - meghat\u00e1rozott mennyis\u00e9g felett - minden esetben export bizony\u00edtv\u00e1nyhoz k\u00f6t\u00f6tt, m\u00edg m\u00e1s term\u00e9kek eset\u00e9ben csak export-visszat\u00e9r\u00edt\u00e9s ig\u00e9nyl\u00e9se eset\u00e9n kell export bizony\u00edtv\u00e1nyt kiv\u00e1ltani.<\/p>\n<p align=\"justify\">C\u00e9g\u00fcnk kompletten, vagy ak\u00e1r r\u00e9szben is v\u00e1llalja:<\/p>\n\n<ul>\n \t<li>az export t\u00e1mogat\u00e1shoz sz\u00fcks\u00e9ges export enged\u00e9ly beszerz\u00e9s\u00e9t<\/li>\n \t<li>export v\u00e1mkezel\u00e9st<\/li>\n \t<li>export t\u00e1mogat\u00e1s ig\u00e9nyl\u00e9s\u00e9t<\/li>\n<\/ul>","_hu_post_name":"mezogazdasagi-exporttamogatas","_hu_post_excerpt":"","_hu_post_title":"Mez\u0151gazdas\u00e1gi exportt\u00e1mogat\u00e1s","_en_post_content":"","_en_post_name":"","_en_post_excerpt":"","_en_post_title":"","edit_language":"en","footnotes":""},"yoast_head":"<!-- This site is optimized with the Yoast SEO plugin v21.7 - https:\/\/yoast.com\/wordpress\/plugins\/seo\/ -->\n<title>Mez\u0151gazdas\u00e1gi exportt\u00e1mogat\u00e1s - Adintrade Kft.<\/title>\n<meta name=\"robots\" content=\"index, follow, max-snippet:-1, max-image-preview:large, max-video-preview:-1\" \/>\n<link rel=\"canonical\" href=\"https:\/\/adintrade.hu\/mezogazdasagi-exporttamogatas\/\" \/>\n<meta property=\"og:locale\" content=\"en_US\" \/>\n<meta property=\"og:type\" content=\"article\" \/>\n<meta property=\"og:title\" content=\"Mez\u0151gazdas\u00e1gi exportt\u00e1mogat\u00e1s - Adintrade Kft.\" \/>\n<meta property=\"og:description\" content=\"Mez\u0151gazdas\u00e1gi exportt\u00e1mogat\u00e1s A magyar termel\u0151k \u00e9s forgalmaz\u00f3k az EU tags\u00e1g els\u0151 napj\u00e1t\u00f3l teljes joggal p\u00e1ly\u00e1zhatnak exportt\u00e1mogat\u00e1sokra. EU tagg\u00e1 v\u00e1l\u00e1sunkkal egy\u00fctt r\u00e9szesei lett\u00fcnk az Uni\u00f3 K\u00f6z\u00f6s Agr\u00e1rpolitik\u00e1j\u00e1nak, mely alapvet\u0151en v\u00e1ltoztatja meg a hazai mez\u0151gazdas\u00e1g szab\u00e1lyoz\u00e1s\u00e1t. A mez\u0151gazdas\u00e1g az Uni\u00f3 egyik legnagyobb hangs\u00fallyal kezelt ter\u00fclete, melyet a vonatkoz\u00f3 el\u0151\u00edr\u00e1sok \u00e9s a t\u00e1mogat\u00e1si lehet\u0151s\u00e9gek sz\u00e9les k\u00f6re is j\u00f3l [&hellip;]\" \/>\n<meta property=\"og:url\" content=\"https:\/\/adintrade.hu\/mezogazdasagi-exporttamogatas\/\" \/>\n<meta property=\"og:site_name\" content=\"Adintrade Kft.\" \/>\n<meta property=\"article:publisher\" content=\"https:\/\/facebook.com\/adintrade\" \/>\n<meta name=\"twitter:card\" content=\"summary_large_image\" \/>\n<meta name=\"twitter:label1\" content=\"Est. reading time\" \/>\n\t<meta name=\"twitter:data1\" content=\"2 minutes\" \/>\n<script type=\"application\/ld+json\" class=\"yoast-schema-graph\">{\"@context\":\"https:\/\/schema.org\",\"@graph\":[{\"@type\":\"WebPage\",\"@id\":\"https:\/\/adintrade.hu\/mezogazdasagi-exporttamogatas\/\",\"url\":\"https:\/\/adintrade.hu\/mezogazdasagi-exporttamogatas\/\",\"name\":\"Mez\u0151gazdas\u00e1gi exportt\u00e1mogat\u00e1s - Adintrade Kft.\",\"isPartOf\":{\"@id\":\"https:\/\/adintrade.hu\/#website\"},\"datePublished\":\"2017-01-17T19:57:37+00:00\",\"dateModified\":\"2017-01-17T19:57:37+00:00\",\"breadcrumb\":{\"@id\":\"https:\/\/adintrade.hu\/mezogazdasagi-exporttamogatas\/#breadcrumb\"},\"inLanguage\":\"english\",\"potentialAction\":[{\"@type\":\"ReadAction\",\"target\":[\"https:\/\/adintrade.hu\/mezogazdasagi-exporttamogatas\/\"]}]},{\"@type\":\"BreadcrumbList\",\"@id\":\"https:\/\/adintrade.hu\/mezogazdasagi-exporttamogatas\/#breadcrumb\",\"itemListElement\":[{\"@type\":\"ListItem\",\"position\":1,\"name\":\"Home\",\"item\":\"https:\/\/adintrade.hu\/\"},{\"@type\":\"ListItem\",\"position\":2,\"name\":\"Mez\u0151gazdas\u00e1gi exportt\u00e1mogat\u00e1s\"}]},{\"@type\":\"WebSite\",\"@id\":\"https:\/\/adintrade.hu\/#website\",\"url\":\"https:\/\/adintrade.hu\/\",\"name\":\"Adintrade Kft.\",\"description\":\"Customs and product fee administration\",\"publisher\":{\"@id\":\"https:\/\/adintrade.hu\/#organization\"},\"potentialAction\":[{\"@type\":\"SearchAction\",\"target\":{\"@type\":\"EntryPoint\",\"urlTemplate\":\"https:\/\/adintrade.hu\/?s={search_term_string}\"},\"query-input\":\"required name=search_term_string\"}],\"inLanguage\":\"english\"},{\"@type\":\"Organization\",\"@id\":\"https:\/\/adintrade.hu\/#organization\",\"name\":\"Adintrade Kft.\",\"url\":\"https:\/\/adintrade.hu\/\",\"logo\":{\"@type\":\"ImageObject\",\"inLanguage\":\"english\",\"@id\":\"https:\/\/adintrade.hu\/#\/schema\/logo\/image\/\",\"url\":\"https:\/\/adintrade.hu\/wp-content\/uploads\/2022\/08\/cropped-cropped-adintrade_original.png\",\"contentUrl\":\"https:\/\/adintrade.hu\/wp-content\/uploads\/2022\/08\/cropped-cropped-adintrade_original.png\",\"width\":794,\"height\":247,\"caption\":\"Adintrade Kft.\"},\"image\":{\"@id\":\"https:\/\/adintrade.hu\/#\/schema\/logo\/image\/\"},\"sameAs\":[\"https:\/\/facebook.com\/adintrade\"]}]}<\/script>\n<!-- \/ Yoast SEO plugin. -->","yoast_head_json":{"title":"Mez\u0151gazdas\u00e1gi exportt\u00e1mogat\u00e1s - Adintrade Kft.","robots":{"index":"index","follow":"follow","max-snippet":"max-snippet:-1","max-image-preview":"max-image-preview:large","max-video-preview":"max-video-preview:-1"},"canonical":"https:\/\/adintrade.hu\/mezogazdasagi-exporttamogatas\/","og_locale":"en_US","og_type":"article","og_title":"Mez\u0151gazdas\u00e1gi exportt\u00e1mogat\u00e1s - Adintrade Kft.","og_description":"Mez\u0151gazdas\u00e1gi exportt\u00e1mogat\u00e1s A magyar termel\u0151k \u00e9s forgalmaz\u00f3k az EU tags\u00e1g els\u0151 napj\u00e1t\u00f3l teljes joggal p\u00e1ly\u00e1zhatnak exportt\u00e1mogat\u00e1sokra. EU tagg\u00e1 v\u00e1l\u00e1sunkkal egy\u00fctt r\u00e9szesei lett\u00fcnk az Uni\u00f3 K\u00f6z\u00f6s Agr\u00e1rpolitik\u00e1j\u00e1nak, mely alapvet\u0151en v\u00e1ltoztatja meg a hazai mez\u0151gazdas\u00e1g szab\u00e1lyoz\u00e1s\u00e1t. A mez\u0151gazdas\u00e1g az Uni\u00f3 egyik legnagyobb hangs\u00fallyal kezelt ter\u00fclete, melyet a vonatkoz\u00f3 el\u0151\u00edr\u00e1sok \u00e9s a t\u00e1mogat\u00e1si lehet\u0151s\u00e9gek sz\u00e9les k\u00f6re is j\u00f3l [&hellip;]","og_url":"https:\/\/adintrade.hu\/mezogazdasagi-exporttamogatas\/","og_site_name":"Adintrade Kft.","article_publisher":"https:\/\/facebook.com\/adintrade","twitter_card":"summary_large_image","twitter_misc":{"Est. reading time":"2 minutes"},"schema":{"@context":"https:\/\/schema.org","@graph":[{"@type":"WebPage","@id":"https:\/\/adintrade.hu\/mezogazdasagi-exporttamogatas\/","url":"https:\/\/adintrade.hu\/mezogazdasagi-exporttamogatas\/","name":"Mez\u0151gazdas\u00e1gi exportt\u00e1mogat\u00e1s - Adintrade Kft.","isPartOf":{"@id":"https:\/\/adintrade.hu\/#website"},"datePublished":"2017-01-17T19:57:37+00:00","dateModified":"2017-01-17T19:57:37+00:00","breadcrumb":{"@id":"https:\/\/adintrade.hu\/mezogazdasagi-exporttamogatas\/#breadcrumb"},"inLanguage":"english","potentialAction":[{"@type":"ReadAction","target":["https:\/\/adintrade.hu\/mezogazdasagi-exporttamogatas\/"]}]},{"@type":"BreadcrumbList","@id":"https:\/\/adintrade.hu\/mezogazdasagi-exporttamogatas\/#breadcrumb","itemListElement":[{"@type":"ListItem","position":1,"name":"Home","item":"https:\/\/adintrade.hu\/"},{"@type":"ListItem","position":2,"name":"Mez\u0151gazdas\u00e1gi exportt\u00e1mogat\u00e1s"}]},{"@type":"WebSite","@id":"https:\/\/adintrade.hu\/#website","url":"https:\/\/adintrade.hu\/","name":"Adintrade Kft.","description":"Customs and product fee administration","publisher":{"@id":"https:\/\/adintrade.hu\/#organization"},"potentialAction":[{"@type":"SearchAction","target":{"@type":"EntryPoint","urlTemplate":"https:\/\/adintrade.hu\/?s={search_term_string}"},"query-input":"required name=search_term_string"}],"inLanguage":"english"},{"@type":"Organization","@id":"https:\/\/adintrade.hu\/#organization","name":"Adintrade Kft.","url":"https:\/\/adintrade.hu\/","logo":{"@type":"ImageObject","inLanguage":"english","@id":"https:\/\/adintrade.hu\/#\/schema\/logo\/image\/","url":"https:\/\/adintrade.hu\/wp-content\/uploads\/2022\/08\/cropped-cropped-adintrade_original.png","contentUrl":"https:\/\/adintrade.hu\/wp-content\/uploads\/2022\/08\/cropped-cropped-adintrade_original.png","width":794,"height":247,"caption":"Adintrade Kft."},"image":{"@id":"https:\/\/adintrade.hu\/#\/schema\/logo\/image\/"},"sameAs":["https:\/\/facebook.com\/adintrade"]}]}},"_links":{"self":[{"href":"https:\/\/adintrade.hu\/en\/wp-json\/wp\/v2\/pages\/475"}],"collection":[{"href":"https:\/\/adintrade.hu\/en\/wp-json\/wp\/v2\/pages"}],"about":[{"href":"https:\/\/adintrade.hu\/en\/wp-json\/wp\/v2\/types\/page"}],"author":[{"embeddable":true,"href":"https:\/\/adintrade.hu\/en\/wp-json\/wp\/v2\/users\/1"}],"replies":[{"embeddable":true,"href":"https:\/\/adintrade.hu\/en\/wp-json\/wp\/v2\/comments?post=475"}],"version-history":[{"count":0,"href":"https:\/\/adintrade.hu\/en\/wp-json\/wp\/v2\/pages\/475\/revisions"}],"wp:attachment":[{"href":"https:\/\/adintrade.hu\/en\/wp-json\/wp\/v2\/media?parent=475"}],"curies":[{"name":"wp","href":"https:\/\/api.w.org\/{rel}","templated":true}]}}