{"id":478,"date":"2017-01-17T21:58:23","date_gmt":"2017-01-17T19:58:23","guid":{"rendered":"http:\/\/adintrade.hu\/?page_id=478"},"modified":"2017-01-17T21:58:23","modified_gmt":"2017-01-17T19:58:23","slug":"magyar-es-kulfoldi-fuvarozok-kivalasztasa","status":"publish","type":"page","link":"https:\/\/adintrade.hu\/en\/magyar-es-kulfoldi-fuvarozok-kivalasztasa\/","title":{"rendered":"Selecting Hungarian and Foreign Forwarding Companies","raw":"Selecting Hungarian and Foreign Forwarding Companies"},"content":{"rendered":"\n<h2 class=\"wp-block-heading\">We know who is the best for the given countries.<\/h2>\n\n\n\n<p>We manage the selection in the framework of international freight services. Our decision is guaranteed by<\/p>\n\n\n\n<ul><li><strong>our expertise:<\/strong>\n<ul>\n<li>we are aware of the requirements,<\/li>\n<li>we have the necessary product know-how (weight, volume, conservation qualities, etc.)<\/li>\n<li>we know the specific issues of transportation (freight forwarding conditions, contract conditions, etc.)<\/li>\n<\/ul>\n<\/li><li><strong>our partner know-how:<\/strong>\n<ul>\n<li>we are in contact with almost each Hungarian freight forwarding company and with many from abroad<\/li>\n<li>we can choose the most appropriate forwarding company for our partner (for example in the air freight business it is frequent that the difference between freight price differs twofold) and also<\/li>\n<\/ul>\n<\/li><li><strong>our independence:<\/strong>\n<ul>\n<li>we are not committed to any forwarding company<\/li>\n<\/ul>\n<\/li><\/ul>\n\n\n\n<p>For these reasons we can assure that we are able to choose the most appropriate forwarding company for our partner.<\/p>\n","protected":false,"raw":"<!-- wp:heading -->\n<h2>We know who is the best for the given countries.<\/h2>\n<!-- \/wp:heading -->\n\n<!-- wp:paragraph -->\n<p>We manage the selection in the framework of international freight services. Our decision is guaranteed by<\/p>\n<!-- \/wp:paragraph -->\n\n<!-- wp:list -->\n<ul><li><strong>our expertise:<\/strong>\n<ul>\n<li>we are aware of the requirements,<\/li>\n<li>we have the necessary product know-how (weight, volume, conservation qualities, etc.)<\/li>\n<li>we know the specific issues of transportation (freight forwarding conditions, contract conditions, etc.)<\/li>\n<\/ul>\n<\/li><li><strong>our partner know-how:<\/strong>\n<ul>\n<li>we are in contact with almost each Hungarian freight forwarding company and with many from abroad<\/li>\n<li>we can choose the most appropriate forwarding company for our partner (for example in the air freight business it is frequent that the difference between freight price differs twofold) and also<\/li>\n<\/ul>\n<\/li><li><strong>our independence:<\/strong>\n<ul>\n<li>we are not committed to any forwarding company<\/li>\n<\/ul>\n<\/li><\/ul>\n<!-- \/wp:list -->\n\n<!-- wp:paragraph -->\n<p>For these reasons we can assure that we are able to choose the most appropriate forwarding company for our partner.<\/p>\n<!-- \/wp:paragraph -->"},"excerpt":{"rendered":"","protected":false,"raw":""},"author":1,"featured_media":0,"parent":0,"menu_order":0,"comment_status":"closed","ping_status":"closed","template":"","meta":{"inline_featured_image":false,"_hu_post_content":"<!-- wp:paragraph -->\n<p><b><span data-scayt_word=\"Tudjuk\" data-scaytid=\"1\">Tudjuk<\/span>, <span data-scayt_word=\"hogy\" data-scaytid=\"2\">hogy<\/span> <span data-scayt_word=\"az\" data-scaytid=\"3\">az<\/span> <span data-scayt_word=\"adott\" data-scaytid=\"4\">adott<\/span> <span data-scayt_word=\"rel\u00e1ci\u00f3ban\" data-scaytid=\"5\">rel\u00e1ci\u00f3ban<\/span> <span data-scayt_word=\"kik\" data-scaytid=\"6\">kik<\/span> a <span data-scayt_word=\"legjobbak\" data-scaytid=\"7\">legjobbak<\/span>.<\/b><\/p>\n<!-- \/wp:paragraph -->\n\n<!-- wp:paragraph -->\n<p>A <span data-scayt_word=\"nemzetk\u00f6zi\" data-scaytid=\"8\">nemzetk\u00f6zi<\/span> <span data-scayt_word=\"fuvarszervez\u00e9s\" data-scaytid=\"9\">fuvarszervez\u00e9s<\/span> <span data-scayt_word=\"keret\u00e9ben\" data-scaytid=\"10\">keret\u00e9ben<\/span> <span data-scayt_word=\"v\u00e9gezz\u00fck\" data-scaytid=\"11\">v\u00e9gezz\u00fck<\/span> el a <span data-scayt_word=\"fuvaroz\u00f3k\" data-scaytid=\"12\">fuvaroz\u00f3k<\/span> <span data-scayt_word=\"kiv\u00e1laszt\u00e1s\u00e1t\" data-scaytid=\"13\">kiv\u00e1laszt\u00e1s\u00e1t<\/span>. <span data-scayt_word=\"D\u00f6nt\u00e9s\u00fcnk\" data-scaytid=\"14\">D\u00f6nt\u00e9s\u00fcnk<\/span> <span data-scayt_word=\"megalapozotts\u00e1g\u00e1t\" data-scaytid=\"15\">megalapozotts\u00e1g\u00e1t<\/span> <span data-scayt_word=\"egy\u00fcttesen\" data-scaytid=\"16\">egy\u00fcttesen<\/span> <span data-scayt_word=\"garant\u00e1lja\" data-scaytid=\"17\">garant\u00e1lja<\/span><\/p>\n<!-- \/wp:paragraph -->\n\n<!-- wp:list -->\n<ul><li><b><span data-scayt_word=\"szakismeret\u00fcnk\" data-scaytid=\"18\">szakismeret\u00fcnk<\/span>: <\/b>\n<ul>\n<li><span data-scayt_word=\"tudjuk\" data-scaytid=\"19\">tudjuk<\/span> a <span data-scayt_word=\"k\u00f6vetelm\u00e9nyeket\" data-scaytid=\"20\">k\u00f6vetelm\u00e9nyeket<\/span>,<\/li>\n<li><span data-scayt_word=\"megfelel\u0151\" data-scaytid=\"21\">megfelel\u0151<\/span> <span data-scayt_word=\"\u00e1ruismerettel\" data-scaytid=\"22\">\u00e1ruismerettel<\/span> <span data-scayt_word=\"rendelkez\u00fcnk\" data-scaytid=\"23\">rendelkez\u00fcnk<\/span> a <span data-scayt_word=\"term\u00e9kek\" data-scaytid=\"24\">term\u00e9kek<\/span> <span data-scayt_word=\"legt\u00f6bbj\u00e9n\u00e9l\" data-scaytid=\"25\">legt\u00f6bbj\u00e9n\u00e9l<\/span> (<span data-scayt_word=\"s\u00faly\" data-scaytid=\"26\">s\u00faly<\/span>, <span data-scayt_word=\"t\u00e9rfogat\" data-scaytid=\"27\">t\u00e9rfogat<\/span>, <span data-scayt_word=\"romland\u00f3s\u00e1g\" data-scaytid=\"28\">romland\u00f3s\u00e1g<\/span> <span data-scayt_word=\"stb\" data-scaytid=\"29\">stb<\/span>.),<\/li>\n<li><span data-scayt_word=\"megfelel\u0151\" data-scaytid=\"30\">megfelel\u0151<\/span> <span data-scayt_word=\"fuvaroz\u00e1si\" data-scaytid=\"34\">fuvaroz\u00e1si<\/span> <span data-scayt_word=\"szakismerettel\" data-scaytid=\"36\">szakismerettel<\/span> <span data-scayt_word=\"rendelkez\u00fcnk\" data-scaytid=\"31\">rendelkez\u00fcnk<\/span> (<span data-scayt_word=\"fuvaroz\u00e1si\" data-scaytid=\"35\">fuvaroz\u00e1si<\/span> <span data-scayt_word=\"felt\u00e9telek\" data-scaytid=\"38\">felt\u00e9telek<\/span>, <span data-scayt_word=\"szerz\u0151d\u00e9si\" data-scaytid=\"40\">szerz\u0151d\u00e9si<\/span> <span data-scayt_word=\"felt\u00e9telek\" data-scaytid=\"39\">felt\u00e9telek<\/span> <span data-scayt_word=\"stb\" data-scaytid=\"32\">stb<\/span>.);<\/li>\n<\/ul>\n<\/li><li><b><span data-scayt_word=\"partnerismeret\u00fcnk\" data-scaytid=\"42\">partnerismeret\u00fcnk<\/span>: <\/b>\n<ul>\n<li><span data-scayt_word=\"napi\" data-scaytid=\"43\">napi<\/span> <span data-scayt_word=\"munk\u00e1nk\" data-scaytid=\"44\">munk\u00e1nk<\/span> <span data-scayt_word=\"sor\u00e1n\" data-scaytid=\"45\">sor\u00e1n<\/span> <span data-scayt_word=\"szinte\" data-scaytid=\"46\">szinte<\/span> <span data-scayt_word=\"minden\" data-scaytid=\"47\">minden<\/span> <span data-scayt_word=\"magyarorsz\u00e1gi\" data-scaytid=\"48\">magyarorsz\u00e1gi<\/span> <span data-scayt_word=\"fuvaroz\u00f3val\" data-scaytid=\"49\">fuvaroz\u00f3val<\/span> <span data-scayt_word=\"\u00e9s\" data-scaytid=\"51\">\u00e9s<\/span> <span data-scayt_word=\"rengeteg\" data-scaytid=\"52\">rengeteg<\/span> <span data-scayt_word=\"k\u00fclf\u00f6ldi\" data-scaytid=\"53\">k\u00fclf\u00f6ldi<\/span> <span data-scayt_word=\"fuvaroz\u00f3val\" data-scaytid=\"50\">fuvaroz\u00f3val<\/span> <span data-scayt_word=\"ker\u00fcl\u00fcnk\" data-scaytid=\"54\">ker\u00fcl\u00fcnk<\/span> <span data-scayt_word=\"kapcsolatba\" data-scaytid=\"55\">kapcsolatba<\/span>,<\/li>\n<li><span data-scayt_word=\"tudjuk\" data-scaytid=\"56\">tudjuk<\/span>, <span data-scayt_word=\"hogy\" data-scaytid=\"57\">hogy<\/span> <span data-scayt_word=\"az\" data-scaytid=\"58\">az<\/span> <span data-scayt_word=\"adott\" data-scaytid=\"60\">adott<\/span> <span data-scayt_word=\"rel\u00e1ci\u00f3ban\" data-scaytid=\"61\">rel\u00e1ci\u00f3ban<\/span> <span data-scayt_word=\"kik\" data-scaytid=\"62\">kik<\/span> a <span data-scayt_word=\"legjobbak\" data-scaytid=\"63\">legjobbak<\/span> (a <span data-scayt_word=\"l\u00e9giforgalomban\" data-scaytid=\"81\">l\u00e9giforgalomban<\/span> <span data-scayt_word=\"nem\" data-scaytid=\"82\">nem<\/span> <span data-scayt_word=\"ritka\" data-scaytid=\"83\">ritka<\/span> <span data-scayt_word=\"p\u00e9ld\u00e1ul\" data-scaytid=\"84\">p\u00e9ld\u00e1ul<\/span> a <span data-scayt_word=\"k\u00e9tszeres\" data-scaytid=\"85\">k\u00e9tszeres<\/span> <span data-scayt_word=\"\u00e1rk\u00fcl\u00f6nbs\u00e9g\" data-scaytid=\"86\">\u00e1rk\u00fcl\u00f6nbs\u00e9g<\/span> <span data-scayt_word=\"sem\" data-scaytid=\"87\">sem<\/span> <span data-scayt_word=\"az\" data-scaytid=\"59\">az<\/span> <span data-scayt_word=\"egyes\" data-scaytid=\"88\">egyes<\/span> <span data-scayt_word=\"fuvard\u00edjaj\u00e1nlatok\" data-scaytid=\"89\">fuvard\u00edjaj\u00e1nlatok<\/span> <span data-scayt_word=\"k\u00f6z\u00f6tt\" data-scaytid=\"90\">k\u00f6z\u00f6tt<\/span>); <span data-scayt_word=\"valamint\" data-scaytid=\"91\">valamint<\/span><\/li>\n<\/ul>\n<\/li><li><b><span data-scayt_word=\"f\u00fcggetlens\u00e9g\u00fcnk\" data-scaytid=\"92\">f\u00fcggetlens\u00e9g\u00fcnk<\/span>: <\/b>\n<ul>\n<li><span data-scayt_word=\"nem\" data-scaytid=\"93\">nem<\/span> <span data-scayt_word=\"vagyunk\" data-scaytid=\"97\">vagyunk<\/span> <span data-scayt_word=\"egyetlen\" data-scaytid=\"99\">egyetlen<\/span> <span data-scayt_word=\"fuvaroz\u00f3\" data-scaytid=\"100\">fuvaroz\u00f3<\/span> <span data-scayt_word=\"v\u00e1llalat\" data-scaytid=\"101\">v\u00e1llalat<\/span> <span data-scayt_word=\"elk\u00f6telezettjei\" data-scaytid=\"102\">elk\u00f6telezettjei<\/span> <span data-scayt_word=\"sem\" data-scaytid=\"94\">sem<\/span>.<\/li>\n<\/ul>\n<\/li><\/ul>\n<!-- \/wp:list -->\n\n<!-- wp:paragraph -->\n<p>A <span data-scayt_word=\"felsoroltak\" data-scaytid=\"104\">felsoroltak<\/span> <span data-scayt_word=\"miatt\" data-scaytid=\"105\">miatt<\/span> <span data-scayt_word=\"biztosak\" data-scaytid=\"106\">biztosak<\/span> <span data-scayt_word=\"lehetnek\" data-scaytid=\"107\">lehetnek<\/span> <span data-scayt_word=\"\u00fcgyfeleink\" data-scaytid=\"108\">\u00fcgyfeleink<\/span> <span data-scayt_word=\"abban\" data-scaytid=\"109\">abban<\/span>, <span data-scayt_word=\"hogy\" data-scaytid=\"72\">hogy<\/span> <span data-scayt_word=\"k\u00e9pesek\" data-scaytid=\"111\">k\u00e9pesek<\/span> <span data-scayt_word=\"vagyunk\" data-scaytid=\"98\">vagyunk<\/span> <span data-scayt_word=\"sz\u00e1mukra\" data-scaytid=\"112\">sz\u00e1mukra<\/span> a <span data-scayt_word=\"legmegfelel\u0151bb\" data-scaytid=\"113\">legmegfelel\u0151bb<\/span> <span data-scayt_word=\"fuvaroz\u00f3t\" data-scaytid=\"114\">fuvaroz\u00f3t<\/span> <span data-scayt_word=\"kiv\u00e1lasztani\" data-scaytid=\"115\">kiv\u00e1lasztani<\/span>.<\/p>\n<!-- \/wp:paragraph -->","_hu_post_name":"magyar-es-kulfoldi-fuvarozok-kivalasztasa","_hu_post_excerpt":"","_hu_post_title":"Magyar \u00e9s k\u00fclf\u00f6ldi fuvaroz\u00f3k kiv\u00e1laszt\u00e1sa","_en_post_content":"<!-- wp:heading -->\n<h2>We know who is the best for the given countries.<\/h2>\n<!-- \/wp:heading -->\n\n<!-- wp:paragraph -->\n<p>We manage the selection in the framework of international freight services. Our decision is guaranteed by<\/p>\n<!-- \/wp:paragraph -->\n\n<!-- wp:list -->\n<ul><li><strong>our expertise:<\/strong>\n<ul>\n<li>we are aware of the requirements,<\/li>\n<li>we have the necessary product know-how (weight, volume, conservation qualities, etc.)<\/li>\n<li>we know the specific issues of transportation (freight forwarding conditions, contract conditions, etc.)<\/li>\n<\/ul>\n<\/li><li><strong>our partner know-how:<\/strong>\n<ul>\n<li>we are in contact with almost each Hungarian freight forwarding company and with many from abroad<\/li>\n<li>we can choose the most appropriate forwarding company for our partner (for example in the air freight business it is frequent that the difference between freight price differs twofold) and also<\/li>\n<\/ul>\n<\/li><li><strong>our independence:<\/strong>\n<ul>\n<li>we are not committed to any forwarding company<\/li>\n<\/ul>\n<\/li><\/ul>\n<!-- \/wp:list -->\n\n<!-- wp:paragraph -->\n<p>For these reasons we can assure that we are able to choose the most appropriate forwarding company for our partner.<\/p>\n<!-- \/wp:paragraph -->","_en_post_name":"magyar-es-kulfoldi-fuvarozok-kivalasztasa","_en_post_excerpt":"","_en_post_title":"Selecting Hungarian and Foreign Forwarding Companies","edit_language":"en","footnotes":""},"yoast_head":"<!-- This site is optimized with the Yoast SEO plugin v21.7 - https:\/\/yoast.com\/wordpress\/plugins\/seo\/ -->\n<title>Magyar \u00e9s k\u00fclf\u00f6ldi fuvaroz\u00f3k kiv\u00e1laszt\u00e1sa - Adintrade Kft.<\/title>\n<meta name=\"robots\" content=\"index, follow, max-snippet:-1, max-image-preview:large, max-video-preview:-1\" \/>\n<link rel=\"canonical\" href=\"https:\/\/adintrade.hu\/magyar-es-kulfoldi-fuvarozok-kivalasztasa\/\" \/>\n<meta property=\"og:locale\" content=\"en_US\" \/>\n<meta property=\"og:type\" content=\"article\" \/>\n<meta property=\"og:title\" content=\"Magyar \u00e9s k\u00fclf\u00f6ldi fuvaroz\u00f3k kiv\u00e1laszt\u00e1sa - Adintrade Kft.\" \/>\n<meta property=\"og:description\" content=\"Tudjuk, hogy az adott rel\u00e1ci\u00f3ban kik a legjobbak. A nemzetk\u00f6zi fuvarszervez\u00e9s keret\u00e9ben v\u00e9gezz\u00fck el a fuvaroz\u00f3k kiv\u00e1laszt\u00e1s\u00e1t. D\u00f6nt\u00e9s\u00fcnk megalapozotts\u00e1g\u00e1t egy\u00fcttesen garant\u00e1lja szakismeret\u00fcnk: tudjuk a k\u00f6vetelm\u00e9nyeket, megfelel\u0151 \u00e1ruismerettel rendelkez\u00fcnk a term\u00e9kek legt\u00f6bbj\u00e9n\u00e9l (s\u00faly, t\u00e9rfogat, romland\u00f3s\u00e1g stb.), megfelel\u0151 fuvaroz\u00e1si szakismerettel rendelkez\u00fcnk (fuvaroz\u00e1si felt\u00e9telek, szerz\u0151d\u00e9si felt\u00e9telek stb.); partnerismeret\u00fcnk: napi munk\u00e1nk sor\u00e1n szinte minden magyarorsz\u00e1gi fuvaroz\u00f3val \u00e9s rengeteg k\u00fclf\u00f6ldi [&hellip;]\" \/>\n<meta property=\"og:url\" content=\"https:\/\/adintrade.hu\/magyar-es-kulfoldi-fuvarozok-kivalasztasa\/\" \/>\n<meta property=\"og:site_name\" content=\"Adintrade Kft.\" \/>\n<meta property=\"article:publisher\" content=\"https:\/\/facebook.com\/adintrade\" \/>\n<meta name=\"twitter:card\" content=\"summary_large_image\" \/>\n<meta name=\"twitter:label1\" content=\"Est. reading time\" \/>\n\t<meta name=\"twitter:data1\" content=\"1 minute\" \/>\n<script type=\"application\/ld+json\" class=\"yoast-schema-graph\">{\"@context\":\"https:\/\/schema.org\",\"@graph\":[{\"@type\":\"WebPage\",\"@id\":\"https:\/\/adintrade.hu\/magyar-es-kulfoldi-fuvarozok-kivalasztasa\/\",\"url\":\"https:\/\/adintrade.hu\/magyar-es-kulfoldi-fuvarozok-kivalasztasa\/\",\"name\":\"Magyar \u00e9s k\u00fclf\u00f6ldi fuvaroz\u00f3k kiv\u00e1laszt\u00e1sa - Adintrade Kft.\",\"isPartOf\":{\"@id\":\"https:\/\/adintrade.hu\/#website\"},\"datePublished\":\"2017-01-17T19:58:23+00:00\",\"dateModified\":\"2017-01-17T19:58:23+00:00\",\"breadcrumb\":{\"@id\":\"https:\/\/adintrade.hu\/magyar-es-kulfoldi-fuvarozok-kivalasztasa\/#breadcrumb\"},\"inLanguage\":\"english\",\"potentialAction\":[{\"@type\":\"ReadAction\",\"target\":[\"https:\/\/adintrade.hu\/magyar-es-kulfoldi-fuvarozok-kivalasztasa\/\"]}]},{\"@type\":\"BreadcrumbList\",\"@id\":\"https:\/\/adintrade.hu\/magyar-es-kulfoldi-fuvarozok-kivalasztasa\/#breadcrumb\",\"itemListElement\":[{\"@type\":\"ListItem\",\"position\":1,\"name\":\"Home\",\"item\":\"https:\/\/adintrade.hu\/\"},{\"@type\":\"ListItem\",\"position\":2,\"name\":\"Magyar \u00e9s k\u00fclf\u00f6ldi fuvaroz\u00f3k kiv\u00e1laszt\u00e1sa\"}]},{\"@type\":\"WebSite\",\"@id\":\"https:\/\/adintrade.hu\/#website\",\"url\":\"https:\/\/adintrade.hu\/\",\"name\":\"Adintrade Kft.\",\"description\":\"Customs and product fee administration\",\"publisher\":{\"@id\":\"https:\/\/adintrade.hu\/#organization\"},\"potentialAction\":[{\"@type\":\"SearchAction\",\"target\":{\"@type\":\"EntryPoint\",\"urlTemplate\":\"https:\/\/adintrade.hu\/?s={search_term_string}\"},\"query-input\":\"required name=search_term_string\"}],\"inLanguage\":\"english\"},{\"@type\":\"Organization\",\"@id\":\"https:\/\/adintrade.hu\/#organization\",\"name\":\"Adintrade Kft.\",\"url\":\"https:\/\/adintrade.hu\/\",\"logo\":{\"@type\":\"ImageObject\",\"inLanguage\":\"english\",\"@id\":\"https:\/\/adintrade.hu\/#\/schema\/logo\/image\/\",\"url\":\"https:\/\/adintrade.hu\/wp-content\/uploads\/2022\/08\/cropped-cropped-adintrade_original.png\",\"contentUrl\":\"https:\/\/adintrade.hu\/wp-content\/uploads\/2022\/08\/cropped-cropped-adintrade_original.png\",\"width\":794,\"height\":247,\"caption\":\"Adintrade Kft.\"},\"image\":{\"@id\":\"https:\/\/adintrade.hu\/#\/schema\/logo\/image\/\"},\"sameAs\":[\"https:\/\/facebook.com\/adintrade\"]}]}<\/script>\n<!-- \/ Yoast SEO plugin. -->","yoast_head_json":{"title":"Magyar \u00e9s k\u00fclf\u00f6ldi fuvaroz\u00f3k kiv\u00e1laszt\u00e1sa - Adintrade Kft.","robots":{"index":"index","follow":"follow","max-snippet":"max-snippet:-1","max-image-preview":"max-image-preview:large","max-video-preview":"max-video-preview:-1"},"canonical":"https:\/\/adintrade.hu\/magyar-es-kulfoldi-fuvarozok-kivalasztasa\/","og_locale":"en_US","og_type":"article","og_title":"Magyar \u00e9s k\u00fclf\u00f6ldi fuvaroz\u00f3k kiv\u00e1laszt\u00e1sa - Adintrade Kft.","og_description":"Tudjuk, hogy az adott rel\u00e1ci\u00f3ban kik a legjobbak. A nemzetk\u00f6zi fuvarszervez\u00e9s keret\u00e9ben v\u00e9gezz\u00fck el a fuvaroz\u00f3k kiv\u00e1laszt\u00e1s\u00e1t. D\u00f6nt\u00e9s\u00fcnk megalapozotts\u00e1g\u00e1t egy\u00fcttesen garant\u00e1lja szakismeret\u00fcnk: tudjuk a k\u00f6vetelm\u00e9nyeket, megfelel\u0151 \u00e1ruismerettel rendelkez\u00fcnk a term\u00e9kek legt\u00f6bbj\u00e9n\u00e9l (s\u00faly, t\u00e9rfogat, romland\u00f3s\u00e1g stb.), megfelel\u0151 fuvaroz\u00e1si szakismerettel rendelkez\u00fcnk (fuvaroz\u00e1si felt\u00e9telek, szerz\u0151d\u00e9si felt\u00e9telek stb.); partnerismeret\u00fcnk: napi munk\u00e1nk sor\u00e1n szinte minden magyarorsz\u00e1gi fuvaroz\u00f3val \u00e9s rengeteg k\u00fclf\u00f6ldi [&hellip;]","og_url":"https:\/\/adintrade.hu\/magyar-es-kulfoldi-fuvarozok-kivalasztasa\/","og_site_name":"Adintrade Kft.","article_publisher":"https:\/\/facebook.com\/adintrade","twitter_card":"summary_large_image","twitter_misc":{"Est. reading time":"1 minute"},"schema":{"@context":"https:\/\/schema.org","@graph":[{"@type":"WebPage","@id":"https:\/\/adintrade.hu\/magyar-es-kulfoldi-fuvarozok-kivalasztasa\/","url":"https:\/\/adintrade.hu\/magyar-es-kulfoldi-fuvarozok-kivalasztasa\/","name":"Magyar \u00e9s k\u00fclf\u00f6ldi fuvaroz\u00f3k kiv\u00e1laszt\u00e1sa - Adintrade Kft.","isPartOf":{"@id":"https:\/\/adintrade.hu\/#website"},"datePublished":"2017-01-17T19:58:23+00:00","dateModified":"2017-01-17T19:58:23+00:00","breadcrumb":{"@id":"https:\/\/adintrade.hu\/magyar-es-kulfoldi-fuvarozok-kivalasztasa\/#breadcrumb"},"inLanguage":"english","potentialAction":[{"@type":"ReadAction","target":["https:\/\/adintrade.hu\/magyar-es-kulfoldi-fuvarozok-kivalasztasa\/"]}]},{"@type":"BreadcrumbList","@id":"https:\/\/adintrade.hu\/magyar-es-kulfoldi-fuvarozok-kivalasztasa\/#breadcrumb","itemListElement":[{"@type":"ListItem","position":1,"name":"Home","item":"https:\/\/adintrade.hu\/"},{"@type":"ListItem","position":2,"name":"Magyar \u00e9s k\u00fclf\u00f6ldi fuvaroz\u00f3k kiv\u00e1laszt\u00e1sa"}]},{"@type":"WebSite","@id":"https:\/\/adintrade.hu\/#website","url":"https:\/\/adintrade.hu\/","name":"Adintrade Kft.","description":"Customs and product fee administration","publisher":{"@id":"https:\/\/adintrade.hu\/#organization"},"potentialAction":[{"@type":"SearchAction","target":{"@type":"EntryPoint","urlTemplate":"https:\/\/adintrade.hu\/?s={search_term_string}"},"query-input":"required name=search_term_string"}],"inLanguage":"english"},{"@type":"Organization","@id":"https:\/\/adintrade.hu\/#organization","name":"Adintrade Kft.","url":"https:\/\/adintrade.hu\/","logo":{"@type":"ImageObject","inLanguage":"english","@id":"https:\/\/adintrade.hu\/#\/schema\/logo\/image\/","url":"https:\/\/adintrade.hu\/wp-content\/uploads\/2022\/08\/cropped-cropped-adintrade_original.png","contentUrl":"https:\/\/adintrade.hu\/wp-content\/uploads\/2022\/08\/cropped-cropped-adintrade_original.png","width":794,"height":247,"caption":"Adintrade Kft."},"image":{"@id":"https:\/\/adintrade.hu\/#\/schema\/logo\/image\/"},"sameAs":["https:\/\/facebook.com\/adintrade"]}]}},"_links":{"self":[{"href":"https:\/\/adintrade.hu\/en\/wp-json\/wp\/v2\/pages\/478"}],"collection":[{"href":"https:\/\/adintrade.hu\/en\/wp-json\/wp\/v2\/pages"}],"about":[{"href":"https:\/\/adintrade.hu\/en\/wp-json\/wp\/v2\/types\/page"}],"author":[{"embeddable":true,"href":"https:\/\/adintrade.hu\/en\/wp-json\/wp\/v2\/users\/1"}],"replies":[{"embeddable":true,"href":"https:\/\/adintrade.hu\/en\/wp-json\/wp\/v2\/comments?post=478"}],"version-history":[{"count":0,"href":"https:\/\/adintrade.hu\/en\/wp-json\/wp\/v2\/pages\/478\/revisions"}],"wp:attachment":[{"href":"https:\/\/adintrade.hu\/en\/wp-json\/wp\/v2\/media?parent=478"}],"curies":[{"name":"wp","href":"https:\/\/api.w.org\/{rel}","templated":true}]}}