{"id":481,"date":"2017-01-17T21:59:17","date_gmt":"2017-01-17T19:59:17","guid":{"rendered":"http:\/\/adintrade.hu\/?page_id=481"},"modified":"2017-01-17T21:59:17","modified_gmt":"2017-01-17T19:59:17","slug":"","status":"publish","type":"page","link":"https:\/\/adintrade.hu\/en\/fuvarokmanyok-kiallitasa-es-reszletes-feladat-meghatarozas-fuvarozoknak\/","title":{"rendered":"","raw":""},"content":{"rendered":"","protected":false,"raw":""},"excerpt":{"rendered":"","protected":false,"raw":""},"author":1,"featured_media":0,"parent":0,"menu_order":0,"comment_status":"closed","ping_status":"closed","template":"","meta":{"inline_featured_image":false,"_hu_post_content":"<!-- wp:paragraph -->\n<p><b><span data-scayt_word=\"Szakmailag\" data-scaytid=\"1\">Szakmailag<\/span> <span data-scayt_word=\"k\u00f6r\u00fcltekint\u0151\" data-scaytid=\"2\">k\u00f6r\u00fcltekint\u0151<\/span>, <span data-scayt_word=\"pontos\" data-scaytid=\"3\">pontos<\/span> <span data-scayt_word=\"\u00e9s\" data-scaytid=\"4\">\u00e9s<\/span> <span data-scayt_word=\"r\u00e9szletes\" data-scaytid=\"5\">r\u00e9szletes<\/span> <span data-scayt_word=\"feladatmeghat\u00e1roz\u00f3\" data-scaytid=\"6\">feladatmeghat\u00e1roz\u00f3<\/span> <span data-scayt_word=\"megb\u00edz\u00e1st\" data-scaytid=\"7\">megb\u00edz\u00e1st<\/span> <span data-scayt_word=\"adunk\" data-scaytid=\"8\">adunk<\/span> a <span data-scayt_word=\"kiv\u00e1lasztott\" data-scaytid=\"9\">kiv\u00e1lasztott<\/span> <span data-scayt_word=\"fuvaroz\u00f3nak\" data-scaytid=\"10\">fuvaroz\u00f3nak<\/span>.<\/b><\/p>\n<!-- \/wp:paragraph -->\n\n<!-- wp:paragraph -->\n<p><span data-scayt_word=\"Amikor\" data-scaytid=\"11\">Amikor<\/span> <span data-scayt_word=\"nemzetk\u00f6zi\" data-scaytid=\"12\">nemzetk\u00f6zi<\/span> <span data-scayt_word=\"fuvarszervez\u00e9st\" data-scaytid=\"13\">fuvarszervez\u00e9st<\/span> <span data-scayt_word=\"v\u00e9gz\u00fcnk\" data-scaytid=\"14\">v\u00e9gz\u00fcnk<\/span>, <span data-scayt_word=\"nagy\" data-scaytid=\"15\">nagy<\/span> <span data-scayt_word=\"gondot\" data-scaytid=\"16\">gondot<\/span> <span data-scayt_word=\"ford\u00edtunk\" data-scaytid=\"17\">ford\u00edtunk<\/span> <span data-scayt_word=\"arra\" data-scaytid=\"18\">arra<\/span>, <span data-scayt_word=\"hogy\" data-scaytid=\"19\">hogy<\/span> a<\/p>\n<!-- \/wp:paragraph -->\n\n<!-- wp:list -->\n<ul><li><b><span data-scayt_word=\"megfelel\u0151\" data-scaytid=\"20\">megfelel\u0151<\/span> <span data-scayt_word=\"id\u0151ben\" data-scaytid=\"22\">id\u0151ben<\/span><\/b>,<\/li><li><b><span data-scayt_word=\"megfelel\u0151\" data-scaytid=\"21\">megfelel\u0151<\/span> <span data-scayt_word=\"helyre\" data-scaytid=\"23\">helyre<\/span><\/b>,<\/li><li><b><span data-scayt_word=\"megfelel\u0151\" data-scaytid=\"24\">megfelel\u0151<\/span> <span data-scayt_word=\"\u00e1llapotban\" data-scaytid=\"26\">\u00e1llapotban<\/span><\/b><\/li><\/ul>\n<!-- \/wp:list -->\n\n<!-- wp:paragraph -->\n<p><span data-scayt_word=\"\u00e9rjen\" data-scaytid=\"27\">\u00e9rjen<\/span> el <span data-scayt_word=\"egy\" data-scaytid=\"28\">egy<\/span> <span data-scayt_word=\"sz\u00e1ll\u00edtm\u00e1ny\" data-scaytid=\"29\">sz\u00e1ll\u00edtm\u00e1ny<\/span>.<\/p>\n<!-- \/wp:paragraph -->\n\n<!-- wp:paragraph -->\n<p><span data-scayt_word=\"Speci\u00e1lis\" data-scaytid=\"30\">Speci\u00e1lis<\/span> <span data-scayt_word=\"fuvaroz\u00e1si\" data-scaytid=\"31\">fuvaroz\u00e1si<\/span> <span data-scayt_word=\"szakmai\" data-scaytid=\"32\">szakmai<\/span> <span data-scayt_word=\"ismereteink\" data-scaytid=\"33\">ismereteink<\/span> <span data-scayt_word=\"birtok\u00e1ban\" data-scaytid=\"34\">birtok\u00e1ban<\/span><\/p>\n<!-- \/wp:paragraph -->\n\n<!-- wp:list -->\n<ul><li><span data-scayt_word=\"hat\u00e9konyan\" data-scaytid=\"35\">hat\u00e9konyan<\/span> <span data-scayt_word=\"k\u00e9pviselhetj\u00fck\" data-scaytid=\"36\">k\u00e9pviselhetj\u00fck<\/span> <span data-scayt_word=\"\u00fcgyfel\u00fcnk\" data-scaytid=\"37\">\u00fcgyfel\u00fcnk<\/span> <span data-scayt_word=\"\u00e9rdekeit\" data-scaytid=\"38\">\u00e9rdekeit<\/span>,<\/li><li><span data-scayt_word=\"optim\u00e1lis\" data-scaytid=\"41\">optim\u00e1lis<\/span> <span data-scayt_word=\"teljes\u00edtm\u00e9nyre\" data-scaytid=\"42\">teljes\u00edtm\u00e9nyre<\/span> <span data-scayt_word=\"k\u00e9sztethetj\u00fck\" data-scaytid=\"43\">k\u00e9sztethetj\u00fck<\/span> a <span data-scayt_word=\"fuvaroz\u00f3\" data-scaytid=\"44\">fuvaroz\u00f3<\/span> <span data-scayt_word=\"c\u00e9get\" data-scaytid=\"46\">c\u00e9get<\/span>, <span data-scayt_word=\"m\u00e9gpedig\" data-scaytid=\"47\">m\u00e9gpedig<\/span> <span data-scayt_word=\"az\u00e1ltal\" data-scaytid=\"48\">az\u00e1ltal<\/span>, <span data-scayt_word=\"hogy\" data-scaytid=\"39\">hogy<\/span>\n<ul>\n<li><span data-scayt_word=\"m\u00e1r\" data-scaytid=\"50\">m\u00e1r<\/span> a <span data-scayt_word=\"fuvaroz\u00f3\" data-scaytid=\"45\">fuvaroz\u00f3<\/span> <span data-scayt_word=\"kiv\u00e1laszt\u00e1s\u00e1n\u00e1l\" data-scaytid=\"51\">kiv\u00e1laszt\u00e1s\u00e1n\u00e1l<\/span> is <span data-scayt_word=\"szakmai\" data-scaytid=\"40\">szakmai<\/span> <span data-scayt_word=\"szempontokat\" data-scaytid=\"53\">szempontokat<\/span> <span data-scayt_word=\"\u00e9rv\u00e9nyes\u00edt\u00fcnk\" data-scaytid=\"54\">\u00e9rv\u00e9nyes\u00edt\u00fcnk<\/span>,<\/li>\n<li><span data-scayt_word=\"szakmailag\" data-scaytid=\"63\">szakmailag<\/span> <span data-scayt_word=\"k\u00f6r\u00fcltekint\u0151\" data-scaytid=\"55\">k\u00f6r\u00fcltekint\u0151<\/span>, <b><span data-scayt_word=\"pontos\" data-scaytid=\"56\">pontos<\/span> <span data-scayt_word=\"\u00e9s\" data-scaytid=\"57\">\u00e9s<\/span> <span data-scayt_word=\"r\u00e9szletes\" data-scaytid=\"58\">r\u00e9szletes<\/span> <span data-scayt_word=\"feladat-meghat\u00e1roz\u00f3\" data-scaytid=\"68\">feladat-meghat\u00e1roz\u00f3<\/span> <span data-scayt_word=\"megb\u00edz\u00e1st\" data-scaytid=\"59\">megb\u00edz\u00e1st<\/span><\/b> <span data-scayt_word=\"adunk\" data-scaytid=\"60\">adunk<\/span> a <span data-scayt_word=\"kiv\u00e1lasztott\" data-scaytid=\"61\">kiv\u00e1lasztott<\/span> <span data-scayt_word=\"fuvaroz\u00f3nak\" data-scaytid=\"62\">fuvaroz\u00f3nak<\/span>.<\/li>\n<\/ul>\n<\/li><\/ul>\n<!-- \/wp:list -->\n\n<!-- wp:paragraph -->\n<p><b>A <span data-scayt_word=\"sz\u00fcks\u00e9ges\" data-scaytid=\"82\">sz\u00fcks\u00e9ges<\/span> <span data-scayt_word=\"fuvarokm\u00e1nyok\" data-scaytid=\"83\">fuvarokm\u00e1nyok<\/span> <span data-scayt_word=\"pontos\" data-scaytid=\"73\">pontos<\/span> <span data-scayt_word=\"kit\u00f6lt\u00e9se\" data-scaytid=\"85\">kit\u00f6lt\u00e9se<\/span> <span data-scayt_word=\"sok\" data-scaytid=\"86\">sok<\/span> <span data-scayt_word=\"kellemetlens\u00e9gt\u0151l\" data-scaytid=\"87\">kellemetlens\u00e9gt\u0151l<\/span> <span data-scayt_word=\"\u00f3vhat\" data-scaytid=\"88\">\u00f3vhat<\/span> meg<\/b> <span data-scayt_word=\"egy\" data-scaytid=\"74\">egy<\/span> <span data-scayt_word=\"k\u00fclkeresked\u0151\" data-scaytid=\"93\">k\u00fclkeresked\u0151<\/span> <span data-scayt_word=\"c\u00e9get\" data-scaytid=\"78\">c\u00e9get<\/span>. <span data-scayt_word=\"El\u0151fordul\" data-scaytid=\"95\">El\u0151fordul<\/span> <span data-scayt_word=\"p\u00e9ld\u00e1ul\" data-scaytid=\"96\">p\u00e9ld\u00e1ul<\/span> a <span data-scayt_word=\"mai\" data-scaytid=\"97\">mai<\/span> <span data-scayt_word=\"k\u00fclkereskedelmi\" data-scaytid=\"98\">k\u00fclkereskedelmi<\/span> <span data-scayt_word=\"gyakorlatban\" data-scaytid=\"99\">gyakorlatban<\/span>, <span data-scayt_word=\"hogy\" data-scaytid=\"79\">hogy<\/span> <span data-scayt_word=\"egy\" data-scaytid=\"75\">egy<\/span> <span data-scayt_word=\"budapesti\" data-scaytid=\"102\">budapesti<\/span> import <span data-scayt_word=\"gy\u0171jt\u0151rakt\u00e1rban\" data-scaytid=\"103\">gy\u0171jt\u0151rakt\u00e1rban<\/span> <span data-scayt_word=\"\u00e1ll\" data-scaytid=\"104\">\u00e1ll<\/span> <span data-scayt_word=\"egy\" data-scaytid=\"76\">egy<\/span>, <span data-scayt_word=\"speci\u00e1lis\" data-scaytid=\"105\">speci\u00e1lis<\/span> <span data-scayt_word=\"daruz\u00e1st\" data-scaytid=\"106\">daruz\u00e1st<\/span> <span data-scayt_word=\"ig\u00e9nyl\u0151\" data-scaytid=\"107\">ig\u00e9nyl\u0151<\/span> <span data-scayt_word=\"\u00e1ru\" data-scaytid=\"108\">\u00e1ru<\/span>, <span data-scayt_word=\"mert\" data-scaytid=\"109\">mert<\/span> a <span data-scayt_word=\"magyar\" data-scaytid=\"110\">magyar<\/span> <span data-scayt_word=\"vev\u0151\" data-scaytid=\"111\">vev\u0151<\/span> <span data-scayt_word=\"slendri\u00e1n\" data-scaytid=\"112\">slendri\u00e1n<\/span> <span data-scayt_word=\"m\u00f3don\" data-scaytid=\"113\">m\u00f3don<\/span> <span data-scayt_word=\"megel\u00e9gedett\" data-scaytid=\"114\">megel\u00e9gedett<\/span> a \"D.D.U. Budapest\" <span data-scayt_word=\"parit\u00e1ssal\" data-scaytid=\"115\">parit\u00e1ssal<\/span> a <span data-scayt_word=\"szerz\u0151d\u00e9sben\" data-scaytid=\"116\">szerz\u0151d\u00e9sben<\/span>, <span data-scayt_word=\"ahelyett\" data-scaytid=\"117\">ahelyett<\/span>, <span data-scayt_word=\"hogy\" data-scaytid=\"80\">hogy<\/span> a <span data-scayt_word=\"saj\u00e1t\" data-scaytid=\"118\">saj\u00e1t<\/span> <span data-scayt_word=\"rakt\u00e1r\u00e1t\" data-scaytid=\"119\">rakt\u00e1r\u00e1t<\/span> <span data-scayt_word=\"adta\" data-scaytid=\"120\">adta<\/span> <span data-scayt_word=\"volna\" data-scaytid=\"121\">volna<\/span> meg <span data-scayt_word=\"lerakod\u00e1si\" data-scaytid=\"122\">lerakod\u00e1si<\/span> <span data-scayt_word=\"helyk\u00e9nt\" data-scaytid=\"123\">helyk\u00e9nt<\/span>. <span data-scayt_word=\"\u00cdgy\" data-scaytid=\"124\">\u00cdgy<\/span> <span data-scayt_word=\"egy\" data-scaytid=\"77\">egy<\/span> <span data-scayt_word=\"rossz\" data-scaytid=\"125\">rossz<\/span> <span data-scayt_word=\"f\u00e9lmondat\" data-scaytid=\"126\">f\u00e9lmondat<\/span> <span data-scayt_word=\"miatt\" data-scaytid=\"127\">miatt<\/span> <span data-scayt_word=\"viselheti\" data-scaytid=\"128\">viselheti<\/span> <span data-scayt_word=\"t\u00f6bbek\" data-scaytid=\"129\">t\u00f6bbek<\/span> <span data-scayt_word=\"k\u00f6z\u00f6tt\" data-scaytid=\"130\">k\u00f6z\u00f6tt<\/span> a <span data-scayt_word=\"k\u00e9tszeri\" data-scaytid=\"131\">k\u00e9tszeri<\/span> <span data-scayt_word=\"daruz\u00e1s\" data-scaytid=\"132\">daruz\u00e1s<\/span>, a <span data-scayt_word=\"Budapesten\" data-scaytid=\"133\">Budapesten<\/span> <span data-scayt_word=\"bel\u00fcli\" data-scaytid=\"134\">bel\u00fcli<\/span> <span data-scayt_word=\"kisz\u00e1ll\u00edt\u00e1s\" data-scaytid=\"135\">kisz\u00e1ll\u00edt\u00e1s<\/span> <span data-scayt_word=\"\u00e9s\" data-scaytid=\"81\">\u00e9s<\/span> a <span data-scayt_word=\"m\u00e1shol\" data-scaytid=\"137\">m\u00e1shol<\/span> <span data-scayt_word=\"v\u00e1mkezel\u00e9s\" data-scaytid=\"138\">v\u00e1mkezel\u00e9s<\/span> <span data-scayt_word=\"pluszk\u00f6lts\u00e9geit\" data-scaytid=\"139\">pluszk\u00f6lts\u00e9geit<\/span>.<\/p>\n<!-- \/wp:paragraph -->","_hu_post_name":"fuvarokmanyok-kiallitasa-es-reszletes-feladat-meghatarozas-fuvarozoknak","_hu_post_excerpt":"","_hu_post_title":"Fuvarokm\u00e1nyok ki\u00e1ll\u00edt\u00e1sa \u00e9s r\u00e9szletes feladat-meghat\u00e1roz\u00e1s a fuvaroz\u00f3knak","_en_post_content":"","_en_post_name":"","_en_post_excerpt":"","_en_post_title":"","edit_language":"en","footnotes":""},"yoast_head":"<!-- This site is optimized with the Yoast SEO plugin v21.7 - https:\/\/yoast.com\/wordpress\/plugins\/seo\/ -->\n<title>Fuvarokm\u00e1nyok ki\u00e1ll\u00edt\u00e1sa \u00e9s r\u00e9szletes feladat-meghat\u00e1roz\u00e1s a fuvaroz\u00f3knak - Adintrade Kft.<\/title>\n<meta name=\"robots\" content=\"index, follow, max-snippet:-1, max-image-preview:large, max-video-preview:-1\" \/>\n<link rel=\"canonical\" href=\"https:\/\/adintrade.hu\/fuvarokmanyok-kiallitasa-es-reszletes-feladat-meghatarozas-fuvarozoknak\/\" \/>\n<meta property=\"og:locale\" content=\"en_US\" \/>\n<meta property=\"og:type\" content=\"article\" \/>\n<meta property=\"og:title\" content=\"Fuvarokm\u00e1nyok ki\u00e1ll\u00edt\u00e1sa \u00e9s r\u00e9szletes feladat-meghat\u00e1roz\u00e1s a fuvaroz\u00f3knak - Adintrade Kft.\" \/>\n<meta property=\"og:description\" content=\"Szakmailag k\u00f6r\u00fcltekint\u0151, pontos \u00e9s r\u00e9szletes feladatmeghat\u00e1roz\u00f3 megb\u00edz\u00e1st adunk a kiv\u00e1lasztott fuvaroz\u00f3nak. Amikor nemzetk\u00f6zi fuvarszervez\u00e9st v\u00e9gz\u00fcnk, nagy gondot ford\u00edtunk arra, hogy a megfelel\u0151 id\u0151ben, megfelel\u0151 helyre, megfelel\u0151 \u00e1llapotban \u00e9rjen el egy sz\u00e1ll\u00edtm\u00e1ny. Speci\u00e1lis fuvaroz\u00e1si szakmai ismereteink birtok\u00e1ban hat\u00e9konyan k\u00e9pviselhetj\u00fck \u00fcgyfel\u00fcnk \u00e9rdekeit, optim\u00e1lis teljes\u00edtm\u00e9nyre k\u00e9sztethetj\u00fck a fuvaroz\u00f3 c\u00e9get, m\u00e9gpedig az\u00e1ltal, hogy m\u00e1r a fuvaroz\u00f3 kiv\u00e1laszt\u00e1s\u00e1n\u00e1l is szakmai [&hellip;]\" \/>\n<meta property=\"og:url\" content=\"https:\/\/adintrade.hu\/fuvarokmanyok-kiallitasa-es-reszletes-feladat-meghatarozas-fuvarozoknak\/\" \/>\n<meta property=\"og:site_name\" content=\"Adintrade Kft.\" \/>\n<meta property=\"article:publisher\" content=\"https:\/\/facebook.com\/adintrade\" \/>\n<meta name=\"twitter:card\" content=\"summary_large_image\" \/>\n<meta name=\"twitter:label1\" content=\"Est. reading time\" \/>\n\t<meta name=\"twitter:data1\" content=\"1 minute\" \/>\n<script type=\"application\/ld+json\" class=\"yoast-schema-graph\">{\"@context\":\"https:\/\/schema.org\",\"@graph\":[{\"@type\":\"WebPage\",\"@id\":\"https:\/\/adintrade.hu\/fuvarokmanyok-kiallitasa-es-reszletes-feladat-meghatarozas-fuvarozoknak\/\",\"url\":\"https:\/\/adintrade.hu\/fuvarokmanyok-kiallitasa-es-reszletes-feladat-meghatarozas-fuvarozoknak\/\",\"name\":\"Fuvarokm\u00e1nyok ki\u00e1ll\u00edt\u00e1sa \u00e9s r\u00e9szletes feladat-meghat\u00e1roz\u00e1s a fuvaroz\u00f3knak - Adintrade Kft.\",\"isPartOf\":{\"@id\":\"https:\/\/adintrade.hu\/#website\"},\"datePublished\":\"2017-01-17T19:59:17+00:00\",\"dateModified\":\"2017-01-17T19:59:17+00:00\",\"breadcrumb\":{\"@id\":\"https:\/\/adintrade.hu\/fuvarokmanyok-kiallitasa-es-reszletes-feladat-meghatarozas-fuvarozoknak\/#breadcrumb\"},\"inLanguage\":\"english\",\"potentialAction\":[{\"@type\":\"ReadAction\",\"target\":[\"https:\/\/adintrade.hu\/fuvarokmanyok-kiallitasa-es-reszletes-feladat-meghatarozas-fuvarozoknak\/\"]}]},{\"@type\":\"BreadcrumbList\",\"@id\":\"https:\/\/adintrade.hu\/fuvarokmanyok-kiallitasa-es-reszletes-feladat-meghatarozas-fuvarozoknak\/#breadcrumb\",\"itemListElement\":[{\"@type\":\"ListItem\",\"position\":1,\"name\":\"Home\",\"item\":\"https:\/\/adintrade.hu\/\"},{\"@type\":\"ListItem\",\"position\":2,\"name\":\"Fuvarokm\u00e1nyok ki\u00e1ll\u00edt\u00e1sa \u00e9s r\u00e9szletes feladat-meghat\u00e1roz\u00e1s a fuvaroz\u00f3knak\"}]},{\"@type\":\"WebSite\",\"@id\":\"https:\/\/adintrade.hu\/#website\",\"url\":\"https:\/\/adintrade.hu\/\",\"name\":\"Adintrade Kft.\",\"description\":\"Customs and product fee administration\",\"publisher\":{\"@id\":\"https:\/\/adintrade.hu\/#organization\"},\"potentialAction\":[{\"@type\":\"SearchAction\",\"target\":{\"@type\":\"EntryPoint\",\"urlTemplate\":\"https:\/\/adintrade.hu\/?s={search_term_string}\"},\"query-input\":\"required name=search_term_string\"}],\"inLanguage\":\"english\"},{\"@type\":\"Organization\",\"@id\":\"https:\/\/adintrade.hu\/#organization\",\"name\":\"Adintrade Kft.\",\"url\":\"https:\/\/adintrade.hu\/\",\"logo\":{\"@type\":\"ImageObject\",\"inLanguage\":\"english\",\"@id\":\"https:\/\/adintrade.hu\/#\/schema\/logo\/image\/\",\"url\":\"https:\/\/adintrade.hu\/wp-content\/uploads\/2022\/08\/cropped-cropped-adintrade_original.png\",\"contentUrl\":\"https:\/\/adintrade.hu\/wp-content\/uploads\/2022\/08\/cropped-cropped-adintrade_original.png\",\"width\":794,\"height\":247,\"caption\":\"Adintrade Kft.\"},\"image\":{\"@id\":\"https:\/\/adintrade.hu\/#\/schema\/logo\/image\/\"},\"sameAs\":[\"https:\/\/facebook.com\/adintrade\"]}]}<\/script>\n<!-- \/ Yoast SEO plugin. -->","yoast_head_json":{"title":"Fuvarokm\u00e1nyok ki\u00e1ll\u00edt\u00e1sa \u00e9s r\u00e9szletes feladat-meghat\u00e1roz\u00e1s a fuvaroz\u00f3knak - Adintrade Kft.","robots":{"index":"index","follow":"follow","max-snippet":"max-snippet:-1","max-image-preview":"max-image-preview:large","max-video-preview":"max-video-preview:-1"},"canonical":"https:\/\/adintrade.hu\/fuvarokmanyok-kiallitasa-es-reszletes-feladat-meghatarozas-fuvarozoknak\/","og_locale":"en_US","og_type":"article","og_title":"Fuvarokm\u00e1nyok ki\u00e1ll\u00edt\u00e1sa \u00e9s r\u00e9szletes feladat-meghat\u00e1roz\u00e1s a fuvaroz\u00f3knak - Adintrade Kft.","og_description":"Szakmailag k\u00f6r\u00fcltekint\u0151, pontos \u00e9s r\u00e9szletes feladatmeghat\u00e1roz\u00f3 megb\u00edz\u00e1st adunk a kiv\u00e1lasztott fuvaroz\u00f3nak. Amikor nemzetk\u00f6zi fuvarszervez\u00e9st v\u00e9gz\u00fcnk, nagy gondot ford\u00edtunk arra, hogy a megfelel\u0151 id\u0151ben, megfelel\u0151 helyre, megfelel\u0151 \u00e1llapotban \u00e9rjen el egy sz\u00e1ll\u00edtm\u00e1ny. Speci\u00e1lis fuvaroz\u00e1si szakmai ismereteink birtok\u00e1ban hat\u00e9konyan k\u00e9pviselhetj\u00fck \u00fcgyfel\u00fcnk \u00e9rdekeit, optim\u00e1lis teljes\u00edtm\u00e9nyre k\u00e9sztethetj\u00fck a fuvaroz\u00f3 c\u00e9get, m\u00e9gpedig az\u00e1ltal, hogy m\u00e1r a fuvaroz\u00f3 kiv\u00e1laszt\u00e1s\u00e1n\u00e1l is szakmai [&hellip;]","og_url":"https:\/\/adintrade.hu\/fuvarokmanyok-kiallitasa-es-reszletes-feladat-meghatarozas-fuvarozoknak\/","og_site_name":"Adintrade Kft.","article_publisher":"https:\/\/facebook.com\/adintrade","twitter_card":"summary_large_image","twitter_misc":{"Est. reading time":"1 minute"},"schema":{"@context":"https:\/\/schema.org","@graph":[{"@type":"WebPage","@id":"https:\/\/adintrade.hu\/fuvarokmanyok-kiallitasa-es-reszletes-feladat-meghatarozas-fuvarozoknak\/","url":"https:\/\/adintrade.hu\/fuvarokmanyok-kiallitasa-es-reszletes-feladat-meghatarozas-fuvarozoknak\/","name":"Fuvarokm\u00e1nyok ki\u00e1ll\u00edt\u00e1sa \u00e9s r\u00e9szletes feladat-meghat\u00e1roz\u00e1s a fuvaroz\u00f3knak - Adintrade Kft.","isPartOf":{"@id":"https:\/\/adintrade.hu\/#website"},"datePublished":"2017-01-17T19:59:17+00:00","dateModified":"2017-01-17T19:59:17+00:00","breadcrumb":{"@id":"https:\/\/adintrade.hu\/fuvarokmanyok-kiallitasa-es-reszletes-feladat-meghatarozas-fuvarozoknak\/#breadcrumb"},"inLanguage":"english","potentialAction":[{"@type":"ReadAction","target":["https:\/\/adintrade.hu\/fuvarokmanyok-kiallitasa-es-reszletes-feladat-meghatarozas-fuvarozoknak\/"]}]},{"@type":"BreadcrumbList","@id":"https:\/\/adintrade.hu\/fuvarokmanyok-kiallitasa-es-reszletes-feladat-meghatarozas-fuvarozoknak\/#breadcrumb","itemListElement":[{"@type":"ListItem","position":1,"name":"Home","item":"https:\/\/adintrade.hu\/"},{"@type":"ListItem","position":2,"name":"Fuvarokm\u00e1nyok ki\u00e1ll\u00edt\u00e1sa \u00e9s r\u00e9szletes feladat-meghat\u00e1roz\u00e1s a fuvaroz\u00f3knak"}]},{"@type":"WebSite","@id":"https:\/\/adintrade.hu\/#website","url":"https:\/\/adintrade.hu\/","name":"Adintrade Kft.","description":"Customs and product fee administration","publisher":{"@id":"https:\/\/adintrade.hu\/#organization"},"potentialAction":[{"@type":"SearchAction","target":{"@type":"EntryPoint","urlTemplate":"https:\/\/adintrade.hu\/?s={search_term_string}"},"query-input":"required name=search_term_string"}],"inLanguage":"english"},{"@type":"Organization","@id":"https:\/\/adintrade.hu\/#organization","name":"Adintrade Kft.","url":"https:\/\/adintrade.hu\/","logo":{"@type":"ImageObject","inLanguage":"english","@id":"https:\/\/adintrade.hu\/#\/schema\/logo\/image\/","url":"https:\/\/adintrade.hu\/wp-content\/uploads\/2022\/08\/cropped-cropped-adintrade_original.png","contentUrl":"https:\/\/adintrade.hu\/wp-content\/uploads\/2022\/08\/cropped-cropped-adintrade_original.png","width":794,"height":247,"caption":"Adintrade Kft."},"image":{"@id":"https:\/\/adintrade.hu\/#\/schema\/logo\/image\/"},"sameAs":["https:\/\/facebook.com\/adintrade"]}]}},"_links":{"self":[{"href":"https:\/\/adintrade.hu\/en\/wp-json\/wp\/v2\/pages\/481"}],"collection":[{"href":"https:\/\/adintrade.hu\/en\/wp-json\/wp\/v2\/pages"}],"about":[{"href":"https:\/\/adintrade.hu\/en\/wp-json\/wp\/v2\/types\/page"}],"author":[{"embeddable":true,"href":"https:\/\/adintrade.hu\/en\/wp-json\/wp\/v2\/users\/1"}],"replies":[{"embeddable":true,"href":"https:\/\/adintrade.hu\/en\/wp-json\/wp\/v2\/comments?post=481"}],"version-history":[{"count":0,"href":"https:\/\/adintrade.hu\/en\/wp-json\/wp\/v2\/pages\/481\/revisions"}],"wp:attachment":[{"href":"https:\/\/adintrade.hu\/en\/wp-json\/wp\/v2\/media?parent=481"}],"curies":[{"name":"wp","href":"https:\/\/api.w.org\/{rel}","templated":true}]}}