{"id":484,"date":"2017-01-17T22:00:13","date_gmt":"2017-01-17T20:00:13","guid":{"rendered":"http:\/\/adintrade.hu\/?page_id=484"},"modified":"2017-01-17T22:00:13","modified_gmt":"2017-01-17T20:00:13","slug":"logisztika","status":"publish","type":"page","link":"https:\/\/adintrade.hu\/en\/logisztika\/","title":{"rendered":"Logistics","raw":"Logistics"},"content":{"rendered":"\n<p><strong>We have gained wide experience in establishing, operating and administrating of private customs warehousing, public customs warehousing and normal warehousing.<\/strong><\/p>\n\n\n\n<p>Since certain production and\/or foreign trade activities in Hungary &#8211; taking economical and logistics considerations into account-&nbsp;<strong>can be carried out more effectively<\/strong>&nbsp;by operating private or public warehouses or free-trade zones, we find it important to undertake a wide range of logistics activities connected to our international freight service. This makes our services complete.<\/p>\n\n\n\n<p>We have gained wide experience in establishing, operating as well as administrating of both<\/p>\n\n\n\n<ul><li><strong>private warehousing<\/strong>,<\/li><li><strong>public warehousing<\/strong> and<\/li><li><strong>normal warehousing<\/strong>, too.<\/li><\/ul>\n\n\n\n<p><strong><em>We are aware<\/em><\/strong>&nbsp;of<\/p>\n\n\n\n<ul><li>all the&nbsp;<strong>advantages<\/strong>and<\/li><li>all the&nbsp;<strong>disadvantages<\/strong><\/li><\/ul>\n\n\n\n<p>of all solutions, therefore&nbsp;<strong>we can establish<\/strong>&nbsp;an&nbsp;<strong>individual<\/strong>&nbsp;logistics construction, including nationwide distribution (considering the different characteristics of our clients) which is<\/p>\n\n\n\n<ul><li><strong>client-oriented<\/strong> and<\/li><li>the most advantageous for them.<\/li><\/ul>\n","protected":false,"raw":"<!-- wp:paragraph -->\n<p><strong>We have gained wide experience in establishing, operating and administrating of private customs warehousing, public customs warehousing and normal warehousing.<\/strong><\/p>\n<!-- \/wp:paragraph -->\n\n<!-- wp:paragraph -->\n<p>Since certain production and\/or foreign trade activities in Hungary - taking economical and logistics considerations into account-&nbsp;<strong>can be carried out more effectively<\/strong>&nbsp;by operating private or public warehouses or free-trade zones, we find it important to undertake a wide range of logistics activities connected to our international freight service. This makes our services complete.<\/p>\n<!-- \/wp:paragraph -->\n\n<!-- wp:paragraph -->\n<p>We have gained wide experience in establishing, operating as well as administrating of both<\/p>\n<!-- \/wp:paragraph -->\n\n<!-- wp:list -->\n<ul><li><strong>private warehousing<\/strong>,<\/li><li><strong>public warehousing<\/strong> and<\/li><li><strong>normal warehousing<\/strong>, too.<\/li><\/ul>\n<!-- \/wp:list -->\n\n<!-- wp:paragraph -->\n<p><strong><em>We are aware<\/em><\/strong>&nbsp;of<\/p>\n<!-- \/wp:paragraph -->\n\n<!-- wp:list -->\n<ul><li>all the&nbsp;<strong>advantages<\/strong>and<\/li><li>all the&nbsp;<strong>disadvantages<\/strong><\/li><\/ul>\n<!-- \/wp:list -->\n\n<!-- wp:paragraph -->\n<p>of all solutions, therefore&nbsp;<strong>we can establish<\/strong>&nbsp;an&nbsp;<strong>individual<\/strong>&nbsp;logistics construction, including nationwide distribution (considering the different characteristics of our clients) which is<\/p>\n<!-- \/wp:paragraph -->\n\n<!-- wp:list -->\n<ul><li><strong>client-oriented<\/strong> and<\/li><li>the most advantageous for them.<\/li><\/ul>\n<!-- \/wp:list -->"},"excerpt":{"rendered":"","protected":false,"raw":""},"author":1,"featured_media":0,"parent":0,"menu_order":0,"comment_status":"closed","ping_status":"closed","template":"","meta":{"inline_featured_image":false,"_hu_post_content":"<!-- wp:paragraph -->\n<p><b><span data-scayt_word=\"Nagy\" data-scaytid=\"1\">Nagy<\/span> <span data-scayt_word=\"gyakorlatot\" data-scaytid=\"2\">gyakorlatot<\/span> <span data-scayt_word=\"szerezt\u00fcnk\" data-scaytid=\"3\">szerezt\u00fcnk<\/span> a <span data-scayt_word=\"mag\u00e1nv\u00e1mrakt\u00e1rak\" data-scaytid=\"4\">mag\u00e1nv\u00e1mrakt\u00e1rak<\/span>, a <span data-scayt_word=\"k\u00f6zv\u00e1mrakt\u00e1rak\" data-scaytid=\"5\">k\u00f6zv\u00e1mrakt\u00e1rak<\/span> <span data-scayt_word=\"\u00e9s\" data-scaytid=\"6\">\u00e9s<\/span> a <span data-scayt_word=\"norm\u00e1l\" data-scaytid=\"8\">norm\u00e1l<\/span> <span data-scayt_word=\"rakt\u00e1roz\u00e1s\" data-scaytid=\"9\">rakt\u00e1roz\u00e1s<\/span> <span data-scayt_word=\"kialak\u00edt\u00e1s\u00e1ban\" data-scaytid=\"10\">kialak\u00edt\u00e1s\u00e1ban<\/span>, <span data-scayt_word=\"szervez\u00e9s\u00e9ben\" data-scaytid=\"11\">szervez\u00e9s\u00e9ben<\/span> <span data-scayt_word=\"\u00e9s\" data-scaytid=\"7\">\u00e9s<\/span> <span data-scayt_word=\"m\u0171k\u00f6dtet\u00e9s\u00e9ben\" data-scaytid=\"12\">m\u0171k\u00f6dtet\u00e9s\u00e9ben<\/span>.<\/b><\/p>\n<!-- \/wp:paragraph -->\n\n<!-- wp:paragraph -->\n<p><span data-scayt_word=\"Minthogy\" data-scaytid=\"15\">Minthogy<\/span> <span data-scayt_word=\"bizonyos\" data-scaytid=\"16\">bizonyos<\/span> <span data-scayt_word=\"magyarorsz\u00e1gi\" data-scaytid=\"17\">magyarorsz\u00e1gi<\/span> <span data-scayt_word=\"termel\u0151\" data-scaytid=\"18\">termel\u0151<\/span> <span data-scayt_word=\"\u00e9s\" data-scaytid=\"13\">\u00e9s<\/span>\/<span data-scayt_word=\"vagy\" data-scaytid=\"21\">vagy<\/span> <span data-scayt_word=\"kereskedelmi\" data-scaytid=\"22\">kereskedelmi<\/span> <span data-scayt_word=\"tev\u00e9kenys\u00e9gek\" data-scaytid=\"23\">tev\u00e9kenys\u00e9gek<\/span> <span data-scayt_word=\"k\u00f6lts\u00e9gmegtakar\u00edt\u00e1si\" data-scaytid=\"24\">k\u00f6lts\u00e9gmegtakar\u00edt\u00e1si<\/span> <span data-scayt_word=\"\u00e9s\" data-scaytid=\"14\">\u00e9s<\/span> <span data-scayt_word=\"logisztikai\" data-scaytid=\"25\">logisztikai<\/span> <span data-scayt_word=\"szempontokat\" data-scaytid=\"26\">szempontokat<\/span> <span data-scayt_word=\"figyelembe\" data-scaytid=\"27\">figyelembe<\/span> <span data-scayt_word=\"v\u00e9ve\" data-scaytid=\"28\">v\u00e9ve<\/span> <span data-scayt_word=\"sokkal\" data-scaytid=\"29\">sokkal<\/span> <b><span data-scayt_word=\"hat\u00e9konyabban\" data-scaytid=\"30\">hat\u00e9konyabban<\/span> <span data-scayt_word=\"v\u00e9gezhet\u0151k\" data-scaytid=\"31\">v\u00e9gezhet\u0151k<\/span><\/b> <span data-scayt_word=\"mag\u00e1n\" data-scaytid=\"34\">mag\u00e1n<\/span>- <span data-scayt_word=\"vagy\" data-scaytid=\"32\">vagy<\/span> <span data-scayt_word=\"k\u00f6zv\u00e1mrakt\u00e1r\" data-scaytid=\"36\">k\u00f6zv\u00e1mrakt\u00e1r<\/span> <span data-scayt_word=\"m\u0171k\u00f6dtet\u00e9s\u00e9vel\" data-scaytid=\"37\">m\u0171k\u00f6dtet\u00e9s\u00e9vel<\/span>, <span data-scayt_word=\"ez\u00e9rt\" data-scaytid=\"38\">ez\u00e9rt<\/span> <span data-scayt_word=\"fontosnak\" data-scaytid=\"39\">fontosnak<\/span> <span data-scayt_word=\"tartjuk\" data-scaytid=\"40\">tartjuk<\/span>, <span data-scayt_word=\"hogy\" data-scaytid=\"41\">hogy<\/span> <span data-scayt_word=\"szolg\u00e1ltat\u00e1si\" data-scaytid=\"43\">szolg\u00e1ltat\u00e1si<\/span> <span data-scayt_word=\"csomagunk\" data-scaytid=\"44\">csomagunk<\/span> <span data-scayt_word=\"teljess\u00e9g\u00e9hez\" data-scaytid=\"45\">teljess\u00e9g\u00e9hez<\/span> <span data-scayt_word=\"hozz\u00e1tartozik\" data-scaytid=\"46\">hozz\u00e1tartozik<\/span> <span data-scayt_word=\"az\" data-scaytid=\"47\">az<\/span> is, <span data-scayt_word=\"hogy\" data-scaytid=\"42\">hogy<\/span> a <span data-scayt_word=\"nemzetk\u00f6zi\" data-scaytid=\"48\">nemzetk\u00f6zi<\/span> <span data-scayt_word=\"fuvarszervez\u00e9shez\" data-scaytid=\"49\">fuvarszervez\u00e9shez<\/span> <span data-scayt_word=\"kapcsol\u00f3d\u00f3an\" data-scaytid=\"50\">kapcsol\u00f3d\u00f3an<\/span> <span data-scayt_word=\"elv\u00e1llaljuk\" data-scaytid=\"51\">elv\u00e1llaljuk<\/span> a <span data-scayt_word=\"sz\u00e9lesebb\" data-scaytid=\"52\">sz\u00e9lesebb<\/span> <span data-scayt_word=\"\u00e9rtelemben\" data-scaytid=\"53\">\u00e9rtelemben<\/span> <span data-scayt_word=\"vett\" data-scaytid=\"54\">vett<\/span> <span data-scayt_word=\"logisztikai\" data-scaytid=\"33\">logisztikai<\/span> <span data-scayt_word=\"feladatokat\" data-scaytid=\"56\">feladatokat<\/span> is.<\/p>\n<!-- \/wp:paragraph -->\n\n<!-- wp:paragraph -->\n<p><span data-scayt_word=\"Nagy\" data-scaytid=\"57\">Nagy<\/span> <span data-scayt_word=\"gyakorlatot\" data-scaytid=\"58\">gyakorlatot<\/span> <span data-scayt_word=\"szerezt\u00fcnk\" data-scaytid=\"59\">szerezt\u00fcnk<\/span><\/p>\n<!-- \/wp:paragraph -->\n\n<!-- wp:list -->\n<ul><li>mind a <b><span data-scayt_word=\"mag\u00e1nv\u00e1mrakt\u00e1rak\" data-scaytid=\"60\">mag\u00e1nv\u00e1mrakt\u00e1rak<\/span><\/b>,<\/li><li>mind a <b><span data-scayt_word=\"k\u00f6zv\u00e1mrakt\u00e1rak\" data-scaytid=\"61\">k\u00f6zv\u00e1mrakt\u00e1rak<\/span><\/b>,<\/li><li>mind a <b><span data-scayt_word=\"norm\u00e1l\" data-scaytid=\"62\">norm\u00e1l<\/span> <span data-scayt_word=\"rakt\u00e1roz\u00e1s\" data-scaytid=\"63\">rakt\u00e1roz\u00e1s<\/span><\/b><\/li><\/ul>\n<!-- \/wp:list -->\n\n<!-- wp:paragraph -->\n<p><span data-scayt_word=\"kialak\u00edt\u00e1s\u00e1ban\" data-scaytid=\"71\">kialak\u00edt\u00e1s\u00e1ban<\/span>, <span data-scayt_word=\"szervez\u00e9s\u00e9ben\" data-scaytid=\"72\">szervez\u00e9s\u00e9ben<\/span> <span data-scayt_word=\"\u00e9s\" data-scaytid=\"73\">\u00e9s<\/span> <span data-scayt_word=\"adminisztr\u00e1ci\u00f3s\" data-scaytid=\"78\">adminisztr\u00e1ci\u00f3s<\/span> <span data-scayt_word=\"m\u0171k\u00f6dtet\u00e9s\u00e9ben\" data-scaytid=\"74\">m\u0171k\u00f6dtet\u00e9s\u00e9ben<\/span>.<\/p>\n<!-- \/wp:paragraph -->\n\n<!-- wp:paragraph -->\n<p><b><span data-scayt_word=\"Ismerj\u00fck\" data-scaytid=\"80\">Ismerj\u00fck<\/span><\/b> <span data-scayt_word=\"minden\" data-scaytid=\"81\">minden<\/span> <span data-scayt_word=\"egyes\" data-scaytid=\"82\">egyes<\/span> <span data-scayt_word=\"megold\u00e1s\" data-scaytid=\"83\">megold\u00e1s<\/span><\/p>\n<!-- \/wp:paragraph -->\n\n<!-- wp:list -->\n<ul><li><span data-scayt_word=\"\u00f6sszes\" data-scaytid=\"84\">\u00f6sszes<\/span> <b><span data-scayt_word=\"el\u0151ny\u00e9t\" data-scaytid=\"93\">el\u0151ny\u00e9t<\/span><\/b> <span data-scayt_word=\"\u00e9s\" data-scaytid=\"85\">\u00e9s<\/span><\/li><li><span data-scayt_word=\"\u00f6sszes\" data-scaytid=\"86\">\u00f6sszes<\/span> <b><span data-scayt_word=\"h\u00e1tr\u00e1ny\u00e1t\" data-scaytid=\"96\">h\u00e1tr\u00e1ny\u00e1t<\/span><\/b>.<\/li><\/ul>\n<!-- \/wp:list -->\n\n<!-- wp:paragraph -->\n<p><span data-scayt_word=\"Ezek\" data-scaytid=\"97\">Ezek<\/span> <span data-scayt_word=\"tudat\u00e1ban\" data-scaytid=\"98\">tudat\u00e1ban<\/span>, <b><span data-scayt_word=\"minden\" data-scaytid=\"87\">minden<\/span> <span data-scayt_word=\"egyes\" data-scaytid=\"88\">egyes<\/span> <span data-scayt_word=\"\u00fcgyfel\u00fcnkre\" data-scaytid=\"102\">\u00fcgyfel\u00fcnkre<\/span> <span data-scayt_word=\"k\u00fcl\u00f6n-k\u00fcl\u00f6n\" data-scaytid=\"103\">k\u00fcl\u00f6n-k\u00fcl\u00f6n<\/span><\/b> (<span data-scayt_word=\"\u00e9ppen\" data-scaytid=\"104\">\u00e9ppen<\/span> <span data-scayt_word=\"az\" data-scaytid=\"90\">az<\/span> <span data-scayt_word=\"egyes\" data-scaytid=\"89\">egyes<\/span> <span data-scayt_word=\"\u00fcgyfelek\" data-scaytid=\"106\">\u00fcgyfelek<\/span> <span data-scayt_word=\"elt\u00e9r\u0151\" data-scaytid=\"107\">elt\u00e9r\u0151<\/span> <span data-scayt_word=\"saj\u00e1toss\u00e1gait\" data-scaytid=\"108\">saj\u00e1toss\u00e1gait<\/span> <span data-scayt_word=\"figyelembe\" data-scaytid=\"91\">figyelembe<\/span> <span data-scayt_word=\"v\u00e9ve\" data-scaytid=\"92\">v\u00e9ve<\/span>) <b><span data-scayt_word=\"ki\" data-scaytid=\"111\">ki<\/span> <span data-scayt_word=\"tudjuk\" data-scaytid=\"112\">tudjuk<\/span> <span data-scayt_word=\"alak\u00edtani\" data-scaytid=\"113\">alak\u00edtani<\/span><\/b><\/p>\n<!-- \/wp:paragraph -->\n\n<!-- wp:list -->\n<ul><li>a <span data-scayt_word=\"sz\u00e1mukra\" data-scaytid=\"116\">sz\u00e1mukra<\/span> <span data-scayt_word=\"legel\u0151ny\u00f6sebb\" data-scaytid=\"117\">legel\u0151ny\u00f6sebb<\/span>,<\/li><li><b><span data-scayt_word=\"\u00fcgyf\u00e9lcentrikus\" data-scaytid=\"118\">\u00fcgyf\u00e9lcentrikus<\/span><\/b>,<\/li><li><span data-scayt_word=\"c\u00e9gre\" data-scaytid=\"119\">c\u00e9gre<\/span> <span data-scayt_word=\"szabott\" data-scaytid=\"120\">szabott<\/span><\/li><\/ul>\n<!-- \/wp:list -->\n\n<!-- wp:paragraph -->\n<p><span data-scayt_word=\"logisztikai\" data-scaytid=\"114\">logisztikai<\/span> <span data-scayt_word=\"konstrukci\u00f3t\" data-scaytid=\"122\">konstrukci\u00f3t<\/span>, <span data-scayt_word=\"bele\u00e9rtve\" data-scaytid=\"123\">bele\u00e9rtve<\/span> <span data-scayt_word=\"ak\u00e1r\" data-scaytid=\"124\">ak\u00e1r<\/span> <span data-scayt_word=\"az\" data-scaytid=\"115\">az<\/span> <span data-scayt_word=\"orsz\u00e1gos\" data-scaytid=\"126\">orsz\u00e1gos<\/span> <span data-scayt_word=\"\u00e1ruter\u00edt\u00e9st\" data-scaytid=\"127\">\u00e1ruter\u00edt\u00e9st<\/span> is.<\/p>\n<!-- \/wp:paragraph -->","_hu_post_name":"logisztika","_hu_post_excerpt":"","_hu_post_title":"Logisztika","_en_post_content":"<!-- wp:paragraph -->\n<p><strong>We have gained wide experience in establishing, operating and administrating of private customs warehousing, public customs warehousing and normal warehousing.<\/strong><\/p>\n<!-- \/wp:paragraph -->\n\n<!-- wp:paragraph -->\n<p>Since certain production and\/or foreign trade activities in Hungary - taking economical and logistics considerations into account-&nbsp;<strong>can be carried out more effectively<\/strong>&nbsp;by operating private or public warehouses or free-trade zones, we find it important to undertake a wide range of logistics activities connected to our international freight service. This makes our services complete.<\/p>\n<!-- \/wp:paragraph -->\n\n<!-- wp:paragraph -->\n<p>We have gained wide experience in establishing, operating as well as administrating of both<\/p>\n<!-- \/wp:paragraph -->\n\n<!-- wp:list -->\n<ul><li><strong>private warehousing<\/strong>,<\/li><li><strong>public warehousing<\/strong> and<\/li><li><strong>normal warehousing<\/strong>, too.<\/li><\/ul>\n<!-- \/wp:list -->\n\n<!-- wp:paragraph -->\n<p><strong><em>We are aware<\/em><\/strong>&nbsp;of<\/p>\n<!-- \/wp:paragraph -->\n\n<!-- wp:list -->\n<ul><li>all the&nbsp;<strong>advantages<\/strong>and<\/li><li>all the&nbsp;<strong>disadvantages<\/strong><\/li><\/ul>\n<!-- \/wp:list -->\n\n<!-- wp:paragraph -->\n<p>of all solutions, therefore&nbsp;<strong>we can establish<\/strong>&nbsp;an&nbsp;<strong>individual<\/strong>&nbsp;logistics construction, including nationwide distribution (considering the different characteristics of our clients) which is<\/p>\n<!-- \/wp:paragraph -->\n\n<!-- wp:list -->\n<ul><li><strong>client-oriented<\/strong> and<\/li><li>the most advantageous for them.<\/li><\/ul>\n<!-- \/wp:list -->","_en_post_name":"logisztika","_en_post_excerpt":"","_en_post_title":"Logistics","edit_language":"en","footnotes":""},"yoast_head":"<!-- This site is optimized with the Yoast SEO plugin v21.7 - https:\/\/yoast.com\/wordpress\/plugins\/seo\/ -->\n<title>Logisztika - Adintrade Kft.<\/title>\n<meta name=\"robots\" content=\"index, follow, max-snippet:-1, max-image-preview:large, max-video-preview:-1\" \/>\n<link rel=\"canonical\" href=\"https:\/\/adintrade.hu\/en\/logisztika\/\" \/>\n<meta property=\"og:locale\" content=\"en_US\" \/>\n<meta property=\"og:type\" content=\"article\" \/>\n<meta property=\"og:title\" content=\"Logisztika - Adintrade Kft.\" \/>\n<meta property=\"og:description\" content=\"Nagy gyakorlatot szerezt\u00fcnk a mag\u00e1nv\u00e1mrakt\u00e1rak, a k\u00f6zv\u00e1mrakt\u00e1rak \u00e9s a norm\u00e1l rakt\u00e1roz\u00e1s kialak\u00edt\u00e1s\u00e1ban, szervez\u00e9s\u00e9ben \u00e9s m\u0171k\u00f6dtet\u00e9s\u00e9ben. Minthogy bizonyos magyarorsz\u00e1gi termel\u0151 \u00e9s\/vagy kereskedelmi tev\u00e9kenys\u00e9gek k\u00f6lts\u00e9gmegtakar\u00edt\u00e1si \u00e9s logisztikai szempontokat figyelembe v\u00e9ve sokkal hat\u00e9konyabban v\u00e9gezhet\u0151k mag\u00e1n&#8211; vagy k\u00f6zv\u00e1mrakt\u00e1r m\u0171k\u00f6dtet\u00e9s\u00e9vel, ez\u00e9rt fontosnak tartjuk, hogy szolg\u00e1ltat\u00e1si csomagunk teljess\u00e9g\u00e9hez hozz\u00e1tartozik az is, hogy a nemzetk\u00f6zi fuvarszervez\u00e9shez kapcsol\u00f3d\u00f3an elv\u00e1llaljuk a sz\u00e9lesebb \u00e9rtelemben vett [&hellip;]\" \/>\n<meta property=\"og:url\" content=\"https:\/\/adintrade.hu\/en\/logisztika\/\" \/>\n<meta property=\"og:site_name\" content=\"Adintrade Kft.\" \/>\n<meta property=\"article:publisher\" content=\"https:\/\/facebook.com\/adintrade\" \/>\n<meta name=\"twitter:card\" content=\"summary_large_image\" \/>\n<meta name=\"twitter:label1\" content=\"Est. reading time\" \/>\n\t<meta name=\"twitter:data1\" content=\"1 minute\" \/>\n<script type=\"application\/ld+json\" class=\"yoast-schema-graph\">{\"@context\":\"https:\/\/schema.org\",\"@graph\":[{\"@type\":\"WebPage\",\"@id\":\"https:\/\/adintrade.hu\/en\/logisztika\/\",\"url\":\"https:\/\/adintrade.hu\/en\/logisztika\/\",\"name\":\"Logisztika - Adintrade Kft.\",\"isPartOf\":{\"@id\":\"https:\/\/adintrade.hu\/#website\"},\"datePublished\":\"2017-01-17T20:00:13+00:00\",\"dateModified\":\"2017-01-17T20:00:13+00:00\",\"breadcrumb\":{\"@id\":\"https:\/\/adintrade.hu\/en\/logisztika\/#breadcrumb\"},\"inLanguage\":\"english\",\"potentialAction\":[{\"@type\":\"ReadAction\",\"target\":[\"https:\/\/adintrade.hu\/en\/logisztika\/\"]}]},{\"@type\":\"BreadcrumbList\",\"@id\":\"https:\/\/adintrade.hu\/en\/logisztika\/#breadcrumb\",\"itemListElement\":[{\"@type\":\"ListItem\",\"position\":1,\"name\":\"Home\",\"item\":\"https:\/\/adintrade.hu\/\"},{\"@type\":\"ListItem\",\"position\":2,\"name\":\"Logistics\"}]},{\"@type\":\"WebSite\",\"@id\":\"https:\/\/adintrade.hu\/#website\",\"url\":\"https:\/\/adintrade.hu\/\",\"name\":\"Adintrade Kft.\",\"description\":\"Customs and product fee administration\",\"publisher\":{\"@id\":\"https:\/\/adintrade.hu\/#organization\"},\"potentialAction\":[{\"@type\":\"SearchAction\",\"target\":{\"@type\":\"EntryPoint\",\"urlTemplate\":\"https:\/\/adintrade.hu\/?s={search_term_string}\"},\"query-input\":\"required name=search_term_string\"}],\"inLanguage\":\"english\"},{\"@type\":\"Organization\",\"@id\":\"https:\/\/adintrade.hu\/#organization\",\"name\":\"Adintrade Kft.\",\"url\":\"https:\/\/adintrade.hu\/\",\"logo\":{\"@type\":\"ImageObject\",\"inLanguage\":\"english\",\"@id\":\"https:\/\/adintrade.hu\/#\/schema\/logo\/image\/\",\"url\":\"https:\/\/adintrade.hu\/wp-content\/uploads\/2022\/08\/cropped-cropped-adintrade_original.png\",\"contentUrl\":\"https:\/\/adintrade.hu\/wp-content\/uploads\/2022\/08\/cropped-cropped-adintrade_original.png\",\"width\":794,\"height\":247,\"caption\":\"Adintrade Kft.\"},\"image\":{\"@id\":\"https:\/\/adintrade.hu\/#\/schema\/logo\/image\/\"},\"sameAs\":[\"https:\/\/facebook.com\/adintrade\"]}]}<\/script>\n<!-- \/ Yoast SEO plugin. -->","yoast_head_json":{"title":"Logisztika - Adintrade Kft.","robots":{"index":"index","follow":"follow","max-snippet":"max-snippet:-1","max-image-preview":"max-image-preview:large","max-video-preview":"max-video-preview:-1"},"canonical":"https:\/\/adintrade.hu\/en\/logisztika\/","og_locale":"en_US","og_type":"article","og_title":"Logisztika - Adintrade Kft.","og_description":"Nagy gyakorlatot szerezt\u00fcnk a mag\u00e1nv\u00e1mrakt\u00e1rak, a k\u00f6zv\u00e1mrakt\u00e1rak \u00e9s a norm\u00e1l rakt\u00e1roz\u00e1s kialak\u00edt\u00e1s\u00e1ban, szervez\u00e9s\u00e9ben \u00e9s m\u0171k\u00f6dtet\u00e9s\u00e9ben. Minthogy bizonyos magyarorsz\u00e1gi termel\u0151 \u00e9s\/vagy kereskedelmi tev\u00e9kenys\u00e9gek k\u00f6lts\u00e9gmegtakar\u00edt\u00e1si \u00e9s logisztikai szempontokat figyelembe v\u00e9ve sokkal hat\u00e9konyabban v\u00e9gezhet\u0151k mag\u00e1n&#8211; vagy k\u00f6zv\u00e1mrakt\u00e1r m\u0171k\u00f6dtet\u00e9s\u00e9vel, ez\u00e9rt fontosnak tartjuk, hogy szolg\u00e1ltat\u00e1si csomagunk teljess\u00e9g\u00e9hez hozz\u00e1tartozik az is, hogy a nemzetk\u00f6zi fuvarszervez\u00e9shez kapcsol\u00f3d\u00f3an elv\u00e1llaljuk a sz\u00e9lesebb \u00e9rtelemben vett [&hellip;]","og_url":"https:\/\/adintrade.hu\/en\/logisztika\/","og_site_name":"Adintrade Kft.","article_publisher":"https:\/\/facebook.com\/adintrade","twitter_card":"summary_large_image","twitter_misc":{"Est. reading time":"1 minute"},"schema":{"@context":"https:\/\/schema.org","@graph":[{"@type":"WebPage","@id":"https:\/\/adintrade.hu\/en\/logisztika\/","url":"https:\/\/adintrade.hu\/en\/logisztika\/","name":"Logisztika - Adintrade Kft.","isPartOf":{"@id":"https:\/\/adintrade.hu\/#website"},"datePublished":"2017-01-17T20:00:13+00:00","dateModified":"2017-01-17T20:00:13+00:00","breadcrumb":{"@id":"https:\/\/adintrade.hu\/en\/logisztika\/#breadcrumb"},"inLanguage":"english","potentialAction":[{"@type":"ReadAction","target":["https:\/\/adintrade.hu\/en\/logisztika\/"]}]},{"@type":"BreadcrumbList","@id":"https:\/\/adintrade.hu\/en\/logisztika\/#breadcrumb","itemListElement":[{"@type":"ListItem","position":1,"name":"Home","item":"https:\/\/adintrade.hu\/"},{"@type":"ListItem","position":2,"name":"Logistics"}]},{"@type":"WebSite","@id":"https:\/\/adintrade.hu\/#website","url":"https:\/\/adintrade.hu\/","name":"Adintrade Kft.","description":"Customs and product fee administration","publisher":{"@id":"https:\/\/adintrade.hu\/#organization"},"potentialAction":[{"@type":"SearchAction","target":{"@type":"EntryPoint","urlTemplate":"https:\/\/adintrade.hu\/?s={search_term_string}"},"query-input":"required name=search_term_string"}],"inLanguage":"english"},{"@type":"Organization","@id":"https:\/\/adintrade.hu\/#organization","name":"Adintrade Kft.","url":"https:\/\/adintrade.hu\/","logo":{"@type":"ImageObject","inLanguage":"english","@id":"https:\/\/adintrade.hu\/#\/schema\/logo\/image\/","url":"https:\/\/adintrade.hu\/wp-content\/uploads\/2022\/08\/cropped-cropped-adintrade_original.png","contentUrl":"https:\/\/adintrade.hu\/wp-content\/uploads\/2022\/08\/cropped-cropped-adintrade_original.png","width":794,"height":247,"caption":"Adintrade Kft."},"image":{"@id":"https:\/\/adintrade.hu\/#\/schema\/logo\/image\/"},"sameAs":["https:\/\/facebook.com\/adintrade"]}]}},"_links":{"self":[{"href":"https:\/\/adintrade.hu\/en\/wp-json\/wp\/v2\/pages\/484"}],"collection":[{"href":"https:\/\/adintrade.hu\/en\/wp-json\/wp\/v2\/pages"}],"about":[{"href":"https:\/\/adintrade.hu\/en\/wp-json\/wp\/v2\/types\/page"}],"author":[{"embeddable":true,"href":"https:\/\/adintrade.hu\/en\/wp-json\/wp\/v2\/users\/1"}],"replies":[{"embeddable":true,"href":"https:\/\/adintrade.hu\/en\/wp-json\/wp\/v2\/comments?post=484"}],"version-history":[{"count":0,"href":"https:\/\/adintrade.hu\/en\/wp-json\/wp\/v2\/pages\/484\/revisions"}],"wp:attachment":[{"href":"https:\/\/adintrade.hu\/en\/wp-json\/wp\/v2\/media?parent=484"}],"curies":[{"name":"wp","href":"https:\/\/api.w.org\/{rel}","templated":true}]}}