{"id":749,"date":"2017-03-01T11:40:57","date_gmt":"2017-03-01T09:40:57","guid":{"rendered":"http:\/\/adintrade.hu\/?page_id=749"},"modified":"2022-10-25T16:56:30","modified_gmt":"2022-10-25T14:56:30","slug":"cookie-szabalyzat","status":"publish","type":"page","link":"https:\/\/adintrade.hu\/en\/cookie-szabalyzat\/","title":{"rendered":"","raw":""},"content":{"rendered":"","protected":false,"raw":""},"excerpt":{"rendered":"","protected":false,"raw":""},"author":1,"featured_media":0,"parent":0,"menu_order":0,"comment_status":"closed","ping_status":"closed","template":"","meta":{"inline_featured_image":false,"_hu_post_content":"<!-- wp:paragraph -->\n<p><strong>Az \u00d6n hozz\u00e1j\u00e1rul\u00e1sa<\/strong><\/p>\n<!-- \/wp:paragraph -->\n\n<!-- wp:paragraph -->\n<p>A honlap b\u00f6ng\u00e9sz\u00e9s\u00e9vel elfogadja, hogy cookie-kat helyezz\u00fcnk el az \u00d6n sz\u00e1m\u00edt\u00f3g\u00e9p\u00e9n abb\u00f3l a c\u00e9lb\u00f3l, hogy elemezni tudjuk, hogyan haszn\u00e1lja honlapunkat.\u00a0Hogyha nem egyezik bele, hogy cookie-kat haszn\u00e1ljunk, amikor \u00d6n ezen az oldalon b\u00f6ng\u00e9szik, el\u0151fordulhat, hogy weboldalunk nem fog teljesk\u00f6r\u0171en m\u0171k\u00f6dni. <\/p>\n<!-- \/wp:paragraph -->\n\n<!-- wp:paragraph -->\n<p><strong>Mi az a cookie?<\/strong><\/p>\n<!-- \/wp:paragraph -->\n\n<!-- wp:paragraph -->\n<p>A s\u00fctik (cookie) kis inform\u00e1ci\u00f3csomagk\u00e9nt m\u0171k\u00f6d\u0151 sz\u00f6veges f\u00e1jlok, amelyeket a szerver a sz\u00e1m\u00edt\u00f3g\u00e9p\u00e9nek, okostelefonj\u00e1nak vagy m\u00e1s eszk\u00f6z\u00e9nek k\u00fcld, amikor megl\u00e1togat egy weboldalt. Ezeket a k\u00e9sz\u00fcl\u00e9ke lementi, majd visszak\u00fcldi minden k\u00e9s\u0151bbi l\u00e1togat\u00e1skor az eredeti weboldalnak vagy egy m\u00e1sik weboldalnak, amely felismeri az adott cookie-t. A s\u00fctik hasznosak, mivel seg\u00edts\u00e9g\u00fckkel a weboldal k\u00e9pes felismerni a felhaszn\u00e1l\u00f3 k\u00e9sz\u00fcl\u00e9k\u00e9t.<\/p>\n<!-- \/wp:paragraph -->\n\n<!-- wp:paragraph -->\n<p><strong>Az \u00e1ltalunk haszn\u00e1lt cookie-k:<\/strong><\/p>\n<!-- \/wp:paragraph -->\n\n<!-- wp:paragraph -->\n<p><strong>Google analytics<\/strong><\/p>\n<!-- \/wp:paragraph -->\n\n<!-- wp:paragraph -->\n<p>A Google Analytics r\u00e9v\u00e9n inform\u00e1ci\u00f3kat gy\u0171jt\u00fcnk arra vonatkoz\u00f3an, hogy a honlap l\u00e1togat\u00f3i mik\u00e9nt haszn\u00e1lj\u00e1k az oldalt.<\/p>\n<!-- \/wp:paragraph -->\n\n<!-- wp:paragraph -->\n<p>A Google Analiytics adatokat gy\u0171jt arr\u00f3l, hogy \u00d6n milyen oldalakat keres fel, ott mennyi ideig tart\u00f3zkodik, hogyan jutott oda \u00e9s mire kattint r\u00e1. Mivel ennek keret\u00e9ben nem gy\u0171jtj\u00fck \u00e9s nem t\u00e1roljuk az \u00d6n nev\u00e9t vagy c\u00edm\u00e9t, ezek az adatok nem alkalmasak az \u00d6n azonos\u00edt\u00e1s\u00e1ra, tov\u00e1bb\u00e1 nem enged\u00e9lyezz\u00fck, hogy a Google ezeket saj\u00e1t c\u00e9ljaira haszn\u00e1lja vagy b\u00e1rkivel megossza.<\/p>\n<!-- \/wp:paragraph -->\n\n<!-- wp:table -->\n<figure class=\"wp-block-table\"><table><tbody><tr><td> <p align=\"center\"><strong>N\u00e9v<\/strong><\/p> <\/td><td> <p align=\"center\"><strong>Le\u00edr\u00e1s<\/strong><\/p> <\/td><td> <p align=\"center\"><strong>Tartalmaz linket vagy szem\u00e9lyes adatot?<\/strong><\/p> <\/td><td> <p align=\"center\"><strong>Lej\u00e1rat(mikor ker\u00fcl t\u00f6rl\u00e9sre a k\u00e9sz\u00fcl\u00e9kr\u0151l)<\/strong><\/p> <\/td><\/tr><tr><td>_utma<\/td><td>Statisztik\u00e1kat szolg\u00e1ltat arr\u00f3l, hogy haszn\u00e1lj\u00e1k weboldalunkat.<\/td><td>Nem<\/td><td>2 \u00e9v<\/td><\/tr><tr><td>_utmb<\/td><td>Statisztik\u00e1kat szolg\u00e1ltat arr\u00f3l, hogy haszn\u00e1lj\u00e1k weboldalunkat.<\/td><td>Nem<\/td><td>30 perc<\/td><\/tr><tr><td>_utmc<\/td><td>Statisztik\u00e1kat szolg\u00e1ltat arr\u00f3l, hogy haszn\u00e1lj\u00e1k weboldalunkat.<\/td><td>Nem<\/td><td>A b\u00f6ng\u00e9sz\u0151 bez\u00e1r\u00e1sakor<\/td><\/tr><tr><td>_utmt<\/td><td>Statisztik\u00e1kat szolg\u00e1ltat arr\u00f3l, hogy haszn\u00e1lj\u00e1k weboldalunkat.<\/td><td>Nem<\/td><td>10 perc<\/td><\/tr><tr><td>_utmz<\/td><td>Statisztik\u00e1kat szolg\u00e1ltat arr\u00f3l, hogy haszn\u00e1lj\u00e1k weboldalunkat.<\/td><td>Nem<\/td><td>6 h\u00f3nap<\/td><\/tr><tr><td>_ga<\/td><td>Statisztik\u00e1kat szolg\u00e1ltat arr\u00f3l, hogy haszn\u00e1lj\u00e1k weboldalunkat.<\/td><td>Nem<\/td><td>2 \u00e9v<\/td><\/tr><tr><td>_gat<\/td><td>Statisztik\u00e1kat szolg\u00e1ltat arr\u00f3l, hogy haszn\u00e1lj\u00e1k weboldalunkat.<\/td><td>Nem<\/td><td>10 perc<\/td><\/tr><\/tbody><\/table><\/figure>\n<!-- \/wp:table -->\n\n<!-- wp:paragraph -->\n<p>Tov\u00e1bbi inform\u00e1ci\u00f3kat az al\u00e1bbi c\u00edmen tal\u00e1l: <a href=\"https:\/\/developers.google.com\/analytics\/devguides\/collection\/analyticsjs\/cookie-usage\">https:\/\/developers.google.com\/analytics\/devguides\/collection\/analyticsjs\/cookie-usage<\/a><\/p>\n<!-- \/wp:paragraph -->\n\n<!-- wp:paragraph -->\n<p><strong>Hogyan lehet visszavonni a hozz\u00e1j\u00e1rul\u00e1st?<\/strong><\/p>\n<!-- \/wp:paragraph -->\n\n<!-- wp:paragraph -->\n<p>Ha hozz\u00e1j\u00e1rult a cookie-k haszn\u00e1lat\u00e1hoz, a b\u00f6ng\u00e9sz\u0151 cookie-kat t\u00e1rol az \u00d6n sz\u00e1m\u00edt\u00f3g\u00e9p\u00e9n vagy egy\u00e9b eszk\u00f6z\u00e9n, hogy rendszer\u00fcnk felismerje be\u00e1ll\u00edt\u00e1sait. A hozz\u00e1j\u00e1rul\u00e1s \u00e9rv\u00e9nyess\u00e9ge id\u0151nk\u00e9nt lej\u00e1r. Azonban, hogyha szeretn\u00e9 visszavonni hozz\u00e1j\u00e1rul\u00e1s\u00e1t, a b\u00f6ng\u00e9sz\u0151je cookie be\u00e1ll\u00edt\u00e1sai k\u00f6z\u00f6tt b\u00e1rmikor megteheti.<\/p>\n<!-- \/wp:paragraph -->","_hu_post_name":"cookie-szabalyzat","_hu_post_excerpt":"","_hu_post_title":"Cookie Szab\u00e1lyzat","_en_post_content":"","_en_post_name":"cookie-szabalyzat","_en_post_excerpt":"","_en_post_title":"","edit_language":"en","footnotes":""},"yoast_head":"<!-- This site is optimized with the Yoast SEO plugin v21.7 - https:\/\/yoast.com\/wordpress\/plugins\/seo\/ -->\n<title>Cookie Szab\u00e1lyzat - Adintrade Kft.<\/title>\n<meta name=\"robots\" content=\"index, follow, max-snippet:-1, max-image-preview:large, max-video-preview:-1\" \/>\n<link rel=\"canonical\" href=\"https:\/\/adintrade.hu\/cookie-szabalyzat\/\" \/>\n<meta property=\"og:locale\" content=\"en_US\" \/>\n<meta property=\"og:type\" content=\"article\" \/>\n<meta property=\"og:title\" content=\"Cookie Szab\u00e1lyzat - Adintrade Kft.\" \/>\n<meta property=\"og:description\" content=\"Az \u00d6n hozz\u00e1j\u00e1rul\u00e1sa A honlap b\u00f6ng\u00e9sz\u00e9s\u00e9vel elfogadja, hogy cookie-kat helyezz\u00fcnk el az \u00d6n sz\u00e1m\u00edt\u00f3g\u00e9p\u00e9n abb\u00f3l a c\u00e9lb\u00f3l, hogy elemezni tudjuk, hogyan haszn\u00e1lja honlapunkat.\u00a0Hogyha nem egyezik bele, hogy cookie-kat haszn\u00e1ljunk, amikor \u00d6n ezen az oldalon b\u00f6ng\u00e9szik, el\u0151fordulhat, hogy weboldalunk nem fog teljesk\u00f6r\u0171en m\u0171k\u00f6dni. Mi az a cookie? A s\u00fctik (cookie) kis inform\u00e1ci\u00f3csomagk\u00e9nt m\u0171k\u00f6d\u0151 sz\u00f6veges f\u00e1jlok, amelyeket [&hellip;]\" \/>\n<meta property=\"og:url\" content=\"https:\/\/adintrade.hu\/cookie-szabalyzat\/\" \/>\n<meta property=\"og:site_name\" content=\"Adintrade Kft.\" \/>\n<meta property=\"article:publisher\" content=\"https:\/\/facebook.com\/adintrade\" \/>\n<meta property=\"article:modified_time\" content=\"2022-10-25T14:56:30+00:00\" \/>\n<meta name=\"twitter:card\" content=\"summary_large_image\" \/>\n<script type=\"application\/ld+json\" class=\"yoast-schema-graph\">{\"@context\":\"https:\/\/schema.org\",\"@graph\":[{\"@type\":\"WebPage\",\"@id\":\"https:\/\/adintrade.hu\/cookie-szabalyzat\/\",\"url\":\"https:\/\/adintrade.hu\/cookie-szabalyzat\/\",\"name\":\"Cookie Szab\u00e1lyzat - Adintrade Kft.\",\"isPartOf\":{\"@id\":\"https:\/\/adintrade.hu\/#website\"},\"datePublished\":\"2017-03-01T09:40:57+00:00\",\"dateModified\":\"2022-10-25T14:56:30+00:00\",\"breadcrumb\":{\"@id\":\"https:\/\/adintrade.hu\/cookie-szabalyzat\/#breadcrumb\"},\"inLanguage\":\"english\",\"potentialAction\":[{\"@type\":\"ReadAction\",\"target\":[\"https:\/\/adintrade.hu\/cookie-szabalyzat\/\"]}]},{\"@type\":\"BreadcrumbList\",\"@id\":\"https:\/\/adintrade.hu\/cookie-szabalyzat\/#breadcrumb\",\"itemListElement\":[{\"@type\":\"ListItem\",\"position\":1,\"name\":\"Home\",\"item\":\"https:\/\/adintrade.hu\/\"},{\"@type\":\"ListItem\",\"position\":2,\"name\":\"Cookie Szab\u00e1lyzat\"}]},{\"@type\":\"WebSite\",\"@id\":\"https:\/\/adintrade.hu\/#website\",\"url\":\"https:\/\/adintrade.hu\/\",\"name\":\"Adintrade Kft.\",\"description\":\"Customs and product fee administration\",\"publisher\":{\"@id\":\"https:\/\/adintrade.hu\/#organization\"},\"potentialAction\":[{\"@type\":\"SearchAction\",\"target\":{\"@type\":\"EntryPoint\",\"urlTemplate\":\"https:\/\/adintrade.hu\/?s={search_term_string}\"},\"query-input\":\"required name=search_term_string\"}],\"inLanguage\":\"english\"},{\"@type\":\"Organization\",\"@id\":\"https:\/\/adintrade.hu\/#organization\",\"name\":\"Adintrade Kft.\",\"url\":\"https:\/\/adintrade.hu\/\",\"logo\":{\"@type\":\"ImageObject\",\"inLanguage\":\"english\",\"@id\":\"https:\/\/adintrade.hu\/#\/schema\/logo\/image\/\",\"url\":\"https:\/\/adintrade.hu\/wp-content\/uploads\/2022\/08\/cropped-cropped-adintrade_original.png\",\"contentUrl\":\"https:\/\/adintrade.hu\/wp-content\/uploads\/2022\/08\/cropped-cropped-adintrade_original.png\",\"width\":794,\"height\":247,\"caption\":\"Adintrade Kft.\"},\"image\":{\"@id\":\"https:\/\/adintrade.hu\/#\/schema\/logo\/image\/\"},\"sameAs\":[\"https:\/\/facebook.com\/adintrade\"]}]}<\/script>\n<!-- \/ Yoast SEO plugin. -->","yoast_head_json":{"title":"Cookie Szab\u00e1lyzat - Adintrade Kft.","robots":{"index":"index","follow":"follow","max-snippet":"max-snippet:-1","max-image-preview":"max-image-preview:large","max-video-preview":"max-video-preview:-1"},"canonical":"https:\/\/adintrade.hu\/cookie-szabalyzat\/","og_locale":"en_US","og_type":"article","og_title":"Cookie Szab\u00e1lyzat - Adintrade Kft.","og_description":"Az \u00d6n hozz\u00e1j\u00e1rul\u00e1sa A honlap b\u00f6ng\u00e9sz\u00e9s\u00e9vel elfogadja, hogy cookie-kat helyezz\u00fcnk el az \u00d6n sz\u00e1m\u00edt\u00f3g\u00e9p\u00e9n abb\u00f3l a c\u00e9lb\u00f3l, hogy elemezni tudjuk, hogyan haszn\u00e1lja honlapunkat.\u00a0Hogyha nem egyezik bele, hogy cookie-kat haszn\u00e1ljunk, amikor \u00d6n ezen az oldalon b\u00f6ng\u00e9szik, el\u0151fordulhat, hogy weboldalunk nem fog teljesk\u00f6r\u0171en m\u0171k\u00f6dni. Mi az a cookie? A s\u00fctik (cookie) kis inform\u00e1ci\u00f3csomagk\u00e9nt m\u0171k\u00f6d\u0151 sz\u00f6veges f\u00e1jlok, amelyeket [&hellip;]","og_url":"https:\/\/adintrade.hu\/cookie-szabalyzat\/","og_site_name":"Adintrade Kft.","article_publisher":"https:\/\/facebook.com\/adintrade","article_modified_time":"2022-10-25T14:56:30+00:00","twitter_card":"summary_large_image","schema":{"@context":"https:\/\/schema.org","@graph":[{"@type":"WebPage","@id":"https:\/\/adintrade.hu\/cookie-szabalyzat\/","url":"https:\/\/adintrade.hu\/cookie-szabalyzat\/","name":"Cookie Szab\u00e1lyzat - Adintrade Kft.","isPartOf":{"@id":"https:\/\/adintrade.hu\/#website"},"datePublished":"2017-03-01T09:40:57+00:00","dateModified":"2022-10-25T14:56:30+00:00","breadcrumb":{"@id":"https:\/\/adintrade.hu\/cookie-szabalyzat\/#breadcrumb"},"inLanguage":"english","potentialAction":[{"@type":"ReadAction","target":["https:\/\/adintrade.hu\/cookie-szabalyzat\/"]}]},{"@type":"BreadcrumbList","@id":"https:\/\/adintrade.hu\/cookie-szabalyzat\/#breadcrumb","itemListElement":[{"@type":"ListItem","position":1,"name":"Home","item":"https:\/\/adintrade.hu\/"},{"@type":"ListItem","position":2,"name":"Cookie Szab\u00e1lyzat"}]},{"@type":"WebSite","@id":"https:\/\/adintrade.hu\/#website","url":"https:\/\/adintrade.hu\/","name":"Adintrade Kft.","description":"Customs and product fee administration","publisher":{"@id":"https:\/\/adintrade.hu\/#organization"},"potentialAction":[{"@type":"SearchAction","target":{"@type":"EntryPoint","urlTemplate":"https:\/\/adintrade.hu\/?s={search_term_string}"},"query-input":"required name=search_term_string"}],"inLanguage":"english"},{"@type":"Organization","@id":"https:\/\/adintrade.hu\/#organization","name":"Adintrade Kft.","url":"https:\/\/adintrade.hu\/","logo":{"@type":"ImageObject","inLanguage":"english","@id":"https:\/\/adintrade.hu\/#\/schema\/logo\/image\/","url":"https:\/\/adintrade.hu\/wp-content\/uploads\/2022\/08\/cropped-cropped-adintrade_original.png","contentUrl":"https:\/\/adintrade.hu\/wp-content\/uploads\/2022\/08\/cropped-cropped-adintrade_original.png","width":794,"height":247,"caption":"Adintrade Kft."},"image":{"@id":"https:\/\/adintrade.hu\/#\/schema\/logo\/image\/"},"sameAs":["https:\/\/facebook.com\/adintrade"]}]}},"_links":{"self":[{"href":"https:\/\/adintrade.hu\/en\/wp-json\/wp\/v2\/pages\/749"}],"collection":[{"href":"https:\/\/adintrade.hu\/en\/wp-json\/wp\/v2\/pages"}],"about":[{"href":"https:\/\/adintrade.hu\/en\/wp-json\/wp\/v2\/types\/page"}],"author":[{"embeddable":true,"href":"https:\/\/adintrade.hu\/en\/wp-json\/wp\/v2\/users\/1"}],"replies":[{"embeddable":true,"href":"https:\/\/adintrade.hu\/en\/wp-json\/wp\/v2\/comments?post=749"}],"version-history":[{"count":1,"href":"https:\/\/adintrade.hu\/en\/wp-json\/wp\/v2\/pages\/749\/revisions"}],"predecessor-version":[{"id":1783,"href":"https:\/\/adintrade.hu\/en\/wp-json\/wp\/v2\/pages\/749\/revisions\/1783"}],"wp:attachment":[{"href":"https:\/\/adintrade.hu\/en\/wp-json\/wp\/v2\/media?parent=749"}],"curies":[{"name":"wp","href":"https:\/\/api.w.org\/{rel}","templated":true}]}}